{"id":1505,"date":"2019-12-09T13:58:04","date_gmt":"2019-12-09T13:58:04","guid":{"rendered":"https:\/\/exactas.uba.ar\/higieneyseguridad\/?page_id=1505"},"modified":"2019-12-10T19:40:56","modified_gmt":"2019-12-10T19:40:56","slug":"emergencias","status":"publish","type":"page","link":"https:\/\/exactas.uba.ar\/higieneyseguridad\/seguridadlaboral\/emergencias\/","title":{"rendered":"Emergencias"},"content":{"rendered":"<p style=\"text-align: justify;\"><em><strong>Emergencia<\/strong><\/em>\u00a0 se define\u00a0 como\u00a0 <strong>Situaci\u00f3n\u00a0de\u00a0peligro\u00a0o\u00a0desastre\u00a0que\u00a0requiere\u00a0una\u00a0acci\u00f3n\u00a0inmediata.\u00a0<\/strong><\/p>\n<p style=\"text-align: justify;\">Teniendo en cuenta la definici\u00f3n, podemos plantearnos distintos escenario de emergencia,\u00a0 conociendo las diversas actividades que se realizan en la FCEN.<\/p>\n<p style=\"text-align: justify;\">Los trabajadores son entrenados sobre c\u00f3mo responder ante situaciones de emergencia tales como:<\/p>\n<ul style=\"text-align: justify;\">\n<li>incendio,<\/li>\n<li>emergencias m\u00e9dicas,<\/li>\n<li>derrames de sustancias,<\/li>\n<li>escapes de gases<\/li>\n<li>y otros que se son factibles de ocurrencia, como la evacuaci\u00f3n de los edificios en forma segura para resguardar su integridad f\u00edsica.<\/li>\n<\/ul>\n<p style=\"text-align: justify;\">La FCEN cuenta con una entrenamiento para Respuestas de Emergencias, que es conveniente que el personal analice y tenga presente.<\/p>\n<p style=\"text-align: justify;\"><em>\u00a0<\/em>Ante estas situaciones llame a la Oficina de Seguridad y Control (IP <b>58311 de un tel\u00e9fono interno \u00f3 52858311 de un celular<\/b>) para reportar la emergencia. \u00c9sta se comunicar\u00e1 con el personal que atiende emergencias del SHyS para atender la misma. Tener adherido el n\u00famero de emergencias\u00a0 <strong>58311<\/strong>\u00a0de la Facultad en sus tel\u00e9fonos y programado en <strong>52858311<\/strong> en sus celulares<\/p>\n<p style=\"text-align: justify;\">La FCEN cuenta con un sistema de alarmas para avisar al personal y p\u00fablico en generas de situaciones de emergencia.<\/p>\n<p style=\"text-align: justify;\">Luego de controlada la emergencia, el Responsable del espacio donde se produjo la situaci\u00f3n de emergencia, tiene la obligaci\u00f3n de elaborar un <a class=\"boton doc\" href=\"https:\/\/exactas.uba.ar\/higieneyseguridad\/wp-content\/uploads\/2019\/12\/Reporte-de-Incidentes.pdf\">Reporte de Incidentes<\/a> y entregarlo al SHyS.<\/p>\n<h4 style=\"text-align: justify;\">El reporte de incidentes no tiene por objetivo buscar culpables, sino que es una oportunidad de mejora, para toda la comunidad.No deje de completarlo<\/h4>\n<h2 style=\"text-align: justify;\">Situaciones de emergencia<\/h2>\n<h3 style=\"text-align: justify;\"><strong>a) Incendio<\/strong><\/h3>\n<p style=\"padding-left: 40px; text-align: justify;\">Es un fuego no deseado fuera de control producido por una reacci\u00f3n qu\u00edmica de oxidaci\u00f3n acompa\u00f1ado de presencia de calor. Produce da\u00f1os a personas y bienes y\/o muerte de personas.(Ver <a class=\"boton doc \" href=\"https:\/\/exactas.uba.ar\/higieneyseguridad\/wp-content\/uploads\/2019\/12\/Normas-de-protecci\u00f3n-contra-incendios.pdf\">Normas de B\u00e1sicas de Protecci\u00f3n Contra Incendios<\/a><em>)<\/em><\/p>\n<p style=\"padding-left: 40px; text-align: justify;\">Para el Inicio del fuego, es necesario material combustible (madera, papel, tela, solventes, gases, etc.); comburente (ox\u00edgeno) y un iniciador (chispa, calor excesivo por corriente el\u00e9ctrica, rozamiento de 2 materiales s\u00f3lidos, incidencia de rayos solares concentrados, reacci\u00f3n qu\u00edmica)<\/p>\n<p style=\"padding-left: 40px; text-align: justify;\">Causas de inicio de incendios<\/p>\n<ul style=\"text-align: justify;\">\n<li><u>Fuente:<\/u> estructura, electricidad, combustibles, etc.<\/li>\n<li><u>Situaci\u00f3n:<\/u> almacenamiento y distribuci\u00f3n de materiales combustibles e inflamables, instalaciones el\u00e9ctricas, uso de fuego, controles<\/li>\n<li><u>Actos:<\/u> procedimientos de trabajo de las personas<\/li>\n<\/ul>\n<h4 style=\"padding-left: 40px; text-align: justify;\">Medidas de Protecci\u00f3n contra el Fuego.<\/h4>\n<p style=\"padding-left: 80px; text-align: justify;\"><em>Extinguidores<\/em><\/p>\n<p style=\"padding-left: 120px; text-align: justify;\">La Facultad cuenta con extinguidores de distinta clase ampliamente distribuidos por los distintos edificios de la Facultad. La pol\u00edtica de seguridad de la Facultad requiere que usted tenga acceso a un extinguidor adecuado a los riesgos de su laboratorio durante las 24 hs. a no m\u00e1s de 15 metros.<\/p>\n<p style=\"padding-left: 120px; text-align: justify;\">El control de los extinguidores ubicados en los espacios comunes y dentro de los laboratorios de docencia es responsabilidad de la FCEN. El SHyS inspecciona y mantiene tales extinguidores.<\/p>\n<p style=\"padding-left: 120px; text-align: justify;\">Es conveniente que el personal de la FCEN controle las etiquetas de inspecci\u00f3n para asegurar el control peri\u00f3dico; y avise al SHyS si la fecha de control est\u00e1 vencida.<\/p>\n<p style=\"padding-left: 80px; text-align: justify;\"><em>Hidrantes<\/em><\/p>\n<p style=\"padding-left: 120px; text-align: justify;\">La FCEN cuenta con equipos hidrantes instalados en todos sus edificios. Estos equipos est\u00e1n disponibles para su uso por personal interno capacitado y eventualmente bomberos. Estos se controlan peri\u00f3dicamente para verificar su funcionalidad.<\/p>\n<p style=\"padding-left: 120px; text-align: justify;\">Avisadores de incendio<\/p>\n<p style=\"padding-left: 120px; text-align: justify;\">En las \u00e1reas de laboratorio y biblioteca se encuentran instalados equipos que son sensibles al humo. \u00c9stos conectan los las alarmas indicando en donde se est\u00e1 produciendo humo.<\/p>\n<p style=\"padding-left: 80px; text-align: justify;\"><em>Mantas ignifugas<\/em><\/p>\n<p style=\"padding-left: 120px; text-align: justify;\">Las mantas ignifugas son adecuadas para reaccionar de una forma r\u00e1pida y eficaz en situaciones de incendio, sofocando llamas protegiendo objetos de valor, m\u00e1quinas, y evitando que se incendien o quemen personas.<\/p>\n<p style=\"padding-left: 120px; text-align: justify;\">Existen mantas ignifugas, como las fabricadas en fibra de vidrio y en nomex:<\/p>\n<h4 style=\"padding-left: 40px; text-align: justify;\">Cursos de entrenamiento<\/h4>\n<p style=\"padding-left: 80px; text-align: justify;\">Se proveen capacitaciones en prevenci\u00f3n de incendio y el uso de extinguidores manuales e hidrantes.<\/p>\n<h3 style=\"text-align: justify;\">b) Derrames y escape de gases<\/h3>\n<p style=\"padding-left: 40px; text-align: justify;\">Pueden producirse derrames qu\u00edmicos, biol\u00f3gicos o escapes de gases nocivos. Se clasifican en general entre \u201cMenores\u201d y \u201cMayores\u201d.<\/p>\n<h4 style=\"text-align: justify;\"><em>Derrames menores, salpicaduras y escape de gases<\/em><\/h4>\n<p style=\"padding-left: 40px; text-align: justify;\">Pueden manejarlos el personal involucrado en el mismo. El investigador responsable, los empleados, y estudiantes que trabajan en laboratorios de investigaci\u00f3n est\u00e1n calificados para controlar derrames y escapes de gases que sean \u00abincidentales. No posee un riesgo significativo para la seguridad o la salud de los empleados en los aleda\u00f1os inmediatos ni tiene el potencial de convertirse en una emergencia inmediatamente. Los trabajadores est\u00e1n familiarizados con los riesgos de los agentes con los que ellos trabajan rutinariamente en un d\u00eda t\u00edpico de trabajo. (<em> Actuaci\u00f3n ante peque\u00f1os derrames de mercurio)<\/em><\/p>\n<p style=\"padding-left: 40px; text-align: justify;\"><strong><em>Elementos para controlar la emergencia<\/em><\/strong><\/p>\n<p style=\"padding-left: 80px; text-align: justify;\">Gabinetes antiderrames<\/p>\n<p style=\"padding-left: 120px; text-align: justify;\">En las cercan\u00edas de los laboratorio que utilizan agentes qu\u00edmicos factibles de derrames, se encuentran instalados gabinetes que contienen materiales para aislar y limpiar los mismos, como as\u00ed tambi\u00e9n elementos de protecci\u00f3n para el uso por parte\u00a0 del personal involucrado en la contenci\u00f3n. El SHyS hace un control peri\u00f3dico del contenido.<\/p>\n<p style=\"padding-left: 80px; text-align: justify;\">Ducha de seguridad y Lavaojos.<\/p>\n<p style=\"padding-left: 120px; text-align: justify;\">Existen instalados dispositivos duchadores\/lavaojos manuales accesibles las 24 hs. a todo laboratorio donde se usan o almacenan agentes qu\u00edmicos\u00a0 y\/\u00f3 biol\u00f3gicos. Son revisados peri\u00f3dicamente<\/p>\n<p style=\"padding-left: 80px; text-align: justify;\">Botiqu\u00edn de primeros auxilios<\/p>\n<p style=\"padding-left: 120px; text-align: justify;\">El SHyS y de Medicina laboral, han especificado el contenido de los botiquines. Cada grupo de investigaci\u00f3n \/ laboratorio de docencia \/ locales de uso com\u00fan, y \u00c1reas de la FCEN posee un botiqu\u00edn de primeros auxilios con los componentes adecuados. Se controlan peri\u00f3dicamente para verificar su disponibilidad.<\/p>\n<h4 style=\"text-align: justify;\">Derrames Mayores<\/h4>\n<p style=\"padding-left: 40px; text-align: justify;\">Necesitan ayuda externa. Llame a la oficina de Seguridad y Control (IP <strong>58311 \u00f3 52858311 <\/strong>desde un celular) para reportar derrames de materiales peligrosos. La oficina de Seguridad y control se comunicar\u00e1 con el personal que atiende emergencias del SHyS para atender este tipo de derrames.<\/p>\n<h3 style=\"text-align: justify;\">c) Evacuaci\u00f3n<\/h3>\n<p style=\"padding-left: 40px; text-align: justify;\">La Facultad ha generado un sistema de evacuaci\u00f3n general con personal del SHyS, Oficina de Seguridad y Control, \u00c1rea T\u00e9cnica y Brigadistas.<\/p>\n<p style=\"padding-left: 40px; text-align: justify;\">Cada responsable de Direcci\u00f3n, \u00c1rea, Laboratorio, debe complementar el mismo con la formulaci\u00f3n de un <a class=\"boton doc\" href=\"https:\/\/exactas.uba.ar\/higieneyseguridad\/seguridadlaboral\/emergencias\/plan-de-evacuacion-ante-una-emergencia\/\"><u>plan de evacuaci\u00f3n\u00a0<\/u><\/a><\/p>\n","protected":false},"excerpt":{"rendered":"Emergencia\u00a0 se define\u00a0 como\u00a0 Situaci\u00f3n\u00a0de\u00a0peligro\u00a0o\u00a0desastre\u00a0que\u00a0requiere\u00a0una\u00a0acci\u00f3n\u00a0inmediata.\u00a0 Teniendo en cuenta la definici\u00f3n, podemos plantearnos distintos escenario de emergencia,\u00a0 conociendo las diversas actividades que se realizan en la FCEN. Los trabajadores son entrenados sobre c\u00f3mo responder ante situaciones de emergencia tales como: incendio, emergencias m\u00e9dicas, derrames de sustancias, escapes de gases y otros que se son factibles de&#8230; <a class=\"view-article\" href=\"https:\/\/exactas.uba.ar\/higieneyseguridad\/seguridadlaboral\/emergencias\/\">LEER +<\/a>","protected":false},"author":2,"featured_media":0,"parent":249,"menu_order":5,"comment_status":"closed","ping_status":"closed","template":"","meta":{"_acf_changed":false,"footnotes":""},"class_list":["post-1505","page","type-page","status-publish","hentry"],"acf":[],"_links":{"self":[{"href":"https:\/\/exactas.uba.ar\/higieneyseguridad\/wp-json\/wp\/v2\/pages\/1505","targetHints":{"allow":["GET"]}}],"collection":[{"href":"https:\/\/exactas.uba.ar\/higieneyseguridad\/wp-json\/wp\/v2\/pages"}],"about":[{"href":"https:\/\/exactas.uba.ar\/higieneyseguridad\/wp-json\/wp\/v2\/types\/page"}],"author":[{"embeddable":true,"href":"https:\/\/exactas.uba.ar\/higieneyseguridad\/wp-json\/wp\/v2\/users\/2"}],"replies":[{"embeddable":true,"href":"https:\/\/exactas.uba.ar\/higieneyseguridad\/wp-json\/wp\/v2\/comments?post=1505"}],"version-history":[{"count":27,"href":"https:\/\/exactas.uba.ar\/higieneyseguridad\/wp-json\/wp\/v2\/pages\/1505\/revisions"}],"predecessor-version":[{"id":1739,"href":"https:\/\/exactas.uba.ar\/higieneyseguridad\/wp-json\/wp\/v2\/pages\/1505\/revisions\/1739"}],"up":[{"embeddable":true,"href":"https:\/\/exactas.uba.ar\/higieneyseguridad\/wp-json\/wp\/v2\/pages\/249"}],"wp:attachment":[{"href":"https:\/\/exactas.uba.ar\/higieneyseguridad\/wp-json\/wp\/v2\/media?parent=1505"}],"curies":[{"name":"wp","href":"https:\/\/api.w.org\/{rel}","templated":true}]}}