{"id":1500,"date":"2019-12-09T13:55:59","date_gmt":"2019-12-09T13:55:59","guid":{"rendered":"https:\/\/exactas.uba.ar\/higieneyseguridad\/?page_id=1500"},"modified":"2020-04-27T22:54:10","modified_gmt":"2020-04-27T22:54:10","slug":"seguridad-ante-radiaciones","status":"publish","type":"page","link":"https:\/\/exactas.uba.ar\/higieneyseguridad\/seguridadlaboral\/seguridad-ante-radiaciones\/","title":{"rendered":"Seguridad ante Radiaciones"},"content":{"rendered":"<h3>Introducci\u00f3n<\/h3>\n<p>Los radioactivos son usados como marcadores en laboratorios de la Facultad, convirti\u00e9ndolos en poderosas herramientas de investigaci\u00f3n en biolog\u00eda, qu\u00edmica y f\u00edsica. La exposici\u00f3n a la radiaci\u00f3n producida por m\u00e1quinas de rayos x, aceleradores, fuentes selladas y l\u00e1seres pueden producir da\u00f1os a niveles suficientemente altos de exposici\u00f3n o si son ingeridas o inhaladas. El efecto principal es el aumento de riesgo de c\u00e1ncer, como as\u00ed tambi\u00e9n da\u00f1os a piel y ojos.<\/p>\n<p>Se deben aplicar m\u00e9todos de protecci\u00f3n con l\u00edmites estrictos a los niveles de exposici\u00f3n para asegurar que el riesgo del trabajo relacionado con el uso de esas fuentes de radiaci\u00f3n sea insignificante.<\/p>\n<h3>Pol\u00edtica<\/h3>\n<p>La pol\u00edtica que se aplica en la Facultad es establecida por el Comit\u00e9 de Seguridad. Nadie puede usar, ingresar o retirar de la Facultad ning\u00fan radiois\u00f3topo o maquinas que generen radiaci\u00f3n sin autorizaci\u00f3n del Servicio de Higiene y Seguridad.<\/p>\n<h3>Entrenamiento<\/h3>\n<p>Todos los individuos que trabajen o frecuenten alg\u00fan \u00e1rea con material radioactivo o equipos que generen radiaciones deben recibir entrenamiento espec\u00edfico:<\/p>\n<ul>\n<li>Protecci\u00f3n de la salud asociados con la exposici\u00f3n radioactivos o radiaci\u00f3n;<\/li>\n<li>Precauciones o procedimientos para minimizar la exposici\u00f3n y los dispositivos usados.<\/li>\n<li>Otros<\/li>\n<\/ul>\n<p>En particular, el personal debe estar familiarizado con las se\u00f1ales de advertencia de radiaci\u00f3n, y las precauciones que se deben tener en los lugares donde est\u00e1n esas se\u00f1ales<\/p>\n<p>El grado de este entrenamiento debe estar relacionado con los potenciales problemas de protecci\u00f3n radiol\u00f3gica del \u00e1rea de trabajo.<\/p>\n<h3>Residuos<\/h3>\n<p>Los materiales radioactivos nunca deben ser dispuestos en cestos comunes, el Investigador responsable debe extremar los cuidados necesarios para controlar que no haya en los mismos elementos que tengan el s\u00edmbolo que identifica a los materiales radioactivos.<\/p>\n<h3>Responsabilidades<\/h3>\n<p>El Investigador responsable debe asegurar que todo el personal conozca los controles estrictos para el uso y que no se pueden ingresar materiales radioactivos ni equipos que generen radiaciones a la Facultad sin la autorizaci\u00f3n del Servicio de Higiene y Seguridad.<\/p>\n<p>El personal de la Facultad o personal externo no debe trabajar en equipos que puedan estar contaminados o en \u00e1reas establecidas para el uso de radiaciones o material radioactivo salvo que ellos hayan recibido entrenamiento adecuado sobre los procedimientos de seguridad que deben aplicarse.<\/p>\n<h3>Requisitos normativos<\/h3>\n<h4>Radioactivos<\/h4>\n<p>Los locales que contienen equipos con fuentes radioactivas selladas y los trabajos con materiales radioactivos requieren que los locales\/laboratorios donde se instalen equipos que almacenan y utilizan materiales radioactivos y sus desechos, cuente con una Licencia \/ Registro de operaci\u00f3n de la Autoridad Regulatoria Nuclear (ARN), y una persona o m\u00e1s Responsables de la Seguridad Radiol\u00f3gica que tengan Permiso Individual expedido por la ARN. Estos locales pueden estar bajo su responsabilidad o no, y eventualmente pertenecer a otro departamento de la FCEN.<\/p>\n<h4>L\u00e1seres<\/h4>\n<p>Los trabajos con l\u00e1seres requieren que se den cumplimiento a las normas indicadas en el Manual de Uso Seguro de L\u00e1seres y se completen los formularios all\u00ed indicados<strong><em>.<\/em><\/strong><\/p>\n<p>Cada equipo generador de l\u00e1seres deber\u00e1 contar con una Hoja de seguridad de acuerdo al tipo.<\/p>\n<h4>Radiaci\u00f3n X<\/h4>\n<p>Los trabajos con equipos generadores de radiaci\u00f3n X requieren autorizaci\u00f3n de los mismos y un investigador habilitado por el Ministerio de Salud de la Naci\u00f3n.<\/p>\n","protected":false},"excerpt":{"rendered":"Introducci\u00f3n Los radioactivos son usados como marcadores en laboratorios de la Facultad, convirti\u00e9ndolos en poderosas herramientas de investigaci\u00f3n en biolog\u00eda, qu\u00edmica y f\u00edsica. La exposici\u00f3n a la radiaci\u00f3n producida por m\u00e1quinas de rayos x, aceleradores, fuentes selladas y l\u00e1seres pueden producir da\u00f1os a niveles suficientemente altos de exposici\u00f3n o si son ingeridas o inhaladas. El&#8230; <a class=\"view-article\" href=\"https:\/\/exactas.uba.ar\/higieneyseguridad\/seguridadlaboral\/seguridad-ante-radiaciones\/\">LEER +<\/a>","protected":false},"author":2,"featured_media":0,"parent":249,"menu_order":3,"comment_status":"closed","ping_status":"closed","template":"","meta":{"_acf_changed":false,"footnotes":""},"class_list":["post-1500","page","type-page","status-publish","hentry"],"acf":[],"_links":{"self":[{"href":"https:\/\/exactas.uba.ar\/higieneyseguridad\/wp-json\/wp\/v2\/pages\/1500","targetHints":{"allow":["GET"]}}],"collection":[{"href":"https:\/\/exactas.uba.ar\/higieneyseguridad\/wp-json\/wp\/v2\/pages"}],"about":[{"href":"https:\/\/exactas.uba.ar\/higieneyseguridad\/wp-json\/wp\/v2\/types\/page"}],"author":[{"embeddable":true,"href":"https:\/\/exactas.uba.ar\/higieneyseguridad\/wp-json\/wp\/v2\/users\/2"}],"replies":[{"embeddable":true,"href":"https:\/\/exactas.uba.ar\/higieneyseguridad\/wp-json\/wp\/v2\/comments?post=1500"}],"version-history":[{"count":4,"href":"https:\/\/exactas.uba.ar\/higieneyseguridad\/wp-json\/wp\/v2\/pages\/1500\/revisions"}],"predecessor-version":[{"id":3146,"href":"https:\/\/exactas.uba.ar\/higieneyseguridad\/wp-json\/wp\/v2\/pages\/1500\/revisions\/3146"}],"up":[{"embeddable":true,"href":"https:\/\/exactas.uba.ar\/higieneyseguridad\/wp-json\/wp\/v2\/pages\/249"}],"wp:attachment":[{"href":"https:\/\/exactas.uba.ar\/higieneyseguridad\/wp-json\/wp\/v2\/media?parent=1500"}],"curies":[{"name":"wp","href":"https:\/\/api.w.org\/{rel}","templated":true}]}}