{"id":135,"date":"2018-11-05T16:23:42","date_gmt":"2018-11-05T16:23:42","guid":{"rendered":"http:\/\/127.0.0.1:4001\/wordpress\/?page_id=135"},"modified":"2022-11-11T12:59:36","modified_gmt":"2022-11-11T12:59:36","slug":"residuos","status":"publish","type":"page","link":"https:\/\/exactas.uba.ar\/higieneyseguridad\/medio-ambiente\/residuos\/","title":{"rendered":"Residuos Peligrosos y Patog\u00e9nicos"},"content":{"rendered":"<h2>Introducci\u00f3n<\/h2>\n<p style=\"text-align: justify;\">Debe recordarse que un residuo de laboratorio es una sustancia o una mezcla que presenta caracter\u00edsticas de toxicidad y peligrosidad, que impide que pueda ser descartado en la basura domiciliaria y cuya identificaci\u00f3n y tratamiento es una obligaci\u00f3n del generador. Es asimismo necesario, tanto por razones de seguridad como econ\u00f3micas, que se contemplen las posibilidades de minimizaci\u00f3n de los residuos, procurando reutilizar o reciclar productos cuando sea posible, as\u00ed como optimizando la gesti\u00f3n de stocks para no generar residuos por productos no utilizables o caducos, por razones de seguridad.<\/p>\n<h3>Tipos de residuos<\/h3>\n<p>En el laboratorio, considerando los conceptos anteriores y las caracter\u00edsticas de los residuos generados, se pueden distinguir los siguientes grupos:<\/p>\n<ul>\n<li>Residuos no peligrosos (asimilables a domiciliarios).<\/li>\n<li>Residuos peligrosos (incluye patog\u00e9nicos)<\/li>\n<li>Residuos radiactivos<\/li>\n<\/ul>\n<p style=\"text-align: justify;\">Estos \u00faltimos exigen una gesti\u00f3n diferenciada y est\u00e1n legislados espec\u00edficamente. Los residuos peligrosos incluyen los residuos qu\u00edmicos, los aceites usados, material de laboratorio y los residuos biol\u00f3gicos, que si bien son peligrosos deben ser segregados aparte.<\/p>\n<p style=\"text-align: justify;\">Todos ellos exigen un programa que comprenda un acopio selectivo, una caracterizaci\u00f3n y un posible tratamiento, para disminuir su peligrosidad.<\/p>\n<h3><\/h3>\n<h1 style=\"text-align: justify;\"><\/h1>\n<p>&nbsp;<\/p>\n","protected":false},"excerpt":{"rendered":"Introducci\u00f3n Debe recordarse que un residuo de laboratorio es una sustancia o una mezcla que presenta caracter\u00edsticas de toxicidad y peligrosidad, que impide que pueda ser descartado en la basura domiciliaria y cuya identificaci\u00f3n y tratamiento es una obligaci\u00f3n del generador. Es asimismo necesario, tanto por razones de seguridad como econ\u00f3micas, que se contemplen las&#8230; <a class=\"view-article\" href=\"https:\/\/exactas.uba.ar\/higieneyseguridad\/medio-ambiente\/residuos\/\">LEER +<\/a>","protected":false},"author":1,"featured_media":0,"parent":133,"menu_order":3,"comment_status":"open","ping_status":"open","template":"","meta":{"_acf_changed":false,"footnotes":""},"class_list":["post-135","page","type-page","status-publish","hentry"],"acf":[],"_links":{"self":[{"href":"https:\/\/exactas.uba.ar\/higieneyseguridad\/wp-json\/wp\/v2\/pages\/135","targetHints":{"allow":["GET"]}}],"collection":[{"href":"https:\/\/exactas.uba.ar\/higieneyseguridad\/wp-json\/wp\/v2\/pages"}],"about":[{"href":"https:\/\/exactas.uba.ar\/higieneyseguridad\/wp-json\/wp\/v2\/types\/page"}],"author":[{"embeddable":true,"href":"https:\/\/exactas.uba.ar\/higieneyseguridad\/wp-json\/wp\/v2\/users\/1"}],"replies":[{"embeddable":true,"href":"https:\/\/exactas.uba.ar\/higieneyseguridad\/wp-json\/wp\/v2\/comments?post=135"}],"version-history":[{"count":35,"href":"https:\/\/exactas.uba.ar\/higieneyseguridad\/wp-json\/wp\/v2\/pages\/135\/revisions"}],"predecessor-version":[{"id":5662,"href":"https:\/\/exactas.uba.ar\/higieneyseguridad\/wp-json\/wp\/v2\/pages\/135\/revisions\/5662"}],"up":[{"embeddable":true,"href":"https:\/\/exactas.uba.ar\/higieneyseguridad\/wp-json\/wp\/v2\/pages\/133"}],"wp:attachment":[{"href":"https:\/\/exactas.uba.ar\/higieneyseguridad\/wp-json\/wp\/v2\/media?parent=135"}],"curies":[{"name":"wp","href":"https:\/\/api.w.org\/{rel}","templated":true}]}}