{"id":133,"date":"2018-11-05T16:23:30","date_gmt":"2018-11-05T16:23:30","guid":{"rendered":"http:\/\/127.0.0.1:4001\/wordpress\/?page_id=133"},"modified":"2022-11-11T19:24:23","modified_gmt":"2022-11-11T19:24:23","slug":"medio-ambiente","status":"publish","type":"page","link":"https:\/\/exactas.uba.ar\/higieneyseguridad\/medio-ambiente\/","title":{"rendered":"Medio Ambiente"},"content":{"rendered":"<p>Las condiciones del ambiente de trabajo deben ser tales que garanticen un \u00a0trabajo seguro.<\/p>\n<p>Distintos factores contribuyen al ambiente laboral , podemos listar entre otros :<\/p>\n<ul>\n<li>Ruido<\/li>\n<li>Iluminaci\u00f3n<\/li>\n<li>Contaminantes Ambientales<\/li>\n<li>Radiaciones Ionizantes y Radiaciones No ionizantes<\/li>\n<li>Condiciones socioculturales<\/li>\n<\/ul>\n<p>Es necesario realizar los an\u00e1lisis, y controles de cada uno de ellos.<\/p>\n<p style=\"text-align: justify;\">Al trabajar con agentes qu\u00edmicos, debemos procurar la minimizaci\u00f3n de la emisi\u00f3n de sustancias al medio ambiente para la seguridad de las personas involucradas como as\u00ed tambi\u00e9n de contaminaci\u00f3n del suelo, aire y cursos de agua.<\/p>\n<p style=\"text-align: justify;\">La FCEN cuenta con laboratorios y locales en donde se almacena y trabaja con sustancias qu\u00edmicas y biol\u00f3gicas. \u00c9stas son utilizadas y manipuladas por investigadores, colaboradores y alumnos teniendo como resultado final la generaci\u00f3n de residuos s\u00f3lidos, l\u00edquidos, y gaseosos. La FCEN utiliza procedimientos para la recolecci\u00f3n y tratamiento de Residuos Peligroso y Patog\u00e9nicos (S\u00f3lidos y l\u00edquidos).<\/p>\n<p style=\"text-align: justify;\">En forma peri\u00f3dica se realizan mediciones de contaminaci\u00f3n ambiental en las zonas de laboratorios que utilizan en general sustancias vol\u00e1tiles.<\/p>\n<p style=\"text-align: justify;\">Para la conducci\u00f3n y recolecci\u00f3n de residuos gaseosos la FCEN posee instaladas Campanas qu\u00edmicas y Gabinetes de seguridad biol\u00f3gica<\/p>\n<p style=\"text-align: justify;\">Se cuenta con Rejillas con trampa de gases, para que en los casos que por accidente se escurran sustancias qu\u00edmicas a los desag\u00fces,\u00a0 evitan la emisi\u00f3n de \u00e9stos al ambiente laboral.<\/p>\n<p style=\"text-align: justify;\">Al ser parte de una instituci\u00f3n donde se desarrollan investigaciones sobre distintos actores que afectan al ambiente, la salud y seguridad laboral, hemos incorporado a lo regulatorio otras actividades que consideramos aportan un valor a nuestra tarea, como por ejemplo el monitoreo de Aedes aegypti.<\/p>\n<p style=\"text-align: justify;\"><em>\u00a0 \u00a0 \u00a0<\/em><\/p>\n<p>&nbsp;<\/p>\n","protected":false},"excerpt":{"rendered":"Las condiciones del ambiente de trabajo deben ser tales que garanticen un \u00a0trabajo seguro. Distintos factores contribuyen al ambiente laboral , podemos listar entre otros : Ruido Iluminaci\u00f3n Contaminantes Ambientales Radiaciones Ionizantes y Radiaciones No ionizantes Condiciones socioculturales Es necesario realizar los an\u00e1lisis, y controles de cada uno de ellos. Al trabajar con agentes qu\u00edmicos,&#8230; <a class=\"view-article\" href=\"https:\/\/exactas.uba.ar\/higieneyseguridad\/medio-ambiente\/\">LEER +<\/a>","protected":false},"author":1,"featured_media":0,"parent":0,"menu_order":70,"comment_status":"open","ping_status":"closed","template":"","meta":{"_acf_changed":false,"footnotes":""},"class_list":["post-133","page","type-page","status-publish","hentry"],"acf":[],"_links":{"self":[{"href":"https:\/\/exactas.uba.ar\/higieneyseguridad\/wp-json\/wp\/v2\/pages\/133","targetHints":{"allow":["GET"]}}],"collection":[{"href":"https:\/\/exactas.uba.ar\/higieneyseguridad\/wp-json\/wp\/v2\/pages"}],"about":[{"href":"https:\/\/exactas.uba.ar\/higieneyseguridad\/wp-json\/wp\/v2\/types\/page"}],"author":[{"embeddable":true,"href":"https:\/\/exactas.uba.ar\/higieneyseguridad\/wp-json\/wp\/v2\/users\/1"}],"replies":[{"embeddable":true,"href":"https:\/\/exactas.uba.ar\/higieneyseguridad\/wp-json\/wp\/v2\/comments?post=133"}],"version-history":[{"count":12,"href":"https:\/\/exactas.uba.ar\/higieneyseguridad\/wp-json\/wp\/v2\/pages\/133\/revisions"}],"predecessor-version":[{"id":5854,"href":"https:\/\/exactas.uba.ar\/higieneyseguridad\/wp-json\/wp\/v2\/pages\/133\/revisions\/5854"}],"wp:attachment":[{"href":"https:\/\/exactas.uba.ar\/higieneyseguridad\/wp-json\/wp\/v2\/media?parent=133"}],"curies":[{"name":"wp","href":"https:\/\/api.w.org\/{rel}","templated":true}]}}