{"id":1028,"date":"2019-08-29T22:13:26","date_gmt":"2019-08-29T22:13:26","guid":{"rendered":"https:\/\/exactas.uba.ar\/higieneyseguridad\/?page_id=1028"},"modified":"2020-10-09T22:28:13","modified_gmt":"2020-10-09T22:28:13","slug":"sedronar","status":"publish","type":"page","link":"https:\/\/exactas.uba.ar\/higieneyseguridad\/normativa\/procedimientos-interna\/sedronar\/","title":{"rendered":"SEDRONAR"},"content":{"rendered":"<p><strong>Sedronar (Secretar\u00eda de Pol\u00edticas Integrales sobre Drogas)<\/strong> realiza en la Rep\u00fablica Argentina el control de precursores y sustancias qu\u00edmicas esenciales para la elaboraci\u00f3n de estupefacientes<\/p>\n<p>De acuerdo al Decreto 1095\/96 y sus modificaciones se adoptan medidas a fin de controlar la producci\u00f3n nacional y el comercio interior y exterior de las sustancias qu\u00edmicas susceptibles de ser utilizadas en la fabricaci\u00f3n il\u00edcita de estupefacientes y sustancias psicotr\u00f3picas.<\/p>\n<h2>Inscripci\u00f3n<\/h2>\n<p>Las personas f\u00edsicas y en general todo aquello que bajo cualquier forma y organizaci\u00f3n jur\u00eddica, produzcan, fabriquen, preparen, elaboren, re-envasen, distribuyan, comercialicen por mayor y menor, almacenen, importen, exporten, transiten, trasborden y\/o realicen cualquier otro tipo de transacci\u00f3n, de las sustancias incluidas en las\u00a0 <a class=\"boton doc\" href=\"https:\/\/exactas.uba.ar\/higieneyseguridad\/normativa\/ley\/sedronar-legislacion\/sedronar-lista-i-ii-iii\/\">\u00a0Lista I-II-III<\/a>\u00a0 \u00a0; deber\u00e1n con car\u00e1cter previo al inicio de cualquiera de dichas operaciones, inscribirse en el registro del\u00a0<strong>Renpre<\/strong>\u00a0(Registro Nacional de Precursores Qu\u00edmicos).<\/p>\n<p>El <strong>Renpre<\/strong> entregar\u00e1 un Certificado de Inscripci\u00f3n, el cual tendr\u00e1 una vigencia de UN (1) a\u00f1o desde la fecha de su emisi\u00f3n. Cumplido el mismo,\u00a0 se deber\u00e1 renovarlo.<\/p>\n<p>El comercio interior de los precursores qu\u00edmicos incluidas solo podr\u00e1 realizarse entre personas f\u00edsicas y jur\u00eddicas que est\u00e9n inscriptas, debiendo figurar en todos los documentos comerciales el n\u00famero de inscripci\u00f3n.<\/p>\n<h2>Registro de Movimientos<\/h2>\n<p>Los organismos inscriptos en el <strong>Renpre<\/strong> deber\u00e1n llevar un registro de precursores qu\u00edmicos incluidos en el Certificado. Este debe ser completo, fidedigno y actualizado de los movimientos que experimenten tales sustancias.<\/p>\n<h2>Informes en la FCEN<\/h2>\n<p>La FCEN debe informar al <strong>Renpre<\/strong> los movimientos de los precursores qu\u00edmicos a medida que se produzcan. Trimestralmente deber\u00e1 entregar informes trimestrales a la UBA.<\/p>\n<p>Cada Responsable de Uso y Guarda de la FCEN tiene que entregar al finalizar cada trimestre <a class=\"boton doc\" href=\"https:\/\/exactas.uba.ar\/higieneyseguridad\/normativa\/ley\/sedronar-pp\/sedronar-ddjj\/\">Declaraci\u00f3n Jurada<\/a> al Servicio de Higiene y Seguridad (DDJJ trimestral) con el stock y los movimientos de los precursores qu\u00edmicos que posean.<\/p>\n<h3 style=\"padding-left: 40px;\">Compras<\/h3>\n<p style=\"padding-left: 40px;\">Previamente completa el siguiente formulario,\u00a0 <a class=\"boton\" href=\"http:\/\/encuestas.exactas.uba.ar\/index.php\/686586?lang=es\">Formulario de Solicitud De Certificados De SEDRONAR, para realizar una compra <\/a>\u00a0 el SHyS\u00a0 enviara por mail, el Certificado de inscripci\u00f3n, para autorizar la compra. Recordar finalizada la misma, debe enviar por mail, la factura.Al enviar la factura, debe indicar, el nombre del Investigador Responsable y C\u00f3digo de Identificaci\u00f3n del Plan del Protecci\u00f3n.<\/p>\n<h3 style=\"padding-left: 40px;\">Donaciones y usos fuera de la FCEN<\/h3>\n<p style=\"padding-left: 40px;\">El Responsable de uso y guarda deber\u00e1 entregar al SHyS la documentaci\u00f3n pertinente que indiquen tales acciones en los formularios :\u00a0 <a class=\"boton doc\" href=\"https:\/\/exactas.uba.ar\/higieneyseguridad\/wp-content\/uploads\/2019\/06\/DDJJ-Traslado-fuera-de-la-FCEN-de-PQ.pdf\">\u00a0<em>Uso fuera de la FCEN<\/em>\u00a0 \u00a0y\u00a0 \u00a0 <\/a><a class=\"boton doc\" href=\"https:\/\/exactas.uba.ar\/higieneyseguridad\/wp-content\/uploads\/2019\/06\/Donaci\u00f3n-de-precursores-qu\u00edmicos.xls\">Donaci\u00f3n de precursores qu\u00edmicos<\/a><\/p>\n<p>&nbsp;<\/p>\n<h3 style=\"padding-left: 40px;\">Consumo<\/h3>\n<p style=\"padding-left: 40px;\">Se deber\u00e1 informar el consumo de cada precursor qu\u00edmico. Si hubiese mermas por otras situaciones se deber\u00e1 indicar tal evento.<\/p>\n<p><!--nextpage--><\/p>\n<h2>Informes de la Universidad de Buenos Aires<\/h2>\n<p>La UBA informar\u00e1 al <strong>Renpre<\/strong>, con car\u00e1cter de declaraci\u00f3n jurada, el movimiento de las sustancias qu\u00edmicas. Esta informaci\u00f3n deber\u00e1 presentarse dentro de los QUINCE (15) d\u00edas h\u00e1biles siguientes al vencimiento de cada trimestre.<\/p>\n<p><u>Nota: <\/u>Se deber\u00e1n informar en forma inmediata las p\u00e9rdidas o desapariciones irregulares o excesivas de aquellas sustancias, que se encuentren bajo su control.<\/p>\n<h2>Ubicaci\u00f3n<\/h2>\n<p>Las personas f\u00edsicas o jur\u00eddicas que realicen cualquier tipo de operaciones con sustancias incluidas en el Certificado, deber\u00e1n fijar lugar f\u00edsico donde se pueda constatar stock de las mismas. El <strong>Renpre<\/strong> le asigna a cada sitio un CUFE (C\u00f3digo \u00danico F\u00edsico de Establecimiento)<\/p>\n<h2>Suspensiones e Inspecciones<\/h2>\n<p>El <strong>Sedronar<\/strong> tiene la potestad de suspender o rechazar la inscripci\u00f3n en el Registro por:<\/p>\n<p>1) Incumplimiento del deber de informar<\/p>\n<p>2) Falsedad total o parcial del contenido de la informaci\u00f3n.<\/p>\n<p>3) Ocultamiento de documentaci\u00f3n u otros elementos,<\/p>\n<p><strong>Sedronar<\/strong> o quien \u00e9sta autorice, podr\u00e1n practicar en todo el territorio del pa\u00eds inspecciones a los establecimientos, donde se declaren sustancias qu\u00edmicas incluidas en el Certificado. Los funcionarios que durante la inspecci\u00f3n, juzguen necesario y\/o presuman la existencia de productos sin autorizaci\u00f3n de venta, o presuntivamente falsificados, adulterados o alterados, proceder\u00e1n previa autorizaci\u00f3n judicial a suspender la circulaci\u00f3n de dichos productos y extraer muestras.<\/p>\n<h2>Responsabilidades<\/h2>\n<p>Para el <strong>Renpre<\/strong>, la UBA es la <strong>responsable lega<\/strong>l de todas las actividades relacionadas con la compra, uso, y guarda e informaci\u00f3n trimestral u otra de los precursores qu\u00edmicos.<\/p>\n<p>Para la compra, el uso y guarda de los precursores qu\u00edmicos, el <strong>Renpre<\/strong> le asign\u00f3 a la FCEN un N\u00ba de CUFE (9980332930002). La FCEN determin\u00f3 las responsabilidades indicadas en las Resoluciones.<\/p>\n<p>&nbsp;<\/p>\n","protected":false},"excerpt":{"rendered":"Sedronar (Secretar\u00eda de Pol\u00edticas Integrales sobre Drogas) realiza en la Rep\u00fablica Argentina el control de precursores y sustancias qu\u00edmicas esenciales para la elaboraci\u00f3n de estupefacientes De acuerdo al Decreto 1095\/96 y sus modificaciones se adoptan medidas a fin de controlar la producci\u00f3n nacional y el comercio interior y exterior de las sustancias qu\u00edmicas susceptibles de&#8230; <a class=\"view-article\" href=\"https:\/\/exactas.uba.ar\/higieneyseguridad\/normativa\/procedimientos-interna\/sedronar\/\">LEER +<\/a>","protected":false},"author":2,"featured_media":0,"parent":1022,"menu_order":0,"comment_status":"closed","ping_status":"closed","template":"","meta":{"_acf_changed":false,"footnotes":""},"class_list":["post-1028","page","type-page","status-publish","hentry"],"acf":[],"_links":{"self":[{"href":"https:\/\/exactas.uba.ar\/higieneyseguridad\/wp-json\/wp\/v2\/pages\/1028","targetHints":{"allow":["GET"]}}],"collection":[{"href":"https:\/\/exactas.uba.ar\/higieneyseguridad\/wp-json\/wp\/v2\/pages"}],"about":[{"href":"https:\/\/exactas.uba.ar\/higieneyseguridad\/wp-json\/wp\/v2\/types\/page"}],"author":[{"embeddable":true,"href":"https:\/\/exactas.uba.ar\/higieneyseguridad\/wp-json\/wp\/v2\/users\/2"}],"replies":[{"embeddable":true,"href":"https:\/\/exactas.uba.ar\/higieneyseguridad\/wp-json\/wp\/v2\/comments?post=1028"}],"version-history":[{"count":15,"href":"https:\/\/exactas.uba.ar\/higieneyseguridad\/wp-json\/wp\/v2\/pages\/1028\/revisions"}],"predecessor-version":[{"id":3693,"href":"https:\/\/exactas.uba.ar\/higieneyseguridad\/wp-json\/wp\/v2\/pages\/1028\/revisions\/3693"}],"up":[{"embeddable":true,"href":"https:\/\/exactas.uba.ar\/higieneyseguridad\/wp-json\/wp\/v2\/pages\/1022"}],"wp:attachment":[{"href":"https:\/\/exactas.uba.ar\/higieneyseguridad\/wp-json\/wp\/v2\/media?parent=1028"}],"curies":[{"name":"wp","href":"https:\/\/api.w.org\/{rel}","templated":true}]}}