{"id":1022,"date":"2019-08-29T22:07:58","date_gmt":"2019-08-29T22:07:58","guid":{"rendered":"https:\/\/exactas.uba.ar\/higieneyseguridad\/?page_id=1022"},"modified":"2020-09-15T21:15:55","modified_gmt":"2020-09-15T21:15:55","slug":"procedimientos-interna","status":"publish","type":"page","link":"https:\/\/exactas.uba.ar\/higieneyseguridad\/normativa\/procedimientos-interna\/","title":{"rendered":"Procedimientos Internos"},"content":{"rendered":"<p>El Servicio de Higiene y Seguridad ha redactado distintos procedimientos internos para facilitar la comunicaci\u00f3n y la presentaci\u00f3n de la informaci\u00f3n requerida:<\/p>\n<ul>\n<li>Los procedimientos para poder cumplimentar con la normativa de<a href=\"https:\/\/exactas.uba.ar\/higieneyseguridad\/normativa\/documentacion-interna\/sedronar\/\"><strong> SEDRONAR<\/strong>:\u00a0<\/a><\/li>\n<li>Los procedimientos para poder ingresar a FCEN para realizar<strong><a href=\"https:\/\/exactas.uba.ar\/higieneyseguridad\/normativa\/procedimientos-interna\/procedimiento-para-modificaciones-edilicias\/\"> Modificaciones Edilicias<\/a><\/strong><\/li>\n<li>Los procedimientos para poder ingresar a FCEN para realizar tareas de <strong><a href=\"https:\/\/exactas.uba.ar\/higieneyseguridad\/normativa\/procedimientos-interna\/service-mantenimiento\/\">Service y\/o Mantenimiento<\/a><\/strong><\/li>\n<li>Los procedimientos para poder llevar adelante\u00a0 <a href=\"https:\/\/exactas.uba.ar\/higieneyseguridad\/normativa\/procedimientos-interna\/procedimiento-de-uso-de-instalaciones\/\">\u00a0<strong> Eventos en FCEN<\/strong><\/a><\/li>\n<li>Los procedimientos para los tiempos de\u00a0 COViD19<\/li>\n<\/ul>\n","protected":false},"excerpt":{"rendered":"El Servicio de Higiene y Seguridad ha redactado distintos procedimientos internos para facilitar la comunicaci\u00f3n y la presentaci\u00f3n de la informaci\u00f3n requerida: Los procedimientos para poder cumplimentar con la normativa de SEDRONAR:\u00a0 Los procedimientos para poder ingresar a FCEN para realizar Modificaciones Edilicias Los procedimientos para poder ingresar a FCEN para realizar tareas de Service&#8230; <a class=\"view-article\" href=\"https:\/\/exactas.uba.ar\/higieneyseguridad\/normativa\/procedimientos-interna\/\">LEER +<\/a>","protected":false},"author":2,"featured_media":0,"parent":84,"menu_order":0,"comment_status":"closed","ping_status":"closed","template":"","meta":{"_acf_changed":false,"footnotes":""},"class_list":["post-1022","page","type-page","status-publish","hentry"],"acf":[],"_links":{"self":[{"href":"https:\/\/exactas.uba.ar\/higieneyseguridad\/wp-json\/wp\/v2\/pages\/1022","targetHints":{"allow":["GET"]}}],"collection":[{"href":"https:\/\/exactas.uba.ar\/higieneyseguridad\/wp-json\/wp\/v2\/pages"}],"about":[{"href":"https:\/\/exactas.uba.ar\/higieneyseguridad\/wp-json\/wp\/v2\/types\/page"}],"author":[{"embeddable":true,"href":"https:\/\/exactas.uba.ar\/higieneyseguridad\/wp-json\/wp\/v2\/users\/2"}],"replies":[{"embeddable":true,"href":"https:\/\/exactas.uba.ar\/higieneyseguridad\/wp-json\/wp\/v2\/comments?post=1022"}],"version-history":[{"count":14,"href":"https:\/\/exactas.uba.ar\/higieneyseguridad\/wp-json\/wp\/v2\/pages\/1022\/revisions"}],"predecessor-version":[{"id":5429,"href":"https:\/\/exactas.uba.ar\/higieneyseguridad\/wp-json\/wp\/v2\/pages\/1022\/revisions\/5429"}],"up":[{"embeddable":true,"href":"https:\/\/exactas.uba.ar\/higieneyseguridad\/wp-json\/wp\/v2\/pages\/84"}],"wp:attachment":[{"href":"https:\/\/exactas.uba.ar\/higieneyseguridad\/wp-json\/wp\/v2\/media?parent=1022"}],"curies":[{"name":"wp","href":"https:\/\/api.w.org\/{rel}","templated":true}]}}