{"id":817,"date":"2021-11-09T15:31:19","date_gmt":"2021-11-09T15:31:19","guid":{"rendered":"https:\/\/exactas.uba.ar\/genex\/?page_id=817"},"modified":"2022-08-11T19:09:55","modified_gmt":"2022-08-11T19:09:55","slug":"tallerdepromotorxs","status":"publish","type":"page","link":"https:\/\/exactas.uba.ar\/genex\/tallerdepromotorxs\/","title":{"rendered":"Taller Promotorxs para el abordaje de las violencias en la universidad"},"content":{"rendered":"<p><span style=\"font-weight: 400;\">La edici\u00f3n 2021 del Taller se llevar\u00e1 a cabo en formato virtual y consta de tres encuentros sincr\u00f3nicos:<\/span><\/p>\n<p><span style=\"font-weight: 400;\">Jueves 18\/11, 25\/11 y 2\/12, de 10 a 12:30h.\u00a0<\/span><\/p>\n<p><span style=\"font-weight: 400;\">Habr\u00e1 material y actividades a trav\u00e9s del campus virtual de la Facultad.<\/span><\/p>\n<p><span style=\"font-weight: 400;\">Este taller est\u00e1 destinado a aquellas personas de la comunidad de la Facultad interesadas en adquirir:<\/span><\/p>\n<p><span style=\"font-weight: 400;\">&#8211; Herramientas te\u00f3ricas y metodol\u00f3gicas para sensibilizar sobre situaciones de violencias de g\u00e9neros en el \u00e1mbito universitario.<\/span><\/p>\n<p><span style=\"font-weight: 400;\">&#8211; Formaci\u00f3n sobre las normativas, marcos jur\u00eddicos vigentes, procedimientos y modalidades de abordaje contra la violencia de g\u00e9neros enmarcados en el \u201cProtocolo de acci\u00f3n institucional para la prevenci\u00f3n e intervenci\u00f3n ante situaciones de violencia o discriminaci\u00f3n de g\u00e9nero u orientaci\u00f3n sexual\u201d (Res CS. 1918\/19).<\/span><\/p>\n<p><span style=\"font-weight: 400;\">&#8211; <\/span><span style=\"font-weight: 400;\">Construir herramientas b\u00e1sicas para asesoramientos, acompa\u00f1amientos y formas de escucha activa ante situaciones de violencia de g\u00e9neros.\u00a0<\/span><\/p>\n<p><span style=\"font-weight: 400;\">El taller estar\u00e1 a cargo del equipo de =GenEx y contaremos con la participaci\u00f3n de especialistas:\u00a0<\/span><\/p>\n<p><span style=\"font-weight: 400;\">Ana Laura Martin (Dra. en Historia por la Facultad de Filosof\u00eda y Letras de la UBA. Integrante de la Comisi\u00f3n No a la Violencia de G\u00e9nero de FFyL-UBA).\u00a0<\/span><\/p>\n<p><span style=\"font-weight: 400;\">Valeria Thus (Dra. en Derecho Penal, Mg. en DDHH, Directora de Derechos Humanos de la UBA y del Programa G\u00e9nero y Derecho de la Facultad de Derecho-UBA).<\/span><\/p>\n<p><span style=\"font-weight: 400;\">Ana Laura Azparren (Dra. en Ciencias Sociales, Integrante de la Subsecretar\u00eda de Pol\u00edticas de G\u00e9nero de la Facultad de Ciencias Sociales &#8211; UBA;\u00a0 Integrante del Grupo interdisciplinario No a la violencia de g\u00e9nero de FSOC- UBA).<\/span><\/p>\n<p><span style=\"font-weight: 400;\">Se entregar\u00e1 certificado de participaci\u00f3n.\u00a0<\/span><\/p>\n<p><span style=\"font-weight: 400;\">Pre-inscripci\u00f3n abierta hasta el domingo 14\/11 (inclusive): <\/span><a href=\"https:\/\/bit.ly\/inscripci%C3%B3n_promotorxs\"><span style=\"font-weight: 400;\">https:\/\/bit.ly\/inscripci\u00f3n_promotorxs<\/span><\/a><\/p>\n<p><span style=\"font-weight: 400;\">Programa del taller: <a href=\"https:\/\/exactas.uba.ar\/genex\/wp-content\/uploads\/2021\/11\/Programa-Promotorxs-Genex.pdf\" target=\"_blank\" rel=\"noopener\">Link<\/a>\u00a0<\/span><\/p>\n<p><span style=\"font-weight: 400;\">Por consultas escribir a sensibilizacion.genero@de.fcen.uba.ar<\/span><\/p>\n<p>&nbsp;<\/p>\n","protected":false},"excerpt":{"rendered":"La edici\u00f3n 2021 del Taller se llevar\u00e1 a cabo en formato virtual y consta de tres encuentros sincr\u00f3nicos: Jueves 18\/11, 25\/11 y 2\/12, de 10 a 12:30h.\u00a0 Habr\u00e1 material y actividades a trav\u00e9s del campus virtual de la Facultad. Este taller est\u00e1 destinado a aquellas personas de la comunidad de la Facultad interesadas en adquirir:&#8230; <a class=\"view-article\" href=\"https:\/\/exactas.uba.ar\/genex\/tallerdepromotorxs\/\">LEER +<\/a>","protected":false},"author":6,"featured_media":0,"parent":0,"menu_order":0,"comment_status":"closed","ping_status":"closed","template":"","meta":{"_acf_changed":false,"footnotes":""},"class_list":["post-817","page","type-page","status-publish","hentry"],"acf":[],"_links":{"self":[{"href":"https:\/\/exactas.uba.ar\/genex\/wp-json\/wp\/v2\/pages\/817","targetHints":{"allow":["GET"]}}],"collection":[{"href":"https:\/\/exactas.uba.ar\/genex\/wp-json\/wp\/v2\/pages"}],"about":[{"href":"https:\/\/exactas.uba.ar\/genex\/wp-json\/wp\/v2\/types\/page"}],"author":[{"embeddable":true,"href":"https:\/\/exactas.uba.ar\/genex\/wp-json\/wp\/v2\/users\/6"}],"replies":[{"embeddable":true,"href":"https:\/\/exactas.uba.ar\/genex\/wp-json\/wp\/v2\/comments?post=817"}],"version-history":[{"count":3,"href":"https:\/\/exactas.uba.ar\/genex\/wp-json\/wp\/v2\/pages\/817\/revisions"}],"predecessor-version":[{"id":888,"href":"https:\/\/exactas.uba.ar\/genex\/wp-json\/wp\/v2\/pages\/817\/revisions\/888"}],"wp:attachment":[{"href":"https:\/\/exactas.uba.ar\/genex\/wp-json\/wp\/v2\/media?parent=817"}],"curies":[{"name":"wp","href":"https:\/\/api.w.org\/{rel}","templated":true}]}}