{"id":806,"date":"2021-10-05T16:27:23","date_gmt":"2021-10-05T16:27:23","guid":{"rendered":"https:\/\/exactas.uba.ar\/genex\/?page_id=806"},"modified":"2025-10-09T16:27:20","modified_gmt":"2025-10-09T16:27:20","slug":"cambio-registral","status":"publish","type":"page","link":"https:\/\/exactas.uba.ar\/genex\/cambio-registral\/","title":{"rendered":"Cambios Registrales por identidad de g\u00e9nero en los registros internos de la Facultad"},"content":{"rendered":"<h2><b><a href=\"https:\/\/exactas.uba.ar\/genex\/wp-content\/uploads\/2022\/05\/200px-Transgender_Pride_flag.svg_.png\"><img loading=\"lazy\" decoding=\"async\" class=\"wp-image-854 size-full alignleft\" src=\"https:\/\/exactas.uba.ar\/genex\/wp-content\/uploads\/2022\/05\/200px-Transgender_Pride_flag.svg_.png\" alt=\"\" width=\"200\" height=\"120\" srcset=\"https:\/\/exactas.uba.ar\/genex\/wp-content\/uploads\/2022\/05\/200px-Transgender_Pride_flag.svg_.png 200w, https:\/\/exactas.uba.ar\/genex\/wp-content\/uploads\/2022\/05\/200px-Transgender_Pride_flag.svg_-120x72.png 120w\" sizes=\"auto, (max-width: 200px) 100vw, 200px\" \/> <\/a><\/b><b><\/b><\/h2>\n<h2><\/h2>\n<h2><b>Estudiantes<\/b><\/h2>\n<p>El tr\u00e1mite se inicia a trav\u00e9s de la Plataforma Tr\u00e1mites a Distancia de la Universidad de Buenos Aires (TAD-UBA).<\/p>\n<p>Ingres\u00e1 a la plataforma y busc\u00e1 el tr\u00e1mite: \u00abMesa de Entrada de la Facultad de Ciencias Exactas y Naturales\u00bb<\/p>\n<p>En \u00abdetalle del tr\u00e1mite\u00bb describ\u00ed brevemente tu pedido y adjunt\u00e1 los siguientes archivos:<br \/>\n\u2013 Imagen del DNI f\u00edsico de ambos lados<br \/>\n\u2013 Formulario de cambio registral que se descarga <strong><a href=\"https:\/\/nube.exactas.uba.ar\/index.php\/s\/sFa7Wa8KmdDYdbb\">desde ac\u00e1<\/a><\/strong>.<\/p>\n<h2><b>La expedici\u00f3n de T\u00edtulos de la UBA se adec\u00faa a la Ley de Identidad de G\u00e9nero<\/b><\/h2>\n<p><span style=\"font-weight: 400;\">El 9\/9\/2020 el Consejo Superior de la UBA a trav\u00e9s de la <a href=\"https:\/\/exactas.uba.ar\/genex\/wp-content\/uploads\/2021\/10\/CS-titulos-identidad-de-genero.pdf\" target=\"_blank\" rel=\"noopener\">Res. CS 271\/2020<\/a><\/span><span style=\"font-weight: 400;\"> modific\u00f3 el reglamento para la confecci\u00f3n y expedici\u00f3n de diplomas y otros documentos. Fueron incorporadas modificaciones, en virtud de la <a href=\"http:\/\/servicios.infoleg.gob.ar\/infolegInternet\/anexos\/195000-199999\/197860\/norma.htm#:~:text=ARTICULO%201%C2%BA%20%E2%80%94%20Derecho%20a%20la,Toda%20persona%20tiene%20derecho%3A&amp;text=Toda%20persona%20podr%C3%A1%20solicitar%20la,su%20identidad%20de%20g%C3%A9nero%20autopercibida.\" target=\"_blank\" rel=\"noopener\">Ley de Identidad de G\u00e9nero\u00a0 (26.743)<\/a>, que buscan evitar la discriminaci\u00f3n por razones de\u00a0 identidad de g\u00e9nero al momento de ser expedidos los diplomas.\u00a0<\/span><\/p>\n<h4><b>\u00bfA qu\u00e9 diplomas y documentos se refiere?<\/b><\/h4>\n<p>Certificados de acreditaciones parciales o de complementaci\u00f3n curricular de carreras de grado<span style=\"font-weight: 400;\">,\u00a0 diplomas de carreras t\u00e9cnicas\u00a0 de\u00a0 nivel\u00a0 universitario,\u00a0 diplomas de carreras\u00a0 de\u00a0 grado,\u00a0 diplomas de carreras\u00a0 de\u00a0 posgrado,\u00a0 certificados\u00a0 de\u00a0 revalidaci\u00f3n\u00a0 expedidos\u00a0 por la\u00a0 Universidad\u00a0 y\u00a0 certificados\u00a0 anal\u00edticos\u00a0 finales\u00a0 de\u00a0 estudios.\u00a0<\/span><\/p>\n<h4><b>Si ya fue expedido mi diploma, \u00bfpuedo rectificarlo?<\/b><\/h4>\n<p><span style=\"font-weight: 400;\">S\u00ed, se podr\u00e1 solicitar un nuevo diploma o certificado de revalidaci\u00f3n en caso <\/span><span style=\"font-weight: 400;\">de cambios de identidad de g\u00e9nero y\/o rectificaciones de nombre\/s, apellidos y\/o tipo y n\u00famero de documento.<\/span><\/p>\n<h4><b>\u00bfNecesito haber hecho el cambio en mi DNI?<\/b><\/h4>\n<p><span style=\"font-weight: 400;\">No, no es necesario.\u00a0<\/span><\/p>\n<p><span style=\"font-weight: 400;\">\u201cLos diplomas que otorgue la Universidad ser\u00e1n acordes a la identidad de g\u00e9nero del solicitante conforme con lo establecido en el documento de identidad correspondiente. En aquellos casos en que el\/la requirente no haya solicitado u obtenido la rectificaci\u00f3n registral del sexo, o el cambio de nombre de pila en el Registro Nacional de las Personas, el diploma podr\u00e1 ser otorgado utilizando los criterios de registraci\u00f3n establecidos en el art\u00edculo 12 de la Ley N\u00b0 26.743\u201d. Es decir, deber\u00e1 respetarse la identidad de g\u00e9nero adoptada por las personas que utilicen un nombre de pila distinto al consignado en su DNI.<\/span><\/p>\n<h4><b>\u00bfC\u00f3mo hago?<\/b><\/h4>\n<p><span style=\"font-weight: 400;\">La expedici\u00f3n de t\u00edtulos se debe realizar a trav\u00e9s de la <\/span><a href=\"https:\/\/tramitesadistancia.uba.ar\/\" target=\"_blank\" rel=\"noopener\"><span style=\"font-weight: 400;\">Plataforma Tr\u00e1mites a Distancia de la Universidad de Buenos Aires (TAD-UBA)<\/span><\/a><span style=\"font-weight: 400;\">.\u00a0<\/span><\/p>\n<p><span style=\"font-weight: 400;\">En tal caso deber\u00e1n completar los siguientes formularios dependiendo el tipo de tr\u00e1mite.<\/span><\/p>\n<p><span style=\"font-weight: 400;\">&#8211;<a href=\"https:\/\/exactas.uba.ar\/genex\/wp-content\/uploads\/2021\/10\/formulario-1.pdf\" target=\"_blank\" rel=\"noopener\">Formulario de solicitud de diploma de acuerdo a tu identidad de g\u00e9nero <\/a><\/span><\/p>\n<p><span style=\"font-weight: 400;\">&#8211;<a href=\"https:\/\/exactas.uba.ar\/genex\/wp-content\/uploads\/2021\/10\/formulario-2.pdf\" target=\"_blank\" rel=\"noopener\">Formulario de solicitud de nuevo diploma o certificado de rev\u00e1lida por modificaci\u00f3n de la identidad de g\u00e9nero<\/a><\/span><\/p>\n<h4><b>\u00bfEl tr\u00e1mite es confidencial?<\/b><\/h4>\n<p><span style=\"font-weight: 400;\">En todos los casos, se mantendr\u00e1 la confidencialidad de la documentaci\u00f3n y de las actuaciones administrativas mediante el Sistema de Gesti\u00f3n Documental Electr\u00f3nica -GDE- que se utiliza para la tramitaci\u00f3n del mismo.<\/span><\/p>\n","protected":false},"excerpt":{"rendered":"Estudiantes El tr\u00e1mite se inicia a trav\u00e9s de la Plataforma Tr\u00e1mites a Distancia de la Universidad de Buenos Aires (TAD-UBA). Ingres\u00e1 a la plataforma y busc\u00e1 el tr\u00e1mite: \u00abMesa de Entrada de la Facultad de Ciencias Exactas y Naturales\u00bb En \u00abdetalle del tr\u00e1mite\u00bb describ\u00ed brevemente tu pedido y adjunt\u00e1 los siguientes archivos: \u2013 Imagen del&#8230; <a class=\"view-article\" href=\"https:\/\/exactas.uba.ar\/genex\/cambio-registral\/\">LEER +<\/a>","protected":false},"author":6,"featured_media":854,"parent":0,"menu_order":0,"comment_status":"closed","ping_status":"closed","template":"","meta":{"_acf_changed":false,"footnotes":""},"class_list":["post-806","page","type-page","status-publish","has-post-thumbnail","hentry"],"acf":[],"_links":{"self":[{"href":"https:\/\/exactas.uba.ar\/genex\/wp-json\/wp\/v2\/pages\/806","targetHints":{"allow":["GET"]}}],"collection":[{"href":"https:\/\/exactas.uba.ar\/genex\/wp-json\/wp\/v2\/pages"}],"about":[{"href":"https:\/\/exactas.uba.ar\/genex\/wp-json\/wp\/v2\/types\/page"}],"author":[{"embeddable":true,"href":"https:\/\/exactas.uba.ar\/genex\/wp-json\/wp\/v2\/users\/6"}],"replies":[{"embeddable":true,"href":"https:\/\/exactas.uba.ar\/genex\/wp-json\/wp\/v2\/comments?post=806"}],"version-history":[{"count":19,"href":"https:\/\/exactas.uba.ar\/genex\/wp-json\/wp\/v2\/pages\/806\/revisions"}],"predecessor-version":[{"id":1139,"href":"https:\/\/exactas.uba.ar\/genex\/wp-json\/wp\/v2\/pages\/806\/revisions\/1139"}],"wp:featuredmedia":[{"embeddable":true,"href":"https:\/\/exactas.uba.ar\/genex\/wp-json\/wp\/v2\/media\/854"}],"wp:attachment":[{"href":"https:\/\/exactas.uba.ar\/genex\/wp-json\/wp\/v2\/media?parent=806"}],"curies":[{"name":"wp","href":"https:\/\/api.w.org\/{rel}","templated":true}]}}