{"id":7,"date":"2019-04-29T18:00:43","date_gmt":"2019-04-29T18:00:43","guid":{"rendered":"https:\/\/exactas.uba.ar\/genex\/?page_id=7"},"modified":"2024-12-16T16:45:19","modified_gmt":"2024-12-16T16:45:19","slug":"institucional","status":"publish","type":"page","link":"https:\/\/exactas.uba.ar\/genex\/institucional\/","title":{"rendered":"Institucional"},"content":{"rendered":"<h2>\u00bfQu\u00e9 es =GenEx?<\/h2>\n<p>El Programa por la Igualdad de G\u00e9nero de la Facultad fue creado el 25 de julio de 2016 (<a href=\"https:\/\/exactas.uba.ar\/genex\/wp-content\/uploads\/2021\/05\/cd-1697-16-1.pdf\" target=\"_blank\" rel=\"noopener\">Res. CD N\u00b01697\/16<\/a>), desde agosto de 2022, se encuentra en la \u00f3rbita de la <a href=\"https:\/\/exactas.uba.ar\/equidadygeneros\"><strong>Secretar\u00eda de Promoci\u00f3n de Equidad y G\u00e9neros<\/strong><\/a>.<\/p>\n<p>Entre los principales objetivos del Programa se encuentran:<\/p>\n<ul>\n<li>Visibilizar, sensibilizar y concientizar en torno a cualquier tipo de discriminaci\u00f3n, maltrato, hostigamiento y acoso ejercido por cuestiones de g\u00e9nero y\/u orientaci\u00f3n sexual.<\/li>\n<li>Recibir consultas y denuncias e intervenir ante las situaciones que as\u00ed lo requieran en el marco del \u201cProtocolo de acci\u00f3n institucional para la prevenci\u00f3n e intervenci\u00f3n ante situaciones de violencia o discriminaci\u00f3n de g\u00e9nero u orientaci\u00f3n sexual\u201d (<a href=\"https:\/\/exactas.uba.ar\/genex\/wp-content\/uploads\/2021\/04\/protocolo-2.0.pdf\" target=\"_blank\" rel=\"noopener noreferrer\">Res. CS 1918\/2019<\/a>) establecido para toda la Universidad de Buenos Aires (de ahora en m\u00e1s el Protocolo).<\/li>\n<li>Establecer v\u00ednculos interinstitucionales para el fortalecimiento del funcionamiento del Programa<\/li>\n<\/ul>\n<p>=GenEx tambi\u00e9n colabora con las diferentes \u00e1reas de la Facultad para promover la introducci\u00f3n de la perspectiva de g\u00e9nero en las pr\u00e1cticas y pol\u00edticas institucionales.<\/p>\n<h2>\u00bfQui\u00e9nes Somos?<\/h2>\n<p>Dra. Ana Quaglino, Coordinadora del Programa y referente del Protocolo ante UBA.<\/p>\n<p>Mg. Paloma Dulbecco, Polit\u00f3loga, Coordinadora Acad\u00e9mica.<\/p>\n<p>Lic. Angelo Vara Dadone, Psic\u00f3logue, MN 66883.<\/p>\n<p>Lic. Lucila Brandone, Comunicadora.<\/p>\n<h3>Integraron el Programa:<\/h3>\n<p>Lic. Monica Lajous Cabrera (desde 01\/05\/2017 hasta 28\/2\/2022); Lic. Mauricio Mendiluce (desde el 1\/03\/2019 hasta el 28\/02\/2022);\u00a0 Mg. Cora Santandrea (desde el 01\/03\/2019\u00a0 hasta el 31\/01\/2020); Lic. Silvia Alvez (desde el 01\/03\/2020 hasta el 31\/03\/2021) y la Lic. Mirna Lucaccini\u00a0 (desde el 01\/04\/2021 hasta el 01\/03\/2022). Lic. Ivana Suarez Rosa\u00a0 (desde 1\/4\/2022 hasta 31\/12\/2022); Lic. Almendra Lareo (desde el 01\/05\/2022 hasta el 01\/06\/2023); Lic. Josefina Chioisie.<\/p>\n<h4>Para recibir informaci\u00f3n, realizar consultas o denuncias escrib\u00ed a: <a href=\"mailto:genex@de.fcen.uba.ar\">genex@de.fcen.uba.ar<\/a><\/h4>\n","protected":false},"excerpt":{"rendered":"\u00bfQu\u00e9 es =GenEx? El Programa por la Igualdad de G\u00e9nero de la Facultad fue creado el 25 de julio de 2016 (Res. CD N\u00b01697\/16), desde agosto de 2022, se encuentra en la \u00f3rbita de la Secretar\u00eda de Promoci\u00f3n de Equidad y G\u00e9neros. Entre los principales objetivos del Programa se encuentran: Visibilizar, sensibilizar y concientizar en&#8230; <a class=\"view-article\" href=\"https:\/\/exactas.uba.ar\/genex\/institucional\/\">LEER +<\/a>","protected":false},"author":1,"featured_media":0,"parent":0,"menu_order":0,"comment_status":"closed","ping_status":"closed","template":"","meta":{"_acf_changed":false,"footnotes":""},"class_list":["post-7","page","type-page","status-publish","hentry"],"acf":[],"_links":{"self":[{"href":"https:\/\/exactas.uba.ar\/genex\/wp-json\/wp\/v2\/pages\/7","targetHints":{"allow":["GET"]}}],"collection":[{"href":"https:\/\/exactas.uba.ar\/genex\/wp-json\/wp\/v2\/pages"}],"about":[{"href":"https:\/\/exactas.uba.ar\/genex\/wp-json\/wp\/v2\/types\/page"}],"author":[{"embeddable":true,"href":"https:\/\/exactas.uba.ar\/genex\/wp-json\/wp\/v2\/users\/1"}],"replies":[{"embeddable":true,"href":"https:\/\/exactas.uba.ar\/genex\/wp-json\/wp\/v2\/comments?post=7"}],"version-history":[{"count":35,"href":"https:\/\/exactas.uba.ar\/genex\/wp-json\/wp\/v2\/pages\/7\/revisions"}],"predecessor-version":[{"id":1118,"href":"https:\/\/exactas.uba.ar\/genex\/wp-json\/wp\/v2\/pages\/7\/revisions\/1118"}],"wp:attachment":[{"href":"https:\/\/exactas.uba.ar\/genex\/wp-json\/wp\/v2\/media?parent=7"}],"curies":[{"name":"wp","href":"https:\/\/api.w.org\/{rel}","templated":true}]}}