{"id":663,"date":"2020-10-05T14:29:07","date_gmt":"2020-10-05T14:29:07","guid":{"rendered":"https:\/\/exactas.uba.ar\/genex\/?page_id=663"},"modified":"2022-08-11T19:20:26","modified_gmt":"2022-08-11T19:20:26","slug":"charlas-y-seminarios","status":"publish","type":"page","link":"https:\/\/exactas.uba.ar\/genex\/charlas-y-seminarios\/","title":{"rendered":"Charlas y Seminarios Externos"},"content":{"rendered":"<h4>Ciclo de charlas: \u201cDesaf\u00edos feministas para la educaci\u00f3n superior\u201d (FSOC &#8211; UBA)<\/h4>\n<p>Jueves 1\/10: Herramientas para la transversalizaci\u00f3n de la perspectiva de g\u00e9nero en la formaci\u00f3n acad\u00e9mica.<\/p>\n<p>* Graciela Morgade (Dra. en Educaci\u00f3n).<br \/>\n* Prof. Dra. Valeria Sardi (Docente einvestigadora UNLP)<br \/>\n* Florencia Rovetto (Secretaria del \u00c1rea de G\u00e9nero y Sexualidades UNR).<br \/>\n* Maru Bielli (Soci\u00f3loga, feminista y legisladora de la Ciudad de Buenos Aires )<\/p>\n<p>Modera: Marcela Pa\u00eds Andrade (docente de FSOC, investigadora CONICET)<\/p>\n<p><iframe loading=\"lazy\" src=\"https:\/\/www.youtube.com\/embed\/ryZIeQlq6v8\" width=\"560\" height=\"315\" frameborder=\"0\" allowfullscreen=\"allowfullscreen\"><\/iframe><\/p>\n<p>Jueves 15\/10: La vida universitaria generizada: espacios, cuerpos y saberes.<\/p>\n<p>* Griselda Flesler (Profesora titular de Dise\u00f1o y Estudios de G\u00e9nero FADU-UBA).<\/p>\n<p>* Blas Radi (Profesor de Filosof\u00eda-UBA), Becario CONICET, coordinador de la C\u00e1tedra Libre de Estudios Trans.<\/p>\n<p>* Paula Arraigada (Activista Trans Peronista y Feminista).<\/p>\n<p>* Andrea Torricella (\u00c1rea de G\u00e9nero y Sexualidades FHUM-UNMDP).<\/p>\n<p>Modera: Rafael Blanco (Docente de FSOC, investigador IIGG CONICET).<\/p>\n<p><iframe loading=\"lazy\" src=\"https:\/\/www.youtube.com\/embed\/SLOAjAPlDNg\" width=\"560\" height=\"315\" frameborder=\"0\" allowfullscreen=\"allowfullscreen\"><\/iframe><\/p>\n<p>Jueves 29\/10: \u00abLenguaje inclusivo: usos y resistencias\u00bb<\/p>\n<p>* Sara P\u00e9rez &#8211; Docente e investigadora UNQ Patricia G\u00f3mez &#8211; Polit\u00f3loga. Programa de Actualizaci\u00f3n en G\u00e9nero y Derecho, UBA<\/p>\n<p>*Emilse Kejner &#8211; Dra. en Lingu\u00edstica. Docente en UNComahue<\/p>\n<p>*Andrea Mallimaci &#8211; Directora General de Prensa y Comunicaci\u00f3n y Directora de Contenidos<\/p>\n<p>*Carolina Atencio &#8211; Ministerio de las Mujeres, G\u00e9neros y Diversidad de la Naci\u00f3n<\/p>\n<p>Modera: Larisa Kejval &#8211; Directora de la Carrera de Ciencias de la Comunicaci\u00f3n FSOC UBA<\/p>\n<p>&nbsp;<\/p>\n<p><iframe loading=\"lazy\" src=\"https:\/\/www.youtube.com\/embed\/lvevnVHzIqE\" width=\"560\" height=\"315\" frameborder=\"0\" allowfullscreen=\"allowfullscreen\"><\/iframe><\/p>\n<hr \/>\n<p>&nbsp;<\/p>\n<h4>Ciclo de charlas virtuales: \u00abMasculinidades, educaci\u00f3n y Universidad\u00bb (\u00c1rea de G\u00e9nero y Sexualidades de la UNR)<\/h4>\n<p>Jueves 22\/10: \u201cMasculinidades, Universidad y producci\u00f3n de conocimiento\u201d<\/p>\n<p><iframe loading=\"lazy\" src=\"https:\/\/www.youtube.com\/embed\/41bg-E-dIrM\" width=\"560\" height=\"315\" frameborder=\"0\" allowfullscreen=\"allowfullscreen\"><\/iframe><\/p>\n<p>Jueves 29\/10: \u00abMasculinidades y abordajes de las violencias machistas con varones universitarios\u00bb<\/p>\n<p>Ignacio Rodr\u00edguez, Rafael Blanco, Ariel S\u00e1nchez y Mariana Palumbo.<\/p>\n<p><iframe loading=\"lazy\" src=\"https:\/\/www.youtube.com\/embed\/Y2W6ZPwVMS0\" width=\"560\" height=\"315\" frameborder=\"0\" allowfullscreen=\"allowfullscreen\"><\/iframe><\/p>\n<p>&nbsp;<\/p>\n","protected":false},"excerpt":{"rendered":"Ciclo de charlas: \u201cDesaf\u00edos feministas para la educaci\u00f3n superior\u201d (FSOC &#8211; UBA) Jueves 1\/10: Herramientas para la transversalizaci\u00f3n de la perspectiva de g\u00e9nero en la formaci\u00f3n acad\u00e9mica. * Graciela Morgade (Dra. en Educaci\u00f3n). * Prof. Dra. Valeria Sardi (Docente einvestigadora UNLP) * Florencia Rovetto (Secretaria del \u00c1rea de G\u00e9nero y Sexualidades UNR). * Maru Bielli&#8230; <a class=\"view-article\" href=\"https:\/\/exactas.uba.ar\/genex\/charlas-y-seminarios\/\">LEER +<\/a>","protected":false},"author":6,"featured_media":0,"parent":0,"menu_order":0,"comment_status":"closed","ping_status":"closed","template":"","meta":{"_acf_changed":false,"footnotes":""},"class_list":["post-663","page","type-page","status-publish","hentry"],"acf":[],"_links":{"self":[{"href":"https:\/\/exactas.uba.ar\/genex\/wp-json\/wp\/v2\/pages\/663","targetHints":{"allow":["GET"]}}],"collection":[{"href":"https:\/\/exactas.uba.ar\/genex\/wp-json\/wp\/v2\/pages"}],"about":[{"href":"https:\/\/exactas.uba.ar\/genex\/wp-json\/wp\/v2\/types\/page"}],"author":[{"embeddable":true,"href":"https:\/\/exactas.uba.ar\/genex\/wp-json\/wp\/v2\/users\/6"}],"replies":[{"embeddable":true,"href":"https:\/\/exactas.uba.ar\/genex\/wp-json\/wp\/v2\/comments?post=663"}],"version-history":[{"count":8,"href":"https:\/\/exactas.uba.ar\/genex\/wp-json\/wp\/v2\/pages\/663\/revisions"}],"predecessor-version":[{"id":892,"href":"https:\/\/exactas.uba.ar\/genex\/wp-json\/wp\/v2\/pages\/663\/revisions\/892"}],"wp:attachment":[{"href":"https:\/\/exactas.uba.ar\/genex\/wp-json\/wp\/v2\/media?parent=663"}],"curies":[{"name":"wp","href":"https:\/\/api.w.org\/{rel}","templated":true}]}}