{"id":5,"date":"2019-04-29T17:59:24","date_gmt":"2019-04-29T17:59:24","guid":{"rendered":"https:\/\/exactas.uba.ar\/genex\/?page_id=5"},"modified":"2024-12-03T16:29:55","modified_gmt":"2024-12-03T16:29:55","slug":"inicio","status":"publish","type":"page","link":"https:\/\/exactas.uba.ar\/genex\/","title":{"rendered":"Inicio"},"content":{"rendered":"<div style=\"display: none;\">\n<h2>Curso obligatorio g\u00e9nero UBA &#8211; 2022<\/h2>\n<p><span style=\"font-weight: 400;\">Les informamos que se encuentra disponible la \u00faltima edici\u00f3n del a\u00f1o del <strong>Curso obligatorio de g\u00e9nero UBA<\/strong> (Res. N\u00ba 1995\/19) que lleva adelante la Secretar\u00eda Acad\u00e9mica del Rectorado UBA, destinado a estudiantes de todas las Unidades Acad\u00e9micas de la UBA. <\/span><\/p>\n<p><span style=\"font-weight: 400;\"><strong>Inicia el 3\/10 y finaliza el 13\/11 y no requiere inscripci\u00f3n previa<\/strong>.<\/span><\/p>\n<p><b>\u00bfQu\u00e9 modalidad tiene?<\/b><\/p>\n<p><span style=\"font-weight: 400;\">Es de car\u00e1cter virtual y autoadministrado, es decir que cada quien puede manejar los tiempos y el ritmo de cursada de acuerdo a su disponibilidad. Pero se espera que dure aproximadamente 4 semanas.<\/span><\/p>\n<p><span style=\"font-weight: 400;\">Para obtener la certificaci\u00f3n, se deben completar y aprobar una serie de gu\u00edas de preguntas tipo m\u00faltiple choice y una encuesta con informaci\u00f3n personal.\u00a0<\/span><\/p>\n<p><b>\u00bfC\u00f3mo se accede?<\/b><\/p>\n<p><span style=\"font-weight: 400;\">\u00a0A trav\u00e9s de la p\u00e1gina web de la Secretar\u00eda de Asuntos Acad\u00e9micos de la UBA. Para hacerlo <\/span><span style=\"font-weight: 400;\">es necesario <\/span><a href=\"http:\/\/campusacademica.rec.uba.ar\/login\/signup.php\"><span style=\"font-weight: 400;\">registrarse aqu\u00ed<\/span><\/a><span style=\"font-weight: 400;\"> y una vez creado el usuario se ingresa a trav\u00e9s de este link: <\/span><a href=\"https:\/\/campusacademica.rec.uba.ar\/\"><span style=\"font-weight: 400;\">https:\/\/campusacademica.rec.uba.ar\/<\/span><\/a><\/p>\n<p><span style=\"font-weight: 400;\">Para buscar el curso, ingresar \u201cRes. CS 1995\u201d en el buscador y seleccionar la opci\u00f3n que corresponda seg\u00fan el rol en la UBA (estudiante, docente o no docente) y el n\u00famero de edici\u00f3n en desarrollo del 2022. La clave de matriculaci\u00f3n es: g\u00e9nero2022 (en min\u00fascula, con tilde y sin espacio).<\/span><\/p>\n<p>M\u00e1s informaci\u00f3n: cursogenero@uba.ar<\/p>\n<h2>3 de Junio &#8211; 7 a\u00f1os de Ni Una Menos<\/h2>\n<p><span style=\"font-weight: 400;\">A 7 a\u00f1os del primer #NiUnaMenos, las universidades nacionales han elaborado distintas pol\u00edticas para dar respuesta a las crecientes demandas contra las violencias machistas que recaen sistem\u00e1ticamente sobre mujeres cis y disidencias sexogen\u00e9ricas. A nivel UBA, desde 2015 contamos con un Protocolo de abordaje a las violencias que permite intervenir sobre situaciones puntuales de hostigamiento, acoso y maltrato entre integrantes de nuestra comunidad, y que tambi\u00e9n busca sensibilizar y orientar desde una perspectiva de derechos.\u00a0<\/span><\/p>\n<p><span style=\"font-weight: 400;\">Desde el Programa por la Igualdad de G\u00e9nero (=GenEx) de la FCEN incentivamos a que estudiantes, docentes y no docentes mujeres, trans, travestis, lesbianas y no binaries adhieran y participen de la movilizaci\u00f3n convocada por el colectivo \u201cNi Una Menos\u201d y el movimiento feminista en su conjunto para marchar este <\/span><b>viernes 3\/6 a las 17hs hacia el Congreso<\/b><span style=\"font-weight: 400;\">.\u00a0<\/span><\/p>\n<p><span style=\"font-weight: 400;\">Para m\u00e1s informaci\u00f3n sobre el protocolo: <\/span><a href=\"https:\/\/exactas.uba.ar\/genex\/el-protocolo\/\"><span style=\"font-weight: 400;\">https:\/\/exactas.uba.ar\/genex\/el-protocolo\/<\/span><\/a><span style=\"font-weight: 400;\">\u00a0 y <\/span><a href=\"https:\/\/exactas.uba.ar\/genex\/sensibilizacion\/\"><span style=\"font-weight: 400;\">https:\/\/exactas.uba.ar\/genex\/sensibilizacion\/<\/span><\/a><\/p>\n<p><span style=\"font-weight: 400;\">Contacto: <\/span><a href=\"mailto:genex@de.fcen.uba.ar\"><span style=\"font-weight: 400;\">genex@de.fcen.uba.a<\/span><\/a><\/p>\n<h2>9 de Mayo &#8211; 10 a\u00f1os de la Ley de Identidad de G\u00e9nero<\/h2>\n<p><span class=\"css-901oao css-16my406 r-poiln3 r-bcqeeo r-qvutc0\">A 10 a\u00f1os de la sanci\u00f3n de la <\/span><span class=\"r-18u37iz\"><a class=\"css-4rbku5 css-18t94o4 css-901oao css-16my406 r-1cvl2hr r-1loqt21 r-poiln3 r-bcqeeo r-1ny4l3l r-1ddef8g r-tjvw6i r-qvutc0\" dir=\"ltr\" role=\"link\" href=\"https:\/\/twitter.com\/hashtag\/LeydeIdentidaddeG%C3%A9nero?src=hashtag_click\">#LeydeIdentidaddeG\u00e9nero<\/a><\/span><span class=\"css-901oao css-16my406 r-poiln3 r-bcqeeo r-qvutc0\"> (ley 26.743), desde Exactas UBA reafirmamos el derecho de toda persona a decidir, desarrollar y expresar libremente su identidad de g\u00e9nero autopercibida, as\u00ed como a ser reconocida y tratada de acuerdo a la misma.<\/span><\/p>\n<p><span class=\"css-901oao css-16my406 r-poiln3 r-bcqeeo r-qvutc0\"> Toda persona de nuestra comunidad tiene la posibilidad de solicitar la rectificaci\u00f3n registral de su nombre e identidad de g\u00e9nero en los registros administrativos de nuestra Facultad. <\/span><span class=\"css-901oao css-16my406 r-poiln3 r-bcqeeo r-qvutc0\">Conoc\u00e9 m\u00e1s en este enlace: <\/span><a class=\"css-4rbku5 css-18t94o4 css-901oao css-16my406 r-1cvl2hr r-1loqt21 r-poiln3 r-bcqeeo r-qvutc0\" dir=\"ltr\" role=\"link\" href=\"https:\/\/t.co\/dPGOD7yRID\" target=\"_blank\" rel=\"noopener noreferrer\"><span class=\"css-901oao css-16my406 r-poiln3 r-hiw28u r-qvk6io r-bcqeeo r-qvutc0\" aria-hidden=\"true\">https:\/\/<\/span>exactas.uba.ar\/genex\/cambio-r<span class=\"css-901oao css-16my406 r-poiln3 r-hiw28u r-qvk6io r-bcqeeo r-qvutc0\" aria-hidden=\"true\">egistral\/<\/span><\/a><\/p>\n<h2>8 de Marzo &#8211; D\u00eda Internacional de la Mujer<\/h2>\n<p>&nbsp;<\/p>\n<blockquote class=\"twitter-tweet\">\n<p dir=\"ltr\" lang=\"es\">Este <a href=\"https:\/\/twitter.com\/hashtag\/8M?src=hash&amp;ref_src=twsrc%5Etfw\">#8M<\/a>, <a href=\"https:\/\/twitter.com\/Exactas_UBA?ref_src=twsrc%5Etfw\">@Exactas_UBA<\/a> se hace eco de los reclamos:<br \/>\n\ud83d\udd34 EL ESPACIO P\u00daBLICO PARA LAS MUJERES. Para circular, para disfrutar, para manifestar. No para temer, no para enfrentar el riesgo constante. <a href=\"https:\/\/t.co\/oxVy7KjRly\">pic.twitter.com\/oxVy7KjRly<\/a><\/p>\n<p>\u2014 Exactas UBA (@Exactas_UBA) <a href=\"https:\/\/twitter.com\/Exactas_UBA\/status\/1501167217706254344?ref_src=twsrc%5Etfw\">March 8, 2022<\/a><\/p><\/blockquote>\n<p><script async src=\"https:\/\/platform.twitter.com\/widgets.js\" charset=\"utf-8\"><\/script><\/p>\n<hr \/>\n<h2 style=\"text-align: center;\">NOVEDADES<\/h2>\n<h4><strong>Se publicaron dos art\u00edculos con participaci\u00f3n de =GenEx &#8211;&gt; <a href=\"https:\/\/exactas.uba.ar\/genex\/publicaciones-con-participacion-de-genex\/\" target=\"_blank\" rel=\"noopener\">LINK<\/a><\/strong><\/h4>\n<h4><strong>Informe sobre la encuesta de violencia de genero y algunas herramientas para su abordaje<\/strong> &#8211;&gt; <a href=\"https:\/\/exactas.uba.ar\/genex\/wp-content\/uploads\/2021\/05\/2021informe_encuesta.pdf\" target=\"_blank\" rel=\"noopener\">LINK<\/a> al informe<a href=\"https:\/\/exactas.uba.ar\/genex\/wp-content\/uploads\/2021\/05\/2021informe_encuesta.pdf\"><img loading=\"lazy\" decoding=\"async\" class=\"aligncenter wp-image-778 size-large\" src=\"https:\/\/exactas.uba.ar\/genex\/wp-content\/uploads\/2021\/06\/Captura-700x465.jpg\" alt=\"\" width=\"700\" height=\"465\" srcset=\"https:\/\/exactas.uba.ar\/genex\/wp-content\/uploads\/2021\/06\/Captura-700x465.jpg 700w, https:\/\/exactas.uba.ar\/genex\/wp-content\/uploads\/2021\/06\/Captura-250x166.jpg 250w, https:\/\/exactas.uba.ar\/genex\/wp-content\/uploads\/2021\/06\/Captura-768x510.jpg 768w, https:\/\/exactas.uba.ar\/genex\/wp-content\/uploads\/2021\/06\/Captura-120x80.jpg 120w, https:\/\/exactas.uba.ar\/genex\/wp-content\/uploads\/2021\/06\/Captura.jpg 787w\" sizes=\"auto, (max-width: 700px) 100vw, 700px\" \/><\/a><\/h4>\n<h3 style=\"text-align: center;\"><\/h3>\n<hr \/>\n<h4 style=\"text-align: center;\">Para recibir informaci\u00f3n, realizar consultas o denuncias escrib\u00ed a: <a href=\"mailto:genex@de.fcen.uba.ar\">genex@de.fcen.uba.ar<\/a><\/h4>\n<h5 style=\"text-align: center;\"><\/h5>\n<\/div>\n","protected":false},"excerpt":{"rendered":"Curso obligatorio g\u00e9nero UBA &#8211; 2022 Les informamos que se encuentra disponible la \u00faltima edici\u00f3n del a\u00f1o del Curso obligatorio de g\u00e9nero UBA (Res. N\u00ba 1995\/19) que lleva adelante la Secretar\u00eda Acad\u00e9mica del Rectorado UBA, destinado a estudiantes de todas las Unidades Acad\u00e9micas de la UBA. Inicia el 3\/10 y finaliza el 13\/11 y no&#8230; <a class=\"view-article\" href=\"https:\/\/exactas.uba.ar\/genex\/\">LEER +<\/a>","protected":false},"author":1,"featured_media":0,"parent":0,"menu_order":0,"comment_status":"closed","ping_status":"closed","template":"template-inicio.php","meta":{"_acf_changed":false,"footnotes":""},"class_list":["post-5","page","type-page","status-publish","hentry"],"acf":[],"_links":{"self":[{"href":"https:\/\/exactas.uba.ar\/genex\/wp-json\/wp\/v2\/pages\/5","targetHints":{"allow":["GET"]}}],"collection":[{"href":"https:\/\/exactas.uba.ar\/genex\/wp-json\/wp\/v2\/pages"}],"about":[{"href":"https:\/\/exactas.uba.ar\/genex\/wp-json\/wp\/v2\/types\/page"}],"author":[{"embeddable":true,"href":"https:\/\/exactas.uba.ar\/genex\/wp-json\/wp\/v2\/users\/1"}],"replies":[{"embeddable":true,"href":"https:\/\/exactas.uba.ar\/genex\/wp-json\/wp\/v2\/comments?post=5"}],"version-history":[{"count":123,"href":"https:\/\/exactas.uba.ar\/genex\/wp-json\/wp\/v2\/pages\/5\/revisions"}],"predecessor-version":[{"id":1114,"href":"https:\/\/exactas.uba.ar\/genex\/wp-json\/wp\/v2\/pages\/5\/revisions\/1114"}],"wp:attachment":[{"href":"https:\/\/exactas.uba.ar\/genex\/wp-json\/wp\/v2\/media?parent=5"}],"curies":[{"name":"wp","href":"https:\/\/api.w.org\/{rel}","templated":true}]}}