{"id":45,"date":"2019-04-29T20:16:23","date_gmt":"2019-04-29T20:16:23","guid":{"rendered":"https:\/\/exactas.uba.ar\/genex\/?page_id=45"},"modified":"2020-09-18T14:18:03","modified_gmt":"2020-09-18T14:18:03","slug":"recursos","status":"publish","type":"page","link":"https:\/\/exactas.uba.ar\/genex\/recursos\/","title":{"rendered":"Recursos"},"content":{"rendered":"<h2>Dispositivos de consulta en contexto COVID<\/h2>\n<h4><span style=\"color: #339966;\"><a style=\"color: #339966;\" href=\"https:\/\/exactas.uba.ar\/genex\/wp-content\/uploads\/2020\/05\/Recursero_contexto_covid.pdf\" target=\"_blank\" rel=\"noopener noreferrer\">Recursero de informaci\u00f3n y dispositivos interdisciplinarios de asesor\u00eda, acompa\u00f1amiento y denuncia de situaciones de violencia de g\u00e9nero y de acceso a la salud sexual integral durante el aislamiento por COVID-19<\/a><\/span><\/h4>\n<hr \/>\n<p>Recursos disponibles las 24 hs los 365 d\u00edas del a\u00f1o.<\/p>\n<div class=\"su-list su-list-style-\">\n<ul>\n<li><i class=\"fa fa-external-link\"><\/i><a href=\"http:\/\/www.ovd.gov.ar\/ovd\/\" target=\"blank\" rel=\"noopener noreferrer\">Oficina de Violencia dom\u00e9stica de la Corte Suprema de la Naci\u00f3n (OVD)<\/a><\/li>\n<\/ul>\n<\/div>\n<p>Atenci\u00f3n las 24 hs. todos los d\u00edas: Lavalle 1250 \u2013 CABA, Argentina (C1013AAL) \u2013 Tel\u00e9fono: 4123-4510 al 4514<\/p>\n<p><strong>144<\/strong>: Dispositivo gratuito de atenci\u00f3n telef\u00f3nica orientado a brindar contenci\u00f3n, informaci\u00f3n y asesoramiento en situaciones de violencia por motivos de g\u00e9nero. Atienden profesionales capacitadxs en perspectiva de g\u00e9nero y abordaje integral de violencia por motivos de g\u00e9nero, las 24hs, los 365 d\u00edas del a\u00f1o. Otros canales de comunicaci\u00f3n alternativos a la l\u00ednea telef\u00f3nica 144:\u00a0<a href=\"mailto:linea144@mingeneros.gob.ar\" target=\"_blank\" rel=\"noopener noreferrer\">linea144@mingeneros.gob.ar<\/a>\u00a0\/\/ App gratuita para celulares (<a href=\"https:\/\/www.argentina.gob.ar\/aplicaciones\/linea-144-atencion-mujeres\" target=\"_blank\" rel=\"noopener noreferrer\" data-saferedirecturl=\"https:\/\/www.google.com\/url?q=https:\/\/www.argentina.gob.ar\/aplicaciones\/linea-144-atencion-mujeres&amp;source=gmail&amp;ust=1585057100577000&amp;usg=AFQjCNHdIx6_OeDV_oVxa1uub8DU1KAcpQ\">https:\/\/www.argentina.gob.ar\/<wbr \/>aplicaciones\/linea-144-<wbr \/>atencion-mujeres<\/a>)\u00a0\/\/ WhatsApp:\u00a0(+54) 1127716463 \/ 1127759047 \/ 1127759048.\u00a0Depende del Ministerio de las mujeres, g\u00e9neros y diversidad de la Naci\u00f3n.<\/p>\n<p><strong>137<\/strong>: L\u00ednea telef\u00f3nica gratuita de acompa\u00f1amiento y atenci\u00f3n a las personas v\u00edctimas de violencia familiar o sexual.\u00a0 Se incorpor\u00f3 un n\u00famero de WhatsApp: <strong>113133-1000. <\/strong>Ambas lineas funcionan las 24 hs. del d\u00eda los 365 d\u00edas del a\u00f1o. Act\u00faa en la Ciudad Aut\u00f3noma de Buenos Aires y depende del Ministerio de Justicia de la Naci\u00f3n.<\/p>\n<p><strong>4958-4291<\/strong>\u00a0\/\u00a0<strong>4981-6882<\/strong>\u00a0\/\u00a0<strong>4958-3982<\/strong>: Equipo M\u00f3vil de Intervenci\u00f3n en urgencias contra v\u00edctimas de delitos sexuales. Interviene inmediatamente ante el llamado de la comisar\u00eda a la cual recurri\u00f3 la v\u00edctima de violaci\u00f3n y\/o abuso sexual. Funciona las 24 hs. del d\u00eda los 365 d\u00edas del a\u00f1o y depende del Ministerio de Justicia de la Naci\u00f3n.<\/p>\n<ul>\n<li>Gu\u00eda de recursos geolocalizados y herramientas locales de asistencia integral en Argentina del Ministerio de las mujeres, g\u00e9neros y diversidad de la Naci\u00f3n:\u00a0 <a href=\"https:\/\/www.argentina.gob.ar\/generos\/buscador-de-centros-de-atencion-para-mujeres\" target=\"_blank\" rel=\"noopener noreferrer\" data-saferedirecturl=\"https:\/\/www.google.com\/url?q=https:\/\/www.argentina.gob.ar\/generos\/buscador-de-centros-de-atencion-para-mujeres&amp;source=gmail&amp;ust=1585057100577000&amp;usg=AFQjCNGHF4Bs-VFhyya7wLf8sHhaChwsgA\">https:\/\/www.argentina.<wbr \/>gob.ar\/generos\/buscador-de-<wbr \/>centros-de-atencion-para-<wbr \/>mujeres<\/a><\/li>\n<li><a href=\"https:\/\/drive.google.com\/file\/d\/1T5CLyFgHDg3T97vVGQJ2xdJ5tNa36etB\/view?usp=sharing\" target=\"_blank\" rel=\"noopener noreferrer\">Gu\u00eda de recursos y pol\u00edticas p\u00fablicas para el abordaje integral en materia de g\u00e9nero\u00bb<\/a><\/li>\n<\/ul>\n<hr \/>\n<h2>M\u00e1s informaci\u00f3n de los organismos dependientes del Ministerio de Justicia de la Naci\u00f3n<\/h2>\n<div class=\"su-list su-list-style-\">\n<ul>\n<li><i class=\"fa fa-external-link\"><\/i><a href=\"http:\/\/www.jus.gob.ar\/atencion-al-ciudadano\/atencion-a-las-victimas.aspx\" target=\"blank\" rel=\"noopener noreferrer\">Ministerio de Justicia de la Naci\u00f3n \u2013 Atenci\u00f3n a las V\u00edctimas<\/a><\/li>\n<li><i class=\"fa fa-external-link\"><\/i><a href=\"http:\/\/www.mpd.gov.ar\/index.php\/programas-y-comisiones\/55-comision-sobre-tematicas-de-genero\/605-oficin\" target=\"blank\" rel=\"noopener noreferrer\">Ministerio P\u00fablico de la Defensa. Servicios de asesoramiento y patrocinio jur\u00eddico disponibles<\/a><\/li>\n<\/ul>\n<\/div>\n<p>Lugar de atenci\u00f3n: Paran\u00e1 426 1\u00ba piso, CABA. D\u00edas y horarios de atenci\u00f3n: lunes a viernes de 8 a 17 hs. Tel\u00e9fono: 4370-6761<\/p>\n<hr \/>\n<h2>Otros recursos de inter\u00e9s<\/h2>\n<div class=\"su-list su-list-style-\">\n<ul>\n<li><i class=\"fa fa-external-link\"><\/i><a href=\"http:\/\/www.filo.uba.ar\/noalaviolenciadegenero\" target=\"blank\" rel=\"noopener noreferrer\">Comisi\u00f3n NO a la Violencia de G\u00e9nero \u2013 Facultad de Filosof\u00eda y Letras (UBA)<\/a><\/li>\n<li><i class=\"fa fa-external-link\"><\/i><a href=\"http:\/\/www.unsam.edu.ar\/pcvg\/\" target=\"blank\" rel=\"noopener noreferrer\">Programa contra la violencia de g\u00e9nero de Universidad Nacional de San Mart\u00edn<\/a><\/li>\n<\/ul>\n<\/div>\n","protected":false},"excerpt":{"rendered":"Dispositivos de consulta en contexto COVID Recursero de informaci\u00f3n y dispositivos interdisciplinarios de asesor\u00eda, acompa\u00f1amiento y denuncia de situaciones de violencia de g\u00e9nero y de acceso a la salud sexual integral durante el aislamiento por COVID-19 Recursos disponibles las 24 hs los 365 d\u00edas del a\u00f1o. Oficina de Violencia dom\u00e9stica de la Corte Suprema de&#8230; <a class=\"view-article\" href=\"https:\/\/exactas.uba.ar\/genex\/recursos\/\">LEER +<\/a>","protected":false},"author":3,"featured_media":0,"parent":0,"menu_order":0,"comment_status":"closed","ping_status":"closed","template":"","meta":{"_acf_changed":false,"footnotes":""},"class_list":["post-45","page","type-page","status-publish","hentry"],"acf":[],"_links":{"self":[{"href":"https:\/\/exactas.uba.ar\/genex\/wp-json\/wp\/v2\/pages\/45","targetHints":{"allow":["GET"]}}],"collection":[{"href":"https:\/\/exactas.uba.ar\/genex\/wp-json\/wp\/v2\/pages"}],"about":[{"href":"https:\/\/exactas.uba.ar\/genex\/wp-json\/wp\/v2\/types\/page"}],"author":[{"embeddable":true,"href":"https:\/\/exactas.uba.ar\/genex\/wp-json\/wp\/v2\/users\/3"}],"replies":[{"embeddable":true,"href":"https:\/\/exactas.uba.ar\/genex\/wp-json\/wp\/v2\/comments?post=45"}],"version-history":[{"count":19,"href":"https:\/\/exactas.uba.ar\/genex\/wp-json\/wp\/v2\/pages\/45\/revisions"}],"predecessor-version":[{"id":651,"href":"https:\/\/exactas.uba.ar\/genex\/wp-json\/wp\/v2\/pages\/45\/revisions\/651"}],"wp:attachment":[{"href":"https:\/\/exactas.uba.ar\/genex\/wp-json\/wp\/v2\/media?parent=45"}],"curies":[{"name":"wp","href":"https:\/\/api.w.org\/{rel}","templated":true}]}}