{"id":436,"date":"2020-04-06T22:24:09","date_gmt":"2020-04-06T22:24:09","guid":{"rendered":"https:\/\/exactas.uba.ar\/genex\/?page_id=436"},"modified":"2025-12-02T18:18:24","modified_gmt":"2025-12-02T18:18:24","slug":"ciberviolencias","status":"publish","type":"page","link":"https:\/\/exactas.uba.ar\/genex\/ciberviolencias\/","title":{"rendered":"Ciberviolencias"},"content":{"rendered":"<p>Compartimos la Gu\u00eda EMA, un recurso fundamental que ofrece un marco de actuaci\u00f3n frente a situaciones de violencia digital, especialmente pensadas para el \u00e1mbito educativo.<\/p>\n<ul>\n<li>\n<h5><a href=\"https:\/\/farodigital.org\/wp-content\/uploads\/2025\/08\/EMA-editorial.pdf\" target=\"_blank\" rel=\"noopener noreferrer\">GUIA EMA<\/a><\/h5>\n<\/ul>\n<p>Este material propone lineamientos y orientaciones para el acompa\u00f1amiento de situaciones que atraviesan las aulas, una problem\u00e1tica creciente que impacta de manera particular en ni\u00f1as, ni\u00f1os y j\u00f3venes.<\/p>\n<p>La gu\u00eda constituye una herramienta valiosa para docentes, equipos de gesti\u00f3n y profesionales que buscan comprender, prevenir y actuar frente a estas formas de violencia en entornos digitales.<\/p>\n<p>&#8212;&#8212;&#8212;&#8212;&#8212;&#8212;&#8212;&#8212;&#8212;&#8212;&#8212;&#8212;&#8212;&#8212;&#8212;&#8212;&#8212;&#8212;&#8212;&#8212;&#8212;&#8212;&#8212;&#8212;&#8212;<\/p>\n<p><span style=\"font-weight: 400;\">En el marco de las medidas gubernamentales de aislamiento social, preventivo y obligatorio para evitar la propagaci\u00f3n del virus COVID-19 y como el aislamiento social forzoso puede implicar largas estad\u00edas en soledad y\/o favorecer condiciones de vulnerabilidad frente a las violencias sexistas, en particular la de ciberviolencias.<\/span><\/p>\n<p><span style=\"font-weight: 400;\">desde =GenEx compartimos el siguiente material: <\/span><\/p>\n<ul>\n<li>\n<h5><a href=\"https:\/\/exactas.uba.ar\/genex\/wp-content\/uploads\/2020\/04\/Violencias-de-g\u00e9nero-en-la-universidad-3.pdf\" target=\"_blank\" rel=\"noopener noreferrer\">Violencias de g\u00e9nero en la Universidad: Ciberviolencias<\/a><\/h5>\n<\/li>\n<li>\n<h5>Anexo: <a href=\"https:\/\/exactas.uba.ar\/genex\/wp-content\/uploads\/2020\/04\/Anexo-Sexting-final.pdf\" target=\"_blank\" rel=\"noopener noreferrer\">Sexting y Recomendaciones<\/a><\/h5>\n<\/li>\n<\/ul>\n<p><span style=\"font-weight: 400;\">Consideramos que la difusi\u00f3n de este material est\u00e1 en l\u00ednea con lo dispuesto por el Protocolo UBA en sus objetivos: \u201cAdoptar medidas de prevenci\u00f3n como principal m\u00e9todo de combatir este tipo de acciones (\u2026) Promover acciones de sensibilizaci\u00f3n, difusi\u00f3n, y formaci\u00f3n sobre la problem\u00e1tica abordada\u201d (inc. b. y f. del art. 6\u00ba, Res. CS 1918\/19).\u00a0<\/span><\/p>\n<p><span style=\"font-weight: 400;\">El mismo fue preparado a partir de capacitaciones y\u00a0 material provisto por la \u201cAsociaci\u00f3n por los Derechos Civiles\u201d (<\/span><a href=\"https:\/\/adc.org.ar\/\"><span style=\"font-weight: 400;\">https:\/\/adc.org.ar\/<\/span><\/a><span style=\"font-weight: 400;\">) y el \u201cCentro de Ciberseguridad Ciudadana de CABA\u201d (CSIRT-BA &#8211;<\/span><a href=\"https:\/\/www.ba-csirt.gob.ar\/\"><span style=\"font-weight: 400;\">https:\/\/www.ba-csirt.gob.ar\/<\/span><\/a><span style=\"font-weight: 400;\"> ).<\/span><\/p>\n<p><span style=\"font-weight: 400;\">\u00a0<\/span><span style=\"font-weight: 400;\">La provisi\u00f3n de este material nos parece una estrategia de abordaje adecuada y necesaria sobre todo en estos momentos en donde las personas aumentan sus v\u00ednculos a trav\u00e9s de la tecnolog\u00eda. Nos parece una oportunidad para dar a conocer herramientas normativas y recomendaciones ya que el desconocimiento general que existe sobre el tema es mucho.<\/span><\/p>\n","protected":false},"excerpt":{"rendered":"Compartimos la Gu\u00eda EMA, un recurso fundamental que ofrece un marco de actuaci\u00f3n frente a situaciones de violencia digital, especialmente pensadas para el \u00e1mbito educativo. GUIA EMA Este material propone lineamientos y orientaciones para el acompa\u00f1amiento de situaciones que atraviesan las aulas, una problem\u00e1tica creciente que impacta de manera particular en ni\u00f1as, ni\u00f1os y j\u00f3venes&#8230;. <a class=\"view-article\" href=\"https:\/\/exactas.uba.ar\/genex\/ciberviolencias\/\">LEER +<\/a>","protected":false},"author":6,"featured_media":0,"parent":0,"menu_order":0,"comment_status":"closed","ping_status":"closed","template":"","meta":{"_acf_changed":false,"footnotes":""},"class_list":["post-436","page","type-page","status-publish","hentry"],"acf":[],"_links":{"self":[{"href":"https:\/\/exactas.uba.ar\/genex\/wp-json\/wp\/v2\/pages\/436","targetHints":{"allow":["GET"]}}],"collection":[{"href":"https:\/\/exactas.uba.ar\/genex\/wp-json\/wp\/v2\/pages"}],"about":[{"href":"https:\/\/exactas.uba.ar\/genex\/wp-json\/wp\/v2\/types\/page"}],"author":[{"embeddable":true,"href":"https:\/\/exactas.uba.ar\/genex\/wp-json\/wp\/v2\/users\/6"}],"replies":[{"embeddable":true,"href":"https:\/\/exactas.uba.ar\/genex\/wp-json\/wp\/v2\/comments?post=436"}],"version-history":[{"count":21,"href":"https:\/\/exactas.uba.ar\/genex\/wp-json\/wp\/v2\/pages\/436\/revisions"}],"predecessor-version":[{"id":1142,"href":"https:\/\/exactas.uba.ar\/genex\/wp-json\/wp\/v2\/pages\/436\/revisions\/1142"}],"wp:attachment":[{"href":"https:\/\/exactas.uba.ar\/genex\/wp-json\/wp\/v2\/media?parent=436"}],"curies":[{"name":"wp","href":"https:\/\/api.w.org\/{rel}","templated":true}]}}