{"id":315,"date":"2019-10-02T16:22:54","date_gmt":"2019-10-02T16:22:54","guid":{"rendered":"https:\/\/exactas.uba.ar\/genex\/?page_id=315"},"modified":"2022-08-11T19:07:27","modified_gmt":"2022-08-11T19:07:27","slug":"sensibilizacion","status":"publish","type":"page","link":"https:\/\/exactas.uba.ar\/genex\/sensibilizacion\/","title":{"rendered":"Sensibilizaci\u00f3n"},"content":{"rendered":"<p>El 17 de diciembre de 2018 la Facultad, a trav\u00e9s de su Consejo Directivo y por <a href=\"https:\/\/exactas.uba.ar\/genex\/wp-content\/uploads\/2021\/05\/Actividades-de-sensibilizacion-obligatorias-CD-18-3330-1.pdf\" target=\"_blank\" rel=\"noopener\">Res. CD N\u00b03330\/18<\/a>, encomienda a =GenEx la realizaci\u00f3n de actividades de sensibilizaci\u00f3n y concientizaci\u00f3n para la prevenci\u00f3n de situaciones de violencia o discriminaci\u00f3n de g\u00e9nero u orientaci\u00f3n sexual, a implementarse a partir de 2019 y con car\u00e1cter obligatorio para toda la comunidad de la Facultad.<\/p>\n<p>Estas actividades se enmarca en los objetivos del Programa por la<br \/>\nIgualdad de G\u00e9nero de la Facultad (=GenEx), entre los cuales se<br \/>\nencuentra organizar diversas acciones que permitan introducir a la<br \/>\ncomunidad en los debates acad\u00e9micos actuales sobre la tem\u00e1tica y<br \/>\nsensibilizar para desnaturalizar, desarmar y reparar las l\u00f3gicas y<br \/>\npr\u00e1cticas sexistas y sus efectos en el \u00e1mbito de la universidad.<\/p>\n<p>Por consultas en relaci\u00f3n a las actividades de sensibilizaci\u00f3n escrib\u00ed a<br \/>\n<a href=\"mailto:sensibilizacion.genero@de.fcen.uba.ar\" target=\"_blank\" rel=\"noopener noreferrer\">sensibilizacion.genero@de.fcen<wbr \/>.uba.ar<\/a><\/p>\n<h3>Pr\u00f3ximas charlas<\/h3>\n<h3>Material complementario<\/h3>\n<ul>\n<li>Presentaci\u00f3n (diapositivas) de la charla de sensibilizaci\u00f3n del martes 17\/12\/2019. <strong><a href=\"https:\/\/exactas.uba.ar\/genex\/wp-content\/uploads\/2020\/05\/Sensibilizacion-sobre-perspectiva-de-genero.pdf\" target=\"_blank\" rel=\"noopener noreferrer\">Link<\/a><\/strong><\/li>\n<\/ul>\n<h4><strong>Si quer\u00e9s leer m\u00e1s sobre la tem\u00e1tica podes ir a nuestra secci\u00f3n de <\/strong><strong style=\"font-size: 16px;\"><a href=\"https:\/\/exactas.uba.ar\/genex\/publicaciones\/\">PUBLICACIONES<\/a><\/strong><\/h4>\n","protected":false},"excerpt":{"rendered":"El 17 de diciembre de 2018 la Facultad, a trav\u00e9s de su Consejo Directivo y por Res. CD N\u00b03330\/18, encomienda a =GenEx la realizaci\u00f3n de actividades de sensibilizaci\u00f3n y concientizaci\u00f3n para la prevenci\u00f3n de situaciones de violencia o discriminaci\u00f3n de g\u00e9nero u orientaci\u00f3n sexual, a implementarse a partir de 2019 y con car\u00e1cter obligatorio para&#8230; <a class=\"view-article\" href=\"https:\/\/exactas.uba.ar\/genex\/sensibilizacion\/\">LEER +<\/a>","protected":false},"author":6,"featured_media":0,"parent":0,"menu_order":0,"comment_status":"closed","ping_status":"closed","template":"","meta":{"_acf_changed":false,"footnotes":""},"class_list":["post-315","page","type-page","status-publish","hentry"],"acf":[],"_links":{"self":[{"href":"https:\/\/exactas.uba.ar\/genex\/wp-json\/wp\/v2\/pages\/315","targetHints":{"allow":["GET"]}}],"collection":[{"href":"https:\/\/exactas.uba.ar\/genex\/wp-json\/wp\/v2\/pages"}],"about":[{"href":"https:\/\/exactas.uba.ar\/genex\/wp-json\/wp\/v2\/types\/page"}],"author":[{"embeddable":true,"href":"https:\/\/exactas.uba.ar\/genex\/wp-json\/wp\/v2\/users\/6"}],"replies":[{"embeddable":true,"href":"https:\/\/exactas.uba.ar\/genex\/wp-json\/wp\/v2\/comments?post=315"}],"version-history":[{"count":29,"href":"https:\/\/exactas.uba.ar\/genex\/wp-json\/wp\/v2\/pages\/315\/revisions"}],"predecessor-version":[{"id":886,"href":"https:\/\/exactas.uba.ar\/genex\/wp-json\/wp\/v2\/pages\/315\/revisions\/886"}],"wp:attachment":[{"href":"https:\/\/exactas.uba.ar\/genex\/wp-json\/wp\/v2\/media?parent=315"}],"curies":[{"name":"wp","href":"https:\/\/api.w.org\/{rel}","templated":true}]}}