{"id":26,"date":"2024-11-04T12:31:58","date_gmt":"2024-11-04T15:31:58","guid":{"rendered":"https:\/\/exactas.uba.ar\/evento\/noche-museos\/?page_id=26"},"modified":"2025-11-03T12:44:16","modified_gmt":"2025-11-03T15:44:16","slug":"infantiles","status":"publish","type":"page","link":"https:\/\/exactas.uba.ar\/evento\/noche-museos\/exactas\/infantiles\/","title":{"rendered":"Infantiles"},"content":{"rendered":"<h2>S\u00faper-honguitos<\/h2>\n<p>Este stand est\u00e1 focalizado en ni\u00f1os de hasta 5-6 a\u00f1os, aunque tambi\u00e9n hay actividades que pueden ser para ni\u00f1os mayores y hasta preadolescentes. Tenemos una casa de ensue\u00f1o para los m\u00e1s peque\u00f1os con juegos de encastre, rompecabezas, cerebro m\u00e1gico, b\u00fasqueda de diferencias y dibujos para colorear, entre otras. En todos los casos intentamos que los ni\u00f1os reconozcan hongos nativos, de manera tal que construyan su identidad nacional a partir de valorar nuestros recursos biol\u00f3gicos, reforzando la idea de \u201cno comer\u201d hongos de la naturaleza, sino aquellos que son aportados por adultos responsables. Para ni\u00f1os un poco m\u00e1s grandes, planteamos una b\u00fasqueda de hongos a trav\u00e9s del jard\u00edn y para los preadolescentes\u2026 no se pueden perder una buena partida de &#8220;Hongos al Rescate!!!. En todos los casos tendremos premios para quienes participen!<\/p>\n<p>Departamento de Biodiversidad y Biolog\u00eda Experimental<br \/>\nActividad infantil<br \/>\nHall SECCB, Planta Baja Pabell\u00f3n 2<\/p>\n<h2>Pokevirus vs. Pokebacterias: La conquista del humano<\/h2>\n<p>\u00bfQuer\u00e9s ser un entrenador de Pok\u00e9virus o de Pok\u00e9bacterias, y enfrentarte en batallas \u00e9picas para conquistar al humano? Te esperamos para aprender sobre las diferencias entre los virus y las bacterias que nos pueden causar enfermedades, las v\u00edas de transmisi\u00f3n y los m\u00e9todos de prevenci\u00f3n, a trav\u00e9s de un divertido juego donde los equipos se enfrentan en combate cada uno con su Pok\u00e9microorganismo \u00a1Te esperamos, trae tu Pok\u00e9bola!<\/p>\n<p>Departamento de Qu\u00edmica Biol\u00f3gica<br \/>\nActividad infantil<br \/>\nAula 1204, Planta Baja Cero+Infinito<\/p>\n<h2>Explorando la vida en una gota de agua: los Protistas<\/h2>\n<p>En esta estaci\u00f3n se asombrar\u00e1n con los organismos microsc\u00f3picos &#8220;escondidos&#8221; en una gota de agua. Observar\u00e1n al microscopio la diversidad de protistas en muestras de agua dulce y conocer\u00e1n sobre estos organismos a trav\u00e9s actividades l\u00fadicas para infancias, como el armado de rompecabezas, la elaboraci\u00f3n de dibujos, la lectura y el coloreado de una historieta sobre protistas, \u00a1hasta el juego con mu\u00f1ecos de estos incre\u00edbles microorganismos!<\/p>\n<p>Departamento de Biodiversidad y Biolog\u00eda Experimental<br \/>\nActividad infantil<br \/>\nPatio central, Pabell\u00f3n 2<\/p>\n<h2>Detectives de la naturaleza &#8211; Super h\u00e9roes nocturnos<\/h2>\n<p>Proponemos una actividad llamada &#8220;Superh\u00e9roes nocturnos&#8221; como parte de la propuesta \u201cDetectives de la Naturaleza\u201d, con el fin de brindar informaci\u00f3n a la comunidad de Buenos Aires sobre las caracter\u00edsticas biol\u00f3gicas, diversidad de murci\u00e9lagos tanto en el pa\u00eds como en la ciudad e su importancia ecol\u00f3gica y cient\u00edfica. Para ello: 1) Realizaremos presentaciones cortas donde mostraremos fotograf\u00edas, figuras, sonidos y videos. 2) Haremos un juego (Kahoot) sobre qu\u00e9 tanto sabe la comunidad de Buenos Aires sobre los murci\u00e9lagos. 3) Se usar\u00e1 una red de niebla para mostrar c\u00f3mo funciona el m\u00e9todo de muestreo e interactuar con los asistentes, los cuales desenredar\u00e1n de la red datos curiosos sobre algunas especies de murci\u00e9lagos. 4) Como actividad complementar para ni\u00f1os habr\u00e1 figuras para colorear, laberintos que revelan las diferentes dietas de los murci\u00e9lagos y origami.<\/p>\n<p>Departamento de Ecolog\u00eda, Gen\u00e9tica y Evoluci\u00f3n<br \/>\nActividad infantil<br \/>\nSala silenciosa de Biblioteca, 1er piso Pabell\u00f3n 2<\/p>\n<h2>Detectives de la naturaleza &#8211; \u00bfPor qu\u00e9 est\u00e1n los que est\u00e1n donde est\u00e1n?<\/h2>\n<p>En esta estaci\u00f3n mostaremos las diferentes t\u00e9cnicas y estrategias que utilizamos para conocer la diversidad de aves y artr\u00f3podos. Habr\u00e1 juegos sobre para conocer las aves de la ciudad y de captura de artr\u00f3podos (de pl\u00e1stico) posados en la vegetaci\u00f3n con redes de arrastre. Adem\u00e1s, encontrar\u00e1n una muestra de invertebrados colectados en diferentes puntos del pa\u00eds.<\/p>\n<p>Departamento de Ecolog\u00eda, Gen\u00e9tica y Evoluci\u00f3n<br \/>\nActividad infantil<br \/>\nSala silenciosa de Biblioteca, 1er piso Pabell\u00f3n 2<\/p>\n<h2>Jugando en la Biblio: El fondo del mar<\/h2>\n<p>Lxs esperamos para divertirse y aprender en nuestras estaciones de juegos para todas las edades.<\/p>\n<p>Biblioteca Central &#8220;Luis F. Leloir&#8221;<br \/>\nActividad infantil<br \/>\nHall de Biblioteca, 1er piso Pabell\u00f3n 2<\/p>\n<h2>ANTropolis<\/h2>\n<p>Les propondremos a los participantes un juego inspirado en el conocido juego de estrategia CATAN. Sin embargo, esta vez no se tratar\u00e1 de contruir caminos, ciudades y de comerciar recursos sino de contruir senderos de forrajeo, ampliar colonias de hormigas y competir por los recursos alimenticios para la colonia. El objetivo ser\u00e1 que los participantes conozcan nociones b\u00e1sicas de la ecolog\u00eda de las hormigas antes de jugar y a trav\u00e9s de las cartas y de los dados vayan desarrollando una estrategia de expansi\u00f3n de acuerdo a la especie de hormiga que eligieron ser. El juego est\u00e1 pensado para ni\u00f1os acompa\u00f1ados de sus tutores, adolescentes y adultos. La partida llegar\u00e1 a su fin cuando alg\u00fan equipo\/especie alcance los 12 puntos o a la media hora quien tenga la mayor cantidad de puntos. A modo ilustrativo contaremos con nidos de las especies inclu\u00eddas en el juego y con impresiones donde se detallan algunos aspectos de su ecolog\u00eda.<\/p>\n<p>Departamento de Ecolog\u00eda, Gen\u00e9tica y Evoluci\u00f3n<br \/>\nActividad infantil<br \/>\nSala silenciosa de Biblioteca, 1er piso Pabell\u00f3n 2<\/p>\n<h2>Detectives de la naturaleza- Roedores y otras alima\u00f1as<\/h2>\n<p>Te invitamos a ser ec\u00f3logo\/a de roedores en nuestro bosquecito, usar\u00e1s nuestras t\u00e9cnicas para capturar roedores y aprender de ellos. Adem\u00e1s, tenemos una estaci\u00f3n pintacaritas y un espacio con juegos para todos los gustos y edades que te permitir\u00e1n conocer mucho m\u00e1s sobre roedores.<\/p>\n<p>Departamento de Ecolog\u00eda, Gen\u00e9tica y Evoluci\u00f3n<br \/>\nActividad infantil<br \/>\nSala silenciosa de Biblioteca, 1er piso Pabell\u00f3n 2<\/p>\n<h2>Bacterminador; de la g\u00f3ndola a la mesa, lo invisible en mi hamburguesa<\/h2>\n<p>Las enfermedades transmitidas por alimentos son una problem\u00e1tica importante en toda la poblaci\u00f3n, ocasionando desde s\u00edntomas gastrointestinales leves hasta enfermedades serias como el s\u00edndrome ur\u00e9mico hemol\u00edtico. Esta situaci\u00f3n se debe en gran parte a la falta de conocimiento acerca de la higiene necesaria al momento de preparar un alimento. A partir de un juego online para ni\u00f1os, buscamos concientizar y generar buenos h\u00e1bitos que luego sean incorporados y transmitidos a sus familias en sus casas.<\/p>\n<p>Departamento de Qu\u00edmica Org\u00e1nica<br \/>\nActividad infantil 19 a 00hs.<br \/>\nLaboratorio de computadoras de Biblioteca, 1er piso Pabell\u00f3n 2<\/p>\n<h2>Detectives de la naturaleza: \u00bfQu\u00e9 sabemos de Chagas?<\/h2>\n<p>En esta estaci\u00f3n indagaremos sobre la problem\u00e1tica del Chagas en general y sobre la situaci\u00f3n de nuestro pa\u00eds en particular. Les contaremos sobre las diferentes l\u00edneas de trabajo de nuestro grupo de investigaci\u00f3n en la provincia del Chaco.<\/p>\n<p>Departamento de Ecolog\u00eda, Gen\u00e9tica y Evoluci\u00f3n<br \/>\nActividad infantil<br \/>\nSala silenciosa de Biblioteca, 1er piso Pabell\u00f3n 2<\/p>\n<h2>Detectives de la naturaleza- Criando mosquitos sin querer<\/h2>\n<p>Estaci\u00f3n te\u00f3rico-pr\u00e1ctica sobre mosquitos presentes en la regi\u00f3n metropolitana de Buenos Aires, centrado en prevenci\u00f3n de enfermedades transmitidas por Aedes aegypti (Dengue, fiebre Chikungunya, Zika, etc). Posibilidad de observaci\u00f3n bajo lupa de material fijado. Presencia de larvas vivas en pecera. Actividades l\u00fadicas de divulgaci\u00f3n, incluyendo una simulaci\u00f3n de una casa (con un gazebo de 3x3m) para el reconocimiento de posibles criaderos del mosquito).<\/p>\n<p>Departamento de Ecolog\u00eda, Gen\u00e9tica y Evoluci\u00f3n<br \/>\nActividad infantil<br \/>\nSala silenciosa de Biblioteca, 1er piso Pabell\u00f3n 2<\/p>\n<h2>Juegos gigantes<\/h2>\n<p>Juegos matem\u00e1ticos a gran escala.<\/p>\n<p>Departamento de Matem\u00e1tica<br \/>\nActividad ATP<br \/>\nCorredor 1600, Planta Baja Cero+Infinito<\/p>\n<h2>Optimizando toboganes<\/h2>\n<p>\u00bfCu\u00e1l ser\u00e1 el tobog\u00e1n que nos permite bajar m\u00e1s r\u00e1pidamente? En este juego, competimos para ver qui\u00e9n dibuja el tobog\u00e1n \u00f3ptimo. De paso, investigamos un problema matem\u00e1tico con mucha historia y algunos chismes.<\/p>\n<p>Departamento de Matem\u00e1tica<br \/>\nActividad ATP<br \/>\nCorredor 1600, Planta Baja Cero+Infinito<\/p>\n<p>&nbsp;<\/p>\n<p>&nbsp;<\/p>\n<p>&nbsp;<\/p>\n","protected":false},"excerpt":{"rendered":"<p>S\u00faper-honguitos Este stand est\u00e1 focalizado en ni\u00f1os de hasta 5-6 a\u00f1os, aunque tambi\u00e9n hay actividades que pueden ser para ni\u00f1os mayores y hasta preadolescentes. Tenemos una casa de ensue\u00f1o para los m\u00e1s peque\u00f1os con juegos de encastre, rompecabezas, cerebro m\u00e1gico, &hellip; <a href=\"https:\/\/exactas.uba.ar\/evento\/noche-museos\/exactas\/infantiles\/\">Continue reading <span class=\"meta-nav\">&rarr;<\/span><\/a><\/p>\n","protected":false},"author":1,"featured_media":0,"parent":13,"menu_order":50,"comment_status":"closed","ping_status":"closed","template":"","meta":{"footnotes":""},"class_list":["post-26","page","type-page","status-publish","hentry"],"_links":{"self":[{"href":"https:\/\/exactas.uba.ar\/evento\/noche-museos\/wp-json\/wp\/v2\/pages\/26","targetHints":{"allow":["GET"]}}],"collection":[{"href":"https:\/\/exactas.uba.ar\/evento\/noche-museos\/wp-json\/wp\/v2\/pages"}],"about":[{"href":"https:\/\/exactas.uba.ar\/evento\/noche-museos\/wp-json\/wp\/v2\/types\/page"}],"author":[{"embeddable":true,"href":"https:\/\/exactas.uba.ar\/evento\/noche-museos\/wp-json\/wp\/v2\/users\/1"}],"replies":[{"embeddable":true,"href":"https:\/\/exactas.uba.ar\/evento\/noche-museos\/wp-json\/wp\/v2\/comments?post=26"}],"version-history":[{"count":6,"href":"https:\/\/exactas.uba.ar\/evento\/noche-museos\/wp-json\/wp\/v2\/pages\/26\/revisions"}],"predecessor-version":[{"id":105,"href":"https:\/\/exactas.uba.ar\/evento\/noche-museos\/wp-json\/wp\/v2\/pages\/26\/revisions\/105"}],"up":[{"embeddable":true,"href":"https:\/\/exactas.uba.ar\/evento\/noche-museos\/wp-json\/wp\/v2\/pages\/13"}],"wp:attachment":[{"href":"https:\/\/exactas.uba.ar\/evento\/noche-museos\/wp-json\/wp\/v2\/media?parent=26"}],"curies":[{"name":"wp","href":"https:\/\/api.w.org\/{rel}","templated":true}]}}