{"id":24,"date":"2024-11-04T12:31:28","date_gmt":"2024-11-04T15:31:28","guid":{"rendered":"https:\/\/exactas.uba.ar\/evento\/noche-museos\/?page_id=24"},"modified":"2025-11-05T11:20:27","modified_gmt":"2025-11-05T14:20:27","slug":"performance","status":"publish","type":"page","link":"https:\/\/exactas.uba.ar\/evento\/noche-museos\/exactas\/performance\/","title":{"rendered":"Performance"},"content":{"rendered":"<h2>El alma no come vidrio<\/h2>\n<p>El grupo de teatro independiente &#8220;El alma no come vidrio&#8221; -obra escrita por Vicente Zito Lema- nos brinda una intervenci\u00f3n actoral sobre la Salud Mental (SM) en la Facultad de Ciencias Exactas y Naturales para articular esta tem\u00e1tica (SM) propia de la condici\u00f3n humana, con la educaci\u00f3n y desarmar creencias como, por ejemplo, la raz\u00f3n y el delirio, la ciencia y el arte, la normalidad y la anormalidad, el encierro y la libertad, entre otras.<\/p>\n<p>\u00bfPor qu\u00e9 Salud Mental en la Universidad? \u00bfQu\u00e9 relaciones hay entre la Salud Mental y el estudiar, formarse en ciencia, investigar y\/o hacer docencia?<\/p>\n<p>Secretar\u00eda de Promoci\u00f3n de la Equidad y G\u00e9neros<br \/>\nPerformance 20:30 hs.<br \/>\nAula 1204, Planta Baja Cero + Infinito<\/p>\n<h2>La batalla de la luz<\/h2>\n<p>&#8220;La luz es un haz de part\u00edculas&#8221;. Huygens: &#8220;No. La luz es como las ondas en un estanque&#8221;. Einstein; &#8220;Calma. los dos tienen raz\u00f3n&#8221;.<\/p>\n<p>Presenci\u00e1 la batalla de experimentos en vivo y de argumentos con los que cada uno defiende sus ideas.<\/p>\n<p>Departamento de F\u00edsica<br \/>\nPerformance 20, 21, 22, 23, 00 hs.<br \/>\nAula 1203, Planta Baja Cero + Infinito<\/p>\n<h2>Muestra del taller de folclore<\/h2>\n<p>Folclore nuestra danza, latido constante que nos une y da sentido.<\/p>\n<p>Secretar\u00eda de Extensi\u00f3n, Cultura Cient\u00edfica y Bienestar<br \/>\nPerformance 20 hs<br \/>\nHall de Pioneras, Planta Baja Cero + Infinito<\/p>\n<h2>Muestra del taller de tango<\/h2>\n<p>Tango un baile hist\u00f3rico con actualidad presente y futuro.<\/p>\n<p>Secretar\u00eda de Extensi\u00f3n, Cultura Cient\u00edfica y Bienestar<br \/>\nPerformance 22 hs<br \/>\nHall de Pioneras, Planta Baja Cero + Infinito<\/p>\n<h2>Ariel Mylnarzewicz: pintura en vivo<\/h2>\n<p>El artista pl\u00e1stico, autor del mural Pioneras estar\u00e1 pintando en La Noche para conversar sobre su obra homenaje a las primeras cient\u00edficas de Exactas UBA: <a class=\"text-entity-link word-break-all\" dir=\"auto\" title=\"https:\/\/exactas.uba.ar\/pioneras-eternas\/\" href=\"https:\/\/exactas.uba.ar\/pioneras-eternas\/\" target=\"_blank\" rel=\"noopener noreferrer\" data-entity-type=\"MessageEntityUrl\">https:\/\/exactas.uba.ar\/pioneras-eternas\/<\/a><\/p>\n<p>Secretar\u00eda de Extensi\u00f3n, Cultura Cient\u00edfica y Bienestar<br \/>\nPerformance 21 hs<br \/>\nHall de Pioneras, Planta Baja Cero + Infinito<\/p>\n<div id=\"message-408\" class=\"shown open Message message-list-item first-in-group allow-selection was-edited\" data-message-id=\"408\">\n<div class=\"message-content-wrapper can-select-text\">\n<div class=\"message-content peer-color-1 text has-shadow has-solid-background has-footer\" dir=\"auto\">\n<div class=\"content-inner\" dir=\"auto\">\n<div dir=\"auto\"><\/div>\n<div class=\"text-content clearfix with-meta\" dir=\"auto\"><\/div>\n<\/div>\n<\/div>\n<\/div>\n<\/div>\n<div id=\"message-409\" class=\"Message message-list-item allow-selection shown open\" data-message-id=\"409\">\n<div class=\"message-content-wrapper can-select-text\">\n<div class=\"message-content peer-color-1 text media is-forwarded has-shadow has-solid-background has-footer\" dir=\"auto\">\n<div class=\"message-title\" dir=\"ltr\">\n<div class=\"title-spacer\"><\/div>\n<\/div>\n<div class=\"content-inner forwarded-message\" dir=\"auto\">\n<div class=\"media-inner interactive small-image\"><img decoding=\"async\" class=\"full-media with-blurred-bg opacity-transition slow shown open\" src=\"https:\/\/web.telegram.org\/10c9c19b-af1f-4e39-bae5-5734f47ae685\" alt=\"\" \/><\/div>\n<\/div>\n<\/div>\n<\/div>\n<\/div>\n<p>&nbsp;<\/p>\n","protected":false},"excerpt":{"rendered":"<p>El alma no come vidrio El grupo de teatro independiente &#8220;El alma no come vidrio&#8221; -obra escrita por Vicente Zito Lema- nos brinda una intervenci\u00f3n actoral sobre la Salud Mental (SM) en la Facultad de Ciencias Exactas y Naturales para &hellip; <a href=\"https:\/\/exactas.uba.ar\/evento\/noche-museos\/exactas\/performance\/\">Continue reading <span class=\"meta-nav\">&rarr;<\/span><\/a><\/p>\n","protected":false},"author":1,"featured_media":0,"parent":13,"menu_order":40,"comment_status":"closed","ping_status":"closed","template":"","meta":{"footnotes":""},"class_list":["post-24","page","type-page","status-publish","hentry"],"_links":{"self":[{"href":"https:\/\/exactas.uba.ar\/evento\/noche-museos\/wp-json\/wp\/v2\/pages\/24","targetHints":{"allow":["GET"]}}],"collection":[{"href":"https:\/\/exactas.uba.ar\/evento\/noche-museos\/wp-json\/wp\/v2\/pages"}],"about":[{"href":"https:\/\/exactas.uba.ar\/evento\/noche-museos\/wp-json\/wp\/v2\/types\/page"}],"author":[{"embeddable":true,"href":"https:\/\/exactas.uba.ar\/evento\/noche-museos\/wp-json\/wp\/v2\/users\/1"}],"replies":[{"embeddable":true,"href":"https:\/\/exactas.uba.ar\/evento\/noche-museos\/wp-json\/wp\/v2\/comments?post=24"}],"version-history":[{"count":7,"href":"https:\/\/exactas.uba.ar\/evento\/noche-museos\/wp-json\/wp\/v2\/pages\/24\/revisions"}],"predecessor-version":[{"id":114,"href":"https:\/\/exactas.uba.ar\/evento\/noche-museos\/wp-json\/wp\/v2\/pages\/24\/revisions\/114"}],"up":[{"embeddable":true,"href":"https:\/\/exactas.uba.ar\/evento\/noche-museos\/wp-json\/wp\/v2\/pages\/13"}],"wp:attachment":[{"href":"https:\/\/exactas.uba.ar\/evento\/noche-museos\/wp-json\/wp\/v2\/media?parent=24"}],"curies":[{"name":"wp","href":"https:\/\/api.w.org\/{rel}","templated":true}]}}