{"id":22,"date":"2024-11-04T12:28:19","date_gmt":"2024-11-04T15:28:19","guid":{"rendered":"https:\/\/exactas.uba.ar\/evento\/noche-museos\/?page_id=22"},"modified":"2025-11-03T09:22:44","modified_gmt":"2025-11-03T12:22:44","slug":"museos","status":"publish","type":"page","link":"https:\/\/exactas.uba.ar\/evento\/noche-museos\/exactas\/museos\/","title":{"rendered":"Museos"},"content":{"rendered":"<h2>Aula Museo Hermitte<\/h2>\n<p><span data-sheets-root=\"1\">Recorrida por la exhibici\u00f3n donde podr\u00e1s encontrar material did\u00e1ctico antiguo, equipamiento espec\u00edfico de trabajo geol\u00f3gico y material institucional. Te invitamos a conocer la metodolog\u00eda utilizada para la ense\u00f1anza de la geolog\u00eda desde fines del siglo XIX en la Universidad de Buenos Aires.<\/span><\/p>\n<p><span data-sheets-root=\"1\">Departamento de Ciencias Geol\u00f3gicas<br \/>\n<\/span>Visita a museo<br \/>\nMuseo del Departamento de Ciencias Geol\u00f3gicas, Entre piso, Pabell\u00f3n 2<\/p>\n<h2>Museo de Mineralog\u00eda Edelmira Mortola<\/h2>\n<p>Te invitamos a recorrer las vitrinas y reflexionar sobre el incre\u00edble mundo de los minerales y su importancia en la vida cotidiana.<\/p>\n<p>Departamento de Ciencias Geol\u00f3gicas<br \/>\nVisita a museo con gu\u00eda<br \/>\nMuseo del Departamento de Ciencias Geol\u00f3gicas, 1er piso, Pabell\u00f3n 2<\/p>\n<h2>Museo Interactivo de Matem\u00e1tica \u201cMateUBA\u201d<\/h2>\n<p>Exposici\u00f3n l\u00fadica que ilustra, expresa y recrea teor\u00edas matem\u00e1ticas a trav\u00e9s de ideas del dise\u00f1o y el arte.<\/p>\n<p>Departamento de Matem\u00e1tica<br \/>\nVisita a museo<br \/>\nCorredores, Planta Baja Cero + Infinito<\/p>\n","protected":false},"excerpt":{"rendered":"<p>Aula Museo Hermitte Recorrida por la exhibici\u00f3n donde podr\u00e1s encontrar material did\u00e1ctico antiguo, equipamiento espec\u00edfico de trabajo geol\u00f3gico y material institucional. Te invitamos a conocer la metodolog\u00eda utilizada para la ense\u00f1anza de la geolog\u00eda desde fines del siglo XIX en &hellip; <a href=\"https:\/\/exactas.uba.ar\/evento\/noche-museos\/exactas\/museos\/\">Continue reading <span class=\"meta-nav\">&rarr;<\/span><\/a><\/p>\n","protected":false},"author":1,"featured_media":0,"parent":13,"menu_order":30,"comment_status":"closed","ping_status":"closed","template":"","meta":{"footnotes":""},"class_list":["post-22","page","type-page","status-publish","hentry"],"_links":{"self":[{"href":"https:\/\/exactas.uba.ar\/evento\/noche-museos\/wp-json\/wp\/v2\/pages\/22","targetHints":{"allow":["GET"]}}],"collection":[{"href":"https:\/\/exactas.uba.ar\/evento\/noche-museos\/wp-json\/wp\/v2\/pages"}],"about":[{"href":"https:\/\/exactas.uba.ar\/evento\/noche-museos\/wp-json\/wp\/v2\/types\/page"}],"author":[{"embeddable":true,"href":"https:\/\/exactas.uba.ar\/evento\/noche-museos\/wp-json\/wp\/v2\/users\/1"}],"replies":[{"embeddable":true,"href":"https:\/\/exactas.uba.ar\/evento\/noche-museos\/wp-json\/wp\/v2\/comments?post=22"}],"version-history":[{"count":3,"href":"https:\/\/exactas.uba.ar\/evento\/noche-museos\/wp-json\/wp\/v2\/pages\/22\/revisions"}],"predecessor-version":[{"id":98,"href":"https:\/\/exactas.uba.ar\/evento\/noche-museos\/wp-json\/wp\/v2\/pages\/22\/revisions\/98"}],"up":[{"embeddable":true,"href":"https:\/\/exactas.uba.ar\/evento\/noche-museos\/wp-json\/wp\/v2\/pages\/13"}],"wp:attachment":[{"href":"https:\/\/exactas.uba.ar\/evento\/noche-museos\/wp-json\/wp\/v2\/media?parent=22"}],"curies":[{"name":"wp","href":"https:\/\/api.w.org\/{rel}","templated":true}]}}