{"id":15,"date":"2024-11-04T12:15:42","date_gmt":"2024-11-04T15:15:42","guid":{"rendered":"https:\/\/exactas.uba.ar\/evento\/noche-museos\/?page_id=15"},"modified":"2025-11-07T10:18:47","modified_gmt":"2025-11-07T13:18:47","slug":"salas-de-escape","status":"publish","type":"page","link":"https:\/\/exactas.uba.ar\/evento\/noche-museos\/exactas\/salas-de-escape\/","title":{"rendered":"Salas de escape"},"content":{"rendered":"<h2><span style=\"font-weight: 400\">Mar Profundo: Una aventura submarina<\/span><\/h2>\n<p><span style=\"font-weight: 400\">Todos disfrutamos viendo el streaming del CONICET, pero\u2026 \u00bfqu\u00e9 pasar\u00eda si estuvi\u00e9ramos atrapados en el fondo del mar? En esta sala de escape los participantes estar\u00e1n en las profundidades junto al ROV SuBastian, y deber\u00e1n descubrir la clave que les permita volver a la superficie. Usaremos adivinanzas en las que se debe usar la l\u00f3gica y algunos conocimientos adquiridos en el streaming para ir desentra\u00f1ando el misterio. La idea es divertirse y seguir aprendiendo algo sobre la fauna de profundidad que hay en nuestro mar.<\/span><\/p>\n<p><span style=\"font-weight: 400\">Departamento de Biodiversidad y Biolog\u00eda Experimental<\/span><span style=\"font-weight: 400\"><br \/>\n<\/span><span style=\"font-weight: 400\">Sala de escape 19.30, 20.30, 21.30, 22.30 y 23.30.<\/span><span style=\"font-weight: 400\"><br \/>\n<\/span><span style=\"font-weight: 400\">Aula 1304, Planta Baja Cero + Infinito<\/span><\/p>\n<h2><span style=\"font-weight: 400\">ViroEscape, en b\u00fasqueda del antiviral<\/span><\/h2>\n<p><span style=\"font-weight: 400\">Una nueva pandemia nos amenaza. Un virus mut\u00f3 y se transform\u00f3 r\u00e1pidamente en un riesgo para la humanidad. Un grupo de investigadores est\u00e1 cerca de encontrar un tratamiento y, adem\u00e1s, est\u00e1 estudiando una posible vacuna. El problema es que fueron expuestos al virus y deben permanecer en cuarentena. La \u00fanica esperanza es que nos ayudes a terminar sus ensayos para dar fin a esta epidemia. A trav\u00e9s de diferentes acertijos y experiencias, podr\u00e1s atravesar los obst\u00e1culos para lograr el objetivo y salir de la sala de escape. \u00bfTe animas a combatir la pandemia?<\/span><\/p>\n<p><span style=\"font-weight: 400\">Departamento de Qu\u00edmica Biol\u00f3gica<\/span><span style=\"font-weight: 400\"><br \/>\n<\/span><span style=\"font-weight: 400\">Sala de escape 19.30, 20.30, 21.30, 22.30 y 23.30.<\/span><span style=\"font-weight: 400\"><br \/>\n<\/span><span style=\"font-weight: 400\">Sal\u00f3n Roberto Arlt, Pabell\u00f3n 2<\/span><\/p>\n<h2><span style=\"font-weight: 400\">El \u00faltimo subsidio: Misi\u00f3n PDX1<\/span><\/h2>\n<p><span style=\"font-weight: 400\">La Facultad de Ciencias Exactas de la UBA ha sido clausurada por falta de presupuesto. Un equipo de cient\u00edficos est\u00e1 a punto de lograr un avance clave en la cura del c\u00e1ncer de p\u00e1ncreas y obtener un subsidio internacional. Pero falta una \u00faltima prueba. Con la facultad cerrada y el tiempo en contra, deber\u00e1n infiltrarse, recuperar los datos y enviarlos antes de la medianoche. El futuro del proyecto, y de muchas vidas, depende de ellos. \u00bfSe animan a arriesgarlo todo?<\/span><\/p>\n<p><span style=\"font-weight: 400\">Departamento de Qu\u00edmica Biol\u00f3gica<\/span><span style=\"font-weight: 400\"><br \/>\n<\/span><span style=\"font-weight: 400\">Sala de escape 19.30, 20.30, 21.30, 22.30 y 23.30.<\/span><span style=\"font-weight: 400\"><br \/>\n<\/span><span style=\"font-weight: 400\">SUM y aula de Seminarios, Pabell\u00f3n 2<\/span><\/p>\n<h2><span style=\"font-weight: 400\">Escapando del cambio clim\u00e1tico<\/span><\/h2>\n<p><span style=\"font-weight: 400\">\u00a1Bienvenidos a nuestra sala de escape! En esta aventura, tendr\u00e1s que resolver acertijos y desaf\u00edos para armar un informe crucial sobre el cambio clim\u00e1tico. A medida que avanzas, aprender\u00e1s sobre el clima, los oc\u00e9anos, el medio ambiente y c\u00f3mo nuestras acciones impactan el planeta. \u00a1Cada pista te acerca m\u00e1s a salvar el futuro! \u00bfPodr\u00e1s completar la misi\u00f3n y ayudar a proteger nuestro mundo?<\/span><\/p>\n<p><span style=\"font-weight: 400\">Departamento de Ciencias de la Atm\u00f3sfera y los Oc\u00e9anos<\/span><span style=\"font-weight: 400\"><br \/>\n<\/span><span style=\"font-weight: 400\">Sala de escape 19.30, 20.30, 21.30, 22.30 y 23.30.<\/span><span style=\"font-weight: 400\"><br \/>\n<\/span><span style=\"font-weight: 400\">Sala de Ping Pong, Pabell\u00f3n 2<\/span><\/p>\n<h2><span style=\"font-weight: 400\">El misterio de la tortuga<\/span><\/h2>\n<p><span style=\"font-weight: 400\">Zen\u00f3n de Elea contaba la historia de Aquiles y la Tortuga. Aquiles, el de los pies ligeros, corre una carrera contra la tortuga, pero como es diez veces m\u00e1s r\u00e1pido le da 10 metros de ventaja. Cuando Aquiles corre esos diez metros, la tortuga corre uno. Cuando Aquiles cubre ese metro, la tortuga avanza 10 cm. Cuando Aquiles pasa esos 10 cm, la tortuga se mueve un cent\u00edmetro. Y as\u00ed indefinidamente. Aquiles nunca puede alcanzar a la tortuga.<\/span><\/p>\n<p><span style=\"font-weight: 400\">Aquella famosa tortuga ha desvelado a los matem\u00e1ticos durante siglos. Pero ha sido raptada. Los participantes deber\u00e1n resolver una serie de enigmas para intentar rescatarla. \u00bfPodr\u00e1n o quedar\u00e1n inevitablemente atr\u00e1s, como Aquiles?<\/span><\/p>\n<p><span style=\"font-weight: 400\">Departamento de Matem\u00e1tica<\/span><span style=\"font-weight: 400\"><br \/>\n<\/span><span style=\"font-weight: 400\">Sala de escape 19.30, 20.30, 21.30, 22.30 y 23.30.<\/span><span style=\"font-weight: 400\"><br \/>\n<\/span><span style=\"font-weight: 400\">Aula 1305, Planta Baja Cero + Infinito<\/span><\/p>\n<h2><span style=\"font-weight: 400\">Atrapados en el centro de la V\u00eda L\u00e1ctea<\/span><\/h2>\n<p><span style=\"font-weight: 400\">Existe un juego que comenz\u00f3 hace 14 mil millones de a\u00f1os, no pod\u00e9s ganar, no pod\u00e9s empatar y no pod\u00e9s escapar, \u00bfo s\u00ed?<\/span><\/p>\n<p><span style=\"font-weight: 400\">Instituto de Astronom\u00eda y F\u00edsica del Espacio<\/span><span style=\"font-weight: 400\"><br \/>\n<\/span><span style=\"font-weight: 400\">Sala de escape 19.30, 20.30, 21.30, 22.30 y 23.30.<\/span><span style=\"font-weight: 400\"><br \/>\n<\/span><span style=\"font-weight: 400\">Aula 1302, Planta Baja Cero + Infinito<\/span><\/p>\n<h2><span style=\"font-weight: 400\">Al rescate de la central nuclear<\/span><\/h2>\n<p><span style=\"font-weight: 400\">Est\u00e1s en la sala de control de la central nuclear de Atucha. El villano Le\u00f3n Gepet\u00e9 quiere desprestigiar al sistema cient\u00edfico-t\u00e9cnico argentino saboteando el funcionamiento del reactor. Si no pod\u00e9s abortar el sabotaje en menos de 40&#8242;, el reactor se apagar\u00e1 dejando sin electricidad a una importante parte de la poblaci\u00f3n. \u00a1S\u00f3lo vos pod\u00e9s evitarlo!<\/span><\/p>\n<p><span style=\"font-weight: 400\">Departamento de F\u00edsica<\/span><span style=\"font-weight: 400\"><br \/>\n<\/span><span style=\"font-weight: 400\">Sala de escape 19.30, 20.30, 21.30, 22.30 y 23.30.<\/span><span style=\"font-weight: 400\"><br \/>\n<\/span><span style=\"font-weight: 400\">Aula 1301, Planta Baja Cero + Infinito<\/span><\/p>\n<h2><span style=\"font-weight: 400\">Crimen en el laboratorio<\/span><\/h2>\n<p><span style=\"font-weight: 400\">Un asesinato en el laboratorio, un pu\u00f1ado de sospechosos\u2026 Y la \u00fanica pista son fragmentos de ADN. En esta sala de escape deber\u00e1n convertirse en bioinform\u00e1ticos: ensamblar secuencias, descifrar c\u00f3digos gen\u00f3micos y usar la ciencia para atrapar al culpable antes de que sea demasiado tarde.<\/span><\/p>\n<p><span style=\"font-weight: 400\">Departamento de Qu\u00edmica Biol\u00f3gica<\/span><span style=\"font-weight: 400\"><br \/>\n<\/span><span style=\"font-weight: 400\">Sala de escape 19.30, 20.30, 21.30, 22.30 y 23.30.<\/span><span style=\"font-weight: 400\"><br \/>\n<\/span><span style=\"font-weight: 400\">Aula 1303, Planta Baja Cero + Infinito<\/span><\/p>\n<h2><span style=\"font-weight: 400\">La roca perdida: Un viaje por el tiempo geol\u00f3gico<\/span><\/h2>\n<p><span style=\"font-weight: 400\">\u00bfTe anim\u00e1s a seguir el rastro de una roca a trav\u00e9s de millones de a\u00f1os? En esta sala de escape, vas a embarcarte en una aventura donde cada pista revela parte de una historia escondida bajo la superficie terrestre. A trav\u00e9s de estaciones interactivas, desaf\u00edos visuales y muestras reales de rocas, vas a reconstruir el incre\u00edble viaje de una roca desde las profundidades del planeta hasta lo m\u00e1s alto de una cordillera. Mediante la curiosidad y la resoluci\u00f3n de enigmas, adentrate al mundo de la geolog\u00eda. \u00a1Descubr\u00ed el pasado de la Tierra jugando!<\/span><\/p>\n<p><span style=\"font-weight: 400\">Departamento de Ciencias Geol\u00f3gicas<\/span><span style=\"font-weight: 400\"><br \/>\n<\/span><span style=\"font-weight: 400\">Sala de escape 19.30, 20.30, 21.30, 22.30 y 23.30.<\/span><span style=\"font-weight: 400\"><br \/>\n<\/span><span style=\"font-weight: 400\">Aula Caminos del Departamento de Geolog\u00eda (1er piso), Pabell\u00f3n 2<\/span><\/p>\n<h2><span style=\"font-weight: 400\">Detectives ambientales<\/span><\/h2>\n<p><span style=\"font-weight: 400\">El ambiente en el que vivimos est\u00e1 en peligro. La actividad humana est\u00e1 generando alteraciones por el uso de agentes qu\u00edmicos, f\u00edsicos e incluso biol\u00f3gicos. Las pistas te guiar\u00e1n para conocer distintos factores que perjudican al ecosistema. \u00a1Ven\u00ed y descubr\u00ed c\u00f3mo disminuir este impacto!<\/span><\/p>\n<p><span style=\"font-weight: 400\">Departamento de Biodiversidad y Biolog\u00eda Experimental<\/span><span style=\"font-weight: 400\"><br \/>\n<\/span><span style=\"font-weight: 400\">Sala de escape 19.30, 20.30, 21.30, 22.30 y 23.30.<\/span><span style=\"font-weight: 400\"><br \/>\n<\/span><span style=\"font-weight: 400\">Aula 15, Pabell\u00f3n 2<\/span><\/p>\n<h2><span style=\"font-weight: 400\">El enigma de Leloir<\/span><\/h2>\n<p><span style=\"font-weight: 400\">El Dr. Leloir se qued\u00f3 dormido en su escritorio e inmediatamente se encuentra sumergido en una pesadilla epistolar donde se mezclan varios sucesos de su vida, su estudio personal y su laboratorio. Requerir\u00e1 de la ayuda de todos sus colaboradores para resolver los enigmas y finalmente despertar.<\/span><\/p>\n<p><span style=\"font-weight: 400\">Biblioteca Central &#8220;Luis F. Leloir&#8221;<\/span><span style=\"font-weight: 400\"><br \/>\n<\/span><span style=\"font-weight: 400\">Sala de escape 19.30, 20.30, 21.30, 22.30 y 23.30.<\/span><span style=\"font-weight: 400\"><br \/>\n<\/span><span style=\"font-weight: 400\">Hall de Biblioteca, Pabell\u00f3n 2<\/span><\/p>\n<h2><span style=\"font-weight: 400\">Hackeando misterios<\/span><\/h2>\n<p><span style=\"font-weight: 400\">Somos parte del equipo de hackers que debe ayudar a borrar los archivos de un cient\u00edfico malvado que amenaza con desvelar los m\u00e1s grandes secretos en estos m\u00e1s de 150 a\u00f1os de historia de nuestra facultad. Ayudemos a resolver los desaf\u00edos y misterios que se nos presentan en este laboratorio de investigaciones en lo m\u00e1s profundo del Departamento de Computaci\u00f3n.<\/span><\/p>\n<p><span style=\"font-weight: 400\">Departamento de Computaci\u00f3n<\/span><span style=\"font-weight: 400\"><br \/>\n<\/span><span style=\"font-weight: 400\">Sala de escape 19.30, 20.30, 21.30, 22.30 y 23.30.<\/span><span style=\"font-weight: 400\"><br \/>\n<\/span><span style=\"font-weight: 400\">Aula 1209, Pabell\u00f3n 2<\/span><\/p>\n","protected":false},"excerpt":{"rendered":"<p>Mar Profundo: Una aventura submarina Todos disfrutamos viendo el streaming del CONICET, pero\u2026 \u00bfqu\u00e9 pasar\u00eda si estuvi\u00e9ramos atrapados en el fondo del mar? En esta sala de escape los participantes estar\u00e1n en las profundidades junto al ROV SuBastian, y deber\u00e1n &hellip; <a href=\"https:\/\/exactas.uba.ar\/evento\/noche-museos\/exactas\/salas-de-escape\/\">Continue reading <span class=\"meta-nav\">&rarr;<\/span><\/a><\/p>\n","protected":false},"author":1,"featured_media":0,"parent":13,"menu_order":20,"comment_status":"closed","ping_status":"closed","template":"","meta":{"footnotes":""},"class_list":["post-15","page","type-page","status-publish","hentry"],"_links":{"self":[{"href":"https:\/\/exactas.uba.ar\/evento\/noche-museos\/wp-json\/wp\/v2\/pages\/15","targetHints":{"allow":["GET"]}}],"collection":[{"href":"https:\/\/exactas.uba.ar\/evento\/noche-museos\/wp-json\/wp\/v2\/pages"}],"about":[{"href":"https:\/\/exactas.uba.ar\/evento\/noche-museos\/wp-json\/wp\/v2\/types\/page"}],"author":[{"embeddable":true,"href":"https:\/\/exactas.uba.ar\/evento\/noche-museos\/wp-json\/wp\/v2\/users\/1"}],"replies":[{"embeddable":true,"href":"https:\/\/exactas.uba.ar\/evento\/noche-museos\/wp-json\/wp\/v2\/comments?post=15"}],"version-history":[{"count":7,"href":"https:\/\/exactas.uba.ar\/evento\/noche-museos\/wp-json\/wp\/v2\/pages\/15\/revisions"}],"predecessor-version":[{"id":115,"href":"https:\/\/exactas.uba.ar\/evento\/noche-museos\/wp-json\/wp\/v2\/pages\/15\/revisions\/115"}],"up":[{"embeddable":true,"href":"https:\/\/exactas.uba.ar\/evento\/noche-museos\/wp-json\/wp\/v2\/pages\/13"}],"wp:attachment":[{"href":"https:\/\/exactas.uba.ar\/evento\/noche-museos\/wp-json\/wp\/v2\/media?parent=15"}],"curies":[{"name":"wp","href":"https:\/\/api.w.org\/{rel}","templated":true}]}}