{"id":87,"date":"2025-10-14T15:32:12","date_gmt":"2025-10-14T18:32:12","guid":{"rendered":"https:\/\/exactas.uba.ar\/evento\/mastalento\/?page_id=87"},"modified":"2025-10-24T13:14:56","modified_gmt":"2025-10-24T16:14:56","slug":"recursos-laborales","status":"publish","type":"page","link":"https:\/\/exactas.uba.ar\/evento\/mastalento\/inicio\/recursos-laborales\/","title":{"rendered":"Recursos laborales FCEN"},"content":{"rendered":"<p>La difusi\u00f3n de ofertas de empleo de la Facultad de Ciencias Exactas y Naturales tiene como principal objetivo <span style=\"text-decoration: underline\">promover la inserci\u00f3n laboral de sus estudiantes y graduadas\/os<\/span>, <strong>facilitando el contacto<\/strong> entre estos grupos y <strong>aquellas instituciones, empresas y organismos p\u00fablicos cuya actividad se encuentre vinculada con las <a href=\"https:\/\/exactas.uba.ar\/ensenanza\/carreras-de-grado\/\">carreras<\/a><\/strong> que se dictan en la instituci\u00f3n.<\/p>\n<p style=\"text-align: center\"><strong>Ofertas de trabajo profesional<\/strong><\/p>\n<p>\u00a0Para ello, Exactas ofrece a las entidades interesadas en reclutar a sus estudiantes o graduadas\/os el servicio de difusi\u00f3n de anuncios de empleo de perfiles laborales espec\u00edficos.<\/p>\n<p>Ante cualquier consulta, comunicarse con el \u00c1rea de Graduados de la Facultad a trav\u00e9s de la casilla <a href=\"recursos_laborales@de.fcen.uba.ar\">recursos_laborales@de.fcen.uba.ar<\/a><\/p>\n<hr \/>\n<ul>\n<li><a href=\"https:\/\/exactas.uba.ar\/alta-de-solicitudes\/\">Carga de ofertas por parte instituciones o empresas<\/a><\/li>\n<li><a href=\"https:\/\/exactas.uba.ar\/ofertas-de-trabajo-profesional\/ofertas-activas-estudiantes\/\">Ofertas activas para estudiantes<\/a><\/li>\n<li><a href=\"https:\/\/exactas.uba.ar\/ofertas-de-trabajo-profesional\/ofertas-activas-graduados\/\">Ofertas activas para graduados\/as<\/a><\/li>\n<\/ul>\n<hr \/>\n<blockquote><p><strong>Informaci\u00f3n importante<\/strong>: \u00abPor resoluci\u00f3n del Consejo Directivo de la Facultad de Ciencias Exactas y Naturales 2261\/2004, art. 2do. se aclara: \u201cla publicaci\u00f3n de las ofertas por parte de la Facultad no generar\u00e1 responsabilidades de ning\u00fan tipo tanto para con los oferentes del puesto laboral profesional como para quienes sean postulantes al mismo y solo ser\u00e1 un puente informativo entre ambas partes\u201d.<\/p><\/blockquote>\n","protected":false},"excerpt":{"rendered":"<p>La difusi\u00f3n de ofertas de empleo de la Facultad de Ciencias Exactas y Naturales tiene como principal objetivo promover la inserci\u00f3n laboral de sus estudiantes y graduadas\/os, facilitando el contacto entre estos grupos y aquellas instituciones, empresas y organismos p\u00fablicos &hellip; <a href=\"https:\/\/exactas.uba.ar\/evento\/mastalento\/inicio\/recursos-laborales\/\">Continue reading <span class=\"meta-nav\">&rarr;<\/span><\/a><\/p>\n","protected":false},"author":16,"featured_media":0,"parent":8,"menu_order":5,"comment_status":"closed","ping_status":"closed","template":"","meta":{"footnotes":""},"class_list":["post-87","page","type-page","status-publish","hentry"],"_links":{"self":[{"href":"https:\/\/exactas.uba.ar\/evento\/mastalento\/wp-json\/wp\/v2\/pages\/87","targetHints":{"allow":["GET"]}}],"collection":[{"href":"https:\/\/exactas.uba.ar\/evento\/mastalento\/wp-json\/wp\/v2\/pages"}],"about":[{"href":"https:\/\/exactas.uba.ar\/evento\/mastalento\/wp-json\/wp\/v2\/types\/page"}],"author":[{"embeddable":true,"href":"https:\/\/exactas.uba.ar\/evento\/mastalento\/wp-json\/wp\/v2\/users\/16"}],"replies":[{"embeddable":true,"href":"https:\/\/exactas.uba.ar\/evento\/mastalento\/wp-json\/wp\/v2\/comments?post=87"}],"version-history":[{"count":7,"href":"https:\/\/exactas.uba.ar\/evento\/mastalento\/wp-json\/wp\/v2\/pages\/87\/revisions"}],"predecessor-version":[{"id":144,"href":"https:\/\/exactas.uba.ar\/evento\/mastalento\/wp-json\/wp\/v2\/pages\/87\/revisions\/144"}],"up":[{"embeddable":true,"href":"https:\/\/exactas.uba.ar\/evento\/mastalento\/wp-json\/wp\/v2\/pages\/8"}],"wp:attachment":[{"href":"https:\/\/exactas.uba.ar\/evento\/mastalento\/wp-json\/wp\/v2\/media?parent=87"}],"curies":[{"name":"wp","href":"https:\/\/api.w.org\/{rel}","templated":true}]}}