{"id":84,"date":"2025-10-14T15:30:33","date_gmt":"2025-10-14T18:30:33","guid":{"rendered":"https:\/\/exactas.uba.ar\/evento\/mastalento\/?page_id=84"},"modified":"2025-10-31T11:37:13","modified_gmt":"2025-10-31T14:37:13","slug":"programa","status":"publish","type":"page","link":"https:\/\/exactas.uba.ar\/evento\/mastalento\/inicio\/programa\/","title":{"rendered":"Programa de la jornada"},"content":{"rendered":"<hr \/>\n<p dir=\"ltr\" style=\"text-align: center;\">\ud83d\udcccTodas las actividades se llevar\u00e1n a cabo en el <b>pabell\u00f3n Cero+Infinito<\/b><\/p>\n<p dir=\"ltr\" style=\"text-align: center;\">consultas: <em> <a class=\"moz-txt-link-abbreviated\" href=\"mailto:graduados@de.fcen.uba.ar\">graduados@de.fcen.uba.ar<\/a><\/em><\/p>\n<hr \/>\n<p dir=\"ltr\" style=\"text-align: center;\">\ud83d\udc49\ud83c\udffc<strong>STANDS<\/strong><br \/>\n\u23f0\u00a0<strong>Hora<\/strong> y lugar: de <strong>12<\/strong>hs a 20hs. -\ud83d\udccd en la zona de aulas 1401\/1402<\/p>\n<hr \/>\n<p dir=\"ltr\" style=\"text-align: center;\">\ud83d\udc49\ud83c\udffc <strong>TALLER<\/strong><br \/>\n\u00ab Taller Express: <em>Busco mi primer trabajo \u00bb<br \/>\n<\/em><strong>\u23f0 Hora<\/strong> y lugar: <strong>10.45<\/strong>hs a 12.30hs. -\ud83d\udccd <strong>Aula 1114<\/strong><\/p>\n<hr \/>\n<p dir=\"ltr\" style=\"text-align: center;\">\ud83d\udc49\ud83c\udffc<strong>CHARLAS<\/strong><\/p>\n<ul>\n<li dir=\"ltr\">\n<p dir=\"ltr\"><span style=\"text-decoration: underline;\">Mi primera experiencia laboral: entrevistas y pasant\u00edas educativas<\/span><\/p>\n<p><em>\u00a0Enterate c\u00f3mo funcionan las pasant\u00edas educativas que anuncia la Facultad y ven\u00ed a conversar sobre c\u00f3mo prepararte para una entrevista laboral.<\/em><\/li>\n<\/ul>\n<p dir=\"ltr\" style=\"text-align: center;\">\u23f0 <strong>Hora<\/strong> y lugar: <strong>12:30<\/strong>hs a 14hs. &#8211; \ud83d\udccd Aula <strong>1401<\/strong><\/p>\n<ul>\n<li dir=\"ltr\">\n<p dir=\"ltr\"><span style=\"text-decoration: underline;\">Palabras inaugurales a cargo de la vicedecana Valeria Levi<\/span><\/p>\n<\/li>\n<\/ul>\n<p dir=\"ltr\" style=\"text-align: center;\">\u23f0 <strong>Hora<\/strong> y lugar: <strong>14:00<\/strong>hs\u00a0 &#8211; \ud83d\udccd Aula <strong>1401<\/strong><\/p>\n<ul>\n<li dir=\"ltr\">\n<p dir=\"ltr\"><span style=\"text-decoration: underline;\">Experiencias de vinculaci\u00f3n con el medio socio-productivo<\/span><\/p>\n<\/li>\n<\/ul>\n<p dir=\"ltr\"><em>\u00a0\u00bfC\u00f3mo es investigar generando impacto? \u00bfPuedo vincularme con la industria como investigador? Las demandas y necesidades como generadoras de &#8216;problemas a resolver&#8217;, y la academia co-creando junto con el medio socio-productivo las soluciones.<\/em><\/p>\n<p dir=\"ltr\" style=\"text-align: center;\">\u23f0 <strong>Hora<\/strong> y lugar: <strong>15<\/strong>hs a 16:30hs. &#8211; \ud83d\udccd Aula <strong>1401<\/strong><\/p>\n<ul>\n<li dir=\"ltr\">\n<p dir=\"ltr\"><span style=\"text-decoration: underline;\">Compartir Ciencia: ense\u00f1ar, contar y entusiasmar<\/span><\/p>\n<\/li>\n<\/ul>\n<p dir=\"ltr\"><em>\u00a0Experiencias que muestran c\u00f3mo ense\u00f1ar, contar y entusiasmar con la ciencia en la escuela, la universidad y la comunidad.<\/em><\/p>\n<p dir=\"ltr\" style=\"text-align: center;\">\u23f0 <strong>Hora<\/strong> y lugar: <strong>17:30<\/strong>hs a 18:30 hs. &#8211; \ud83d\udccd Aula <strong>1401<\/strong><\/p>\n<ul>\n<li dir=\"ltr\">\n<p dir=\"ltr\"><span style=\"text-decoration: underline;\">Experiencias que inspiran a emprender desde la ciencia<\/span><\/p>\n<\/li>\n<\/ul>\n<p dir=\"ltr\"><em>\u00a0Una charla para explorar qu\u00e9 significa emprender desde la ciencia, c\u00f3mo dar los primeros pasos y de qu\u00e9 manera la Facultad puede acompa\u00f1ar en el camino.<\/em><\/p>\n<p dir=\"ltr\" style=\"text-align: center;\">\u23f0 <strong>Hora<\/strong> y lugar: <strong>18:30<\/strong>-20 hs. \ud83d\udccd Aula <strong>1401<\/strong><\/p>\n<hr \/>\n<p dir=\"ltr\" style=\"text-align: center;\">\u00a0\ud83d\ude4c\ud83c\udffc La asistencia es\u00a0<span style=\"text-decoration: underline;\">abierta a todo p\u00fablico<\/span>.<br \/>\n\u00a1<strong>Les esperamos<\/strong>!<\/p>\n<hr \/>\n<p style=\"text-align: right;\"><strong>Convocan<\/strong>:<br \/>\n<em>Subsecretaria de Graduados y Graduadas<br \/>\n<\/em><em>Subsecretar\u00eda de Vinculaci\u00f3n, Innovaci\u00f3n y Transferencia Tecnol\u00f3gica<br \/>\n<\/em><em>Secretar\u00eda de Extensi\u00f3n, Cultura Cient\u00edfica y Bienestar<\/em><\/p>\n<p style=\"text-align: right;\"><a href=\"http:\/\/exactas.uba.ar\"><em>Facultad de Ciencias Exactas y Naturales<\/em><\/a><br \/>\n<em>Universidad de Buenos Aires<\/em><\/p>\n","protected":false},"excerpt":{"rendered":"<p>\ud83d\udcccTodas las actividades se llevar\u00e1n a cabo en el pabell\u00f3n Cero+Infinito consultas: graduados@de.fcen.uba.ar \ud83d\udc49\ud83c\udffcSTANDS \u23f0\u00a0Hora y lugar: de 12hs a 20hs. -\ud83d\udccd en la zona de aulas 1401\/1402 \ud83d\udc49\ud83c\udffc TALLER \u00ab Taller Express: Busco mi primer trabajo \u00bb \u23f0 Hora &hellip; <a href=\"https:\/\/exactas.uba.ar\/evento\/mastalento\/inicio\/programa\/\">Continue reading <span class=\"meta-nav\">&rarr;<\/span><\/a><\/p>\n","protected":false},"author":16,"featured_media":0,"parent":8,"menu_order":2,"comment_status":"closed","ping_status":"closed","template":"","meta":{"footnotes":""},"class_list":["post-84","page","type-page","status-publish","hentry"],"_links":{"self":[{"href":"https:\/\/exactas.uba.ar\/evento\/mastalento\/wp-json\/wp\/v2\/pages\/84","targetHints":{"allow":["GET"]}}],"collection":[{"href":"https:\/\/exactas.uba.ar\/evento\/mastalento\/wp-json\/wp\/v2\/pages"}],"about":[{"href":"https:\/\/exactas.uba.ar\/evento\/mastalento\/wp-json\/wp\/v2\/types\/page"}],"author":[{"embeddable":true,"href":"https:\/\/exactas.uba.ar\/evento\/mastalento\/wp-json\/wp\/v2\/users\/16"}],"replies":[{"embeddable":true,"href":"https:\/\/exactas.uba.ar\/evento\/mastalento\/wp-json\/wp\/v2\/comments?post=84"}],"version-history":[{"count":29,"href":"https:\/\/exactas.uba.ar\/evento\/mastalento\/wp-json\/wp\/v2\/pages\/84\/revisions"}],"predecessor-version":[{"id":168,"href":"https:\/\/exactas.uba.ar\/evento\/mastalento\/wp-json\/wp\/v2\/pages\/84\/revisions\/168"}],"up":[{"embeddable":true,"href":"https:\/\/exactas.uba.ar\/evento\/mastalento\/wp-json\/wp\/v2\/pages\/8"}],"wp:attachment":[{"href":"https:\/\/exactas.uba.ar\/evento\/mastalento\/wp-json\/wp\/v2\/media?parent=84"}],"curies":[{"name":"wp","href":"https:\/\/api.w.org\/{rel}","templated":true}]}}