{"id":8,"date":"2025-08-26T14:34:39","date_gmt":"2025-08-26T17:34:39","guid":{"rendered":"https:\/\/exactas.uba.ar\/evento\/mastalento\/?page_id=8"},"modified":"2025-10-24T15:37:00","modified_gmt":"2025-10-24T18:37:00","slug":"inicio","status":"publish","type":"page","link":"https:\/\/exactas.uba.ar\/evento\/mastalento\/","title":{"rendered":"Inicio"},"content":{"rendered":"<h3><\/h3>\n<h3><strong><span style=\"color: #ff9900;font-size: 2.4em\">+Talento<\/span><\/strong><\/h3>\n<p dir=\"ltr\">\u00a0En el marco de esta primera edici\u00f3n de +Talento Exactas y Naturales: Jornada de Desarrollo Profesional <strong>participar\u00e1n m\u00e1s de 30 empresas del sector socio-productivo y organizaciones<\/strong> que quieren vincularse con <u>estudiantes y graduados\/as<\/u> de la FCEN.<\/p>\n<p dir=\"ltr\">\u00a0En complemento con los stands propuestos para que nuestra comunidad estreche v\u00ednculos con los entes presentes, se realizar\u00e1n distintas <strong>charlas de inter\u00e9s<\/strong> <span style=\"text-decoration: underline\">para pensar la salida laboral desde nuestras carreras<\/span> y un <strong>taller<\/strong> brindado por la Direcci\u00f3n de <span style=\"text-decoration: underline\">Orientaci\u00f3n Vocacional<\/span> (<strong>DOV<\/strong>).<\/p>\n<hr \/>\n<p dir=\"ltr\" style=\"text-align: center\">\u00a0Programa completo de la jornada, <a href=\"https:\/\/exactas.uba.ar\/evento\/mastalento\/inicio\/programa\/\">aqu\u00ed<\/a><\/p>\n<p><a href=\"https:\/\/exactas.uba.ar\/evento\/mastalento\/inicio\/programa\/\"><img loading=\"lazy\" decoding=\"async\" class=\"aligncenter size-full wp-image-131\" src=\"https:\/\/exactas.uba.ar\/evento\/mastalento\/wp-content\/uploads\/sites\/16\/2025\/10\/mastalento-STANDS-TALLER-CHARLAS-v1.jpeg\" alt=\"\" width=\"1079\" height=\"698\" srcset=\"https:\/\/exactas.uba.ar\/evento\/mastalento\/wp-content\/uploads\/sites\/16\/2025\/10\/mastalento-STANDS-TALLER-CHARLAS-v1.jpeg 1079w, https:\/\/exactas.uba.ar\/evento\/mastalento\/wp-content\/uploads\/sites\/16\/2025\/10\/mastalento-STANDS-TALLER-CHARLAS-v1-300x194.jpeg 300w, https:\/\/exactas.uba.ar\/evento\/mastalento\/wp-content\/uploads\/sites\/16\/2025\/10\/mastalento-STANDS-TALLER-CHARLAS-v1-1024x662.jpeg 1024w, https:\/\/exactas.uba.ar\/evento\/mastalento\/wp-content\/uploads\/sites\/16\/2025\/10\/mastalento-STANDS-TALLER-CHARLAS-v1-768x497.jpeg 768w\" sizes=\"auto, (max-width: 1079px) 100vw, 1079px\" \/><\/a><\/p>\n<hr \/>\n<p style=\"text-align: center\">consultas: <em><a class=\"moz-txt-link-abbreviated\" href=\"mailto:graduados@de.fcen.uba.ar\">graduados@de.fcen.uba.ar<\/a><\/em><\/p>\n<hr \/>\n<p style=\"text-align: right\"><strong>Convocan<\/strong>:<br \/>\n<em>Subsecretaria de Graduados y Graduadas<br \/>\n<\/em><em>Subsecretar\u00eda de Vinculaci\u00f3n, Innovaci\u00f3n y Transferencia Tecnol\u00f3gica<br \/>\n<\/em><em>Secretar\u00eda de Extensi\u00f3n, Cultura Cient\u00edfica y Bienestar<\/em><\/p>\n<p style=\"text-align: right\"><a href=\"http:\/\/exactas.uba.ar\"><em>Facultad de Ciencias Exactas y Naturales<\/em><\/a><br \/>\n<em>Universidad de Buenos Aires<\/em><\/p>\n","protected":false},"excerpt":{"rendered":"<p>+Talento \u00a0En el marco de esta primera edici\u00f3n de +Talento Exactas y Naturales: Jornada de Desarrollo Profesional participar\u00e1n m\u00e1s de 30 empresas del sector socio-productivo y organizaciones que quieren vincularse con estudiantes y graduados\/as de la FCEN. \u00a0En complemento con &hellip; <a href=\"https:\/\/exactas.uba.ar\/evento\/mastalento\/\">Continue reading <span class=\"meta-nav\">&rarr;<\/span><\/a><\/p>\n","protected":false},"author":1,"featured_media":0,"parent":0,"menu_order":0,"comment_status":"closed","ping_status":"closed","template":"","meta":{"footnotes":""},"class_list":["post-8","page","type-page","status-publish","hentry"],"_links":{"self":[{"href":"https:\/\/exactas.uba.ar\/evento\/mastalento\/wp-json\/wp\/v2\/pages\/8","targetHints":{"allow":["GET"]}}],"collection":[{"href":"https:\/\/exactas.uba.ar\/evento\/mastalento\/wp-json\/wp\/v2\/pages"}],"about":[{"href":"https:\/\/exactas.uba.ar\/evento\/mastalento\/wp-json\/wp\/v2\/types\/page"}],"author":[{"embeddable":true,"href":"https:\/\/exactas.uba.ar\/evento\/mastalento\/wp-json\/wp\/v2\/users\/1"}],"replies":[{"embeddable":true,"href":"https:\/\/exactas.uba.ar\/evento\/mastalento\/wp-json\/wp\/v2\/comments?post=8"}],"version-history":[{"count":15,"href":"https:\/\/exactas.uba.ar\/evento\/mastalento\/wp-json\/wp\/v2\/pages\/8\/revisions"}],"predecessor-version":[{"id":146,"href":"https:\/\/exactas.uba.ar\/evento\/mastalento\/wp-json\/wp\/v2\/pages\/8\/revisions\/146"}],"wp:attachment":[{"href":"https:\/\/exactas.uba.ar\/evento\/mastalento\/wp-json\/wp\/v2\/media?parent=8"}],"curies":[{"name":"wp","href":"https:\/\/api.w.org\/{rel}","templated":true}]}}