{"id":147,"date":"2025-10-28T16:02:02","date_gmt":"2025-10-28T19:02:02","guid":{"rendered":"https:\/\/exactas.uba.ar\/evento\/mastalento\/?page_id=147"},"modified":"2025-10-28T16:52:24","modified_gmt":"2025-10-28T19:52:24","slug":"charlas","status":"publish","type":"page","link":"https:\/\/exactas.uba.ar\/evento\/mastalento\/inicio\/charlas\/","title":{"rendered":"Charlas"},"content":{"rendered":"<p>Si bien las charlas son de <strong>car\u00e1cter abierto<\/strong>, <span style=\"text-decoration: underline\"><em>recomendamos <\/em>que se puedan anotar en el siguiente <strong>formulario<\/strong><\/span> para garantizar su lugar en las mismas:<\/p>\n<p style=\"text-align: center\"><a href=\"https:\/\/forms.gle\/nqLtbuF8fC8PwHki9\">https:\/\/forms.gle\/nqLtbuF8fC8PwHki9<\/a><\/p>\n<hr \/>\n<p dir=\"ltr\">\ud83d\udc49\ud83c\udffc<strong>CHARLAS<\/strong><\/p>\n<ul>\n<li dir=\"ltr\"><span style=\"text-decoration: underline\">Mi primera experiencia laboral: entrevistas y pasant\u00edas educativas<\/span><\/li>\n<\/ul>\n<p dir=\"ltr\"><em>Enterate c\u00f3mo funcionan las pasant\u00edas educativas que anuncia la Facultad y ven\u00ed a conversar sobre c\u00f3mo prepararte para una entrevista laboral.<\/em><\/p>\n<p><strong>\ud83c\udf99\ufe0f Oradores<\/strong>: Francisco Romero (Secretario de Extensi\u00f3n, Cultura Cient\u00edfica y Bienestar FCEN), Equipo de RRHH de BAUFEST<\/p>\n<p dir=\"ltr\">\u23f0\u00a0<strong>Hora<\/strong>\u00a0y lugar:\u00a0<strong>12:30<\/strong>hs a 14hs. \u2013\u00a0\ud83d\udccd\u00a0Aula\u00a0<strong>1401<\/strong><\/p>\n<hr \/>\n<ul>\n<li dir=\"ltr\">\n<p dir=\"ltr\"><span style=\"text-decoration: underline\">Experiencias de vinculaci\u00f3n con el medio socio-productivo<\/span><\/p>\n<\/li>\n<\/ul>\n<p dir=\"ltr\"><em>\u00a0\u00bfC\u00f3mo es investigar generando impacto? \u00bfPuedo vincularme con la industria como investigador? Las demandas y necesidades como generadoras de \u2018problemas a resolver\u2019, y la academia co-creando junto con el medio socio-productivo las soluciones.<\/em><\/p>\n<p dir=\"ltr\">\ud83c\udf99\ufe0f\u00a0<span style=\"color: #000000\"><b>Panelistas confirmadxs<\/b><\/span><\/p>\n<p><span style=\"font-weight: 400\">\u00a0\u00bb <\/span><b>Javier Santos <\/b><span style=\"font-weight: 400\">&#8211; Licenciado y Doctor en Ciencias Biol\u00f3gicas (UBA), Profesor Adjunto (Depto. de Qu\u00edmica Biol\u00f3gica, Exactas-UBA) eInvestigador Principal de CONICET (Especialidad: BIOFISICA DE PROTEINAS) &#8211; L\u00edder del Centro de Producci\u00f3n de Prote\u00ednas Recombinantes (CPPR) en Exactas-UBA.<br \/>\n<\/span><span style=\"font-weight: 400\">\u00a0\u00bb <\/span><b>Rodrigo Castro<\/b><span style=\"font-weight: 400\"> &#8211; Ingeniero Electr\u00f3nico y Doctor en Ingenier\u00eda (UNR) &#8211; Profesor Adjunto (Depto. de Computaci\u00f3n, Exactas-UBA). Investigador Independiente CONICET (Especialidad: Modelado, Simulaci\u00f3n y Control de Sistemas H\u00edbridos Estoc\u00e1sticos con T\u00e9cnicas de Eventos Discretos) y Vicedirector (Instituto de Ciencias de la Computaci\u00f3n, ICC-UBA-CONICET). Director del Laboratorio de Simulaci\u00f3n (SEDLab-ICC).<br \/>\n<\/span><span style=\"font-weight: 400\">\u00a0\u00bb <\/span><b>Julieta Albano<\/b><span style=\"font-weight: 400\"> &#8211; Gerenta de Estudios Econ\u00f3micos en BAPRO<br \/>\n<\/span><span style=\"font-weight: 400\">\u00a0\u00bb <\/span><b>Mauro Spagnuolo<\/b><span style=\"font-weight: 400\"> &#8211; Licenciado y Doctor en Ciencias Geol\u00f3gicas (UBA) &#8211; Investigador Adjunto CONICET (Especialidad: Ciencias Planetarias).<br \/>\n<\/span><span style=\"font-weight: 400\">\u00a0\u00bb <\/span><b>Mart\u00edn Negri<\/b><span style=\"font-weight: 400\"> &#8211; Licenciado en F\u00edsica y Doctor en Qu\u00edmica (UBA) &#8211; Profesor Titular (Depto. de Qu\u00edmica Inorg\u00e1nica, Exactas-UBA) e Investigador Principal CONICET (Especialidad: Fisicoqu\u00edmica).\u00a0<\/span><\/p>\n<p dir=\"ltr\">\u23f0\u00a0<strong>Hora<\/strong>\u00a0y lugar:\u00a0<strong>15<\/strong>hs a 16:30hs. \u2013\u00a0\ud83d\udccd\u00a0Aula\u00a0<strong>1401<\/strong><\/p>\n<hr \/>\n<ul>\n<li dir=\"ltr\">\n<p dir=\"ltr\"><span style=\"text-decoration: underline\">Compartir Ciencia: ense\u00f1ar, contar y entusiasmar<\/span><\/p>\n<\/li>\n<\/ul>\n<p dir=\"ltr\"><em>\u00a0Experiencias que muestran c\u00f3mo ense\u00f1ar, contar y entusiasmar con la ciencia en la escuela, la universidad y la comunidad.<\/em><\/p>\n<p dir=\"ltr\">\ud83c\udf99\ufe0f\u00a0<span style=\"color: #000000\"><b>Oradores confirmadxs<\/b><\/span><\/p>\n<p><span style=\"font-weight: 400\">\u00bb <\/span><span style=\"font-weight: 400\"><strong>Camila Gil<\/strong> &#8211; Docencia en educaci\u00f3n secundaria y Comunicaci\u00f3n p\u00fablica de la ciencia<br \/>\n<\/span><span style=\"font-weight: 400\">\u00bb<strong> Mar\u00eda Eugenia L\u00f3pez &#8211;<\/strong> Gesti\u00f3n educativa y comunicaci\u00f3n p\u00fablica de la ciencia.<br \/>\n<\/span><span style=\"font-weight: 400\">\u00bb <strong>Carolina Lang<\/strong> &#8211; docencia universitaria.<br \/>\n<\/span><span style=\"font-weight: 400\">\u00bb <strong>Paula Gonz\u00e1lez Giqueaux<\/strong> &#8211; Gesti\u00f3n educativa y comunicaci\u00f3n p\u00fablica de la ciencia<\/span><\/p>\n<p dir=\"ltr\" style=\"text-align: center\">\u23f0\u00a0<strong>Hora<\/strong>\u00a0y lugar:\u00a0<strong>17:30<\/strong>hs a 18:30 hs. \u2013\u00a0\ud83d\udccd\u00a0Aula\u00a0<strong>1401<\/strong><\/p>\n<hr \/>\n<ul>\n<li dir=\"ltr\">\n<p dir=\"ltr\"><span style=\"text-decoration: underline\">Experiencias que inspiran a emprender desde la ciencia<\/span><\/p>\n<\/li>\n<\/ul>\n<p dir=\"ltr\"><em>\u00a0Una charla para explorar qu\u00e9 significa emprender desde la ciencia, c\u00f3mo dar los primeros pasos y de qu\u00e9 manera la Facultad puede acompa\u00f1ar en el camino.<\/em><\/p>\n<p dir=\"ltr\">\ud83c\udf99\ufe0f\u00a0<span style=\"color: #000000\"><b>Panelistas confirmadxs<\/b><\/span><\/p>\n<p><b>\u00a0<\/b><span style=\"font-weight: 400\">\u00bb <\/span><b>M\u00f3nica Franc\u00e9s<\/b><span style=\"font-weight: 400\"> &#8211; Facilitadora en temas de Transferencia de Conocimiento | L\u00edder en INCUBAGRO (Facultad de Agronom\u00eda &#8211; UBA)<\/span><span style=\"font-weight: 400\"><br \/>\n<\/span><span style=\"font-weight: 400\">\u00bb <\/span><b>Adri\u00e1n Lasso<\/b><span style=\"font-weight: 400\"> &#8211; Grupo de Graduadxs Exactas-UBA | VP &amp; Director Baufest Espa\u00f1a &amp; Chief Innovation Officer<\/span><span style=\"font-weight: 400\"><br \/>\n<\/span><span style=\"font-weight: 400\">\u00a0\u00bb <\/span><b>Juan Soria<\/b><span style=\"font-weight: 400\"> &#8211; Managing Partner @SF500<\/span><span style=\"font-weight: 400\"><br \/>\n<\/span><span style=\"font-weight: 400\">\u00a0\u00bb <\/span><b>Mariano Gonz\u00e1lez Lebrero <\/b><span style=\"font-weight: 400\">de<\/span><b> nReal Sounds<\/b><span style=\"font-weight: 400\"> &#8211; Reinventa la m\u00fasica\u00a0 | 1\u00b0 EBT de Exactas-UBA aprobada bajo el Reglamento 2023<\/span><span style=\"font-weight: 400\"><br \/>\n<\/span><span style=\"font-weight: 400\">\u00a0\u00bb <\/span><b>HERELLEX Bioscience<\/b><span style=\"font-weight: 400\"> &#8211; Developing innovative solutions for tuberculosis in the 21st century | EBT de Exactas-UBA en proceso de aprobaci\u00f3n<\/span><span style=\"font-weight: 400\"><br \/>\n<\/span><span style=\"font-weight: 400\">\u00a0\u00bb <\/span><b>APOLO Biotech<\/b><span style=\"font-weight: 400\"> &#8211; Making plants smarter by using RNA-based technology<\/span><span style=\"font-weight: 400\"><br \/>\n<\/span><span style=\"font-weight: 400\"> | EBT instalada en el IFIBYNE <\/span><span style=\"font-weight: 400\"><br \/>\n<\/span><span style=\"font-weight: 400\">\u00a0\u00bb <\/span><b>Pedro Bergaglio <\/b><span style=\"font-weight: 400\">y<\/span><b> Manuel Fern\u00e1ndez <\/b><span style=\"font-weight: 400\">de <\/span><b>Comunidad Y-HAT<\/b><span style=\"font-weight: 400\"> &#8211; Porque el futuro no se adivina, se modela | Comunidad de estudiantes en Exactas-UBA <\/span><\/p>\n<p dir=\"ltr\" style=\"text-align: center\">\u23f0\u00a0<strong>Hora<\/strong>\u00a0y lugar:\u00a0<strong>18:30<\/strong>-20 hs.\u00a0\ud83d\udccd\u00a0Aula\u00a0<strong>1401<\/strong><\/p>\n<hr \/>\n<p dir=\"ltr\">\n","protected":false},"excerpt":{"rendered":"<p>Si bien las charlas son de car\u00e1cter abierto, recomendamos que se puedan anotar en el siguiente formulario para garantizar su lugar en las mismas: https:\/\/forms.gle\/nqLtbuF8fC8PwHki9 \ud83d\udc49\ud83c\udffcCHARLAS Mi primera experiencia laboral: entrevistas y pasant\u00edas educativas Enterate c\u00f3mo funcionan las pasant\u00edas educativas &hellip; <a href=\"https:\/\/exactas.uba.ar\/evento\/mastalento\/inicio\/charlas\/\">Continue reading <span class=\"meta-nav\">&rarr;<\/span><\/a><\/p>\n","protected":false},"author":16,"featured_media":0,"parent":8,"menu_order":8,"comment_status":"closed","ping_status":"closed","template":"","meta":{"footnotes":""},"class_list":["post-147","page","type-page","status-publish","hentry"],"_links":{"self":[{"href":"https:\/\/exactas.uba.ar\/evento\/mastalento\/wp-json\/wp\/v2\/pages\/147","targetHints":{"allow":["GET"]}}],"collection":[{"href":"https:\/\/exactas.uba.ar\/evento\/mastalento\/wp-json\/wp\/v2\/pages"}],"about":[{"href":"https:\/\/exactas.uba.ar\/evento\/mastalento\/wp-json\/wp\/v2\/types\/page"}],"author":[{"embeddable":true,"href":"https:\/\/exactas.uba.ar\/evento\/mastalento\/wp-json\/wp\/v2\/users\/16"}],"replies":[{"embeddable":true,"href":"https:\/\/exactas.uba.ar\/evento\/mastalento\/wp-json\/wp\/v2\/comments?post=147"}],"version-history":[{"count":17,"href":"https:\/\/exactas.uba.ar\/evento\/mastalento\/wp-json\/wp\/v2\/pages\/147\/revisions"}],"predecessor-version":[{"id":164,"href":"https:\/\/exactas.uba.ar\/evento\/mastalento\/wp-json\/wp\/v2\/pages\/147\/revisions\/164"}],"up":[{"embeddable":true,"href":"https:\/\/exactas.uba.ar\/evento\/mastalento\/wp-json\/wp\/v2\/pages\/8"}],"wp:attachment":[{"href":"https:\/\/exactas.uba.ar\/evento\/mastalento\/wp-json\/wp\/v2\/media?parent=147"}],"curies":[{"name":"wp","href":"https:\/\/api.w.org\/{rel}","templated":true}]}}