{"id":8,"date":"2021-02-09T22:18:19","date_gmt":"2021-02-09T22:18:19","guid":{"rendered":"https:\/\/exactas.uba.ar\/JornadasNacionalesPPM\/?page_id=8"},"modified":"2021-02-09T22:18:19","modified_gmt":"2021-02-09T22:18:19","slug":"inicio","status":"publish","type":"page","link":"https:\/\/exactas.uba.ar\/evento\/jornadasnacionalesppm\/","title":{"rendered":"Inicio"},"content":{"rendered":"<p>Del 9 de abril al 28 de mayo de 2021, de 16 a 18 hs, se realizaron de forma virtual y gratuita las <strong>Jornadas Nacionales para el Fortalecimiento de la Producci\u00f3n P\u00fablica de Medicamentos y Vacunas, <\/strong>organizadas por la Facultad de Ciencias Exactas y Naturales de la Universidad de Buenos Aires, Facultad de Ciencias Bioqu\u00edmicas y Farmac\u00e9uticas de la Universidad Nacional de Rosario, Facultad de Ciencias Qu\u00edmicas de la Universidad Nacional de C\u00f3rdoba, Universidad Nacional de la Rioja e Instituto Nacional de Tecnolog\u00eda Industrial. Con el apoyo dede la Facultad de Farmacia y Bioqu\u00edmica de la UBA, Instituto de Salud Colectiva (ISCO)\/Universidad de Lan\u00fas, Facultad de Ciencias Exactas de la Universidad de la Plata.<\/p>\n<p>Podr\u00e1n ver los encuentros grabados en la solapa de <a href=\"https:\/\/exactas.uba.ar\/JornadasNacionalesPPM\/video\/\">Videos<\/a>.<\/p>\n<p><span style=\"font-weight: 400\">El evento tuvo un enfoque interdisciplinario y federal, siendo l<\/span>os objetivo espec\u00edficos de las Jornadas:<\/p>\n<ul>\n<li>Establecer redes institucionales que permitan potenciar la investigaci\u00f3n, vinculaci\u00f3n y transferencia tecnol\u00f3gica en la tem\u00e1tica, as\u00ed como tambi\u00e9n distintos aspectos de la docencia universitaria.<\/li>\n<li>Fortalecer los v\u00ednculos y la creaci\u00f3n de redes de colaboraci\u00f3n interinstitucional con el Sector Productivo Nacional asegurando as\u00ed la optimizaci\u00f3n del empleo de los recursos p\u00fablicos desde el punto de vista socioecon\u00f3mico.<\/li>\n<li>Aportar capacidades t\u00e9cnicas para el estudio y caracterizaci\u00f3n de compuestos y procesos vinculados con la Producci\u00f3n P\u00fablica de Medicamentos, dotando a t\u00e9cnicos, profesionales, docentes e investigadores con las herramientas necesarias para tal fin.<\/li>\n<\/ul>\n<hr \/>\n<h3>Comit\u00e9 Organizador<\/h3>\n<ul>\n<li style=\"font-weight: 400\"><span style=\"font-weight: 400\">Ana Lia Allemand (UNLaR)<\/span><\/li>\n<li style=\"font-weight: 400\"><span style=\"font-weight: 400\">Lucia Gandolfi Donad\u00edo (INTI\/CONICET)<\/span><\/li>\n<li style=\"font-weight: 400\"><span style=\"font-weight: 400\">Monica C. Garcia (FCQ-UNC\/CONICET)<\/span><\/li>\n<li style=\"font-weight: 400\"><span style=\"font-weight: 400\">Paula Garc\u00eda (FBIOyF-UNR)<\/span><\/li>\n<li style=\"font-weight: 400\"><span style=\"font-weight: 400\">Mauro Morri (FBIOyF-UNR)<\/span><\/li>\n<li style=\"font-weight: 400\"><span style=\"font-weight: 400\">Mar\u00eda Florencia Pignataro (FFyB,FCEN-UBA)<\/span><\/li>\n<li style=\"font-weight: 400\"><span style=\"font-weight: 400\">Javier Ram\u00edrez (FCEN-UBA\/CONICET)<\/span><\/li>\n<li style=\"font-weight: 400\"><span style=\"font-weight: 400\"><a href=\"http:\/\/qcrist.qi.fcen.uba.ar\/\">Sebasti\u00e1n Su\u00e1rez<\/a> (FCEN-UBA\/CONICET) <\/span><\/li>\n<\/ul>\n","protected":false},"excerpt":{"rendered":"<p>Del 9 de abril al 28 de mayo de 2021, de 16 a 18 hs, se realizaron de forma virtual y gratuita las Jornadas Nacionales para el Fortalecimiento de la Producci\u00f3n P\u00fablica de Medicamentos y Vacunas, organizadas por la Facultad &hellip; <a href=\"https:\/\/exactas.uba.ar\/evento\/jornadasnacionalesppm\/\">Continue reading <span class=\"meta-nav\">&rarr;<\/span><\/a><\/p>\n","protected":false},"author":1,"featured_media":0,"parent":0,"menu_order":0,"comment_status":"closed","ping_status":"closed","template":"","meta":{"footnotes":""},"class_list":["post-8","page","type-page","status-publish","hentry"],"_links":{"self":[{"href":"https:\/\/exactas.uba.ar\/evento\/jornadasnacionalesppm\/wp-json\/wp\/v2\/pages\/8","targetHints":{"allow":["GET"]}}],"collection":[{"href":"https:\/\/exactas.uba.ar\/evento\/jornadasnacionalesppm\/wp-json\/wp\/v2\/pages"}],"about":[{"href":"https:\/\/exactas.uba.ar\/evento\/jornadasnacionalesppm\/wp-json\/wp\/v2\/types\/page"}],"author":[{"embeddable":true,"href":"https:\/\/exactas.uba.ar\/evento\/jornadasnacionalesppm\/wp-json\/wp\/v2\/users\/1"}],"replies":[{"embeddable":true,"href":"https:\/\/exactas.uba.ar\/evento\/jornadasnacionalesppm\/wp-json\/wp\/v2\/comments?post=8"}],"version-history":[{"count":0,"href":"https:\/\/exactas.uba.ar\/evento\/jornadasnacionalesppm\/wp-json\/wp\/v2\/pages\/8\/revisions"}],"wp:attachment":[{"href":"https:\/\/exactas.uba.ar\/evento\/jornadasnacionalesppm\/wp-json\/wp\/v2\/media?parent=8"}],"curies":[{"name":"wp","href":"https:\/\/api.w.org\/{rel}","templated":true}]}}