{"id":16,"date":"2021-02-09T22:23:11","date_gmt":"2021-02-09T22:23:11","guid":{"rendered":"https:\/\/exactas.uba.ar\/JornadasNacionalesPPM\/?page_id=16"},"modified":"2021-02-09T22:23:11","modified_gmt":"2021-02-09T22:23:11","slug":"contacto","status":"publish","type":"page","link":"https:\/\/exactas.uba.ar\/evento\/jornadasnacionalesppm\/contacto\/","title":{"rendered":"Contacto &#8211; Inscripci\u00f3n"},"content":{"rendered":"<p><Div> Las Jornadas fueron GRATUITAS y abiertas para todo p\u00fablico, del 9 de abril al 28 de mayo de 2021, de 16 a 18 hs. Dejamos a continuaci\u00f3n el formulario de inscripci\u00f3n, a trav\u00e9s del cual enviaremos la clave de la sala de <span style=\"font-weight: 400\">la plataforma <\/span><i><span style=\"font-weight: 400\">zoom<\/span><\/i> correspondiente a cada jornada. Para cualquier consulta comunicarse a: <a href=\"jornadasnacionalesppm@gmail.com\">jornadasnacionalesppm@gmail.com<\/a><\/p>\n<p>Una unica inscripci\u00f3n es suficiente para todas las Jornadas. <strong>La posibilidad de inscripci\u00f3n va a quedar abierta permanentemente<\/strong>, por lo que pueden sumarse en cualquier momento a los encuentros en vivo, aunque no hayan participado desde el primero. Todos los jueves y viernes por la tarde enviaremos a los inscriptos el link y clave del encuentro siguiente correspondiente. Recuerden que en la solpa Videos, encontrar\u00e1n los encuentros ya realizados grabados.<\/p>\n<p>[contact-form-7 id=&#8221;46&#8243; title=&#8221;Formulario de contacto 1&#8243;]<\/p><\/div>\n","protected":false},"excerpt":{"rendered":"<p>Las Jornadas fueron GRATUITAS y abiertas para todo p\u00fablico, del 9 de abril al 28 de mayo de 2021, de 16 a 18 hs. Dejamos a continuaci\u00f3n el formulario de inscripci\u00f3n, a trav\u00e9s del cual enviaremos la clave de la &hellip; <a href=\"https:\/\/exactas.uba.ar\/evento\/jornadasnacionalesppm\/contacto\/\">Continue reading <span class=\"meta-nav\">&rarr;<\/span><\/a><\/p>\n","protected":false},"author":1,"featured_media":0,"parent":0,"menu_order":0,"comment_status":"closed","ping_status":"closed","template":"","meta":{"footnotes":""},"class_list":["post-16","page","type-page","status-publish","hentry"],"_links":{"self":[{"href":"https:\/\/exactas.uba.ar\/evento\/jornadasnacionalesppm\/wp-json\/wp\/v2\/pages\/16","targetHints":{"allow":["GET"]}}],"collection":[{"href":"https:\/\/exactas.uba.ar\/evento\/jornadasnacionalesppm\/wp-json\/wp\/v2\/pages"}],"about":[{"href":"https:\/\/exactas.uba.ar\/evento\/jornadasnacionalesppm\/wp-json\/wp\/v2\/types\/page"}],"author":[{"embeddable":true,"href":"https:\/\/exactas.uba.ar\/evento\/jornadasnacionalesppm\/wp-json\/wp\/v2\/users\/1"}],"replies":[{"embeddable":true,"href":"https:\/\/exactas.uba.ar\/evento\/jornadasnacionalesppm\/wp-json\/wp\/v2\/comments?post=16"}],"version-history":[{"count":0,"href":"https:\/\/exactas.uba.ar\/evento\/jornadasnacionalesppm\/wp-json\/wp\/v2\/pages\/16\/revisions"}],"wp:attachment":[{"href":"https:\/\/exactas.uba.ar\/evento\/jornadasnacionalesppm\/wp-json\/wp\/v2\/media?parent=16"}],"curies":[{"name":"wp","href":"https:\/\/api.w.org\/{rel}","templated":true}]}}