{"id":12,"date":"2021-02-09T22:22:49","date_gmt":"2021-02-09T22:22:49","guid":{"rendered":"https:\/\/exactas.uba.ar\/JornadasNacionalesPPM\/?page_id=12"},"modified":"2021-02-09T22:22:49","modified_gmt":"2021-02-09T22:22:49","slug":"resumenes","status":"publish","type":"page","link":"https:\/\/exactas.uba.ar\/evento\/jornadasnacionalesppm\/resumenes\/","title":{"rendered":"Res\u00famenes"},"content":{"rendered":"<p><b>Encuentro 1<\/b><span style=\"font-weight: 400\"> (9\/4): &#8220;Pasado y presente de la PPMyV en Argentina&#8221;<\/span><\/p>\n<ul>\n<li><span style=\"font-weight: 400\">Moderadora: Dra. Florencia Pignataro (Instituto de Biociencias, Biotecnolog\u00eda y Biolog\u00eda Traslacional, FCEN-UBA)<\/span><\/li>\n<li><span style=\"font-weight: 400\">Apertura a cargo del Dr. Juan Carlos Reboreda (Decano FCEN-UBA)<\/span><\/li>\n<li><span style=\"font-weight: 400\">Oradora 1: Bioq. Yanina Lamberti (UNLP\/CONICET, Concejala por el Frente de Tod@s La Plata)<\/span><\/li>\n<li><span style=\"font-weight: 400\">Orador 2: Dr. Nicol\u00e1s Chiarante (FFyB-UBA, Coordinador de vinculaci\u00f3n cient\u00edfico-tecnol\u00f3gica, ANLAP)\u00a0<\/span><\/li>\n<li><span style=\"font-weight: 400\">Orador 3: Mg. Gast\u00f3n Mor\u00e1n (Subsecretario de Medicamentos e Informaci\u00f3n Estrat\u00e9gica, Min. Sal. Nacion)<\/span><\/li>\n<\/ul>\n<p>Resumen: La <a href=\"https:\/\/www.argentina.gob.ar\/justicia\/derechofacil\/leysimple\/produccion-publica-de-medicamentos\">producci\u00f3n p\u00fablica de medicamentos<\/a> (PPM) favorece el acceso a la salud y el desarrollo cient\u00edfico. El recorrido hacia la PPM no fue ni es f\u00e1cil, por lo que en este primer encuentro se repasar\u00e1n los principales hitos promovidos desde el activismo de cient\u00edficos, sindicatos y diversas organizaciones nacionales. En ese contexto, creada como ente nacional descentralizado en el marco del Ministerio de Salud de la Naci\u00f3n en el a\u00f1o 2014, la Agencia Nacional de Laboratorios P\u00fablicos (<a href=\"https:\/\/www.argentina.gob.ar\/salud\/anlap\">ANLAP<\/a>) integra a 42 laboratorios p\u00fablicos que dependen de Naci\u00f3n, de provincias y de universidades nacionales distribuidos en 15 provincias del pa\u00eds. Desde la ANLAP se busca promover la integraci\u00f3n entre los diferentes organismos,\u00a0 vinculando ciencia y tecnolog\u00eda, producci\u00f3n, ANMAT y Ministerio de Salud.<\/p>\n<hr \/>\n<p><b>Encuentro 2<\/b><span style=\"font-weight: 400\"> (16\/4): &#8220;Laboratorios P\u00fablicos: soberan\u00eda sanitaria&#8221;\u00a0<\/span><\/p>\n<ul>\n<li><span style=\"font-weight: 400\">Moderadores:<\/span><span style=\"font-weight: 400\"> Farm. Ana Lia Allemand (Directora del laboratorio de la UNLaR) y Farm. Mauro Morri (Director de la Planta Piloto de Producci\u00f3n de Medicamentos de la UNR).<\/span><\/li>\n<li>Oradora 1: Farm. Marne Livigni (DT PROFARSE, Provincia de Rio Negro)<\/li>\n<li>Orador 2:\u00a0 Farm. Mauricio Aput (DT Laboratorio del fin del mundo, Provincia de Tierra del Fuego, Ant\u00e1rtida e Islas del Atl\u00e1ntico Sur)<\/li>\n<li>Oradora 3: Farm. Valeria Cianchino (DT Lab. Puntanos, Provincia de San Luis)<\/li>\n<li>Orador 4: Farm. Juan Muller (Laboratorio de Especialidades Medicinales, Provincia de Santa Fe)<\/li>\n<li>Orador 5: Bqo. Claudio Dellamea (DT Lab. Chaque\u00f1os, Provincia de Chaco)<\/li>\n<\/ul>\n<p>Resumen: La producci\u00f3n p\u00fablica de medicamentos depende de un conjunto heterog\u00e9neo de actores institucionales que se vinculan a los fines de configurar alianzas y fue adquiriendo una importancia estrat\u00e9gica relevante, no s\u00f3lo como una forma de mejorar las condiciones de acceso de la poblaci\u00f3n a medicamentos, sino tambi\u00e9n como una forma posible de desarrollar capacidades locales de investigaci\u00f3n y producci\u00f3n de medicamentos.<br \/>\nPor ello, en este encuentro podremos escuchar en primera persona cu\u00e1l es el trayecto que han recorrido cada una de los laboratorios, cu\u00e1les han sido sus desaf\u00edos y sus proyectos, un resumen de la situaci\u00f3n actual y perspectivas a futuro.<\/p>\n<p>En este encuentro contaremos con la presencia de diversos oradores de laboratorios p\u00fablicos (LLPP). <span class=\"TextRun SCXW213416933 BCX0\" lang=\"ES-AR\" xml:lang=\"ES-AR\" data-contrast=\"none\"><span class=\"NormalTextRun SCXW213416933 BCX0\">La\u00a0<\/span><\/span><span class=\"TextRun SCXW213416933 BCX0\" lang=\"ES-AR\" xml:lang=\"ES-AR\" data-contrast=\"none\"><span class=\"NormalTextRun SCXW213416933 BCX0\"><a href=\"https:\/\/www.argentina.gob.ar\/anlap\/laboratorios\">Red de Laboratorios<\/a> de Producci\u00f3n P\u00fablica de Medicamentos<\/span><\/span><span class=\"TextRun SCXW213416933 BCX0\" lang=\"ES-AR\" xml:lang=\"ES-AR\" data-contrast=\"none\"><span class=\"NormalTextRun SCXW213416933 BCX0\"> est\u00e1 integrada por <\/span><\/span><span class=\"TextRun SCXW213416933 BCX0\" lang=\"ES-AR\" xml:lang=\"ES-AR\" data-contrast=\"none\"><span class=\"NormalTextRun SCXW213416933 BCX0\">l<\/span><\/span><span class=\"TextRun SCXW213416933 BCX0\" lang=\"ES-AR\" xml:lang=\"ES-AR\" data-contrast=\"none\"><span class=\"NormalTextRun SCXW213416933 BCX0\">aboratorios dependientes de\u00a0<\/span><\/span><span class=\"TextRun SCXW213416933 BCX0\" lang=\"ES-AR\" xml:lang=\"ES-AR\" data-contrast=\"none\"><span class=\"NormalTextRun SCXW213416933 BCX0\">n<\/span><\/span><span class=\"TextRun SCXW213416933 BCX0\" lang=\"ES-AR\" xml:lang=\"ES-AR\" data-contrast=\"none\"><span class=\"NormalTextRun SCXW213416933 BCX0\">aci\u00f3n, provincias, municipios y Fuerzas Armadas que funcionan en todo el pa\u00eds. Hay entidades adheridas a la ANLAP e<\/span><\/span><span class=\"TextRun SCXW213416933 BCX0\" lang=\"ES-AR\" xml:lang=\"ES-AR\" data-contrast=\"none\"><span class=\"NormalTextRun SCXW213416933 BCX0\">n<\/span><\/span><span class=\"TextRun SCXW213416933 BCX0\" lang=\"ES-AR\" xml:lang=\"ES-AR\" data-contrast=\"none\"><span class=\"NormalTextRun SCXW213416933 BCX0\"> las provincias de Buenos Aires, Ciudad Aut\u00f3noma de Buenos Aires, Chaco, C\u00f3rdoba, Corrientes, Formosa, La Pampa, La Rioja, Mendoza, Misiones, R\u00edo Negro, San Luis, Santa Fe, Tierra del Fuego y <\/span><\/span><span class=\"TextRun SCXW213416933 BCX0\" lang=\"ES-AR\" xml:lang=\"ES-AR\" data-contrast=\"none\"><span class=\"NormalTextRun SCXW213416933 BCX0\">Tucum\u00e1n<\/span><\/span><span class=\"TextRun SCXW213416933 BCX0\" lang=\"ES-AR\" xml:lang=\"ES-AR\" data-contrast=\"none\"><span class=\"NormalTextRun SCXW213416933 BCX0\">.<\/span><\/span><span class=\"TextRun SCXW213416933 BCX0\" lang=\"ES-AR\" xml:lang=\"ES-AR\" data-contrast=\"none\"><span class=\"NormalTextRun SCXW213416933 BCX0\"> Adem\u00e1s, se cuenta con <span style=\"font-weight: 400\">Laboratorios P\u00fablicos en UUNN, los cu\u00e1les ser\u00e1n abordados en el Encuentro 3.<\/span><\/span><\/span><\/p>\n<p>Por ejemplo, los LLPP desarrollan f\u00e1rmacos que no son de inter\u00e9s para la industria farmac\u00e9utica por razones financieras, los denominados medicamentos hu\u00e9rfanos, siendo los productos elaborados en estos laboratorios la \u00fanica opci\u00f3n en el pa\u00eds. En otros casos, se cuenta una amplia gama de productos biol\u00f3gicos, con la <span class=\"TextRun SCXW73303487 BCX0\" lang=\"ES-AR\" xml:lang=\"ES-AR\" data-contrast=\"none\"><span class=\"NormalTextRun SCXW73303487 BCX0\">producci\u00f3n de sueros antitoxinas, vacunas, al\u00e9rgenos e inmunomoduladores.<\/span><\/span><\/p>\n<hr \/>\n<p><b>Encuentro 3<\/b><span style=\"font-weight: 400\"> (23\/4): &#8220;Laboratorios P\u00fablicos en UUNN&#8221;<\/span><\/p>\n<ul>\n<li><span style=\"font-weight: 400\">Moderadoras:<\/span><span style=\"font-weight: 400\"> Dra. Farm. Paula Garc\u00eda (Farmacia Industrial, FBIOyF-UNR\/CONICET) y Dra. Monica C. Garcia (Unidad de Investigaci\u00f3n y Desarrollo en Tecnolog\u00eda Farmac\u00e9utica de la FCQ-UNC).<\/span><\/li>\n<li>Oradora 1: <span style=\"font-weight: 400\">Dra. Silvia Gonzalez (ex Decana FBQyF\/UNT, Centro de Elaboraci\u00f3n y Estudios Farmac\u00e9uticos. Actualmente Secretaria de Ciencia, Arte e Innovaci\u00f3n Tecnol\u00f3gica de la UNT)<\/span><\/li>\n<li>Oradora 2: Farm. Ana Lia Allemand (Directora del laboratorio de la UNLaR)<\/li>\n<li>Oradores 3: <span style=\"font-weight: 400\">Farm. Mauro Morri (Director de la Planta Piloto de Producci\u00f3n de Medicamentos, UNR) y Guillermo Cleti (Vinculacion Tecnologica PPPM, UNR)<\/span><\/li>\n<li>Orador 4: Dr. Daniel Allemandi (Gerente de Operaciones del Lab. de Hemoderivados, UNC)<\/li>\n<li><span style=\"font-weight: 400\">Orador 5: Farm. Mario Vallespir (Unidad Productora de Medicamentos, UNLP)<\/span><strong>\u00a0<\/strong><\/li>\n<\/ul>\n<p>Resumen: En los \u00faltimos 50 a\u00f1os, fue destacable el papel de las universidades nacionales en el fortalecimiento de la PPM, participando en la generaci\u00f3n y transferencia de conocimiento, como as\u00ed tambi\u00e9n, en la producci\u00f3n a trav\u00e9s de sus laboratorios p\u00fablicos. Por ello, en este encuentro podremos escuchar en primera persona cu\u00e1l es el trayecto que han recorrido cada una de las universidades que cuentan con laboratorios de producci\u00f3n en la PPM, un resumen de la situaci\u00f3n actual y perspectivas a futuro.<\/p>\n<hr \/>\n<p><b>Encuentro 4<\/b><span style=\"font-weight: 400\"> (30\/4): &#8220;Aportes del sistema cient\u00edfico tecnol\u00f3gico a la PPM&#8221;<\/span><\/p>\n<ul>\n<li><span style=\"font-weight: 400\">Moderadores:<\/span><span style=\"font-weight: 400\"> Dra. Lucia Gandolfi Donad\u00edo (Jefa del Departamento de Ingredientes Activos y biorrefiner\u00edas &#8211; INTI) y Dr. Javier Ramirez (Coordinador Adjunto Programa PPM-Exactas, FCEN-UBA)<\/span><\/li>\n<li><span style=\"font-weight: 400\">Oradora 1: Dra. Julieta Comin (Gerenta de Desarrollo Tecnol\u00f3gico e Innovaci\u00f3n del INTI)<\/span><\/li>\n<li>Orador 2: Dr. Daniel Gonz\u00e1lez Maglio (Representante FFyB-UBA en ANLAP)<\/li>\n<li><span style=\"font-weight: 400\">Orador 3: Dr. Gustavo Chiabrando (Decano, FCQ-UNC)<\/span><\/li>\n<li><span style=\"font-weight: 400\">Orador 4: Dr. Mauricio Erben (Decano, FCE\u2013UNLP)<\/span><\/li>\n<li><span style=\"font-weight: 400\">Orador 5: Dr. Andres Sciara (Decano, FBIOyF-UNR)<\/span><\/li>\n<li><span style=\"font-weight: 400\">Oradores 6: Dra. Florencia Pignataro (Instituto de Biociencias, Biotecnolog\u00eda y Biolog\u00eda Traslacional, FCEN-UBA) \/ Dr. Sebastian Suarez (Coordinador Programa PPM-Exactas).<\/span><\/li>\n<\/ul>\n<p>Resumen:\u00a0<span style=\"font-weight: 400\">La transferencia de tecnolog\u00eda y conocimiento desde los centros de investigaci\u00f3n hacia la industria y la sociedad son un pilar fundamental del desarrollo econ\u00f3mico y social del pa\u00eds. En este contexto, <\/span><span style=\"font-weight: 400\">las universidades y el INTI poseen los recursos humanos y el equipamiento necesario para llevar adelante con \u00e9xito la s\u00edntesis, desarrollo, optimizaci\u00f3n de procesos y caracterizaci\u00f3n de materiales de inter\u00e9s en el marco de la Producci\u00f3n Publica de Medicamentos.\u00a0<\/span><\/p>\n<hr \/>\n<ul>\n<li><b>Encuentro 5<\/b><span style=\"font-weight: 400\"> (7\/5): &#8220;Pol\u00edtica Nacional de Medicamentos y Aspectos Regulatorios&#8221;<\/span><\/li>\n<\/ul>\n<p><span style=\"font-weight: 400\">Moderadores: Dra. Florencia Pignataro (Instituto de Biociencias, Biotecnolog\u00eda y Biolog\u00eda Traslacional, FCEN-UBA) y Dr. Sebastian Suarez (Coordinador Programa PPM-Exactas).<\/span><\/p>\n<ul>\n<li>Orador 1: Farm. Mat\u00edas E. Gomez (Director de Fiscalizaci\u00f3n y Gesti\u00f3n de Riesgos,<br \/>\nInstituto Nacional de Medicamentos &#8211; ANMAT)<\/li>\n<li><span style=\"font-weight: 400\">Orador 2: Dr. Emiliano Melero (Director Nacional de Medicamentos y Tecnolog\u00eda Sanitaria, Ministerio de Salud de la Naci\u00f3n)<\/span><\/li>\n<\/ul>\n<p>Resumen: Con la convicci\u00f3n de que es el Estado quien debe garantizar a la poblaci\u00f3n el acceso a los medicamentos, y por lo tanto partimos de la concepci\u00f3n que define al medicamento como un bien social y no como una mercanc\u00eda, en este encuentro debatiremos sobre \u00b4\u00b4Pol\u00edtica Nacional de Medicamentos\u00b4\u00b4. El objetivo es lograr un mayor acceso, calidad y promoci\u00f3n del uso racional de los medicamentos, a partir de acciones y propuestas en el marco de una pol\u00edtica de Estado que sea avalada y observada por los distintos sectores y actores del sistema.<\/p>\n<hr \/>\n<p><b>Encuentro 6<\/b><span style=\"font-weight: 400\"> (14\/5): &#8220;Camino a la Soberan\u00eda Sanitaria&#8221;<\/span><\/p>\n<p><span style=\"font-weight: 400\">Moderadora: Juliana Fera (Pta. CECEN, representante claustro estudiante en el CD de FCEN-UBA) <\/span><\/p>\n<ul>\n<li>Orador 1: Dr. Leonel Tesler (Pte. Fundaci\u00f3n Soberan\u00eda Sanitaria)<\/li>\n<li>Orador 2: Mg. Federico Pi\u00f1eiro (ISCO-UNLa)<\/li>\n<li>Oradora 3: Dra. Lorena Di Giano (Coordinadora de RedLAM)<\/li>\n<li>Orador 4: Nicolas Kreplak (ex Viceministro de Salud de la Naci\u00f3n, actual Viceministro de Salud de la Pcia. de Bs. As.)<\/li>\n<\/ul>\n<p>Resumen:\u00a0Entendemos que la investigaci\u00f3n, la docencia, la asistencia y la cooperaci\u00f3n t\u00e9cnica son herramientas que deben estar al servicio de las instituciones sanitarias, los servicios de salud, las universidades y la ciudadan\u00eda en general. En este Encuentro, debatiremos sobre temas de propiedad intelectual desde una perspectiva basada en el Derecho a la Salud (en el marco de los Derechos Humanos), buscando promover la mejora de las pol\u00edticas p\u00fablicas que prevengan o mitiguen los efectos negativos de los derechos de propiedad intelectual sobre el acceso a medicamentos.<\/p>\n<hr \/>\n<ul>\n<li><b>Encuentro 7<\/b><span style=\"font-weight: 400\"> (21\/5): &#8220;Una mirada de las Ciencias Sociales a la PPM&#8221;<\/span><\/li>\n<\/ul>\n<p><span style=\"font-weight: 400\">Moderador:\u00a0 Francisco Romero (Secretario de Extensi\u00f3n, Cultura Cient\u00edfica y Bienestar de FCEN_UBA)<\/span><\/p>\n<ul>\n<li><span style=\"font-weight: 400\">Oradora 1: Dra. Juli Alcain (IIB-UNSAM)<\/span><\/li>\n<li><span style=\"font-weight: 400\">Oradora 2: Dr. Pablo Lavarello (Director del Centro de Estudios Urbanos y Regionales &#8211; CONICET)<\/span><\/li>\n<li><span style=\"font-weight: 400\">Orador 3: Dr. Mario Pecheny\u00a0 (Vicepte Asuntos Cient\u00edficos del CONICET e integrante del directorio de este organismo por el \u00e1rea de Ciencias Sociales y Humanidades)<\/span><\/li>\n<\/ul>\n<p>Resumen: \u00a0La PPM no es algo nuevo: tiene una historia en nuestro pa\u00eds, asociada a varios hitos (Malbr\u00e1n, Ley O\u00f1ativia, Gen\u00e9ricos, etc.) que atraviesan distintas tradiciones pol\u00edticas. Asimismo se propone hacer su lugar entre distintas representaciones sociales acerca de la relaci\u00f3n entre el sector p\u00fablico y el sector privado \u00bfdebe o no el Estado ocuparse de la fabricaci\u00f3n de medicamentos? \u00bfdebe regular los precios o dejarlos al libre juego de la oferta y la demanda? En este asunto -y tantos otros como la profesi\u00f3n m\u00e9dica, el lugar y peso de los laboratorios privados nacionales e internacionales, la profesi\u00f3n farmac\u00e9utica, el derecho a la informaci\u00f3n del paciente, etc.- las ciencias sociales han dado cuenta que otra relaci\u00f3n entre medicamentos, derecho a la salud y ciudadan\u00eda es posible.<\/p>\n<hr \/>\n<p><b>Encuentro 8<\/b><span style=\"font-weight: 400\"> (28\/5): &#8220;El futuro de la PPM en Argentina&#8221;\u00a0<\/span><\/p>\n<ul>\n<li><span style=\"font-weight: 400\">Moderador: Dr. Sebastian Suarez (Coordinador Programa PPM-Exactas)\u00a0<\/span><\/li>\n<li><span style=\"font-weight: 400\">Mesa redonda: Gast\u00f3n Mor\u00e1n (Subsecretario de Medicamentos e Informaci\u00f3n Estrat\u00e9gica, MinSal), Ana Lia Allemand (Presidenta ANLAP), Diego Hurtado (Secretario de Planeamiento y Pol\u00edticas en Ciencia, Tecnolog\u00eda e Innovaci\u00f3n, MinCyT), Ana Franchi (Presidenta CONICET), Fernando Peirano (Presidente Agencia I+D+i), Mar\u00eda Ap\u00f3lito (Subsecretaria de Econom\u00eda del Conocimiento, MinDesProd).<\/span><\/li>\n<\/ul>\n","protected":false},"excerpt":{"rendered":"<p>Encuentro 1 (9\/4): &#8220;Pasado y presente de la PPMyV en Argentina&#8221; Moderadora: Dra. Florencia Pignataro (Instituto de Biociencias, Biotecnolog\u00eda y Biolog\u00eda Traslacional, FCEN-UBA) Apertura a cargo del Dr. Juan Carlos Reboreda (Decano FCEN-UBA) Oradora 1: Bioq. Yanina Lamberti (UNLP\/CONICET, Concejala &hellip; <a href=\"https:\/\/exactas.uba.ar\/evento\/jornadasnacionalesppm\/resumenes\/\">Continue reading <span class=\"meta-nav\">&rarr;<\/span><\/a><\/p>\n","protected":false},"author":1,"featured_media":0,"parent":0,"menu_order":0,"comment_status":"closed","ping_status":"closed","template":"","meta":{"footnotes":""},"class_list":["post-12","page","type-page","status-publish","hentry"],"_links":{"self":[{"href":"https:\/\/exactas.uba.ar\/evento\/jornadasnacionalesppm\/wp-json\/wp\/v2\/pages\/12","targetHints":{"allow":["GET"]}}],"collection":[{"href":"https:\/\/exactas.uba.ar\/evento\/jornadasnacionalesppm\/wp-json\/wp\/v2\/pages"}],"about":[{"href":"https:\/\/exactas.uba.ar\/evento\/jornadasnacionalesppm\/wp-json\/wp\/v2\/types\/page"}],"author":[{"embeddable":true,"href":"https:\/\/exactas.uba.ar\/evento\/jornadasnacionalesppm\/wp-json\/wp\/v2\/users\/1"}],"replies":[{"embeddable":true,"href":"https:\/\/exactas.uba.ar\/evento\/jornadasnacionalesppm\/wp-json\/wp\/v2\/comments?post=12"}],"version-history":[{"count":0,"href":"https:\/\/exactas.uba.ar\/evento\/jornadasnacionalesppm\/wp-json\/wp\/v2\/pages\/12\/revisions"}],"wp:attachment":[{"href":"https:\/\/exactas.uba.ar\/evento\/jornadasnacionalesppm\/wp-json\/wp\/v2\/media?parent=12"}],"curies":[{"name":"wp","href":"https:\/\/api.w.org\/{rel}","templated":true}]}}