{"id":10,"date":"2021-02-09T22:22:38","date_gmt":"2021-02-09T22:22:38","guid":{"rendered":"https:\/\/exactas.uba.ar\/JornadasNacionalesPPM\/?page_id=10"},"modified":"2021-02-09T22:22:38","modified_gmt":"2021-02-09T22:22:38","slug":"programa","status":"publish","type":"page","link":"https:\/\/exactas.uba.ar\/evento\/jornadasnacionalesppm\/programa\/","title":{"rendered":"Programa"},"content":{"rendered":"<p><span style=\"font-weight: 400\">Las Jornadas buscaron vincular activamente a los distintos actores de la Producci\u00f3n P\u00fablica de Medicamentos (PPM), la cual a su vez se enmarca en la Pol\u00edtica Nacional de Medicamentos. <\/span><\/p>\n<p><span style=\"color: #ff0000\"><strong>Encuentro 1<\/strong> (9\/4): &#8220;Pasado y presente de la PPMyV en Argentina&#8221;<\/span><\/p>\n<ul>\n<li>Apertura: Dr. Juan Carlos Reboreda (Decano FCEN-UBA)<\/li>\n<li><span style=\"font-weight: 400\">Oradora 1: Bioq. Yanina Lamberti (UNLP\/CONICET, Concejala por el Frente de Tod@s La Plata)<\/span><\/li>\n<li><span style=\"font-weight: 400\">Orador 2: Dr. Nicol\u00e1s Chiarante (FFyB-UBA, Coordinador de vinculaci\u00f3n cient\u00edfico-tecnol\u00f3gica, ANLAP)\u00a0<\/span><\/li>\n<li><span style=\"font-weight: 400\">Orador 3: Mg. Gast\u00f3n Mor\u00e1n (Subsecretario de Medicamentos e Informaci\u00f3n Estrat\u00e9gica, Min. Sal. Nacion)<\/span><\/li>\n<\/ul>\n<p><span style=\"color: #ff0000\"><strong>Encuentro 2<\/strong> (16\/4): &#8220;Laboratorios P\u00fablicos: soberan\u00eda sanitaria&#8221;<\/span><\/p>\n<ul>\n<li>Oradora 1: Farm. Marne Livigni (DT PROFARSE, Provincia de Rio Negro)<\/li>\n<li>Orador 2:\u00a0 Farm. Mauricio Aput (DT Laboratorio del fin del mundo, Provincia de Tierra del Fuego, Ant\u00e1rtida e Islas del Atl\u00e1ntico Sur)<\/li>\n<li>Oradora 3: Farm. Valeria Cianchino (DT Lab. Puntanos, Provincia de San Luis)<\/li>\n<li>Orador 4: Farm. Juan Muller (Laboratorio de Especialidades Medicinales, Provincia de Santa Fe)<\/li>\n<li>Orador 5: Bqo. Claudio Dellamea (DT Lab. Chaque\u00f1os, Provincia de Chaco)<\/li>\n<\/ul>\n<p><span style=\"color: #ff0000\"><strong>Encuentro 3<\/strong> (23\/4): &#8220;Laboratorios P\u00fablicos en UUNN&#8221;<\/span><\/p>\n<ul>\n<li>Oradora 1: <span style=\"font-weight: 400\">Dra. Silvia Gonzalez (ex Decana FBQyF\/UNT, Centro de Elaboraci\u00f3n y Estudios Farmac\u00e9uticos. Actualmente Secretaria de Ciencia, Arte e Innovaci\u00f3n Tecnol\u00f3gica de la UNT)<\/span><\/li>\n<li>Oradora 2: Farm. Ana Lia Allemand (Directora del laboratorio de la UNLaR)<\/li>\n<li>Oradores 3: <span style=\"font-weight: 400\">Farm. Mauro Morri (Director de la Planta Piloto de Producci\u00f3n de Medicamentos, UNR) y Guillermo Cleti (Vinculacion Tecnologica PPPM, UNR)<\/span><\/li>\n<li>Orador 4: Dr. Daniel Allemandi (Gerente de Operaciones del Lab. de Hemoderivados, UNC)<\/li>\n<li><span style=\"font-weight: 400\">Orador 5: Farm. Mario Vallespir (Unidad Productora de Medicamentos, UNLP)<\/span><strong>\u00a0<\/strong><\/li>\n<\/ul>\n<p><span style=\"color: #ff0000\"><strong>Encuentro 4<\/strong> (30\/4): &#8220;Aportes del sistema cient\u00edfico tecnol\u00f3gico a la PPM&#8221;<\/span><\/p>\n<ul>\n<li>Oradora 1: Dra. Julieta Comin (Gerenta de Desarrollo Tecnol\u00f3gico e Innovaci\u00f3n, INTI)<\/li>\n<li>Orador: Dr. Daniel Gonz\u00e1lez Maglio (Representante FFyB-UBA en ANLAP)<\/li>\n<li>Orador 3: Dr. Gustavo Chiabrando (Decano, FCQ-UNC)<\/li>\n<li>Orador 4: Dr. Mauricio Erben (Decano, FCE\u2013UNLP)<\/li>\n<li>Orador 5: Dr. Andres Sciara (<span style=\"font-weight: 400\">FBIOyF-UNR)<\/span><\/li>\n<li><span style=\"font-weight: 400\">Oradores 6: Dra. Florencia Pignataro (Instituto de Biociencias, Biotecnolog\u00eda y Biolog\u00eda Traslacional, FCEN-UBA) \/ Dr. Sebastian Suarez (Coordinador Programa PPM-Exactas)<\/span><\/li>\n<\/ul>\n<p><span style=\"color: #ff0000\"><strong>Encuentro 5<\/strong> (7\/5): &#8220;Pol\u00edtica Nacional de Medicamentos y Aspectos Regulatorios&#8221;<\/span><\/p>\n<ul>\n<li>Orador 1: Farm. Mat\u00edas E. Gomez (Director de Fiscalizaci\u00f3n y Gesti\u00f3n de Riesgos,<br \/>\nInstituto Nacional de Medicamentos &#8211; ANMAT)<\/li>\n<li><span style=\"font-weight: 400\">Orador 2: Dr. Emiliano Melero (Director Nacional de Medicamentos y Tecnolog\u00eda Sanitaria, Ministerio de Salud de la Naci\u00f3n)<\/span><\/li>\n<\/ul>\n<p><span style=\"color: #ff0000\"><b>Encuentro 6<\/b><\/span><span style=\"font-weight: 400;color: #ff0000\"> (14\/5): &#8220;Camino a la Soberan\u00eda Sanitaria&#8221;<\/span><\/p>\n<ul>\n<li>Orador 1: Dr. Leonel Tesler (Pte. Fundaci\u00f3n Soberan\u00eda Sanitaria)<\/li>\n<li>Orador 2: Mg. Federico Pi\u00f1eiro (ISCO-UNLa)<\/li>\n<li>Oradora 3: Dra. Lorena Di Giano (Coordinadora de RedLAM)<\/li>\n<li>Orador 4: Nicolas Kreplak (ex Viceministro de Salud de la Naci\u00f3n, actual Viceministro de Salud de la Pcia. de Bs. As.)<\/li>\n<\/ul>\n<p><span style=\"color: #ff0000\"><strong>Encuentro 7<\/strong> (21\/5): &#8220;Una mirada de las Ciencias Sociales a la PPM&#8221;<\/span><\/p>\n<ul>\n<li><span style=\"font-weight: 400\">Oradora 1: Dra. Juli Alcain (IMEX-CONICET)\u00a0<\/span><\/li>\n<li><span style=\"font-weight: 400\">Oradora 2: Dr. Pablo Lavarello (Director del Centro de Estudios Urbanos y Regionales &#8211; CONICET)<\/span><\/li>\n<li><span style=\"font-weight: 400\">Orador 3: Dr. Mario Pecheny\u00a0 (Vicepte Asuntos Cient\u00edficos del CONICET e integrante del directorio de este organismo por el \u00e1rea de Ciencias Sociales y Humanidades)<\/span><\/li>\n<\/ul>\n<p><span style=\"color: #ff0000\"><strong>Encuentro 8<\/strong> (28\/5): &#8220;El futuro de la PPM en Argentina&#8221;<\/span><\/p>\n<p><span style=\"font-weight: 400\">Mesa redonda: Gast\u00f3n Mor\u00e1n (Subsecretario de Medicamentos e Informaci\u00f3n Estrat\u00e9gica, MinSal), Ana Lia Allemand (Presidenta ANLAP), Diego Hurtado (Secretario de Planeamiento y Pol\u00edticas en Ciencia, Tecnolog\u00eda e Innovaci\u00f3n, MinCyT), Ana Franchi (Presidenta CONICET), Fernando Peirano (Presidente Agencia I+D+i), Mar\u00eda Ap\u00f3lito (Subsecretaria de Econom\u00eda del Conocimiento, MinDesProd).<\/span><\/p>\n","protected":false},"excerpt":{"rendered":"<p>Las Jornadas buscaron vincular activamente a los distintos actores de la Producci\u00f3n P\u00fablica de Medicamentos (PPM), la cual a su vez se enmarca en la Pol\u00edtica Nacional de Medicamentos. Encuentro 1 (9\/4): &#8220;Pasado y presente de la PPMyV en Argentina&#8221; &hellip; <a href=\"https:\/\/exactas.uba.ar\/evento\/jornadasnacionalesppm\/programa\/\">Continue reading <span class=\"meta-nav\">&rarr;<\/span><\/a><\/p>\n","protected":false},"author":1,"featured_media":0,"parent":0,"menu_order":0,"comment_status":"closed","ping_status":"closed","template":"","meta":{"footnotes":""},"class_list":["post-10","page","type-page","status-publish","hentry"],"_links":{"self":[{"href":"https:\/\/exactas.uba.ar\/evento\/jornadasnacionalesppm\/wp-json\/wp\/v2\/pages\/10","targetHints":{"allow":["GET"]}}],"collection":[{"href":"https:\/\/exactas.uba.ar\/evento\/jornadasnacionalesppm\/wp-json\/wp\/v2\/pages"}],"about":[{"href":"https:\/\/exactas.uba.ar\/evento\/jornadasnacionalesppm\/wp-json\/wp\/v2\/types\/page"}],"author":[{"embeddable":true,"href":"https:\/\/exactas.uba.ar\/evento\/jornadasnacionalesppm\/wp-json\/wp\/v2\/users\/1"}],"replies":[{"embeddable":true,"href":"https:\/\/exactas.uba.ar\/evento\/jornadasnacionalesppm\/wp-json\/wp\/v2\/comments?post=10"}],"version-history":[{"count":0,"href":"https:\/\/exactas.uba.ar\/evento\/jornadasnacionalesppm\/wp-json\/wp\/v2\/pages\/10\/revisions"}],"wp:attachment":[{"href":"https:\/\/exactas.uba.ar\/evento\/jornadasnacionalesppm\/wp-json\/wp\/v2\/media?parent=10"}],"curies":[{"name":"wp","href":"https:\/\/api.w.org\/{rel}","templated":true}]}}