{"id":8,"date":"2023-11-08T15:16:29","date_gmt":"2023-11-08T18:16:29","guid":{"rendered":"https:\/\/exactas.uba.ar\/evento\/jornadas-socioambientales\/?page_id=8"},"modified":"2025-09-22T15:18:06","modified_gmt":"2025-09-22T18:18:06","slug":"inicio","status":"publish","type":"page","link":"https:\/\/exactas.uba.ar\/evento\/jornadas-socioambientales\/","title":{"rendered":"Inicio"},"content":{"rendered":"<h3><strong>\u201cCient\u00edficas y cient\u00edficos ante la crisis ambiental: producci\u00f3n de conocimiento y desaf\u00edos\u201d<\/strong><\/h3>\n<p><span style=\"font-weight: 400;\">Los d\u00edas 20, 21 y 22 de Octubre de 2025 se realizar\u00e1n las II Jornadas Socioambientales de la FCEN, organizadas por el <a href=\"https:\/\/exactas.uba.ar\/programa-socioambiental-fcen\/\">Programa Socioambiental<\/a>. Durante las primeras Jornadas, realizadas en Noviembre de 2023, se presentaron m\u00e1s de 90 posters y se realizaron 6 mesas redondas, en las que se dio un primer paso en la visibilizaci\u00f3n de las m\u00faltiples l\u00edneas de investigaci\u00f3n en tem\u00e1ticas socioambientales que se desarrollan en la FCEN.\u00a0<\/span><\/p>\n<p><span style=\"font-weight: 400;\">En estas nuevas Jornadas se buscar\u00e1\u00a0<\/span><\/p>\n<ul>\n<li style=\"font-weight: 400;\" aria-level=\"1\"><span style=\"font-weight: 400;\">Profundizar lo realizado en las I Jornadas de 2023, visibilizando intervenciones concretas y redes interdisciplinarias al interior de la FCEN<\/span><\/li>\n<li style=\"font-weight: 400;\" aria-level=\"1\"><span style=\"font-weight: 400;\">Poner en di\u00e1logo experiencias de intervenci\u00f3n\/abordaje de problem\u00e1ticas socioambientales<\/span><\/li>\n<li style=\"font-weight: 400;\" aria-level=\"1\"><span style=\"font-weight: 400;\">Promover la reflexi\u00f3n sobre el rol de la ciencia y la universidad en el marco de la crisis global<\/span><\/li>\n<\/ul>\n<p><span style=\"font-weight: 400;\">Con estos objetivos, se recibir\u00e1n res\u00famenes para presentaci\u00f3n de posters enmarcados en los siguientes ejes tem\u00e1ticos:<\/span><\/p>\n<ol>\n<li style=\"font-weight: 400;\" aria-level=\"1\"><b>Diagn\u00f3stico y monitoreo socioambiental<\/b><b><br \/>\n<\/b><span style=\"font-weight: 400;\">M\u00e9todos, herramientas y estudios de diagn\u00f3stico orientados a evaluar y comprender problem\u00e1ticas socioambientales.<\/span><\/li>\n<li style=\"font-weight: 400;\" aria-level=\"1\"><b>Soluciones innovadoras a problem\u00e1ticas socioambientales<\/b><b><br \/>\n<\/b><span style=\"font-weight: 400;\">Propuestas, proyectos e iniciativas que ofrecen alternativas y respuestas frente a los desaf\u00edos socioambientales.<\/span><\/li>\n<li style=\"font-weight: 400;\" aria-level=\"1\"><b>Vinculaci\u00f3n e incidencia en pol\u00edticas p\u00fablicas<\/b><b><br \/>\n<\/b><span style=\"font-weight: 400;\">Proyectos que articulan la investigaci\u00f3n acad\u00e9mica con actores del sector p\u00fablico y privado para la toma de decisiones.<\/span><\/li>\n<\/ol>\n<p><span style=\"font-weight: 400;\">Para participar exponiendo un poster, enviar un mail a <\/span><a href=\"mailto:jornadasprosa@de.fcen.uba.ar\"><span style=\"font-weight: 400;\">jornadasprosa@de.fcen.uba.ar<\/span><\/a><span style=\"font-weight: 400;\"> adjuntando un resumen con los datos especificados en la<\/span><span style=\"font-weight: 400;\"> plantilla modelo<\/span><span style=\"font-weight: 400;\">. La fecha l\u00edmite para la postulaci\u00f3n de res\u00famenes es el viernes 3 de octubre.<\/span><\/p>\n<p><br style=\"font-weight: 400;\" \/><br style=\"font-weight: 400;\" \/><\/p>\n","protected":false},"excerpt":{"rendered":"<p>\u201cCient\u00edficas y cient\u00edficos ante la crisis ambiental: producci\u00f3n de conocimiento y desaf\u00edos\u201d Los d\u00edas 20, 21 y 22 de Octubre de 2025 se realizar\u00e1n las II Jornadas Socioambientales de la FCEN, organizadas por el Programa Socioambiental. Durante las primeras Jornadas, &hellip; <a href=\"https:\/\/exactas.uba.ar\/evento\/jornadas-socioambientales\/\">Continue reading <span class=\"meta-nav\">&rarr;<\/span><\/a><\/p>\n","protected":false},"author":1,"featured_media":0,"parent":0,"menu_order":0,"comment_status":"closed","ping_status":"closed","template":"","meta":{"footnotes":""},"class_list":["post-8","page","type-page","status-publish","hentry"],"_links":{"self":[{"href":"https:\/\/exactas.uba.ar\/evento\/jornadas-socioambientales\/wp-json\/wp\/v2\/pages\/8","targetHints":{"allow":["GET"]}}],"collection":[{"href":"https:\/\/exactas.uba.ar\/evento\/jornadas-socioambientales\/wp-json\/wp\/v2\/pages"}],"about":[{"href":"https:\/\/exactas.uba.ar\/evento\/jornadas-socioambientales\/wp-json\/wp\/v2\/types\/page"}],"author":[{"embeddable":true,"href":"https:\/\/exactas.uba.ar\/evento\/jornadas-socioambientales\/wp-json\/wp\/v2\/users\/1"}],"replies":[{"embeddable":true,"href":"https:\/\/exactas.uba.ar\/evento\/jornadas-socioambientales\/wp-json\/wp\/v2\/comments?post=8"}],"version-history":[{"count":9,"href":"https:\/\/exactas.uba.ar\/evento\/jornadas-socioambientales\/wp-json\/wp\/v2\/pages\/8\/revisions"}],"predecessor-version":[{"id":327,"href":"https:\/\/exactas.uba.ar\/evento\/jornadas-socioambientales\/wp-json\/wp\/v2\/pages\/8\/revisions\/327"}],"wp:attachment":[{"href":"https:\/\/exactas.uba.ar\/evento\/jornadas-socioambientales\/wp-json\/wp\/v2\/media?parent=8"}],"curies":[{"name":"wp","href":"https:\/\/api.w.org\/{rel}","templated":true}]}}