{"id":10,"date":"2023-11-08T15:16:35","date_gmt":"2023-11-08T18:16:35","guid":{"rendered":"https:\/\/exactas.uba.ar\/evento\/jornadas-socioambientales\/?page_id=10"},"modified":"2025-10-15T11:50:25","modified_gmt":"2025-10-15T14:50:25","slug":"programa","status":"publish","type":"page","link":"https:\/\/exactas.uba.ar\/evento\/jornadas-socioambientales\/programa\/","title":{"rendered":"Programa"},"content":{"rendered":"<h1>Mesas redondas<\/h1>\n<h2>&#8220;Conexiones que transforman: interdisciplina y transdisciplina en la investigaci\u00f3n socioambiental&#8221;<\/h2>\n<p><strong>Lunes 20\/10; 10:30 Hs; Aula 1308 del pabell\u00f3n 0+infinito<\/strong><\/p>\n<ul>\n<li>Ivana Laura Oz\u00e1n<\/li>\n<li>Walter Farina<\/li>\n<li>Andrea Revel Chion<\/li>\n<li>Ignacio S\u00e1nchez<\/li>\n<\/ul>\n<h2>&#8220;RECU-CN, actualidad y perspectiva futuro: gesti\u00f3n e investigaci\u00f3n integradas&#8221;<\/h2>\n<p><strong>Martes 21\/10; 10:30 Hs; Aula 1308 del pabell\u00f3n 0+infinito<\/strong><\/p>\n<ul>\n<li>Ivan Eroles<\/li>\n<li>Paula Courtalon<\/li>\n<li>Santiago Flaibani<\/li>\n<li>Julia Benito<\/li>\n<\/ul>\n<h2>&#8220;Alianzas p\u00fablico-privadas en investigaci\u00f3n socioambiental: experiencias y desaf\u00edos&#8221;<\/h2>\n<p><strong>Mi\u00e9rcoles 22\/10; 10:30 Hs; Aula 1303 del pabell\u00f3n 0+infinito<\/strong><\/p>\n<ul>\n<li>Olga Suarez<\/li>\n<li>Diego Moreira<\/li>\n<li>Sof\u00eda Castillo<\/li>\n<li>Florencia Mitchell<\/li>\n<\/ul>\n<h1>Posters<\/h1>\n<p>Los posters estar\u00e1n colgados desde el lunes por la ma\u00f1ana y hasta la finalizaci\u00f3n de las jornadas el mi\u00e9rcoles. En el horario de 15 a 16 hs, durante los 3 d\u00edas, estar\u00e1n presentes autores de los posters para intercambiar y dialogar sobre los mismos.<\/p>\n","protected":false},"excerpt":{"rendered":"<p>Mesas redondas &#8220;Conexiones que transforman: interdisciplina y transdisciplina en la investigaci\u00f3n socioambiental&#8221; Lunes 20\/10; 10:30 Hs; Aula 1308 del pabell\u00f3n 0+infinito Ivana Laura Oz\u00e1n Walter Farina Andrea Revel Chion Ignacio S\u00e1nchez &#8220;RECU-CN, actualidad y perspectiva futuro: gesti\u00f3n e investigaci\u00f3n integradas&#8221; &hellip; <a href=\"https:\/\/exactas.uba.ar\/evento\/jornadas-socioambientales\/programa\/\">Continue reading <span class=\"meta-nav\">&rarr;<\/span><\/a><\/p>\n","protected":false},"author":1,"featured_media":0,"parent":0,"menu_order":0,"comment_status":"closed","ping_status":"closed","template":"","meta":{"footnotes":""},"class_list":["post-10","page","type-page","status-publish","hentry"],"_links":{"self":[{"href":"https:\/\/exactas.uba.ar\/evento\/jornadas-socioambientales\/wp-json\/wp\/v2\/pages\/10","targetHints":{"allow":["GET"]}}],"collection":[{"href":"https:\/\/exactas.uba.ar\/evento\/jornadas-socioambientales\/wp-json\/wp\/v2\/pages"}],"about":[{"href":"https:\/\/exactas.uba.ar\/evento\/jornadas-socioambientales\/wp-json\/wp\/v2\/types\/page"}],"author":[{"embeddable":true,"href":"https:\/\/exactas.uba.ar\/evento\/jornadas-socioambientales\/wp-json\/wp\/v2\/users\/1"}],"replies":[{"embeddable":true,"href":"https:\/\/exactas.uba.ar\/evento\/jornadas-socioambientales\/wp-json\/wp\/v2\/comments?post=10"}],"version-history":[{"count":21,"href":"https:\/\/exactas.uba.ar\/evento\/jornadas-socioambientales\/wp-json\/wp\/v2\/pages\/10\/revisions"}],"predecessor-version":[{"id":333,"href":"https:\/\/exactas.uba.ar\/evento\/jornadas-socioambientales\/wp-json\/wp\/v2\/pages\/10\/revisions\/333"}],"wp:attachment":[{"href":"https:\/\/exactas.uba.ar\/evento\/jornadas-socioambientales\/wp-json\/wp\/v2\/media?parent=10"}],"curies":[{"name":"wp","href":"https:\/\/api.w.org\/{rel}","templated":true}]}}