{"id":190,"date":"2024-04-30T20:03:04","date_gmt":"2024-04-30T23:03:04","guid":{"rendered":"https:\/\/exactas.uba.ar\/evento\/jornada-vinculacion\/?page_id=190"},"modified":"2024-05-20T15:07:28","modified_gmt":"2024-05-20T18:07:28","slug":"presentaciones","status":"publish","type":"page","link":"https:\/\/exactas.uba.ar\/evento\/jornada-vinculacion\/presentaciones\/","title":{"rendered":"Presentaciones"},"content":{"rendered":"<p><a href=\"https:\/\/exactas.uba.ar\/evento\/jornada-vinculacion\/wp-content\/uploads\/sites\/10\/2024\/05\/Jornada-Quimica-para-Innovar_F.DI_SALVO_VF.pdf\">\u201cAbordajes multi-t\u00e9cnica para la caracterizaci\u00f3n de materiales s\u00f3lidos\u201d<\/a> Florencia Di Salvo, INQUIMAE \/ DQIAQF, FCEN-UBA, flor@qi.fcen.uba.ar<\/p>\n<p><a href=\"https:\/\/exactas.uba.ar\/evento\/jornada-vinculacion\/wp-content\/uploads\/sites\/10\/2024\/05\/UMYMFOR.-Capacidades-y-servicios-tecnologicos-en-el-area-de-la-quimica-organica.pdf\">\u201cUMYMFOR. Capacidades y servicios tecnol\u00f3gicos en el \u00e1rea de la qu\u00edmica org\u00e1nica\u201d<\/a> Pablo H. Di Chenna, UMYMFOR\/ DQO, FCEN-UBA, dichenna@qo.fcen.uba.ar<\/p>\n<p><a href=\"https:\/\/exactas.uba.ar\/evento\/jornada-vinculacion\/wp-content\/uploads\/sites\/10\/2024\/05\/Quimica-organica-a-la-carta.pdf\">\u201cQu\u00edmica org\u00e1nica a la carta\u201d<\/a> Maria Laura Uhrig, CIHIDECAR\/ DQO, FCEN-UBA, mluhrig@qo.fcen.uba.ar<\/p>\n<p><a style=\"color: #ff4b33\" href=\"https:\/\/exactas.uba.ar\/evento\/jornada-vinculacion\/wp-content\/uploads\/sites\/10\/2024\/05\/Modulo-Analitico-del-INQUIMAE.-Que-soluciones-y-elementos-brindamos-para-la-industria-quimica.pdf\">\u201cM\u00f3dulo Anal\u00edtico del INQUIMAE. Qu\u00e9 soluciones y elementos brindamos para la industria qu\u00edmica\u201d<\/a> Luca Terracino, INQUIMAE \/ DQIAQF, FCEN-UBA, terraciano.luca@gmail.com<\/p>\n<p><a href=\"https:\/\/exactas.uba.ar\/evento\/jornada-vinculacion\/wp-content\/uploads\/sites\/10\/2024\/05\/Experiencias-de-vinculacion-con-organismos-publicos-y-empresas.pdf\">\u201cExperiencias de vinculaci\u00f3n con organismos p\u00fablicos y empresas\u201d<\/a> <span data-sheets-root=\"1\" data-sheets-value=\"{&quot;1&quot;:2,&quot;2&quot;:&quot;Juliana Gamboa&quot;}\" data-sheets-userformat=\"{&quot;2&quot;:14467,&quot;3&quot;:{&quot;1&quot;:0,&quot;3&quot;:1},&quot;4&quot;:{&quot;1&quot;:2,&quot;2&quot;:16777215},&quot;10&quot;:2,&quot;14&quot;:{&quot;1&quot;:2,&quot;2&quot;:0},&quot;15&quot;:&quot;Arial&quot;,&quot;16&quot;:11}\">Juliana Gamboa<\/span>, Subsecretaria de Vinculaci\u00f3n y Transferencia Tecnol\u00f3gica (OVTT), FCEN-UBA, <a class=\"waffle-rich-text-link\" data-sheets-formula-bar-text-link=\"mailto:juliana.gamboa@de.fcen.uba.ar\" data-sheets-formula-bar-text-style=\"font-size:13px;color:#1155cc;font-weight:normal;text-decoration:underline;font-family:'Arial';font-style:normal;text-decoration-skip-ink:none;\">juliana.gamboa@de.fcen.uba.ar<\/a><\/p>\n<p><a style=\"color: #ff4b33\" href=\"https:\/\/exactas.uba.ar\/evento\/jornada-vinculacion\/wp-content\/uploads\/sites\/10\/2024\/05\/FUNDACEN-Por-una-mejor-Exactas.pdf\">\u201cFUNDACEN &#8211; Por una mejor Exactas\u201c<\/a> Alejo Seillant, Director Ejecutivo FUNDACEN, alejo.seillant@fundacen.org.ar<\/p>\n<p><a href=\"https:\/\/exactas.uba.ar\/evento\/jornada-vinculacion\/wp-content\/uploads\/sites\/10\/2024\/05\/Presentacion-de-la-Gerencia-de-Vinculacion-Tecnologica-de-CONICET.pdf\">\u201cPresentaci\u00f3n de la Gerencia de Vinculaci\u00f3n Tecnol\u00f3gica de CONICET\u201c<\/a> Agust\u00edn Crivelli, Coordinador de Gesti\u00f3n de Instrumentos para la Vinculaci\u00f3n Tecnol\u00f3gica, CONICET, <a href=\"mailto:dgt@conicet.gov.ar\" target=\"_blank\" rel=\"noopener\">dgt@conicet.gov.ar<\/a><\/p>\n<p><a href=\"https:\/\/exactas.uba.ar\/evento\/jornada-vinculacion\/wp-content\/uploads\/sites\/10\/2024\/05\/Proyecto-de-vinculacion.-INQUIMAE-Ampacet-Propiedades-Superficiales-de-Peliculas-Polimericas.pdf\">\u201cProyecto de vinculaci\u00f3n. INQUIMAE-Ampacet Propiedades Superficiales de Pel\u00edculas Polim\u00e9ricas\u201d<\/a> Mart\u00edn Negri, INQUIMAE \/ DQIAQF, FCEN-UBA, rmn@qi.fcen.uba.ar<\/p>\n<p><a style=\"color: #ff4b33\" href=\"https:\/\/exactas.uba.ar\/evento\/jornada-vinculacion\/wp-content\/uploads\/sites\/10\/2024\/05\/Ciencia-y-Desarrollo-Tecnologico.-Contratos-de-Investigacion-con-Empresas.pdf\">\u201cCiencia y Desarrollo Tecnol\u00f3gico. Contratos de Investigaci\u00f3n con Empresas\u201d<\/a> Ernesto Calvo, INQUIMAE \/ DQIAQF, FCEN-UBA, calvo@qi.fcen.uba.ar<\/p>\n","protected":false},"excerpt":{"rendered":"<p>\u201cAbordajes multi-t\u00e9cnica para la caracterizaci\u00f3n de materiales s\u00f3lidos\u201d Florencia Di Salvo, INQUIMAE \/ DQIAQF, FCEN-UBA, flor@qi.fcen.uba.ar \u201cUMYMFOR. Capacidades y servicios tecnol\u00f3gicos en el \u00e1rea de la qu\u00edmica org\u00e1nica\u201d Pablo H. Di Chenna, UMYMFOR\/ DQO, FCEN-UBA, dichenna@qo.fcen.uba.ar \u201cQu\u00edmica org\u00e1nica a la &hellip; <a href=\"https:\/\/exactas.uba.ar\/evento\/jornada-vinculacion\/presentaciones\/\">Continue reading <span class=\"meta-nav\">&rarr;<\/span><\/a><\/p>\n","protected":false},"author":1,"featured_media":0,"parent":0,"menu_order":0,"comment_status":"closed","ping_status":"closed","template":"","meta":{"footnotes":""},"class_list":["post-190","page","type-page","status-publish","hentry"],"_links":{"self":[{"href":"https:\/\/exactas.uba.ar\/evento\/jornada-vinculacion\/wp-json\/wp\/v2\/pages\/190","targetHints":{"allow":["GET"]}}],"collection":[{"href":"https:\/\/exactas.uba.ar\/evento\/jornada-vinculacion\/wp-json\/wp\/v2\/pages"}],"about":[{"href":"https:\/\/exactas.uba.ar\/evento\/jornada-vinculacion\/wp-json\/wp\/v2\/types\/page"}],"author":[{"embeddable":true,"href":"https:\/\/exactas.uba.ar\/evento\/jornada-vinculacion\/wp-json\/wp\/v2\/users\/1"}],"replies":[{"embeddable":true,"href":"https:\/\/exactas.uba.ar\/evento\/jornada-vinculacion\/wp-json\/wp\/v2\/comments?post=190"}],"version-history":[{"count":10,"href":"https:\/\/exactas.uba.ar\/evento\/jornada-vinculacion\/wp-json\/wp\/v2\/pages\/190\/revisions"}],"predecessor-version":[{"id":212,"href":"https:\/\/exactas.uba.ar\/evento\/jornada-vinculacion\/wp-json\/wp\/v2\/pages\/190\/revisions\/212"}],"wp:attachment":[{"href":"https:\/\/exactas.uba.ar\/evento\/jornada-vinculacion\/wp-json\/wp\/v2\/media?parent=190"}],"curies":[{"name":"wp","href":"https:\/\/api.w.org\/{rel}","templated":true}]}}