{"id":12,"date":"2024-02-20T15:30:24","date_gmt":"2024-02-20T18:30:24","guid":{"rendered":"https:\/\/exactas.uba.ar\/evento\/jornada-vinculacion\/?page_id=12"},"modified":"2024-02-28T14:16:23","modified_gmt":"2024-02-28T17:16:23","slug":"inicio","status":"publish","type":"page","link":"https:\/\/exactas.uba.ar\/evento\/jornada-vinculacion\/","title":{"rendered":"Inicio"},"content":{"rendered":"<h1 style=\"text-align: center\">Qu\u00edmica para innovar<\/h1>\n<h2>Herramientas de vinculaci\u00f3n con el Sector Socio-Productivo<\/h2>\n<p>La jornada <strong>\u201cQu\u00edmica para innovar\u201d <\/strong>tiene como objetivo fortalecer y crear nuevos v\u00ednculos entre las instituciones de investigaci\u00f3n, el sector productivo, y otros organismos de CyT del pa\u00eds. La misma se realizar\u00e1 el <strong>19 de abril<\/strong> en Ciudad Universitaria en el <strong>Pabell\u00f3n 0 + infinito<\/strong>, organizada por los institutos de investigaci\u00f3n <strong>UBA-CONICET<\/strong> del \u00e1rea qu\u00edmica que se encuentran en la Facultad de Ciencias Exactas y Naturales (UMYMFOR, INQUIMAE y CIHIDECAR).<\/p>\n<p>Durante la jornada se presentar\u00e1n las diferentes <strong>facilidades<\/strong> y <strong>equipamiento<\/strong> disponible en nuestra instituci\u00f3n que son la base de los <strong>servicios<\/strong> tecnol\u00f3gicos de alto nivel brindados. Tambi\u00e9n se detallar\u00e1n las capacidades y posibilidades con las que contamos <strong>para resolver problemas y demandas<\/strong> vinculadas al sector productivo que permitan <strong>contribuir a su desarrollo<\/strong>.<\/p>\n<hr \/>\n<h3>Organizan<\/h3>\n<ul>\n<li><span style=\"color: #000000\">Centro de Investigaciones en Hidratos de Carbono <a href=\"https:\/\/cihidecar.conicet.gov.ar\/\">(CIHIDECAR)<\/a><\/span><\/li>\n<li><span style=\"color: #000000\">Instituto de Qu\u00edmica, F\u00edsica de los Materiales, Medio Ambiente y Energ\u00eda <a href=\"https:\/\/www.inquimae.fcen.uba.ar\/\">(INQUIMAE)<\/a><\/span><\/li>\n<li><span style=\"font-size: 16px;color: #000000\">Unidad de Microan\u00e1lisis y M\u00e9todos F\u00edsicos en Qu\u00edmica Org\u00e1nica <a href=\"https:\/\/umymfor.conicet.gov.ar\/\">(UMYMFOR)<\/a><\/span><\/li>\n<\/ul>\n<h3>Auspician y co-organizan<\/h3>\n<ul>\n<li><span style=\"color: #000000\">Consejo Nacional de Investigaciones Cient\u00edficas y T\u00e9cnicas <a href=\"https:\/\/www.conicet.gov.ar\/\">(CONICET)<\/a><\/span><\/li>\n<li><span style=\"color: #000000\">FACULTAD DE CIENCIAS EXACTAS Y NATURALES <a href=\"https:\/\/exactas.uba.ar\/\">(FCEN-UBA)<\/a><\/span>\n<ul>\n<li><span style=\"color: #000000\">Secretar\u00eda de Investigaci\u00f3n<\/span><\/li>\n<li><span style=\"color: #000000\">Secretar\u00eda de Relaciones Institucionales<\/span><\/li>\n<li><span style=\"color: #000000\">Subsecretar\u00eda de Graduadas y Graduados<\/span><\/li>\n<\/ul>\n<\/li>\n<\/ul>\n<hr \/>\n<p>&nbsp;<\/p>\n","protected":false},"excerpt":{"rendered":"<p>Qu\u00edmica para innovar Herramientas de vinculaci\u00f3n con el Sector Socio-Productivo La jornada \u201cQu\u00edmica para innovar\u201d tiene como objetivo fortalecer y crear nuevos v\u00ednculos entre las instituciones de investigaci\u00f3n, el sector productivo, y otros organismos de CyT del pa\u00eds. La misma &hellip; <a href=\"https:\/\/exactas.uba.ar\/evento\/jornada-vinculacion\/\">Continue reading <span class=\"meta-nav\">&rarr;<\/span><\/a><\/p>\n","protected":false},"author":1,"featured_media":0,"parent":0,"menu_order":0,"comment_status":"closed","ping_status":"closed","template":"","meta":{"footnotes":""},"class_list":["post-12","page","type-page","status-publish","hentry"],"_links":{"self":[{"href":"https:\/\/exactas.uba.ar\/evento\/jornada-vinculacion\/wp-json\/wp\/v2\/pages\/12","targetHints":{"allow":["GET"]}}],"collection":[{"href":"https:\/\/exactas.uba.ar\/evento\/jornada-vinculacion\/wp-json\/wp\/v2\/pages"}],"about":[{"href":"https:\/\/exactas.uba.ar\/evento\/jornada-vinculacion\/wp-json\/wp\/v2\/types\/page"}],"author":[{"embeddable":true,"href":"https:\/\/exactas.uba.ar\/evento\/jornada-vinculacion\/wp-json\/wp\/v2\/users\/1"}],"replies":[{"embeddable":true,"href":"https:\/\/exactas.uba.ar\/evento\/jornada-vinculacion\/wp-json\/wp\/v2\/comments?post=12"}],"version-history":[{"count":22,"href":"https:\/\/exactas.uba.ar\/evento\/jornada-vinculacion\/wp-json\/wp\/v2\/pages\/12\/revisions"}],"predecessor-version":[{"id":153,"href":"https:\/\/exactas.uba.ar\/evento\/jornada-vinculacion\/wp-json\/wp\/v2\/pages\/12\/revisions\/153"}],"wp:attachment":[{"href":"https:\/\/exactas.uba.ar\/evento\/jornada-vinculacion\/wp-json\/wp\/v2\/media?parent=12"}],"curies":[{"name":"wp","href":"https:\/\/api.w.org\/{rel}","templated":true}]}}