{"id":9,"date":"2024-10-03T12:13:32","date_gmt":"2024-10-03T15:13:32","guid":{"rendered":"https:\/\/exactas.uba.ar\/evento\/jornada-canal-magdalena\/?page_id=9"},"modified":"2024-10-03T18:52:21","modified_gmt":"2024-10-03T21:52:21","slug":"programa","status":"publish","type":"page","link":"https:\/\/exactas.uba.ar\/evento\/jornada-canal-magdalena\/programa\/","title":{"rendered":"Programa"},"content":{"rendered":"<p>9:15 a 10h <strong>Apertura<\/strong><br \/>\nGuillermo Dur\u00e1n, decano Exactas UBA<\/p>\n<p>Juan Cruz Lucero, subsecretario Puertos de la Provincia de Buenos Aires<\/p>\n<p>10 a 11:30h <strong>Las claves del proyecto del Canal Magdalena<\/strong><\/p>\n<p>Ing. Hern\u00e1n Orduna, ex titular de la Unidad Ejecutora Especial Temporaria &#8220;Canal Magdalena&#8221;<\/p>\n<p>Mempo Giardinelli, periodista de P\u00e1gina 12 especializado en el Canal Magdalena<\/p>\n<p>Mat\u00edas Remes Lenicov, director provincial de Control de Gesti\u00f3n Portuaria del Ministerio de Producci\u00f3n, Ciencia e Innovaci\u00f3n Tecnol\u00f3gica de la Provincia de Buenos Aires<\/p>\n<p>11:30 a 11:40h Intervalo<\/p>\n<p>11:40 a 12:00h <strong>Oportunidades desde la Facultad de Ciencias Exactas y Naturales UBA<\/strong><\/p>\n<p>Dr. Alejandro Tassone<br \/>\nDr. Donald Mauricio Bran<br \/>\nLic. Nathalia Salazar<br \/>\ndel Grupo Geoflama del IGeBA FCEN<\/p>\n<p>12:00 a 13h <strong>Panel de Cierre<\/strong><\/p>\n","protected":false},"excerpt":{"rendered":"<p>9:15 a 10h Apertura Guillermo Dur\u00e1n, decano Exactas UBA Juan Cruz Lucero, subsecretario Puertos de la Provincia de Buenos Aires 10 a 11:30h Las claves del proyecto del Canal Magdalena Ing. Hern\u00e1n Orduna, ex titular de la Unidad Ejecutora Especial &hellip; <a href=\"https:\/\/exactas.uba.ar\/evento\/jornada-canal-magdalena\/programa\/\">Continue reading <span class=\"meta-nav\">&rarr;<\/span><\/a><\/p>\n","protected":false},"author":1,"featured_media":0,"parent":0,"menu_order":0,"comment_status":"closed","ping_status":"closed","template":"","meta":{"footnotes":""},"class_list":["post-9","page","type-page","status-publish","hentry"],"_links":{"self":[{"href":"https:\/\/exactas.uba.ar\/evento\/jornada-canal-magdalena\/wp-json\/wp\/v2\/pages\/9","targetHints":{"allow":["GET"]}}],"collection":[{"href":"https:\/\/exactas.uba.ar\/evento\/jornada-canal-magdalena\/wp-json\/wp\/v2\/pages"}],"about":[{"href":"https:\/\/exactas.uba.ar\/evento\/jornada-canal-magdalena\/wp-json\/wp\/v2\/types\/page"}],"author":[{"embeddable":true,"href":"https:\/\/exactas.uba.ar\/evento\/jornada-canal-magdalena\/wp-json\/wp\/v2\/users\/1"}],"replies":[{"embeddable":true,"href":"https:\/\/exactas.uba.ar\/evento\/jornada-canal-magdalena\/wp-json\/wp\/v2\/comments?post=9"}],"version-history":[{"count":4,"href":"https:\/\/exactas.uba.ar\/evento\/jornada-canal-magdalena\/wp-json\/wp\/v2\/pages\/9\/revisions"}],"predecessor-version":[{"id":28,"href":"https:\/\/exactas.uba.ar\/evento\/jornada-canal-magdalena\/wp-json\/wp\/v2\/pages\/9\/revisions\/28"}],"wp:attachment":[{"href":"https:\/\/exactas.uba.ar\/evento\/jornada-canal-magdalena\/wp-json\/wp\/v2\/media?parent=9"}],"curies":[{"name":"wp","href":"https:\/\/api.w.org\/{rel}","templated":true}]}}