{"id":7,"date":"2024-10-03T12:13:18","date_gmt":"2024-10-03T15:13:18","guid":{"rendered":"https:\/\/exactas.uba.ar\/evento\/jornada-canal-magdalena\/?page_id=7"},"modified":"2024-10-03T18:51:28","modified_gmt":"2024-10-03T21:51:28","slug":"inicio","status":"publish","type":"page","link":"https:\/\/exactas.uba.ar\/evento\/jornada-canal-magdalena\/","title":{"rendered":"Inicio"},"content":{"rendered":"<p><span style=\"font-weight: 400;\">Fortaleciendo la conexi\u00f3n fluvial y mar\u00edtima para consolidar la Argentina Bicontinental: aunar esfuerzos y conocimientos para impulsar el desarrollo del Canal Magdalena, puerta de integraci\u00f3n territorial y proyecci\u00f3n al continente ant\u00e1rtico.<\/span><\/p>\n<p><b>Organizan:<\/b><\/p>\n<ul>\n<li style=\"font-weight: 400;\" aria-level=\"1\"><span style=\"font-weight: 400;\">Facultad de Ciencias Exactas y Naturales &#8211; UBA<\/span><\/li>\n<li style=\"font-weight: 400;\" aria-level=\"1\"><span style=\"font-weight: 400;\">Grupo de Prospecci\u00f3n Geof\u00edsica Lacustre y Marina (Geoflama), IGEBA CONICET<\/span><\/li>\n<\/ul>\n","protected":false},"excerpt":{"rendered":"<p>Fortaleciendo la conexi\u00f3n fluvial y mar\u00edtima para consolidar la Argentina Bicontinental: aunar esfuerzos y conocimientos para impulsar el desarrollo del Canal Magdalena, puerta de integraci\u00f3n territorial y proyecci\u00f3n al continente ant\u00e1rtico. Organizan: Facultad de Ciencias Exactas y Naturales &#8211; UBA &hellip; <a href=\"https:\/\/exactas.uba.ar\/evento\/jornada-canal-magdalena\/\">Continue reading <span class=\"meta-nav\">&rarr;<\/span><\/a><\/p>\n","protected":false},"author":1,"featured_media":0,"parent":0,"menu_order":0,"comment_status":"closed","ping_status":"closed","template":"","meta":{"footnotes":""},"class_list":["post-7","page","type-page","status-publish","hentry"],"_links":{"self":[{"href":"https:\/\/exactas.uba.ar\/evento\/jornada-canal-magdalena\/wp-json\/wp\/v2\/pages\/7","targetHints":{"allow":["GET"]}}],"collection":[{"href":"https:\/\/exactas.uba.ar\/evento\/jornada-canal-magdalena\/wp-json\/wp\/v2\/pages"}],"about":[{"href":"https:\/\/exactas.uba.ar\/evento\/jornada-canal-magdalena\/wp-json\/wp\/v2\/types\/page"}],"author":[{"embeddable":true,"href":"https:\/\/exactas.uba.ar\/evento\/jornada-canal-magdalena\/wp-json\/wp\/v2\/users\/1"}],"replies":[{"embeddable":true,"href":"https:\/\/exactas.uba.ar\/evento\/jornada-canal-magdalena\/wp-json\/wp\/v2\/comments?post=7"}],"version-history":[{"count":4,"href":"https:\/\/exactas.uba.ar\/evento\/jornada-canal-magdalena\/wp-json\/wp\/v2\/pages\/7\/revisions"}],"predecessor-version":[{"id":26,"href":"https:\/\/exactas.uba.ar\/evento\/jornada-canal-magdalena\/wp-json\/wp\/v2\/pages\/7\/revisions\/26"}],"wp:attachment":[{"href":"https:\/\/exactas.uba.ar\/evento\/jornada-canal-magdalena\/wp-json\/wp\/v2\/media?parent=7"}],"curies":[{"name":"wp","href":"https:\/\/api.w.org\/{rel}","templated":true}]}}