{"id":13,"date":"2022-06-27T15:00:43","date_gmt":"2022-06-27T18:00:43","guid":{"rendered":"https:\/\/exactas.uba.ar\/evento\/inmunoterapia\/?page_id=13"},"modified":"2022-09-29T19:09:51","modified_gmt":"2022-09-29T22:09:51","slug":"curso-de-post-grado","status":"publish","type":"page","link":"https:\/\/exactas.uba.ar\/evento\/inmunoterapia\/","title":{"rendered":"CURSO DE POSTGRADO"},"content":{"rendered":"<p><strong>INMUNOTERAPIA 2022: DESDE EL GEN HACIA EL PACIENTE<\/strong><\/p>\n<p><strong><em>Nuevos horizontes en el tratamiento de c\u00e1ncer, enfermedades autoinmunes e infecciones<\/em><\/strong><\/p>\n<p><strong>Objetivo<\/strong><\/p>\n<p>Asistimos a una revoluci\u00f3n en el desarrollo de nuevas modalidades terap\u00e9uticas capaces de sintonizar la respuesta inmunol\u00f3gica, potenci\u00e1ndola en c\u00e1ncer e infecciones y atenu\u00e1ndola en enfermedades autoinmunes y alergias. El objetivo de este curso es lograr una aproximaci\u00f3n multidisciplinaria, rigurosa y accesible a la tem\u00e1tica por parte de m\u00e9dicos, bi\u00f3logos, bioqu\u00edmicos, farmac\u00e9uticos, veterinarios, enfermeros y otros profesionales relacionados al \u00e1mbito de la salud humana. El curso es organizado en la Facultad de Ciencias Exactas y Naturales y la Facultad de Medicina de la Universidad de Buenos Aires.<\/p>\n<p><strong>\u00a0<\/strong><strong>Director<\/strong><\/p>\n<ul>\n<li>Dr. Gabriel A. Rabinovich. Profesor Titular, Facultad de Ciencias Exactas y Naturales, UBA\/Inv. Superior CONICET.<\/li>\n<\/ul>\n<p><strong>Codirector<\/strong><\/p>\n<ul>\n<li>Dr. Jorge R. Geffner. Profesor Titular, Facultad de Medicina, UBA\/Inv. Superior CONICET.<\/li>\n<\/ul>\n<p><strong>Coordinaci\u00f3n general del curso<\/strong><\/p>\n<p>Dra Victoria Sundblad; Inv. Adjunta de CONICET.<\/p>\n<p>Dra. Ada Blidner, Inv. Asistente de CONICET<\/p>\n<p>Dra. Laura Bover, Full Professor, MD Anderson Cancer Institute, Houston, USA<\/p>\n<p>&nbsp;<\/p>\n<p><span class=\"material-symbols-outlined\">pin_drop<\/span> Facultad de Ciencias Exactas y Naturales (FCEyN) UBA, Ciudad\u00a0 \u00a0 \u00a0 \u00a0 \u00a0 \u00a0 \u00a0 \u00a0 \u00a0 \u00a0 \u00a0 Universitaria. Pabell\u00f3n Cero+Infinito, Aula 1401.<\/p>\n<p>Departamento: Secretar\u00eda de Posgrado FCEyN (Otorga 2 puntos para doctorado FCEyN)<\/p>\n<p>&nbsp;<\/p>\n<p><a class=\"boton\" href=\"https:\/\/exactas.uba.ar\/evento\/inmunoterapia\/inscripcion\/\" rel=\"noopener\">Inscripci\u00f3n<\/a><strong> <em>Inscripciones hasta el 20 de septiembre.<\/em><\/strong><\/p>\n<p>Se otorgar\u00e1n becas para vi\u00e1ticos a estudiantes de postgrado y m\u00e9dicos residentes del interior del pa\u00eds.\u00a0 Se reciben solicitudes hasta el 31 de Agosto; enviar CV a <a href=\"immunotherapyargentina2020@gmail.com\">immunotherapyargentina2022@gmail.com<\/a>. Se informar\u00e1n los resultados el 5 de Septiembre.<\/p>\n<h1><\/h1>\n<h1><\/h1>\n<h1>Programa<\/h1>\n<h2>VIERNES 30 DE SEPTIEMBRE<\/h2>\n<p><strong>9.00 a<\/strong><strong> 9.30 <\/strong>Bienvenida. <strong>Dr. Gabriel Rabinovich y Dr. Jorge Geffner. <\/strong><\/p>\n<p><strong>9.45 a 12.45\u00a0 <\/strong>Visi\u00f3n integral de la respuesta inmune innata.<\/p>\n<p><em>Mecanismos de reconocimiento. Fisiolog\u00eda de los diferentes tipos celulares que participan en la respuesta inmune innata: neutr\u00f3filos, macr\u00f3fagos, c\u00e9lulas NK, NKT, c\u00e9lulas dendr\u00edticas mieloides y plasmacitoides. Linfocitos propios a la inmunidad innata. Plasticidad funcional. Mediadores involucrados en la respuesta inmune innata: citoquinas, quimiocinas, p\u00e9ptidos antimicrobianos y lectinas. Sistema del complemento. Patrones moleculares asociados a pat\u00f3genos (PAMPs), al peligro (DAMPs o alarminas) y a la resoluci\u00f3n de la respuesta inmune innata (RAMPs). NETS, Inflamasoma Via NLRP3-caspasa 1, IL-1\u03b2 can\u00f3nica y v\u00eda no can\u00f3nica: caspasas y gasdermina D. Tr\u00e1fico leucocitario: mol\u00e9culas de adhesi\u00f3n y quimiocinas. Inflamasoma y respuesta inmune. Inmunidad innata frente a pat\u00f3genos. Sensores intracelulares de DNA y RNA microbiano. Inmuniad de mucosas y sistema asociados.<\/em><\/p>\n<p><strong>9.45 a 11.00<\/strong><\/p>\n<p><strong>Dr. Jorge Geffner <\/strong>(INBIRS, FMED, UBA, Buenos Aires)<\/p>\n<p><strong>Dra. Anal\u00eda Trevani <\/strong>(Academia Nacional de Medicina, IMEX; Buenos Aires)<\/p>\n<p><strong>11.00 a 11.20 Intervalo<\/strong><\/p>\n<p><strong>11.20 a 12.45 <\/strong><\/p>\n<p><strong>Dra. Ver\u00f3nica Garc\u00eda <\/strong>(IQUIBICEN, FCEN; UBA, Buenos Aires).<\/p>\n<p><strong>Dr. \u00a0Norberto Zwirner <\/strong>(IBYME-CONICET y FCEN, UBA, Buenos Aires)<\/p>\n<p><strong>Preguntas<\/strong><\/p>\n<p>&nbsp;<\/p>\n<p><strong>12.45 a 14.00 Intervalo mediod\u00eda<\/strong><\/p>\n<p>&nbsp;<\/p>\n<p><strong>14.00 a 15.45 <\/strong>Visi\u00f3n integral de la respuesta inmune adaptativa.<\/p>\n<p><strong>Dr. Gabriel Rabinovich <\/strong>(IBYME-CONICET; FCEN, UBA, Buenos Aires)<\/p>\n<p><em>C\u00e9lulas presentadoras de ant\u00edgeno. Presentaci\u00f3n y procesamiento antig\u00e9nico. Mol\u00e9culas coestimulatorias e inhibitorias. Respuestas efectoras T helper y citot\u00f3xicas. Tipos de muerte celular. Fisiolog\u00eda de la respuesta B: colaboraci\u00f3n T-B, formaci\u00f3n de centros germinales, mecanismos efectores de anticuerpos. Memoria inmunol\u00f3gica. Mecanismos de tolerancia inmunol\u00f3gica y homeostasis de la respuesta inmune adaptativa. Universo de c\u00e9lulas T regulatorias. Glico-inmunolog\u00eda: lectinas en la respuesta inmune. Respuesta inmune frente a pat\u00f3genos. Mecanismos efectores y de evasi\u00f3n.<\/em><\/p>\n<p><strong>15.45 a 16.00 Intervalo <\/strong><\/p>\n<p><strong>16.00 a 18.00\u00a0 <\/strong>Inmunoterapia en c\u00e1ncer. <strong>Dr Gabriel Rabinovich<\/strong>. (IBYME-CONICET; FCEN, UBA, Buenos Aires)<\/p>\n<p><em>Conceptos generales Mecanismos de Inmunovigilancia y escape tumoral. Inmunoedici\u00f3n de tumores. Puntos de chequeo inhibitorios cl\u00e1sicos y emergentes: CTLA-4, PD-1\/PD-L1, TIM-3, LAG-3, VISTA, CD155, TIGIT, BTLA, IDO y metabolismo del triptofano. Agotamiento inmunol\u00f3gico: c\u00e9lulas progenitoras exhaustas y terminales, mecanismos moleculares involucrados en su generaci\u00f3n. Estrategias de inmunoterapia activa y pasiva y mecanismos de resistencia. Neoant\u00edgenos y carga mutacional. Inmuno-oncolog\u00eda de precisi\u00f3n. Anticuerpos monoclonales agonistas y antagonistas. Terapias combinadas: Terapias blanco, inmunoterapia y terapias anti-angiog\u00e9nicas. <\/em><em>Terapias celulares: TCR-T cells, CAR-T cells. Inmuno-oncolog\u00eda de precisi\u00f3n. Estrategias basadas en la estimulaci\u00f3n de la respuesta inmune innata antitumoral. <\/em><\/p>\n<p><em>\u00a0<\/em><strong>\u00a0<\/strong><\/p>\n<h2>LUNES 3 DE OCTUBRE<\/h2>\n<p><strong>9.00 a 11.00 Inmuno-Oncolog\u00eda: <\/strong>Par\u00e1metros y nomenclatura. Ensayos cl\u00ednicos e interpretaci\u00f3n de datos.<strong> Dr. Carlos Silva <\/strong>(Hospital Universitario Austral, Hospital Brit\u00e1nico, Buenos Aires) <strong>Dra<\/strong>.<strong> Gabriela Cinat <\/strong>(Instituto de Oncolog\u00eda Angel H. Roffo, UBA, Buenos Aires).<\/p>\n<p><strong>11.00 a 11.20 Intervalo<\/strong><\/p>\n<p><strong>11.20 a 12.00 Integraci\u00f3n. Dras Ada Blidner y Victoria Sundblad <\/strong>(IBYME-CONICET, Buenos Aires).<\/p>\n<p><span style=\"color: #000000\"><b>12.00 a 13.15<\/b><\/span><strong>\u00a0Plataformas de anticuerpos monoclonales para inmunoterapia y t\u00e9cnicas para la comprensi\u00f3n de Inmunoterapia<\/strong><\/p>\n<p><strong>Dra. Laura Bover <\/strong>(MD Anderson, Houston; USA);\u00a0 <strong>Dr. Juan Manuel P\u00e9rez Saez <\/strong>(IBYME-CONICET, Buenos Aires)<\/p>\n<p><strong>Preguntas <\/strong><\/p>\n<p>&nbsp;<\/p>\n<h2>MARTES 4 DE OCTUBRE<\/h2>\n<p><strong>9.00 a<\/strong><strong> 12.30 Inmunoterapia en Oncohematolog\u00eda. <\/strong><\/p>\n<p><strong>9.00 a 10.50<\/strong> Aspectos b\u00e1sicos: <strong>Dra. Mirta Giordano <\/strong>(IMEX, Academia Nacional de Medicina, Buenos Aires) y<strong> Dra. Romina Gamberale <\/strong>(IMEX, Academia Nacional de Medicina, Buenos Aires). \u00a0Linfomas, leucemias y mieloma m\u00faltiple.<\/p>\n<p><strong>Preguntas <\/strong><\/p>\n<p><strong>11.00 a 11.20 Intervalo<\/strong><\/p>\n<p><strong>11.20 a 12.10<\/strong> Aspectos cl\u00ednicos y trasplante de precursores hematopoy\u00e9ticos.<strong> Dr.<\/strong> <strong>Mariano Berro <\/strong>(Hospital Universitario Austral, Buenos Aires)<\/p>\n<p><strong>Preguntas <\/strong><\/p>\n<p><strong>12.20 a 12.40 <\/strong><strong>Dr. Avery Posey <\/strong>(UPEN, USA), CAR T cells en Oncohematolog\u00eda<\/p>\n<p><strong>12.40 a 13.40 Intervalo Mediod\u00eda<\/strong><\/p>\n<p><strong>13.40 15.00\u00a0 Inmunoterapia en melanoma<\/strong><\/p>\n<p>Inmunoterapia en Melanoma. Aspectos b\u00e1sicos: <strong>Lic. Florencia Veigas <\/strong>(IBYME-CONICET, Buenos Aires)<\/p>\n<p>Aspectos cl\u00ednicos: <strong>Dra. Gabriela Cinat <\/strong>(Instituto de Oncolog\u00eda Angel H. Roffo, UBA, Buenos \u00a0 Aires)<\/p>\n<p><strong>Preguntas <\/strong><\/p>\n<p><strong>15.00 a 15.30\u00a0 Aspectos traslacionales de Inmunoterapia en Melanoma. Dr. Antoni Ribas <\/strong>(University of California at Los Angeles, USA)<\/p>\n<p><strong>15.30-15.40 \u00a0\u00a0 Intervalo <\/strong><\/p>\n<p><strong>15.40 a 16.20 Efectos adversos de la inmunoterapia. Dr. Augusto Ferreyra Camacho. <\/strong>(Hospital Universitario Austral, Buenos Aires)<\/p>\n<p>&nbsp;<\/p>\n<h2>MI\u00c9RCOLES 5 DE OCTUBRE<\/h2>\n<p><strong>9.00 a<\/strong><strong> 11.00 Inmunoterapia en C\u00e1ncer de Pulm\u00f3n. <\/strong><\/p>\n<p>Aspectos b\u00e1sicos: <strong>Dra. Ada Blidner <\/strong>(IBYME-CONICET, Buenos Aires)<\/p>\n<p>Aspectos Cl\u00ednicos del C\u00e1ncer de Pulm\u00f3n: <strong>Dr. Gonzalo Recondo <\/strong>(CEMIC, Buenos Aires)<strong> y Dr. Claudio Mart\u00edn <\/strong>(Instituto Alex Flemming, Buenos Aires)<\/p>\n<p><strong>Preguntas<\/strong><\/p>\n<p><strong>11.00 a 11.20 Intervalo<\/strong><\/p>\n<p><strong>11.20 a 12.25 <\/strong><strong>Biopsia l\u00edquida <\/strong><\/p>\n<p><strong>Dr. Christian Rolfo <\/strong>(Mount Sinai, New York, USA).<\/p>\n<p><strong>Dra. Valeria Denninhoff <\/strong>(CONICET, UBA, Fac. Odontolog\u00eda).<\/p>\n<p><strong>Preguntas <\/strong><\/p>\n<p><strong>12.25 a 13.20 Intervalo Mediod\u00eda<\/strong><\/p>\n<p><strong>13.20 a 14.50 Inmunoterapia en c\u00e1ncer de cabeza y cuello. <\/strong><\/p>\n<p>Aspectos b\u00e1sicos: <strong>Dra.<\/strong> <strong>Ana Raimondi<\/strong> (IFIBYNE, FCEN, UBA, Buenos Aires<\/p>\n<p>Aspectos cl\u00ednicos: <strong>Dr. Manglio Rizzo <\/strong>(Hospital Universitario Austral, Buenos Aires)<\/p>\n<p><strong>Preguntas <\/strong><\/p>\n<p><strong>14.50 a 15.20 <\/strong>Aspectos Traslacionales de la inmunoterapia en c\u00e1ncer de cabeza y cuello.<strong> Dr. Silvio Gutkind <\/strong>(Moore Cancer Institute, UCSD, San Diego, USA)<\/p>\n<p><strong>15.20 a 15.35 Intervalo<\/strong><\/p>\n<p><strong>15.35 a 17.25 <\/strong><strong>Inmunoterapia en tumores genito-urinarios. <\/strong><\/p>\n<p>Aspectos b\u00e1sicos: <strong>Dr. Tom\u00e1s Dalotto Moreno <\/strong>(IBYME-CONICET, Buenos Aires)<\/p>\n<p>Aspectos cl\u00ednicos: <strong>Dr. Juan Pablo Sade <\/strong>(Hospital Universitario Austral e Instituto Alex Flemming, Buenos Aires)<\/p>\n<p>Aspectos traslacionales: <strong>Dr. Toni Choueiri <\/strong>(Dana Farber Cancer Institute, Harvard Medical School; Boston, USA)<\/p>\n<p><strong>Preguntas<\/strong><\/p>\n<p><strong>\u00a0<\/strong><\/p>\n<h2>JUEVES 6 DE OCTUBRE<\/h2>\n<p><strong>9.00 a<\/strong><strong> 12.30 Inmunoterapia en tumores gastrointestinales<\/strong>.<\/p>\n<p>Aspectos b\u00e1sicos: <strong>Dr. Alejandro Cagnoni <\/strong>(IBYME-CONICET, Buenos Aires)<\/p>\n<p>Aspectos cl\u00ednicos: <strong>Dr. Juan O\u00b4Connor: <\/strong>colon (Instituto Alex Flemming, Buenos Aires); <strong>Dr. Guillermo Mazzolini: <\/strong>h\u00edgado. (Hospital Universitario Austral, Buenos Aires).<\/p>\n<p><strong>11.00 a 11.20 Intervalo <\/strong><\/p>\n<p>Aspectos cl\u00ednicos <strong>Dr. Luis Daverede: <\/strong>es\u00f3fago (Hospital Universitario Austral, Buenos Aires)<strong> Dra. Florencia McAllister: <\/strong>p\u00e1ncreas y microbiota (MD Anderson, Houston, USA)<\/p>\n<p><strong>Preguntas <\/strong><\/p>\n<p><strong>12.35 a 13.30 Intervalo Mediod\u00eda<\/strong><\/p>\n<p><strong>13.30 a<\/strong><strong> 15.45 Inmunoterapia en c\u00e1ncer de mama y tumores ginecol\u00f3gicos. <\/strong><\/p>\n<p>Aspectos b\u00e1sicos: <strong>Dra. Mariana Salatino <\/strong>(IBYME-CONICET, Buenos Aires).<\/p>\n<p>Aspectos Cl\u00ednicos:<strong> Dra. Victoria Costanzo: <\/strong>cancer de mama (Inst. Alex Flemming, Buenos Aires)<strong>; Dr. Luciano Cermignani: <\/strong>cancer de ovario y otros ginecol\u00f3gicos<strong>. \u00a0<\/strong>(Hosp. Aleman, Buenos Aires)<\/p>\n<p><strong>Preguntas <\/strong><\/p>\n<p><strong>15.45 a<\/strong><strong> 16.00 Intervalo<\/strong><\/p>\n<p><strong>16.00 a<\/strong><strong> 18.00 Medicina de precisi\u00f3n y bioinform\u00e1tica en la era de la inmunoterapia <\/strong><\/p>\n<p>Bioinform\u00e1tica:<strong> Dr. Mart\u00edn Abba <\/strong>(Universidad Nac de La Plata),<strong> Lic. <\/strong><strong>Yamil Mahmoud <\/strong>(IBYME-CONICET, Buenos Aires).<\/p>\n<p>Aspectos cl\u00ednicos Medicina de Precisi\u00f3n<strong>: D<\/strong><strong>r. Gonzalo Recondo (H) <\/strong>(CEMIC; Buenos Aires).<\/p>\n<p><strong>Preguntas <\/strong><\/p>\n<p><strong>\u00a0<\/strong><strong>\u00a0<\/strong><\/p>\n<h2>VIERNES 7 DE OCTUBRE<\/h2>\n<p><strong>9.00-12.10 Inmunoterapia en tumores del Sistema Nervioso Central. <\/strong><\/p>\n<p>Aspectos b\u00e1sicos: <strong>Dr. Guillermo Videla Richardson <\/strong>(Instituto FLENI, Buenos Aires);<strong> Dra. Marianela Candolfi \u00a0<\/strong>(Fac. de Medicina; UBA; Buenos Aires)<\/p>\n<p><strong>10.00 a 10.10 Preguntas <\/strong><\/p>\n<p><strong>Dinorah Friedman Monorih <\/strong>(Univ. de Tel Aviv, Israel)<\/p>\n<p><strong>10.40 a 10.55 Intervalo <\/strong><\/p>\n<p>Aspectos Cl\u00ednicos: <strong>Dra. Blanca Diez <\/strong>(Instituto FLENI; Buenos Aires).<\/p>\n<p><strong>Dra. Mar\u00eda Castro <\/strong>(Universidad de Michigan, USA)<\/p>\n<p><strong>12.05 a 12.15 Preguntas <\/strong><\/p>\n<p><strong>12.15 a 13.15 Almuerzo<\/strong><\/p>\n<p><strong>13.15 a 14.00 Inmunoterapia en Oncolog\u00eda Pedi\u00e1trica <\/strong>(Retinoblastoma y neuroblastoma<strong>) Dr. Guillermo Chantada <\/strong>(Hospital Universitario Austral, Buenos Aires).<\/p>\n<p><strong>14.00 a 14.15 Intervalo<\/strong><\/p>\n<p><strong>14.15-17.00 Inmunoterapia en enfermedades autoinmunes e inflamatorias del Sistema Nervioso Central y oftalmol\u00f3gicas. <\/strong><\/p>\n<p>Aspectos b\u00e1sicos: <strong>Dr. Santiago M\u00e9ndez Huergo <\/strong>(IBYME-CONICET y Regeneron, USA)<strong>, Dr. Guillermo Lehmann <\/strong>(Regeneron, USA)<\/p>\n<p>Aspectos cl\u00ednicos: <strong>Dr. <\/strong><strong>Andr\u00e9s Mar\u00eda Villa <\/strong>(Hospital General de Agudos Dr. Jos\u00e9 Mar\u00eda Ramos Mej\u00eda, Buenos Aires), <strong>Dr. Jorge Correale<\/strong> (FLENI, Buenos Aires).<\/p>\n<p><strong>Preguntas <\/strong><\/p>\n<p><strong>\u00a0<\/strong><strong>\u00a0<\/strong><\/p>\n<h2>MARTES 11 DE OCTUBRE<\/h2>\n<p><strong>9.00 a<\/strong><strong> 11.30 Inmunoterapia en enfermedades inflamatorias intestinales. <\/strong>Enfermedad Cel\u00edaca, Enfermedad de Crohn y Colitis Ulcerosa.<\/p>\n<p>Aspectos b\u00e1sicos: <strong>Dra. Karina Mari\u00f1o <\/strong>(IBYME-CONICET, Buenos Aires), <strong>Dra Anabela Cutine<\/strong> (IBYME-CONICET, Buenos Aires)<\/p>\n<p><strong>Preguntas <\/strong><\/p>\n<p>Aspectos cl\u00ednicos: <strong>Dra. Sonia I. Niveloni <\/strong>(Hospital Bonorino Udaondo, Buenos Aires),\u00a0<b><span lang=\"PT-BR\">Dra. Claudia Milano\u00a0<\/span><\/b><span lang=\"PT-BR\">(Hospital Nacional Posadas, Buenos Aires)<\/span><\/p>\n<p><strong>Preguntas<\/strong><\/p>\n<p><strong>11.30 a<\/strong><strong> 11.45 Intervalo<\/strong><\/p>\n<p><strong>11.45 a<\/strong><strong> 13.00 Inmunoterapia en Dermatolog\u00eda (Psoriasis). <\/strong><\/p>\n<p>Aspectos b\u00e1sicos: <strong>Bioq. Lorena Laporte<\/strong> (IBYME-CONICET, Buenos Aires), <strong>Dra. Laura Galimberti <\/strong>(Hospital Italiano, Buenos Aires).<\/p>\n<p>Aspectos cl\u00ednicos: <strong>Dr. Ricardo Galimberti<\/strong>. \u00a0(Hospital Italiano, Buenos Aires).<\/p>\n<p><strong>Preguntas <\/strong><\/p>\n<p><strong>13.00 a<\/strong><strong> 14.00 Intervalo Mediod\u00eda <\/strong><\/p>\n<p><strong>14.00 a<\/strong><strong> 16.40 Inmunoterapia en Reumatolog\u00eda y Enfermedades Autoinmunes Sist\u00e9micas. <\/strong><\/p>\n<p>Aspectos b\u00e1sicos: <strong>Dr. Marta Toscano <\/strong>(Hospital O\u00f1ativia, Salta), <strong>Dr. <\/strong><strong>Rub\u00e9n Motrich <\/strong>(CIBICI; CONICET, UNC, C\u00f3rdoba).<\/p>\n<p><strong>Preguntas <\/strong><\/p>\n<p><strong>15.30 a 15.45 Intervalo <\/strong><\/p>\n<p>Aspectos cl\u00ednicos: <strong>Dr. Ramiro Gomez <\/strong>(Hospital de Cl\u00ednicas Jos\u00e9 de San Mart\u00edn, Buenos Aires)<\/p>\n<p><strong>Preguntas <\/strong><\/p>\n<p><strong>\u00a0<\/strong><\/p>\n<h2>MI\u00c9RCOLES 12 DE OCTUBRE<\/h2>\n<p><strong>9.00 &#8211; 10.30 Inmunoterapia en transplante de \u00f3rganos <\/strong><\/p>\n<p>Aspectos generales y transplante renal, <strong>Dr. <\/strong><strong>Eduardo Chuluyan <\/strong>(CEFIBO, Facultad de Medicina, UBA)<\/p>\n<p>Transplante hep\u00e1tico\/intestinal, <strong>Dr. <\/strong><strong>Mart\u00edn Rumbo<\/strong> (Universidad Nacional de La Plata)<\/p>\n<p><strong>Preguntas<\/strong><\/p>\n<p><strong>10.30 a<\/strong><strong> 10.45 Intervalo<\/strong><\/p>\n<p><strong>10.45 a<\/strong><strong> 12.35 Inmunoterapia en Asma y Alergia<\/strong><\/p>\n<p>Aspectos b\u00e1sicos:<strong> Dr. Jorge Geffner <\/strong>(Asma),<strong>\u00a0Dr. Guillermo Docena<\/strong> (Alergias alimentarias)<\/p>\n<p>Aspectos cl\u00ednicos:<strong> Dr. Daniel Colodenco<\/strong> (Jefe Alergia e Inmunolog\u00eda, Hosp. Mar\u00eda Ferrer, Buenos Aires).<\/p>\n<p><strong>Preguntas <\/strong><\/p>\n<p><strong>12.35 a 13.35 Intervalo Mediod\u00eda<\/strong><\/p>\n<p><strong>13.35 a 15.35 Infecci\u00f3n por HIV. Etiopatog\u00e9nesis. Terapia e Inmunoterapia. <\/strong><\/p>\n<p>Aspectos b\u00e1sicos:<strong> Dr. Ana Ceballos<\/strong> (INBIRS, Fac Medicina, UBA).<\/p>\n<p>Aspectos Cl\u00ednicos: <strong>Dr. Pedro Cahn <\/strong>(Fundaci\u00f3n Hu\u00e9sped, Bs As).<\/p>\n<p><strong>Preguntas <\/strong><\/p>\n<p><strong>15.45 a 16.00 Intervalo<\/strong><\/p>\n<p><strong>16.00 a 16.50 Tumores asociados a HIV y otras infecciones virales<\/strong>.<\/p>\n<p>Etiopatog\u00e9nesis. Inmunoterapia.<strong> Dr. Diego Croci <\/strong>(IHEM, Mendoza)<\/p>\n<p><strong>Preguntas <\/strong><\/p>\n<p>&nbsp;<\/p>\n<h2>JUEVES 13 DE OCTUBRE<\/h2>\n<p><strong>9.00 a<\/strong><strong> 11.15\u00a0 Infecci\u00f3n por SARS-CoV2. <\/strong><\/p>\n<p><strong>Dr. Jorge Geffner <\/strong><\/p>\n<p><strong>Preguntas <\/strong><\/p>\n<p><strong>Lic. Montana Manselle Cocco: <\/strong>COVID-T (IBYME-CONICET, Buenos Aires)<strong><br \/>\n<\/strong><strong>Dra. Lorena Coria: <\/strong>Desarrollo de una vacuna contra SARS-CoV2. (IIB, UNSAM-CONICET, San Mart\u00edn, Buenos Aires).<br \/>\n<strong> Dr. Nicol\u00e1s Torres: <\/strong>Antivirales y antiinflamatorios. (IBYME-CONICET, Buenos Aires)<\/p>\n<p><strong>Preguntas<\/strong><\/p>\n<p><strong>11.15 a 11.30 Intervalo<\/strong><\/p>\n<p><strong>11.30 a 12.30 Experiencia Argentina <\/strong><em>Inmunoterapia traslacional en Argentina. Parte I<\/em><\/p>\n<p><strong>Dr. Osvaldo Podhajcer <\/strong>(Fundaci\u00f3n Instituto Leloir, Buenos Aires)<\/p>\n<p>Inmunoterapia con virus modificados en c\u00e1ncer e infecci\u00f3n por SARS-CoV2<\/p>\n<p><strong>12.30 a 13.30 Intervalo Mediod\u00eda <\/strong><\/p>\n<p><strong>13.30 a 17.00 Experiencia Argentina<\/strong> <em>Inmunoterapia traslacional en Argentina. Parte II<\/em><\/p>\n<p><strong>13.30 a 14.30 Dr. Fernando Goldbaum <\/strong>(Universidad de San Martin, INMUNOVA)<\/p>\n<p>(Desarrollo de nuevas terapias en S\u00edndrome Ur\u00e9mico Hemol\u00edtico e infecci\u00f3n por SARS-CoV-2).<\/p>\n<p><strong>14.30 a 15.30 Dr. Daniel Alonso <\/strong>(Universidad Nacional de Quilmes)<\/p>\n<p>(Inmunoterapia activa en c\u00e1ncer de pulm\u00f3n)<\/p>\n<p><strong>15.30 a 15.45 Intervalo<\/strong><\/p>\n<p><strong>15.45 a 16.45 Dr. Gabriel Rabinovich <\/strong>(IBYME-CONICET; FCEN, UBA)<\/p>\n<p>(Galectinas y glicanos: nuevos blancos terap\u00e9uticos en c\u00e1ncer, enfermedades autoinmunes e infecciosas).<\/p>\n<p><strong>\u00a0<\/strong><strong>16.45 a 17.00 Conclusiones<\/strong><\/p>\n<p><strong>\u00a0<\/strong><strong>\u00a0<\/strong><\/p>\n<h2>VIERNES 14 DE OCTUBRE<\/h2>\n<p>Se invita a todos los alumnos del curso a participar del <strong>Simposio Internacional Inmunoterapia 2020: Nuevos Horizontes.<br \/>\n<\/strong>Abierto al p\u00fablico.<\/p>\n<p><a class=\"boton\" href=\"https:\/\/exactas.uba.ar\/evento\/inmunoterapia\/simposio-internacional\/\">Simposio Internacional<\/a><\/p>\n<p>&nbsp;<\/p>\n<h2>D\u00eda a establecer<\/h2>\n<p><strong>Evaluacion integradora <\/strong>(para los inscriptos al curso de postgrado)<\/p>\n","protected":false},"excerpt":{"rendered":"<p>INMUNOTERAPIA 2022: DESDE EL GEN HACIA EL PACIENTE Nuevos horizontes en el tratamiento de c\u00e1ncer, enfermedades autoinmunes e infecciones Objetivo Asistimos a una revoluci\u00f3n en el desarrollo de nuevas modalidades terap\u00e9uticas capaces de sintonizar la respuesta inmunol\u00f3gica, potenci\u00e1ndola en c\u00e1ncer &hellip; <a href=\"https:\/\/exactas.uba.ar\/evento\/inmunoterapia\/\">Continue reading <span class=\"meta-nav\">&rarr;<\/span><\/a><\/p>\n","protected":false},"author":1,"featured_media":0,"parent":0,"menu_order":0,"comment_status":"closed","ping_status":"closed","template":"","meta":{"footnotes":""},"class_list":["post-13","page","type-page","status-publish","hentry"],"_links":{"self":[{"href":"https:\/\/exactas.uba.ar\/evento\/inmunoterapia\/wp-json\/wp\/v2\/pages\/13","targetHints":{"allow":["GET"]}}],"collection":[{"href":"https:\/\/exactas.uba.ar\/evento\/inmunoterapia\/wp-json\/wp\/v2\/pages"}],"about":[{"href":"https:\/\/exactas.uba.ar\/evento\/inmunoterapia\/wp-json\/wp\/v2\/types\/page"}],"author":[{"embeddable":true,"href":"https:\/\/exactas.uba.ar\/evento\/inmunoterapia\/wp-json\/wp\/v2\/users\/1"}],"replies":[{"embeddable":true,"href":"https:\/\/exactas.uba.ar\/evento\/inmunoterapia\/wp-json\/wp\/v2\/comments?post=13"}],"version-history":[{"count":56,"href":"https:\/\/exactas.uba.ar\/evento\/inmunoterapia\/wp-json\/wp\/v2\/pages\/13\/revisions"}],"predecessor-version":[{"id":1282,"href":"https:\/\/exactas.uba.ar\/evento\/inmunoterapia\/wp-json\/wp\/v2\/pages\/13\/revisions\/1282"}],"wp:attachment":[{"href":"https:\/\/exactas.uba.ar\/evento\/inmunoterapia\/wp-json\/wp\/v2\/media?parent=13"}],"curies":[{"name":"wp","href":"https:\/\/api.w.org\/{rel}","templated":true}]}}