{"id":16,"date":"2023-07-12T15:20:11","date_gmt":"2023-07-12T18:20:11","guid":{"rendered":"https:\/\/exactas.uba.ar\/evento\/el-mar-en-exactas\/?page_id=16"},"modified":"2023-08-11T13:44:04","modified_gmt":"2023-08-11T16:44:04","slug":"inicio","status":"publish","type":"page","link":"https:\/\/exactas.uba.ar\/evento\/el-mar-en-exactas\/","title":{"rendered":"Inicio"},"content":{"rendered":"<p>Estas jornadas est\u00e1n orientadas a difundir en la comunidad educativa las investigaciones marinas que se desarrollan en nuestra facultad y a fomentar trabajos multidisciplinarios entre los investigadores, investigadoras y docentes de los diversos departamentos e institutos. Tambi\u00e9n cuentan con la participaci\u00f3n de representantes de otras instituciones nacionales dedicadas al estudio, cuidado y soberan\u00eda de nuestro patrimonio mar\u00edtimo.<br \/>\n\u201cEl Mar en Exactas\u201d busca crear un espacio propicio para que nuestros estudiantes y egresados tengan un acercamiento a las investigaciones actuales y las perspectivas a futuro en relaci\u00f3n con las ciencias del mar.<\/p>\n<p>Para participar, complet\u00e1 el siguiente formulario:\u00a0<a href=\"https:\/\/forms.gle\/FkdMgKDkZfRAe3r46\" target=\"_blank\" rel=\"noopener\">Formulario de Inscripci\u00f3n<\/a><\/p>\n<p>Ten\u00e9s tiempo hasta el <strong>viernes 18 de agosto<\/strong><\/p>\n","protected":false},"excerpt":{"rendered":"<p>Estas jornadas est\u00e1n orientadas a difundir en la comunidad educativa las investigaciones marinas que se desarrollan en nuestra facultad y a fomentar trabajos multidisciplinarios entre los investigadores, investigadoras y docentes de los diversos departamentos e institutos. Tambi\u00e9n cuentan con la &hellip; <a href=\"https:\/\/exactas.uba.ar\/evento\/el-mar-en-exactas\/\">Continue reading <span class=\"meta-nav\">&rarr;<\/span><\/a><\/p>\n","protected":false},"author":1,"featured_media":0,"parent":0,"menu_order":0,"comment_status":"closed","ping_status":"closed","template":"","meta":{"footnotes":""},"class_list":["post-16","page","type-page","status-publish","hentry"],"_links":{"self":[{"href":"https:\/\/exactas.uba.ar\/evento\/el-mar-en-exactas\/wp-json\/wp\/v2\/pages\/16","targetHints":{"allow":["GET"]}}],"collection":[{"href":"https:\/\/exactas.uba.ar\/evento\/el-mar-en-exactas\/wp-json\/wp\/v2\/pages"}],"about":[{"href":"https:\/\/exactas.uba.ar\/evento\/el-mar-en-exactas\/wp-json\/wp\/v2\/types\/page"}],"author":[{"embeddable":true,"href":"https:\/\/exactas.uba.ar\/evento\/el-mar-en-exactas\/wp-json\/wp\/v2\/users\/1"}],"replies":[{"embeddable":true,"href":"https:\/\/exactas.uba.ar\/evento\/el-mar-en-exactas\/wp-json\/wp\/v2\/comments?post=16"}],"version-history":[{"count":11,"href":"https:\/\/exactas.uba.ar\/evento\/el-mar-en-exactas\/wp-json\/wp\/v2\/pages\/16\/revisions"}],"predecessor-version":[{"id":63,"href":"https:\/\/exactas.uba.ar\/evento\/el-mar-en-exactas\/wp-json\/wp\/v2\/pages\/16\/revisions\/63"}],"wp:attachment":[{"href":"https:\/\/exactas.uba.ar\/evento\/el-mar-en-exactas\/wp-json\/wp\/v2\/media?parent=16"}],"curies":[{"name":"wp","href":"https:\/\/api.w.org\/{rel}","templated":true}]}}