{"id":756,"date":"2026-02-26T18:19:53","date_gmt":"2026-02-26T18:19:53","guid":{"rendered":"https:\/\/exactas.uba.ar\/equidadygeneros\/?page_id=756"},"modified":"2026-03-05T17:40:22","modified_gmt":"2026-03-05T17:40:22","slug":"exactas-accesible","status":"publish","type":"page","link":"https:\/\/exactas.uba.ar\/equidadygeneros\/exactas-accesible\/","title":{"rendered":"Exactas + Accesible"},"content":{"rendered":"<p><b>FCEN Sin Barreras<\/b><span style=\"font-weight: 400;\"> es un programa de la Secretar\u00eda de Promoci\u00f3n de la Equidad y G\u00e9neros (SEQUIGEN) de la Facultad de Ciencias Exactas y Naturales de la UBA y fue creado por el Consejo Directivo en agosto de 2022 (Resoluci\u00f3n CD 1507\/2022). En vistas de la Convenci\u00f3n sobre los Derechos de las Personas con Discapacidad de Naciones Unidas y que nuestro pa\u00eds aprob\u00f3 mediante la ley 26.378, el objetivo principal del programa es trabajar por la eliminaci\u00f3n o minimizaci\u00f3n de aquellas barreras que restringen o deniegan el acceso a personas con discapacidad en el \u00e1mbito de la facultad. Entre sus l\u00edneas de trabajo se encuentran: la Accesibilidad con base en el Dise\u00f1o Universal, la aplicaci\u00f3n de Ajustes Razonables, y la realizaci\u00f3n de formaciones y sensibilizaciones a la comunidad para minimizar y transformar las barreras de tipo actitudinal.<\/span><\/p>\n<p><span style=\"font-weight: 400;\">Esta iniciativa de la Facultad se realiza bajo la certeza de que lo conseguido impacta positivamente en toda la comunidad. Es una realidad gracias a las ideas y esfuerzos de Daniela Rodr\u00edguez y Luciana Capece, al financiamiento de la Fundaci\u00f3n de Ciencias Exactas y Naturales (FUNDACEN), al asesoramiento brindado por M\u00f3nica Bianchi y al trabajo articulado con la Secretar\u00eda de T\u00e9cnica y la Secretar\u00eda de H\u00e1bitat.<\/span><\/p>\n<p><span style=\"font-weight: 400;\">Construir una facultad en la que d\u00eda a d\u00eda se desnaturalicen, minimicen o eliminen aquellas barreras que restringen o deniegan el acceso a personas con discapacidad habilitar\u00e1 su participaci\u00f3n plena en el \u00e1mbito universitario. El acceso al derecho social fundamental que constituye la educaci\u00f3n superior s\u00f3lo puede garantizarse en el marco de una universidad que sea cada vez m\u00e1s inclusiva y equitativa.<\/span><\/p>\n<h3><\/h3>\n<h3>Instalaci\u00f3n de aros magn\u00e9ticos en Exactas<\/h3>\n<p><span style=\"font-weight: 400;\">El programa <\/span><b>FCEN Sin Barreras<\/b><span style=\"font-weight: 400;\"> celebra la instalaci\u00f3n de aros magn\u00e9ticos en espacios relevant<\/span><span style=\"font-weight: 400;\">es de la facultad para garantizar accesibilidad para personas con discapacidad auditiva<\/span><span style=\"font-weight: 400;\">. El uso de este sistema en eventos p\u00fablicos permite una transmisi\u00f3n directa del sonido sin que medien interferencias producto de la distancia, la reverberaci\u00f3n o el ruido de fondo.\u00a0<\/span><\/p>\n<p><span style=\"font-weight: 400;\">El sistema de Aro Magn\u00e9tico, como explica la Mutualidad Argentina de Hipoac\u00fasicos, es un amplificador adaptado para entregar su se\u00f1al de salida a un cable que se instala rodeando el per\u00edmetro de una sala. De esa forma, se produce en la superficie un campo magn\u00e9tico que es recogido por la bobina telef\u00f3nica de un aud\u00edfono o un implante coclear, cuando \u00e9ste es colocado en la posici\u00f3n T o en la funci\u00f3n bobina telef\u00f3nica. <\/span><\/p>\n<p style=\"text-align: center;\"><img loading=\"lazy\" decoding=\"async\" class=\"alignnone wp-image-298\" src=\"https:\/\/exactas.uba.ar\/equidadygeneros\/wp-content\/uploads\/2023\/06\/logo_oreja-250x247.jpg\" alt=\"Imagen iconogr\u00e1fica de un o\u00eddo en color azul con una banda transversal blanca y la letra T\" width=\"300\" height=\"296\" srcset=\"https:\/\/exactas.uba.ar\/equidadygeneros\/wp-content\/uploads\/2023\/06\/logo_oreja-250x247.jpg 250w, https:\/\/exactas.uba.ar\/equidadygeneros\/wp-content\/uploads\/2023\/06\/logo_oreja-700x692.jpg 700w, https:\/\/exactas.uba.ar\/equidadygeneros\/wp-content\/uploads\/2023\/06\/logo_oreja-120x119.jpg 120w, https:\/\/exactas.uba.ar\/equidadygeneros\/wp-content\/uploads\/2023\/06\/logo_oreja.jpg 709w\" sizes=\"auto, (max-width: 300px) 100vw, 300px\" \/><\/p>\n<p style=\"text-align: center;\"><span style=\"font-weight: 400;\">Fuente: <\/span><a href=\"https:\/\/mah.org.ar\/aros-magneticos\/\"><span style=\"font-weight: 400;\">https:\/\/mah.org.ar\/aros-magneticos\/<\/span><\/a><span style=\"font-weight: 400;\">\u00a0<\/span><\/p>\n<p>&nbsp;<\/p>\n<ul>\n<li>\n<h4>Pautas para hacer un evento accesible. <a href=\"https:\/\/exactas.uba.ar\/equidadygeneros\/pautas-para-hacer-un-evento-accesible\/\">Hac\u00e9 click para acceder a las pautas.<\/a><\/h4>\n<\/li>\n<li>\n<h4>Gu\u00eda b\u00e1sica para la creaci\u00f3n de contenidos digitales accesibles: documentos y presentaciones. <a href=\"https:\/\/nube.exactas.uba.ar\/index.php\/s\/s7kaDjPF46HPzPw\" target=\"_blank\" rel=\"noopener\">Hac\u00e9 click para descargar la gu\u00eda<\/a> elaborada por Miriam Mercedes Izaguirre (Facultad de Agronom\u00eda, UBA).<\/h4>\n<\/li>\n<li>\n<h4>Pautas de accesibilidad a considerar en Word, .pdf, im\u00e1genes y redes sociales. <a href=\"https:\/\/docs.google.com\/presentation\/d\/1DV3KmLLEjMdpI2dHbr6Sjqwrdq9Yb0Oy\/edit?usp=sharing&amp;ouid=114233336882097260618&amp;rtpof=true&amp;sd=true\">Hac\u00e9 click para acceder a la presentaci\u00f3n de las pautas.<\/a><b><\/b><b>\u00a0<\/b><\/h4>\n<\/li>\n<li>\n<h4>\u00abAccesibilidad en la Universidad: un puente necesario para ejercer derechos\u00bb. Charla de los viernes en Exactas a cargo de Ver\u00f3nica Gonz\u00e1lez Bonet.<\/h4>\n<p><a href=\"https:\/\/www.youtube.com\/watch?v=JKNi8DfkdfM\">Hac\u00e9 click para acceder al video de la charla \u00abAccesibilidad en la Universidad: Un puente necesario para ejercer derechos.<\/a><br \/>\n<a href=\"https:\/\/drive.google.com\/file\/d\/1lEaM67-UdQ70gEucXC4VfdS1xJeqAapN\/view?usp=sharing\">Hac\u00e9 click para acceder a las diapositivas elaboradas por Ver\u00f3nica para la charla.<\/a><br \/>\n<a href=\"https:\/\/drive.google.com\/file\/d\/1ySKGc29qRkTtluItE761QCg9BGMWoFot\/view?usp=sharing\">Hac\u00e9 click para acceder al video utilizado por Ver\u00f3nica en referencia al \u00abUso del lenguaje\u00bb.<\/a><\/li>\n<\/ul>\n<p><strong>Ver\u00f3nica Gonz\u00e1lez Bonet<\/strong> es licenciada en Inform\u00e1tica y periodista, diplomada en periodismo de g\u00e9nero y en criminal\u00edstica y criminolog\u00eda, tambi\u00e9n con Especializaci\u00f3n en Pol\u00edticas P\u00fablicas para la Igualdad en Am\u00e9rica Latina (FLACSO\/CLACSO). Actualmente se desempe\u00f1a en el equipo de Comunicaci\u00f3n y Discapacidad de la Direcci\u00f3n Nacional de Derechos Sexuales y Reproductivos del Ministerio de Salud de la Naci\u00f3n. Integra la Red por los Derechos de las Personas con Discapacidad y la Red argentina de Periodistas de G\u00e9nero. Es autora de Buenas Pr\u00e1cticas en Comunicaci\u00f3n y Discapacidad, la gu\u00eda Medios y Discapacidad y del documental \u00abLa Ire\u00bb.<\/p>\n","protected":false},"excerpt":{"rendered":"FCEN Sin Barreras es un programa de la Secretar\u00eda de Promoci\u00f3n de la Equidad y G\u00e9neros (SEQUIGEN) de la Facultad de Ciencias Exactas y Naturales de la UBA y fue creado por el Consejo Directivo en agosto de 2022 (Resoluci\u00f3n CD 1507\/2022). En vistas de la Convenci\u00f3n sobre los Derechos de las Personas con Discapacidad&#8230; <a class=\"view-article\" href=\"https:\/\/exactas.uba.ar\/equidadygeneros\/exactas-accesible\/\">LEER +<\/a>","protected":false},"author":1,"featured_media":0,"parent":0,"menu_order":0,"comment_status":"closed","ping_status":"closed","template":"","meta":{"_acf_changed":false,"footnotes":""},"class_list":["post-756","page","type-page","status-publish","hentry"],"acf":[],"_links":{"self":[{"href":"https:\/\/exactas.uba.ar\/equidadygeneros\/wp-json\/wp\/v2\/pages\/756","targetHints":{"allow":["GET"]}}],"collection":[{"href":"https:\/\/exactas.uba.ar\/equidadygeneros\/wp-json\/wp\/v2\/pages"}],"about":[{"href":"https:\/\/exactas.uba.ar\/equidadygeneros\/wp-json\/wp\/v2\/types\/page"}],"author":[{"embeddable":true,"href":"https:\/\/exactas.uba.ar\/equidadygeneros\/wp-json\/wp\/v2\/users\/1"}],"replies":[{"embeddable":true,"href":"https:\/\/exactas.uba.ar\/equidadygeneros\/wp-json\/wp\/v2\/comments?post=756"}],"version-history":[{"count":4,"href":"https:\/\/exactas.uba.ar\/equidadygeneros\/wp-json\/wp\/v2\/pages\/756\/revisions"}],"predecessor-version":[{"id":769,"href":"https:\/\/exactas.uba.ar\/equidadygeneros\/wp-json\/wp\/v2\/pages\/756\/revisions\/769"}],"wp:attachment":[{"href":"https:\/\/exactas.uba.ar\/equidadygeneros\/wp-json\/wp\/v2\/media?parent=756"}],"curies":[{"name":"wp","href":"https:\/\/api.w.org\/{rel}","templated":true}]}}