{"id":69,"date":"2022-10-31T22:27:06","date_gmt":"2022-10-31T22:27:06","guid":{"rendered":"https:\/\/exactas.uba.ar\/equidadygeneros\/?page_id=69"},"modified":"2026-03-05T15:04:20","modified_gmt":"2026-03-05T15:04:20","slug":"materiales","status":"publish","type":"page","link":"https:\/\/exactas.uba.ar\/equidadygeneros\/repositorio\/materiales\/","title":{"rendered":"Materiales"},"content":{"rendered":"<h3>Presentaci\u00f3n descargable de la Sequigen y sus programas<\/h3>\n<p>Presentaci\u00f3n descargable de la Secretar\u00eda y sus Programas. <a href=\"https:\/\/nube.exactas.uba.ar\/index.php\/s\/iqXpmmRqjcxfoz7\" target=\"_blank\" rel=\"noopener\">Hacer click para acceder a la presentaci\u00f3n descargable.<\/a><\/p>\n<h3>Gu\u00eda Ema<\/h3>\n<p>Acceso a la Gu\u00eda Ema para el abordaje de casos de difusi\u00f3n de contenido \u00edntimo sexual sin consentimiento en \u00e1mbitos educativos: <a href=\"https:\/\/farodigital.org\/wp-content\/uploads\/2025\/08\/EMA-editorial.pdf\" target=\"_blank\" rel=\"noopener\">Hacer click para acceder a la gu\u00eda descargable.<\/a><\/p>\n<h3>Pautas para la inclusi\u00f3n y prevenci\u00f3n de violencias en el aula y las clases<\/h3>\n<p>Pautas para la inclusi\u00f3n y prevenci\u00f3n de violencias en el aula y las clases.\u00a0<a href=\"https:\/\/nube.exactas.uba.ar\/index.php\/s\/doNYz9yzJ5ECBJB\" target=\"_blank\" rel=\"noopener\">Hacer click para acceder al documento de pautas<\/a>. <a href=\"https:\/\/nube.exactas.uba.ar\/index.php\/s\/yrswKgzM4YpbCoD\" target=\"_blank\" rel=\"noopener\">Hacer click para acceder al documento de pautas en versi\u00f3n accesible<\/a>.<\/p>\n<h3>Marco para la inclusi\u00f3n y prevenci\u00f3n de violencias en la FCEN-UBA<\/h3>\n<p>Marco para la inclusi\u00f3n y prevenci\u00f3n de violencias en la FCEN-UBA.\u00a0<a href=\"https:\/\/nube.exactas.uba.ar\/index.php\/s\/gRA6AGY25mQn5mG\" target=\"_blank\" rel=\"noopener\">Hacer click para acceder al documento marco<\/a>.\u00a0<a href=\"https:\/\/nube.exactas.uba.ar\/index.php\/s\/N54fYJaQd7zPTPo\">Hacer click para acceder al documento marco en versi\u00f3n accesible<\/a>.<\/p>\n<article id=\"post-732\" class=\"post-732 page type-page status-publish hentry\">\n<h3>Informe sobre la implementaci\u00f3n de Ba\u00f1os sin distinci\u00f3n de g\u00e9neros y accesibles en la FCEyN<\/h3>\n<p>Aqu\u00ed van a poder encontrar informaci\u00f3n detallada sobre la creaci\u00f3n de los Ba\u00f1os sin distinci\u00f3n de g\u00e9neros y accesibles en FCEN, una de las pol\u00edticas de accesibilidad de nuestra Secretar\u00eda. El proceso de creaci\u00f3n de los ba\u00f1os sin distinci\u00f3n; la campa\u00f1a de sensibilizaci\u00f3n hacia el interior de la comunidad desde una perspectiva de prevenci\u00f3n de la salud y promoci\u00f3n de derechos humanos; la ubicaci\u00f3n de los ba\u00f1os en Ciudad Universitaria; la presentaci\u00f3n de los resultados de la encuesta \u00abDise\u00f1ar y redise\u00f1ar el espacio universitario desde una perspectiva de g\u00e9nero (2015-2020)\u00bb; y el instrumento de relevamiento sobre los usos y percepciones por parte de les usuaries.<\/p>\n<p><img loading=\"lazy\" decoding=\"async\" width=\"250\" height=\"138\" class=\"alignnone size-medium wp-image-259\" src=\"https:\/\/exactas.uba.ar\/equidadygeneros\/wp-content\/uploads\/2023\/04\/sindistincion_dest-250x138.jpg\" alt=\"\" srcset=\"https:\/\/exactas.uba.ar\/equidadygeneros\/wp-content\/uploads\/2023\/04\/sindistincion_dest-250x138.jpg 250w, https:\/\/exactas.uba.ar\/equidadygeneros\/wp-content\/uploads\/2023\/04\/sindistincion_dest-700x387.jpg 700w, https:\/\/exactas.uba.ar\/equidadygeneros\/wp-content\/uploads\/2023\/04\/sindistincion_dest-768x425.jpg 768w, https:\/\/exactas.uba.ar\/equidadygeneros\/wp-content\/uploads\/2023\/04\/sindistincion_dest-120x66.jpg 120w, https:\/\/exactas.uba.ar\/equidadygeneros\/wp-content\/uploads\/2023\/04\/sindistincion_dest.jpg 965w\" sizes=\"auto, (max-width: 250px) 100vw, 250px\" \/><\/p>\n<h5><a href=\"https:\/\/nube.exactas.uba.ar\/index.php\/s\/EGSPY6D7by38Dpw\">Enlace al informe<\/a><\/h5>\n<h3>Dise\u00f1ar y redise\u00f1ar el espacio universitario desde una perspectiva de g\u00e9nero. Estudio de caso del campus de la Universidad de Buenos Aires (2015-2022)<\/h3>\n<p>En diciembre de 2019, el equipo liderado por la <a href=\"https:\/\/dyegblog.wordpress.com\/extension-y-transferencias\/\">Catedra de Dise\u00f1o y Estudios de g\u00e9nero de FADU-UBA<\/a> y el Instituto de Investigaciones Gino Germani (IIGG) de la Facultad de Ciencias Sociales que cont\u00f3 con colaboraci\u00f3n de =GenEx, recibi\u00f3 un subsidio del Programa <em>Gendered Design<\/em> in STEAM de la <em>Carleton University<\/em>, Canad\u00e1. Durante 2020 y 2021 se desarroll\u00f3 el proyecto de investigaci\u00f3n cuyos tres componentes est\u00e1n detallados en el Informe de resultados y recomendaciones:<strong>\u00a0\u00abDise\u00f1ar y redise\u00f1ar el espacio universitario desde una perspectiva de g\u00e9nero. Estudio de caso del campus de la Universidad de Buenos Aires (2015-2020)\u00bb<\/strong><\/p>\n<h5><a href=\"http:\/\/shorturl.at\/atzI9\">Enlace al informe<\/a><\/h5>\n<h3>Primera Encuesta sobre violencia de g\u00e9nero y\/o discriminaci\u00f3n en la Facultad<\/h3>\n<\/article>\n<article id=\"post-732\" class=\"post-732 page type-page status-publish hentry\">Entre noviembre de 2017 y marzo de 2019, el equipo de <i>=<\/i>GenEx realiz\u00f3 la \u201cPrimera encuesta de percepci\u00f3n e incidencia sobre violencia de g\u00e9nero y\/o discriminaci\u00f3n\u201d en la FCEyN. Sus objetivos fueron:<\/p>\n<ul>\n<li aria-level=\"1\">Conocer sobre las situaciones y manifestaciones de violencia y discriminaci\u00f3n relativas al g\u00e9nero y\/o la orientaci\u00f3n sexual en la comunidad en la Facultad.<\/li>\n<li aria-level=\"1\">Sensibilizar y concientizar a la comunidad de Exactas sobre estas situaciones.<\/li>\n<li aria-level=\"1\">Difundir la existencia del\u00a0<i>Programa por la Igualdad de G\u00e9nero =GenEx<\/i>\u00a0y la herramienta com\u00fan a todas las unidades acad\u00e9micas de la UBA: el Protocolo UBA de \u201cacci\u00f3n institucional para la prevenci\u00f3n e intervenci\u00f3n ante situaciones de violencia o discriminaci\u00f3n de g\u00e9nero u orientaci\u00f3n sexual\u201d.<\/li>\n<\/ul>\n<h5><a href=\"https:\/\/exactas.uba.ar\/genex\/wp-content\/uploads\/2021\/05\/2021informe_encuesta.pdf\" target=\"_blank\" rel=\"noopener\">Enlace al informe<\/a><\/h5>\n<\/article>\n","protected":false},"excerpt":{"rendered":"Presentaci\u00f3n descargable de la Sequigen y sus programas Presentaci\u00f3n descargable de la Secretar\u00eda y sus Programas. Hacer click para acceder a la presentaci\u00f3n descargable. Gu\u00eda Ema Acceso a la Gu\u00eda Ema para el abordaje de casos de difusi\u00f3n de contenido \u00edntimo sexual sin consentimiento en \u00e1mbitos educativos: Hacer click para acceder a la gu\u00eda descargable&#8230;. <a class=\"view-article\" href=\"https:\/\/exactas.uba.ar\/equidadygeneros\/repositorio\/materiales\/\">LEER +<\/a>","protected":false},"author":3,"featured_media":0,"parent":717,"menu_order":0,"comment_status":"closed","ping_status":"closed","template":"","meta":{"_acf_changed":false,"footnotes":""},"class_list":["post-69","page","type-page","status-publish","hentry"],"acf":[],"_links":{"self":[{"href":"https:\/\/exactas.uba.ar\/equidadygeneros\/wp-json\/wp\/v2\/pages\/69","targetHints":{"allow":["GET"]}}],"collection":[{"href":"https:\/\/exactas.uba.ar\/equidadygeneros\/wp-json\/wp\/v2\/pages"}],"about":[{"href":"https:\/\/exactas.uba.ar\/equidadygeneros\/wp-json\/wp\/v2\/types\/page"}],"author":[{"embeddable":true,"href":"https:\/\/exactas.uba.ar\/equidadygeneros\/wp-json\/wp\/v2\/users\/3"}],"replies":[{"embeddable":true,"href":"https:\/\/exactas.uba.ar\/equidadygeneros\/wp-json\/wp\/v2\/comments?post=69"}],"version-history":[{"count":18,"href":"https:\/\/exactas.uba.ar\/equidadygeneros\/wp-json\/wp\/v2\/pages\/69\/revisions"}],"predecessor-version":[{"id":768,"href":"https:\/\/exactas.uba.ar\/equidadygeneros\/wp-json\/wp\/v2\/pages\/69\/revisions\/768"}],"up":[{"embeddable":true,"href":"https:\/\/exactas.uba.ar\/equidadygeneros\/wp-json\/wp\/v2\/pages\/717"}],"wp:attachment":[{"href":"https:\/\/exactas.uba.ar\/equidadygeneros\/wp-json\/wp\/v2\/media?parent=69"}],"curies":[{"name":"wp","href":"https:\/\/api.w.org\/{rel}","templated":true}]}}