{"id":689,"date":"2025-12-15T15:52:20","date_gmt":"2025-12-15T15:52:20","guid":{"rendered":"https:\/\/exactas.uba.ar\/equidadygeneros\/?page_id=689"},"modified":"2026-03-10T15:02:49","modified_gmt":"2026-03-10T15:02:49","slug":"genex","status":"publish","type":"page","link":"https:\/\/exactas.uba.ar\/equidadygeneros\/institucional\/genex\/","title":{"rendered":"=GenEx"},"content":{"rendered":"<p><span style=\"font-weight: 400;\">El <strong>Programa por la Igualdad de G\u00e9nero (=GenEx)<\/strong> fue creado el 25 de julio de 2016 (<\/span><a href=\"https:\/\/exactas.uba.ar\/genex\/wp-content\/uploads\/2021\/05\/cd-1697-16-1.pdf\"><span style=\"font-weight: 400;\">Res. CD N\u00b01697\/16<\/span><\/a><span style=\"font-weight: 400;\">) y desde agosto de 2022 se encuentra en la \u00f3rbita de la Secretar\u00eda de Promoci\u00f3n de Equidad y G\u00e9neros (<\/span><a href=\"https:\/\/nube.exactas.uba.ar\/index.php\/s\/7BkYj56b6d5pHFb?dir=\/&amp;editing=false&amp;openfile=true\"><span style=\"font-weight: 400;\">Res. CD 1245\/22<\/span><\/a><span style=\"font-weight: 400;\">).<\/span><\/p>\n<p><span style=\"font-weight: 400;\">Entre los principales objetivos del Programa se encuentran:<\/span><\/p>\n<ul>\n<li style=\"font-weight: 400;\" aria-level=\"1\"><span style=\"font-weight: 400;\">Visibilizar, sensibilizar y concientizar en torno a cualquier tipo de discriminaci\u00f3n, maltrato, hostigamiento y acoso ejercido por cuestiones de g\u00e9nero y\/u orientaci\u00f3n sexual.<\/span><\/li>\n<li style=\"font-weight: 400;\" aria-level=\"1\"><span style=\"font-weight: 400;\">Recibir consultas y denuncias e intervenir ante las situaciones que as\u00ed lo requieran en el marco del \u201cProtocolo de acci\u00f3n institucional para la prevenci\u00f3n e intervenci\u00f3n ante situaciones de violencia o discriminaci\u00f3n de g\u00e9nero u orientaci\u00f3n sexual\u201d establecido para toda la Universidad de Buenos Aires (<\/span><a href=\"https:\/\/exactas.uba.ar\/genex\/wp-content\/uploads\/2021\/04\/protocolo-2.0.pdf\"><span style=\"font-weight: 400;\">Res. CS 1918\/19<\/span><\/a><span style=\"font-weight: 400;\">).<\/span><\/li>\n<li style=\"font-weight: 400;\" aria-level=\"1\"><span style=\"font-weight: 400;\">Desarrollar v\u00ednculos interinstitucionales para fortalecer las redes y \u00e1reas de trabajo del Programa.<\/span><\/li>\n<\/ul>\n<p><span style=\"font-weight: 400;\">=GenEx tambi\u00e9n colabora con las diferentes \u00e1reas de la Facultad para promover la introducci\u00f3n de la perspectiva de g\u00e9nero en las pr\u00e1cticas y pol\u00edticas institucionales.<\/span><\/p>\n<p><span style=\"font-weight: 400;\">Para coordinar una entrevista, realizar una consulta o recibir informaci\u00f3n, escrib\u00ed a: <\/span><a href=\"mailto:genex@de.fcen.uba.ar\"><span style=\"font-weight: 400;\">genex@de.fcen.uba.ar<\/span><\/a><span style=\"font-weight: 400;\">\u00a0<\/span><\/p>\n<p><strong>Hac\u00e9 <a href=\"https:\/\/exactas.uba.ar\/genex\/\">click ac\u00e1<\/a> para ingresar al micrositio del Programa =GenEx<\/strong>.<\/p>\n","protected":false},"excerpt":{"rendered":"El Programa por la Igualdad de G\u00e9nero (=GenEx) fue creado el 25 de julio de 2016 (Res. CD N\u00b01697\/16) y desde agosto de 2022 se encuentra en la \u00f3rbita de la Secretar\u00eda de Promoci\u00f3n de Equidad y G\u00e9neros (Res. CD 1245\/22). Entre los principales objetivos del Programa se encuentran: Visibilizar, sensibilizar y concientizar en torno&#8230; <a class=\"view-article\" href=\"https:\/\/exactas.uba.ar\/equidadygeneros\/institucional\/genex\/\">LEER +<\/a>","protected":false},"author":1,"featured_media":0,"parent":712,"menu_order":20,"comment_status":"closed","ping_status":"closed","template":"","meta":{"_acf_changed":false,"footnotes":""},"class_list":["post-689","page","type-page","status-publish","hentry"],"acf":[],"_links":{"self":[{"href":"https:\/\/exactas.uba.ar\/equidadygeneros\/wp-json\/wp\/v2\/pages\/689","targetHints":{"allow":["GET"]}}],"collection":[{"href":"https:\/\/exactas.uba.ar\/equidadygeneros\/wp-json\/wp\/v2\/pages"}],"about":[{"href":"https:\/\/exactas.uba.ar\/equidadygeneros\/wp-json\/wp\/v2\/types\/page"}],"author":[{"embeddable":true,"href":"https:\/\/exactas.uba.ar\/equidadygeneros\/wp-json\/wp\/v2\/users\/1"}],"replies":[{"embeddable":true,"href":"https:\/\/exactas.uba.ar\/equidadygeneros\/wp-json\/wp\/v2\/comments?post=689"}],"version-history":[{"count":3,"href":"https:\/\/exactas.uba.ar\/equidadygeneros\/wp-json\/wp\/v2\/pages\/689\/revisions"}],"predecessor-version":[{"id":774,"href":"https:\/\/exactas.uba.ar\/equidadygeneros\/wp-json\/wp\/v2\/pages\/689\/revisions\/774"}],"up":[{"embeddable":true,"href":"https:\/\/exactas.uba.ar\/equidadygeneros\/wp-json\/wp\/v2\/pages\/712"}],"wp:attachment":[{"href":"https:\/\/exactas.uba.ar\/equidadygeneros\/wp-json\/wp\/v2\/media?parent=689"}],"curies":[{"name":"wp","href":"https:\/\/api.w.org\/{rel}","templated":true}]}}