{"id":398,"date":"2023-08-30T15:03:15","date_gmt":"2023-08-30T15:03:15","guid":{"rendered":"https:\/\/exactas.uba.ar\/equidadygeneros\/?page_id=398"},"modified":"2026-04-06T16:26:46","modified_gmt":"2026-04-06T16:26:46","slug":"contacto","status":"publish","type":"page","link":"https:\/\/exactas.uba.ar\/equidadygeneros\/consultas-y-acompanamientos\/contacto\/","title":{"rendered":"Contactos para emergencias"},"content":{"rendered":"<div class=\"recuadro equidad\"><span style=\"font-weight: 400;\">Ten\u00e9s que saber<\/span><span style=\"font-weight: 300;\">: <\/span><span style=\"font-weight: 300;\">Los tres programas de la Sequigen acompa\u00f1an y asesoran consultas mediante entrevistas coordinadas por correo. Para aquellas situaciones que impliquen urgencia y consideres que merecen recibir asistencia inmediata te proporcionamos los tel\u00e9fonos de contacto de servicio de emergencia Seguridad y control.<\/span><\/div>\n<h3><span style=\"font-weight: 300;\">En la Facultad<\/span><\/h3>\n<ul>\n<li style=\"font-weight: 300;\" aria-level=\"1\"><span style=\"font-weight: 400;\">La FCEN cuenta con una gu\u00eda de Respuestas de Emergencias, que es conveniente que toda la comunidad analice y tenga presente. Ante una situaci\u00f3n de emergencia, llame a la Oficina de Seguridad y Control (IP <\/span><b>58311 de un tel\u00e9fono interno o 52858311 de un celular<\/b><span style=\"font-weight: 400;\">) para reportarla. Dicha oficina se comunicar\u00e1 con el personal de emergencias del Servicio de Higiene y Seguridad (SHyS) para atender la situaci\u00f3n<\/span><span style=\"font-weight: 300;\">; luego de pasada la emergencia, si lo consideras podes contactarte para seguimiento y\/o acompa\u00f1amiento con alguno de los programas de la SEquiGen.<\/span><\/li>\n<\/ul>\n<h3><span style=\"font-weight: 300;\">Otros organismos<\/span><\/h3>\n<p>L\u00edneas telef\u00f3nicas que atienden las 24 horas, los 365 d\u00edas del a\u00f1o:<\/p>\n<ul>\n<li style=\"font-weight: 300;\" aria-level=\"2\"><span style=\"font-weight: 300;\">L\u00ednea Nacional para Atenci\u00f3n en Salud Mental: 0800-999-0091. Atendida por profesionales del Hospital Nacional en Red \u201cLic. Laura Bonaparte\u201d. Brinda atenci\u00f3n, contenci\u00f3n y derivaci\u00f3n en materia de Salud Mental para toda la ciudadan\u00eda.\u00a0<\/span><\/li>\n<li style=\"font-weight: 300;\" aria-level=\"2\"><span style=\"font-weight: 300;\">Salud Mental Responde de la Ciudad Aut\u00f3noma de Buenos Aires (CABA): 0800-333-1665. Escucha especializada para personas en situaciones de angustia o depresi\u00f3n que requieren contenci\u00f3n.\u00a0<\/span><\/li>\n<li style=\"font-weight: 300;\" aria-level=\"2\"><span style=\"font-weight: 300;\">L\u00ednea telef\u00f3nica de la Provincia de Buenos Aires que brinda atenci\u00f3n y acompa\u00f1amiento a las personas que requieran asistencia y\/o derivaci\u00f3n en salud mental: 0800 222 5462. La l\u00ednea es gratuita y funciona de Lunes a Viernes de 8 a 24 hs. y los fines de semana de 10 a 22 hs.<\/span><\/li>\n<li style=\"font-weight: 300;\" aria-level=\"2\"><span style=\"font-weight: 300;\">L\u00ednea 144: Dispositivo gratuito de atenci\u00f3n telef\u00f3nica orientado a brindar contenci\u00f3n, informaci\u00f3n y asesoramiento en situaciones de violencia por motivos de g\u00e9nero. Atienden profesionales capacitados\/as en perspectiva de g\u00e9nero y abordaje integral de violencia por motivos de g\u00e9nero.<\/span><\/li>\n<li style=\"font-weight: 300;\" aria-level=\"2\"><span style=\"font-weight: 300;\">Centro de Justicia de la Mujer: organismo del Poder Judicial de la Ciudad que asesora y acompa\u00f1a de manera integral a mujeres y LGBTIQ+ que viven una situaci\u00f3n de violencia de g\u00e9nero. 0800 999 MUJER (68537): lunes a viernes de 8 a 20hs; 0800 33 (FISCAL) 347225: denuncias telef\u00f3nicas 24 horas; 4011 1300, l\u00ednea de consultas; correo: <\/span><a href=\"mailto:cjm@jusbaires.gob.ar\"><span style=\"font-weight: 300;\">cjm@jusbaires.gob.ar<\/span><\/a><span style=\"font-weight: 300;\">. Atenci\u00f3n presencial en La Boca y Microcentro. M\u00e1s informaci\u00f3n en https:\/\/cjmujer.gob.ar\/contacto\/\u00a0\u00a0<\/span><\/li>\n<li style=\"font-weight: 300;\" aria-level=\"2\"><span style=\"font-weight: 300;\">L\u00ednea 137 del Ministerio de Justicia. L\u00ednea telef\u00f3nica gratuita de acompa\u00f1amiento y atenci\u00f3n a las personas v\u00edctimas de violencia familiar o sexual. Act\u00faa en la Ciudad Aut\u00f3noma de Buenos Aires. N\u00famero de Whatsapp: 11-3133-1000.<\/span><\/li>\n<\/ul>\n","protected":false},"excerpt":{"rendered":"Ten\u00e9s que saber: Los tres programas de la Sequigen acompa\u00f1an y asesoran consultas mediante entrevistas coordinadas por correo. Para aquellas situaciones que impliquen urgencia y consideres que merecen recibir asistencia inmediata te proporcionamos los tel\u00e9fonos de contacto de servicio de emergencia Seguridad y control. En la Facultad La FCEN cuenta con una gu\u00eda de Respuestas&#8230; <a class=\"view-article\" href=\"https:\/\/exactas.uba.ar\/equidadygeneros\/consultas-y-acompanamientos\/contacto\/\">LEER +<\/a>","protected":false},"author":3,"featured_media":0,"parent":715,"menu_order":10,"comment_status":"closed","ping_status":"closed","template":"","meta":{"_acf_changed":false,"footnotes":""},"class_list":["post-398","page","type-page","status-publish","hentry"],"acf":[],"_links":{"self":[{"href":"https:\/\/exactas.uba.ar\/equidadygeneros\/wp-json\/wp\/v2\/pages\/398","targetHints":{"allow":["GET"]}}],"collection":[{"href":"https:\/\/exactas.uba.ar\/equidadygeneros\/wp-json\/wp\/v2\/pages"}],"about":[{"href":"https:\/\/exactas.uba.ar\/equidadygeneros\/wp-json\/wp\/v2\/types\/page"}],"author":[{"embeddable":true,"href":"https:\/\/exactas.uba.ar\/equidadygeneros\/wp-json\/wp\/v2\/users\/3"}],"replies":[{"embeddable":true,"href":"https:\/\/exactas.uba.ar\/equidadygeneros\/wp-json\/wp\/v2\/comments?post=398"}],"version-history":[{"count":10,"href":"https:\/\/exactas.uba.ar\/equidadygeneros\/wp-json\/wp\/v2\/pages\/398\/revisions"}],"predecessor-version":[{"id":794,"href":"https:\/\/exactas.uba.ar\/equidadygeneros\/wp-json\/wp\/v2\/pages\/398\/revisions\/794"}],"up":[{"embeddable":true,"href":"https:\/\/exactas.uba.ar\/equidadygeneros\/wp-json\/wp\/v2\/pages\/715"}],"wp:attachment":[{"href":"https:\/\/exactas.uba.ar\/equidadygeneros\/wp-json\/wp\/v2\/media?parent=398"}],"curies":[{"name":"wp","href":"https:\/\/api.w.org\/{rel}","templated":true}]}}