{"id":333,"date":"2023-08-11T17:27:21","date_gmt":"2023-08-11T17:27:21","guid":{"rendered":"https:\/\/exactas.uba.ar\/equidadygeneros\/?page_id=333"},"modified":"2026-02-26T17:46:59","modified_gmt":"2026-02-26T17:46:59","slug":"pautas-para-hacer-un-evento-accesible","status":"publish","type":"page","link":"https:\/\/exactas.uba.ar\/equidadygeneros\/repositorio\/pautas-para-hacer-un-evento-accesible\/","title":{"rendered":"Pautas para hacer un evento accesible"},"content":{"rendered":"<p><span style=\"font-weight: 400;\">Si vas a realizar jornadas, congresos o eventos en la FCEN y te propon\u00e9s intentar que su disen\u0303o y desarrollo sea lo ma\u0301s accesible posible, pod\u00e9s seguir estas pautas para ayudarte a garantizar la participaci\u00f3n de todas las personas.\u00a0<\/span><\/p>\n<p><span style=\"font-weight: 400;\">Se trata de un conjunto de pautas generales que no abarcan todas las situaciones, pero que, si se siguen, garantizan bastante accesibilidad lo que\u00a0 ayuda a garantizar la participaci\u00f3n y a que las personas se sientan parte y bienvenidas.\u00a0<\/span><\/p>\n<p><span style=\"font-weight: 400;\">Desde luego, si ten\u00e9s alguna duda, pod\u00e9s escribir a: <\/span><a href=\"mailto:sinbarreras@de.fcen.uba.ar\"><span style=\"font-weight: 400;\">sinbarreras@de.fcen.uba.ar<\/span><\/a><span style=\"font-weight: 400;\">\u00a0<\/span><\/p>\n<p>Cita sugerida: Secretar\u00eda de Promoci\u00f3n de la Equidad y G\u00e9neros (SeQuiGen) (2023),\u00a0<em>Pautas para hacer un evento accesible<\/em>. Disponible en: <a href=\"https:\/\/exactas.uba.ar\/equidadygeneros\/?page_id=333&amp;preview=true.\" target=\"_blank\" rel=\"noopener\">https:\/\/exactas.uba.ar\/equidadygeneros\/?page_id=333&amp;preview=true.<\/a><\/p>\n<p><b>***<\/b><\/p>\n<p><b>INSCRIPCI\u00d3N PREVIA<\/b><\/p>\n<p><span style=\"font-weight: 400;\">Si el evento tiene inscripci\u00f3n previa, te sugerimos que incluyas en el formulario de inscripci\u00f3n toda la informaci\u00f3n referida a accesibilidad f\u00edsica y comunicacional del evento (te compartimos una gu\u00eda de FCEN ACCESIBLE para que puedas sumar toda aquella informaci\u00f3n que te resulte \u00fatil).<\/span><\/p>\n<p><span style=\"font-weight: 400;\">Adem\u00e1s, en el formulario te recomendamos que agregues las siguientes preguntas que te permitir\u00e1n tener una idea de las necesidades de los asistentes y contactarles, en caso de requerir ma\u0301s informacio\u0301n:\u00a0<\/span><\/p>\n<ol>\n<li style=\"font-weight: 400;\" aria-level=\"1\"><span style=\"font-weight: 400;\">\u00bfTen\u00e9s necesidades de apoyo? Si\u0301\/No.\u00a0<\/span><\/li>\n<li style=\"font-weight: 400;\" aria-level=\"1\"><span style=\"font-weight: 400;\">Si respondiste \u201cSi\u0301\u201d, \u00bfcua\u0301les son? Nota de aclaraci\u00f3n: En caso de necesitar m\u00e1s informaci\u00f3n nos estaremos contactando, por favor indicar el mejor medio para este fin.\u00a0<\/span><\/li>\n<\/ol>\n<p><b>ACCESIBILIDAD FI\u0301SICA\u00a0<\/b><\/p>\n<ul>\n<li style=\"font-weight: 400;\" aria-level=\"1\"><span style=\"font-weight: 400;\">Llegar al lugar:<\/span><span style=\"font-weight: 400;\"> si el lugar del evento no es plenamente accesible, es importante brindar la informaci\u00f3n sobre d\u00f3nde hay rampas, ascensores y elevadores as\u00ed como tambi\u00e9n toda aquella informaci\u00f3n espec\u00edfica que sea relevante, por ejemplo, estacionamiento para personas con discapacidad y su ubicaci\u00f3n, medios de transporte y cruces con vados.<\/span><\/li>\n<li style=\"font-weight: 400;\" aria-level=\"1\"><span style=\"font-weight: 400;\">En el lugar del evento:<\/span><span style=\"font-weight: 400;\"> tener en cuenta que, por un lado, esta\u0301 la accesibilidad al espacio como espectador y, por otra, la accesibilidad al espacio como ponente, es decir, a la tarima.\u00a0<\/span><\/li>\n<\/ul>\n<p><span style=\"font-weight: 400;\">Si tiene tarima y es baja (es decir, de uno o dos escalones), quiz\u00e1s se puede conseguir una rampa m\u00f3vil, si es m\u00e1s alta o si es posible, recomendamos cambiar de sala si la persona que diserta es usuaria de silla de ruedas o tiene movilidad reducida.\u00a0<\/span><\/p>\n<ul>\n<li style=\"font-weight: 400;\" aria-level=\"1\"><span style=\"font-weight: 400;\">Permanecer:<\/span><span style=\"font-weight: 400;\"> ten\u00e9 en cuenta que, adem\u00e1s de estar en el espacio del evento, las personas usuarias de silla de ruedas requieren poder permanecer y para esto \u00faltimo previamente se debe chequear la disponibilidad de ba\u00f1os accesibles.<\/span><\/li>\n<\/ul>\n<p><span style=\"font-weight: 400;\">Si ten\u00e9s dudas sobre este tipo de informaci\u00f3n, desde la SEQUIGEN podemos orientarte en funci\u00f3n de d\u00f3nde se realice el evento: <\/span><a href=\"mailto:sinbarreras@de.fcen.uba.ar\"><span style=\"font-weight: 400;\">sinbarreras@de.fcen.uba.ar<\/span><\/a><\/p>\n<p><b>ACCESIBILIDAD A INFORMACIO\u0301N<\/b><\/p>\n<p><b>Int\u00e9rprete de Lengua de Se\u00f1as Argentina (ILSA) e Int\u00e9rprete de Lengua de Se\u00f1as Internacional (ILSI):<\/b><\/p>\n<ul>\n<li style=\"font-weight: 400;\" aria-level=\"1\"><span style=\"font-weight: 400;\">Si el evento es abierto a todo pu\u0301blico y no tiene inscripci\u00f3n previa, se deber\u00eda contemplar contar con servicio de ILSA. Ten\u00e9 en cuenta que para contratar servicio de int\u00e9rpretes se solicita un presupuesto a asociaciones especializadas y se debe contar con presupuesto de la organizaci\u00f3n del evento para abonar lo establecido .\u00a0<\/span><\/li>\n<li style=\"font-weight: 400;\" aria-level=\"1\"><span style=\"font-weight: 400;\">Si el evento se transmite en simult\u00e1neo o queda grabado para su difusi\u00f3n posterior es importante ofrecer servicio de int\u00e9rpretes aunque no haya usuarios\/as de Lengua de Se\u00f1as Argentina (LSA) entre los\/as inscriptos\/as. Si el evento no cumple alguna de las condiciones previas y es con inscripci\u00f3n previa, se puede preguntar en la instancia de inscripci\u00f3n si se requiere ILSA y, en funci\u00f3n de los resultados, contratar o no el servicio de int\u00e9rpretes.<\/span><\/li>\n<li style=\"font-weight: 400;\" aria-level=\"1\"><span style=\"font-weight: 400;\">Tener en cuenta que si una persona\u00a0 con discapacidad auditiva que utiliza ILSA lleva su int\u00e9rprete ser\u00eda un servicio de car\u00e1cter particular y no estar\u00eda garantizando la accesibilidad del evento.<\/span><\/li>\n<\/ul>\n<p><span style=\"font-weight: 400;\">Si requer\u00eds informaci\u00f3n sobre organizaciones que presten estos servicios, desde la SEQUIGEN podemos orientarte: <\/span><a href=\"mailto:sinbarreras@de.fcen.uba.ar\"><span style=\"font-weight: 400;\">sinbarreras@de.fcen.uba.ar<\/span><\/a><\/p>\n<p><b>Aro magn\u00e9tico:<\/b><\/p>\n<ul>\n<li style=\"font-weight: 400;\" aria-level=\"1\"><span style=\"font-weight: 400;\">Este servicio es importante para personas con discapacidad auditiva que utilicen aud\u00edfonos. Su utilizaci\u00f3n les facilitara\u0301 poder recibir\u00a0 la informaci\u00f3n hablada durante el evento.\u00a0<\/span><\/li>\n<li style=\"font-weight: 400;\" aria-level=\"1\"><span style=\"font-weight: 400;\">La FCEN tiene aros magn\u00e9ticos preparados para este uso en el Aula Magna del Pabell\u00f3n I y en el Aula Magna del Pabell\u00f3n II, adem\u00e1s del aula 1103 del Pabell\u00f3n 0+Infinito.<\/span><\/li>\n<\/ul>\n<p><b>Subtitulado:\u00a0<\/b><\/p>\n<ul>\n<li style=\"font-weight: 400;\" aria-level=\"1\"><span style=\"font-weight: 400;\">Este servicio es fundamental\u00a0 para personas con discapacidad auditiva, intelectual y otras, a quienes les cueste seguir el ritmo de la informacio\u0301n que se hable durante el evento e incluso permite garantizar la accesibilidad ante los diferentes modos que pueden tener para expresarse las personas que disertan (por ejemplo, su prosodia, tono de voz, modos de proyectar la voz y estilo de comunicaci\u00f3n).\u00a0<\/span><\/li>\n<\/ul>\n<p><span style=\"font-weight: 400;\">Si requer\u00eds informaci\u00f3n sobre organizaciones que prestan estos servicios, desde la SEQUIGEN podemos orientarte: <\/span><a href=\"mailto:sinbarreras@de.fcen.uba.ar\"><span style=\"font-weight: 400;\">sinbarreras@de.fcen.uba.ar<\/span><\/a><span style=\"font-weight: 400;\">\u00a0<\/span><\/p>\n<p><b>Otras cuestiones a revisar:\u00a0\u00a0<\/b><\/p>\n<ul>\n<li style=\"font-weight: 400;\" aria-level=\"1\"><span style=\"font-weight: 400;\">Al compartir folletos informativos o materiales, ofrecerlos siguiendo estas directivas: <\/span><a href=\"https:\/\/docs.google.com\/presentation\/d\/1DV3KmLLEjMdpI2dHbr6Sjqwrdq9Yb0Oy\/edit?usp=sharing&amp;ouid=107642656764396274013&amp;rtpof=true&amp;sd=true\" target=\"_blank\" rel=\"noopener\"><b>Pautas de accesibilidad a considerar en Word, .pdf, im\u00e1genes y redes sociales<\/b><\/a><span style=\"font-weight: 400;\">.\u00a0<\/span><\/li>\n<li style=\"font-weight: 400;\" aria-level=\"1\"><span style=\"font-weight: 400;\">Al enviar los correos de confirmaci\u00f3n a quienes asisten, recordar incluir un mapa de la universidad y una explicaci\u00f3n de c\u00f3mo llegar al sal\u00f3n del evento, aclarando circuitos accesibles, ba\u00f1os adaptados y sin distinci\u00f3n de g\u00e9nero.<\/span><\/li>\n<li style=\"font-weight: 400;\" aria-level=\"1\"><span style=\"font-weight: 400;\">Se recomienda prever los caminos disponibles (incluidos los accesibles) hasta el sal\u00f3n del evento y se\u00f1alarlos incluso con carteles con flechas (por ejemplo, uno en la entrada principal y otro justo frente al salo\u0301n o en el pasillo del sal\u00f3n). Esto no exime la orientaci\u00f3n a trav\u00e9s de las personas encargadas de facilitar el evento puesto que con informaci\u00f3n visual no abordamos a toda la diversidad de participantes.<\/span><\/li>\n<li style=\"font-weight: 400;\" aria-level=\"1\"><span style=\"font-weight: 400;\">Al intercambiar con quienes son ponentes, indic\u00e1 que:<\/span><\/li>\n<\/ul>\n<ul style=\"margin-left: 4em;\">\n<li aria-level=\"1\">Si el evento cuenta con ILSA los int\u00e9rpretes necesitaran la ponencia al menos 4 d\u00edas antes del evento.<\/li>\n<li aria-level=\"1\">Si la exposici\u00f3n incluye una presentaci\u00f3n con diapositivas, se debe considerar que toda la informaci\u00f3n escrita se lea para equiparar oportunidades, adem\u00e1s se recomienda compartir las <a href=\"https:\/\/docs.google.com\/presentation\/d\/1DV3KmLLEjMdpI2dHbr6Sjqwrdq9Yb0Oy\/edit?usp=sharing&amp;ouid=114233336882097260618&amp;rtpof=true&amp;sd=true\" target=\"_blank\" rel=\"noopener\">Pautas de accesibilidad a considerar en Word, .pdf, im\u00e1genes y redes sociales<\/a>.<\/li>\n<li aria-level=\"1\">Si la exposici\u00f3n incluye videos, se debe considerar que sean accesibles; los subt\u00edtulos al audio son requisito de un video accesible. De acuerdo al nivel de accesibilidad se deber\u00e1n describir el video a medida que avanza. Si se hubiese contratado el servicio de ILSA o ILSI, se recomienda enf\u00e1ticamente entregarles por escrito y con anterioridad un resumen del video con los puntos m\u00e1s importantes a los\/as int\u00e9rpretes que vayan a utilizarse en la ponencia.<\/li>\n<li aria-level=\"1\">Con respecto al lenguaje que se utilice en el conjunto de la exposici\u00f3n, debe evitar cualquier forma de discriminaci\u00f3n. Para ello, se recomienda sugerir que se cuiden las expresiones (en particular, aquellas que reproducen estereotipos y suelen manifestarse en chistes, insultos, entre otras) y que sean respetuosas de la diversidad humana, tanto en vinculaci\u00f3n con cuestiones de g\u00e9nero, personas con discapacidad, nacionalidades, creencias religiosas, problem\u00e1ticas de salud mental,\u00a0 y cualquier otra caracter\u00edstica o atributo. Ante cualquier consulta: <a href=\"mailto:sequigen@de.fcen.uba.ar\">sequigen@de.fcen.uba.ar<\/a><\/li>\n<li aria-level=\"1\">Por \u00faltimo, es importante al inicio de la actividad, adelantar de modo sint\u00e9tico la din\u00e1mica propuesta (por ejemplo, la primera hora de exposici\u00f3n y la \u00faltima media hora de intercambios con las personas participantes y c\u00f3mo ser\u00e1 la modalidad para esos intercambios).<\/li>\n<\/ul>\n<p><b>LISTA RA\u0301PIDA PARA CUIDAR LA PARTIPACI\u00d3N EN EL EVENTO\u00a0<\/b><\/p>\n<p><span style=\"font-weight: 400;\">Estas preguntas tienen la intenci\u00f3n de facilitar y complementar la informaci\u00f3n anterior:\u00a0<\/span><\/p>\n<ul>\n<li style=\"font-weight: 400;\" aria-level=\"1\"><span style=\"font-weight: 400;\">El personal que organiza y apoya la realizaci\u00f3n del evento \u00bfsabe c\u00f3mo responder a la diversidad de asistentes, visibilizando que entre estas personas puede haber personas con discapacidad? Por ejemplo, el personal del evento sabe c\u00f3mo responder ante consultas vinculadas a la accesibilidad, donde est\u00e1n los ban\u0303os accesibles, si hay int\u00e9rpretes de lengua de se\u00f1as,\u00a0 entre otras.\u00a0<\/span><\/li>\n<\/ul>\n<p><span style=\"font-weight: 400;\">Si requer\u00eds informaci\u00f3n, desde la SEQUIGEN podemos orientarte: <\/span><a href=\"mailto:sinbarreras@de.fcen.uba.ar\"><span style=\"font-weight: 400;\">sinbarreras@de.fcen.uba.ar<\/span><\/a><span style=\"font-weight: 400;\">\u00a0<\/span><\/p>\n<ul>\n<li style=\"font-weight: 400;\" aria-level=\"1\"><span style=\"font-weight: 400;\">\u00bfEl lugar del evento es accesible para personas usuarias de silla de ruedas? accesible para llegar al lugar, como para estar dentro del espacio: rampa de ingreso, sin escalones hasta el aula, con pasillos suficientemente amplios y sin obstrucciones y con acceso a ba\u00f1os accesibles.<\/span><\/li>\n<li style=\"font-weight: 400;\" aria-level=\"1\"><span style=\"font-weight: 400;\">Las sen\u0303ales y los carteles que se utilicen, \u00bfesta\u0301n realizados en contraste alto y\u00a0 en taman\u0303o grande para que lo puedan leer personas con baja visio\u0301n, utilizan letras que facilitan la lectura a personas con dislexia?\u00a0<\/span><\/li>\n<li style=\"font-weight: 400;\" aria-level=\"1\"><span style=\"font-weight: 400;\">\u00bfLos materiales o presentaciones (incluyendo pa\u0301ginas web, carteles, folletos, etc.) se han disen\u0303ado teniendo en cuenta las <\/span><a href=\"https:\/\/docs.google.com\/presentation\/d\/1DV3KmLLEjMdpI2dHbr6Sjqwrdq9Yb0Oy\/edit?usp=sharing&amp;ouid=107642656764396274013&amp;rtpof=true&amp;sd=true\" target=\"_blank\" rel=\"noopener\"><b>pautas de accesibilidad a considerar en Word, .pdf, im\u00e1genes y redes sociales<\/b><\/a><span style=\"font-weight: 400;\">?<\/span><\/li>\n<li style=\"font-weight: 400;\" aria-level=\"1\"><span style=\"font-weight: 400;\">La presentaci\u00f3n\u00a0 \u00bfpuede\u00a0 leerse desde diferentes alturas y sin que haya muebles obstruyendo?<\/span><\/li>\n<li style=\"font-weight: 400;\" aria-level=\"1\"><span style=\"font-weight: 400;\">El contenido de las presentaciones \u00bfse lee en voz alta?\u00a0<\/span><\/li>\n<li style=\"font-weight: 400;\" aria-level=\"1\"><span style=\"font-weight: 400;\">Si se utiliza puntero, se considera que para muchas personas el rojo y el verde son colores que no pueden ser distinguidos con facilidad.<\/span><\/li>\n<li style=\"font-weight: 400;\" aria-level=\"1\"><span style=\"font-weight: 400;\">Los materiales y presentaciones,\u00a0 \u00bfson respetuosos de la diversidad humana y evitan reproducir estereotipos que generan desigualdad y discriminaci\u00f3n?\u00a0<\/span><\/li>\n<li style=\"font-weight: 400;\" aria-level=\"1\"><span style=\"font-weight: 400;\">La transmisi\u00f3n del evento y su grabaci\u00f3n, de suceder, \u00bfconsideran la accesibilidad?<\/span><\/li>\n<li style=\"font-weight: 400;\" aria-level=\"1\"><span style=\"font-weight: 400;\">Los materiales que se proporcionan\u00a0 \u00bfesta\u0301n disponibles o pueden estar disponibles en formatos alternativos como braille, letras grandes y versi\u00f3n digital de car\u00e1cter accesible (con descripci\u00f3n de im\u00e1genes, en formato Word, etc.)?\u00a0<\/span><\/li>\n<li style=\"font-weight: 400;\" aria-level=\"1\"><span style=\"font-weight: 400;\">En caso de mostrar pa\u0301ginas web, \u00bfse muestran agrandadas para que todos puedan leerla?<\/span><\/li>\n<li style=\"font-weight: 400;\" aria-level=\"1\"><span style=\"font-weight: 400;\">En caso de mostrar videos, \u00bfexisten subt\u00edtulos para el video? \u00bfHay una transcripci\u00f3n disponible en texto?<\/span><\/li>\n<li style=\"font-weight: 400;\" aria-level=\"1\"><span style=\"font-weight: 400;\">Si en tu evento los\/as participantes utilizan computadoras, \u00bfest\u00e1s informado sobre las posibilidades existentes de tecnolog\u00eda de apoyo?\u00a0<\/span><\/li>\n<li style=\"font-weight: 400;\" aria-level=\"1\"><span style=\"font-weight: 400;\">Si en el evento hay productos para consumo, \u00bfse tiene en cuenta que haya productos sin TACC? En el formulario de inscripci\u00f3n puede sumarse informaci\u00f3n vinculada a otras intolerancias o alergias alimentarias.<\/span><\/li>\n<\/ul>\n<p><span style=\"font-weight: 400;\">Adaptaci\u00f3n realizada sobre DO-IT (2017). <\/span><i><span style=\"font-weight: 400;\">Equal Access. Universal Design of Conference Exhibits and Presentations<\/span><\/i><span style=\"font-weight: 400;\">. Extrai\u0301do de: <\/span><a href=\"https:\/\/www.washington.edu\/doit\/equal-access-universal-design-conference-exhibits-and-presentations\" target=\"_blank\" rel=\"noopener\"><span style=\"font-weight: 400;\">http:\/\/www.washington.edu\/doit\/equal-access-universal-design-conference-exhibits-and-presentations\u00a0<\/span><\/a><\/p>\n","protected":false},"excerpt":{"rendered":"Si vas a realizar jornadas, congresos o eventos en la FCEN y te propon\u00e9s intentar que su disen\u0303o y desarrollo sea lo ma\u0301s accesible posible, pod\u00e9s seguir estas pautas para ayudarte a garantizar la participaci\u00f3n de todas las personas.\u00a0 Se trata de un conjunto de pautas generales que no abarcan todas las situaciones, pero que,&#8230; <a class=\"view-article\" href=\"https:\/\/exactas.uba.ar\/equidadygeneros\/repositorio\/pautas-para-hacer-un-evento-accesible\/\">LEER +<\/a>","protected":false},"author":3,"featured_media":0,"parent":717,"menu_order":0,"comment_status":"closed","ping_status":"closed","template":"","meta":{"_acf_changed":false,"footnotes":""},"class_list":["post-333","page","type-page","status-publish","hentry"],"acf":[],"_links":{"self":[{"href":"https:\/\/exactas.uba.ar\/equidadygeneros\/wp-json\/wp\/v2\/pages\/333","targetHints":{"allow":["GET"]}}],"collection":[{"href":"https:\/\/exactas.uba.ar\/equidadygeneros\/wp-json\/wp\/v2\/pages"}],"about":[{"href":"https:\/\/exactas.uba.ar\/equidadygeneros\/wp-json\/wp\/v2\/types\/page"}],"author":[{"embeddable":true,"href":"https:\/\/exactas.uba.ar\/equidadygeneros\/wp-json\/wp\/v2\/users\/3"}],"replies":[{"embeddable":true,"href":"https:\/\/exactas.uba.ar\/equidadygeneros\/wp-json\/wp\/v2\/comments?post=333"}],"version-history":[{"count":19,"href":"https:\/\/exactas.uba.ar\/equidadygeneros\/wp-json\/wp\/v2\/pages\/333\/revisions"}],"predecessor-version":[{"id":359,"href":"https:\/\/exactas.uba.ar\/equidadygeneros\/wp-json\/wp\/v2\/pages\/333\/revisions\/359"}],"up":[{"embeddable":true,"href":"https:\/\/exactas.uba.ar\/equidadygeneros\/wp-json\/wp\/v2\/pages\/717"}],"wp:attachment":[{"href":"https:\/\/exactas.uba.ar\/equidadygeneros\/wp-json\/wp\/v2\/media?parent=333"}],"curies":[{"name":"wp","href":"https:\/\/api.w.org\/{rel}","templated":true}]}}