{"id":316,"date":"2023-07-19T15:47:04","date_gmt":"2023-07-19T15:47:04","guid":{"rendered":"https:\/\/exactas.uba.ar\/equidadygeneros\/?page_id=316"},"modified":"2024-12-03T16:17:56","modified_gmt":"2024-12-03T16:17:56","slug":"materiales-y-recursos-sin-barreras","status":"publish","type":"page","link":"https:\/\/exactas.uba.ar\/equidadygeneros\/institucional\/fcen-sin-barreras\/materiales-y-recursos-sin-barreras\/","title":{"rendered":"Materiales y recursos"},"content":{"rendered":"<ul>\n<li>\n<h4>Pautas para hacer un evento accesible. <a href=\"https:\/\/exactas.uba.ar\/equidadygeneros\/pautas-para-hacer-un-evento-accesible\/\">Hac\u00e9 click para acceder a las pautas.<\/a><\/h4>\n<\/li>\n<li>\n<h4>Gu\u00eda b\u00e1sica para la creaci\u00f3n de contenidos digitales accesibles: documentos y presentaciones. <a href=\"https:\/\/nube.exactas.uba.ar\/index.php\/s\/s7kaDjPF46HPzPw\" target=\"_blank\" rel=\"noopener\">Hac\u00e9 click para descargar la gu\u00eda<\/a> elaborada por Miriam Mercedes Izaguirre (Facultad de Agronom\u00eda, UBA).<\/h4>\n<\/li>\n<li>\n<h4>Pautas de accesibilidad a considerar en Word, .pdf, im\u00e1genes y redes sociales. <a href=\"https:\/\/docs.google.com\/presentation\/d\/1DV3KmLLEjMdpI2dHbr6Sjqwrdq9Yb0Oy\/edit?usp=sharing&amp;ouid=114233336882097260618&amp;rtpof=true&amp;sd=true\">Hac\u00e9 click para acceder a la presentaci\u00f3n de las pautas.<\/a><b><\/b><b>\u00a0<\/b><\/h4>\n<\/li>\n<li>\n<h4>\u00abAccesibilidad en la Universidad: un puente necesario para ejercer derechos\u00bb. Charla de los viernes en Exactas a cargo de Ver\u00f3nica Gonz\u00e1lez Bonet.<\/h4>\n<p><a href=\"https:\/\/www.youtube.com\/watch?v=JKNi8DfkdfM\">Hac\u00e9 click para acceder al video de la charla del 21 de abril de 2023.<\/a><br \/>\n<a href=\"https:\/\/drive.google.com\/file\/d\/1lEaM67-UdQ70gEucXC4VfdS1xJeqAapN\/view?usp=sharing\">Hac\u00e9 click para acceder a las diapositivas elaboradas por Ver\u00f3nica para la charla.<\/a><br \/>\n<a href=\"https:\/\/drive.google.com\/file\/d\/1ySKGc29qRkTtluItE761QCg9BGMWoFot\/view?usp=sharing\">Hac\u00e9 click para acceder al video utilizado por Ver\u00f3nica en referencia al \u00abUso del lenguaje\u00bb.<\/a><\/li>\n<\/ul>\n<ul>\n<li style=\"list-style-type: none;\"><\/li>\n<\/ul>\n<p><iframe loading=\"lazy\" title=\"Accesibilidad en la Universidad: Un puente necesario para ejercer derechos. Ver\u00f3nica Gonz\u00e1lez Bonet\" width=\"900\" height=\"506\" src=\"https:\/\/www.youtube.com\/embed\/JKNi8DfkdfM?feature=oembed\" frameborder=\"0\" allow=\"accelerometer; autoplay; clipboard-write; encrypted-media; gyroscope; picture-in-picture; web-share\" allowfullscreen><\/iframe><\/p>\n<p><strong>Ver\u00f3nica Gonz\u00e1lez Bonet<\/strong> es licenciada en Inform\u00e1tica y periodista, diplomada en periodismo de g\u00e9nero y en criminal\u00edstica y criminolog\u00eda, tambi\u00e9n con Especializaci\u00f3n en Pol\u00edticas P\u00fablicas para la Igualdad en Am\u00e9rica Latina (FLACSO\/CLACSO). Actualmente se desempe\u00f1a en el equipo de Comunicaci\u00f3n y Discapacidad de la Direcci\u00f3n Nacional de Derechos Sexuales y Reproductivos del Ministerio de Salud de la Naci\u00f3n. Integra la Red por los Derechos de las Personas con Discapacidad y la Red argentina de Periodistas de G\u00e9nero. Es autora de Buenas Pr\u00e1cticas en Comunicaci\u00f3n y Discapacidad, la gu\u00eda Medios y Discapacidad y del documental \u00abLa Ire\u00bb.<\/p>\n<p><img loading=\"lazy\" decoding=\"async\" class=\"alignnone wp-image-321\" src=\"https:\/\/exactas.uba.ar\/equidadygeneros\/wp-content\/uploads\/2023\/07\/accesibilidad-en-la-universidad-250x169.png\" alt=\"En la imagen extra\u00edda del video de la charla en el canal de Youtube de la Facultad de Ciencias Exactas y Naturales de la Universidad de Buenos Aires, se encuentran: a la izquierda, Ver\u00f3nica Gonz\u00e1lez Bonet (disertante); a la derecha, Magdalena Orlando (coordinadora del Programa Sin Barreras); en el recuadro inferior derecho la int\u00e9rprete de Lengua de Se\u00f1as Argentina (LSA).\" width=\"348\" height=\"235\" srcset=\"https:\/\/exactas.uba.ar\/equidadygeneros\/wp-content\/uploads\/2023\/07\/accesibilidad-en-la-universidad-250x169.png 250w, https:\/\/exactas.uba.ar\/equidadygeneros\/wp-content\/uploads\/2023\/07\/accesibilidad-en-la-universidad-700x472.png 700w, https:\/\/exactas.uba.ar\/equidadygeneros\/wp-content\/uploads\/2023\/07\/accesibilidad-en-la-universidad-768x518.png 768w, https:\/\/exactas.uba.ar\/equidadygeneros\/wp-content\/uploads\/2023\/07\/accesibilidad-en-la-universidad-120x81.png 120w, https:\/\/exactas.uba.ar\/equidadygeneros\/wp-content\/uploads\/2023\/07\/accesibilidad-en-la-universidad.png 873w\" sizes=\"auto, (max-width: 348px) 100vw, 348px\" \/><img loading=\"lazy\" decoding=\"async\" class=\"alignnone\" src=\"https:\/\/exactas.uba.ar\/equidadygeneros\/wp-content\/uploads\/2023\/04\/WhatsApp-Image-2023-04-18-at-14.35.34-250x250.jpeg\" alt=\"Flyer de la Charla de los viernes de la Facultad de Ciencias Exactas y Naturales de la Universidad de Buenos Aires. Viernes 21 de abril de 2023 a las 14:30 horas. Edificio Cero+Infinito. Aula 1401. T\u00edtulo de la charla: Accesibilidad en la Universidad, un puente necesario para ejercer derechos. Disertante: Ver\u00f3nica Gonz\u00e1lez Bonet (con interpretaci\u00f3n de Lengua de Se\u00f1as Argentina). Invita: Programa FCEN Sin Barreras. Secretar\u00eda de Promoci\u00f3n de la Equidad y G\u00e9neros; y Secretar\u00eda de Investigaci\u00f3n Cient\u00edfica y Tecnol\u00f3gica.\" width=\"238\" height=\"238\" \/><\/p>\n<p>&nbsp;<\/p>\n","protected":false},"excerpt":{"rendered":"Pautas para hacer un evento accesible. Hac\u00e9 click para acceder a las pautas. Gu\u00eda b\u00e1sica para la creaci\u00f3n de contenidos digitales accesibles: documentos y presentaciones. Hac\u00e9 click para descargar la gu\u00eda elaborada por Miriam Mercedes Izaguirre (Facultad de Agronom\u00eda, UBA). Pautas de accesibilidad a considerar en Word, .pdf, im\u00e1genes y redes sociales. Hac\u00e9 click para&#8230; <a class=\"view-article\" href=\"https:\/\/exactas.uba.ar\/equidadygeneros\/institucional\/fcen-sin-barreras\/materiales-y-recursos-sin-barreras\/\">LEER +<\/a>","protected":false},"author":3,"featured_media":0,"parent":18,"menu_order":0,"comment_status":"closed","ping_status":"closed","template":"","meta":{"_acf_changed":false,"footnotes":""},"class_list":["post-316","page","type-page","status-publish","hentry"],"acf":[],"_links":{"self":[{"href":"https:\/\/exactas.uba.ar\/equidadygeneros\/wp-json\/wp\/v2\/pages\/316","targetHints":{"allow":["GET"]}}],"collection":[{"href":"https:\/\/exactas.uba.ar\/equidadygeneros\/wp-json\/wp\/v2\/pages"}],"about":[{"href":"https:\/\/exactas.uba.ar\/equidadygeneros\/wp-json\/wp\/v2\/types\/page"}],"author":[{"embeddable":true,"href":"https:\/\/exactas.uba.ar\/equidadygeneros\/wp-json\/wp\/v2\/users\/3"}],"replies":[{"embeddable":true,"href":"https:\/\/exactas.uba.ar\/equidadygeneros\/wp-json\/wp\/v2\/comments?post=316"}],"version-history":[{"count":19,"href":"https:\/\/exactas.uba.ar\/equidadygeneros\/wp-json\/wp\/v2\/pages\/316\/revisions"}],"predecessor-version":[{"id":442,"href":"https:\/\/exactas.uba.ar\/equidadygeneros\/wp-json\/wp\/v2\/pages\/316\/revisions\/442"}],"up":[{"embeddable":true,"href":"https:\/\/exactas.uba.ar\/equidadygeneros\/wp-json\/wp\/v2\/pages\/18"}],"wp:attachment":[{"href":"https:\/\/exactas.uba.ar\/equidadygeneros\/wp-json\/wp\/v2\/media?parent=316"}],"curies":[{"name":"wp","href":"https:\/\/api.w.org\/{rel}","templated":true}]}}