{"id":267,"date":"2023-05-18T14:34:59","date_gmt":"2023-05-18T14:34:59","guid":{"rendered":"https:\/\/exactas.uba.ar\/equidadygeneros\/?page_id=267"},"modified":"2026-02-26T17:51:07","modified_gmt":"2026-02-26T17:51:07","slug":"solicitud-de-apoyo","status":"publish","type":"page","link":"https:\/\/exactas.uba.ar\/equidadygeneros\/institucional\/fcen-sin-barreras\/solicitud-de-apoyo\/","title":{"rendered":"Solicitud de apoyo"},"content":{"rendered":"<p>El siguiente es un formulario que nos permite organizar la informaci\u00f3n relativa a pedidos de apoyo. <\/p>\n<p>En caso de que requieras alg\u00fan ajuste pedag\u00f3gico, tanto en la cursada como en las evaluaciones, ser\u00eda importante que puedas conversar con las\/os docentes para ver si lo ven viable; de no encontrar soluciones, estamos disponibles para colaborar y pod\u00e9s escribirnos a <a href=\"mailto:sinbarreras@de.fcen.uba.ar\">sinbarreras@de.fcen.uba.ar<\/a><\/p>\n<p>Se debe tener en cuenta que muchas situaciones no pueden resolverse de manera inmediata, ya que los cambios institucionales requieren de la implicaci\u00f3n de todas y todos, pero estamos para trabajar por la minimizaci\u00f3n o eliminaci\u00f3n de aquellas barreras que restringen o deniegan el acceso a las personas con discapacidad en la Facultad de Ciencias Exactas y Naturales de la UBA.<\/p>\n<p><iframe loading=\"lazy\" src=\"https:\/\/docs.google.com\/forms\/d\/e\/1FAIpQLSf-QkfkCYAZ__YzGvcxqBMUG1W3t03HzfCIP4a7j1CCtVfHCw\/viewform?embedded=true\" width=\"640\" height=\"2908\" frameborder=\"0\" marginheight=\"0\" marginwidth=\"0\">Cargando\u2026<\/iframe><\/p>\n","protected":false},"excerpt":{"rendered":"El siguiente es un formulario que nos permite organizar la informaci\u00f3n relativa a pedidos de apoyo. En caso de que requieras alg\u00fan ajuste pedag\u00f3gico, tanto en la cursada como en las evaluaciones, ser\u00eda importante que puedas conversar con las\/os docentes para ver si lo ven viable; de no encontrar soluciones, estamos disponibles para colaborar y&#8230; <a class=\"view-article\" href=\"https:\/\/exactas.uba.ar\/equidadygeneros\/institucional\/fcen-sin-barreras\/solicitud-de-apoyo\/\">LEER +<\/a>","protected":false},"author":3,"featured_media":0,"parent":18,"menu_order":0,"comment_status":"closed","ping_status":"closed","template":"","meta":{"_acf_changed":false,"footnotes":""},"class_list":["post-267","page","type-page","status-publish","hentry"],"acf":[],"_links":{"self":[{"href":"https:\/\/exactas.uba.ar\/equidadygeneros\/wp-json\/wp\/v2\/pages\/267","targetHints":{"allow":["GET"]}}],"collection":[{"href":"https:\/\/exactas.uba.ar\/equidadygeneros\/wp-json\/wp\/v2\/pages"}],"about":[{"href":"https:\/\/exactas.uba.ar\/equidadygeneros\/wp-json\/wp\/v2\/types\/page"}],"author":[{"embeddable":true,"href":"https:\/\/exactas.uba.ar\/equidadygeneros\/wp-json\/wp\/v2\/users\/3"}],"replies":[{"embeddable":true,"href":"https:\/\/exactas.uba.ar\/equidadygeneros\/wp-json\/wp\/v2\/comments?post=267"}],"version-history":[{"count":1,"href":"https:\/\/exactas.uba.ar\/equidadygeneros\/wp-json\/wp\/v2\/pages\/267\/revisions"}],"predecessor-version":[{"id":268,"href":"https:\/\/exactas.uba.ar\/equidadygeneros\/wp-json\/wp\/v2\/pages\/267\/revisions\/268"}],"up":[{"embeddable":true,"href":"https:\/\/exactas.uba.ar\/equidadygeneros\/wp-json\/wp\/v2\/pages\/18"}],"wp:attachment":[{"href":"https:\/\/exactas.uba.ar\/equidadygeneros\/wp-json\/wp\/v2\/media?parent=267"}],"curies":[{"name":"wp","href":"https:\/\/api.w.org\/{rel}","templated":true}]}}