{"id":20,"date":"2022-09-23T15:36:18","date_gmt":"2022-09-23T15:36:18","guid":{"rendered":"https:\/\/exactas.uba.ar\/equidadygeneros\/?page_id=20"},"modified":"2026-02-26T18:03:38","modified_gmt":"2026-02-26T18:03:38","slug":"abordajes-socioeducativos","status":"publish","type":"page","link":"https:\/\/exactas.uba.ar\/equidadygeneros\/institucional\/abordajes-socioeducativos\/","title":{"rendered":"Abordajes socioeducativos"},"content":{"rendered":"<p><b>\u00bfQu\u00e9 es ASE &#8211; FCEN?<\/b><\/p>\n<p><span style=\"font-weight: 400;\">El Programa\u00a0 Abordajes Socioeducativos (ASE-FCEN) de la Facultad fue creado por <a href=\"https:\/\/nube.exactas.uba.ar\/index.php\/s\/xCGZwAZNNmiQ9Cz\" target=\"_blank\" rel=\"noopener\">Resoluci\u00f3n CD 1379 <\/a>, el 26 de agosto de 2022, en la \u00f3rbita de la Secretar\u00eda de Promoci\u00f3n de la Equidad y G\u00e9neros.<\/span><\/p>\n<p><span style=\"font-weight: 400;\">Desde una perspectiva sociocomunitaria, integral e interdisciplinaria, se propone dos grandes objetivos:\u00a0<\/span><\/p>\n<ul>\n<li style=\"font-weight: 400;\" aria-level=\"1\"><span style=\"font-weight: 400;\">Desnaturalizar y visibilizar las diversas formas de violencias en el \u00e1mbito de la FCEN.<\/span><\/li>\n<li style=\"font-weight: 400;\" aria-level=\"1\"><span style=\"font-weight: 400;\">Brindar un espacio de asesoramiento y acompa\u00f1amiento ante situaciones de violencias, conflictos y\/o problem\u00e1ticas vinculadas con la Salud Mental, que afectan a las personas de la comunidad en el \u00e1mbito educativo, laboral y en las experiencias sociales y cotidianas dentro de la Instituci\u00f3n.<\/span><\/li>\n<\/ul>\n<p><span style=\"font-weight: 400;\">Para contactar al Programa ASE, pod\u00e9s escribir un mail a <\/span><a href=\"mailto:abordajes.se@de.fcen.uba.ar\"><span style=\"font-weight: 400;\">abordajes.se@de.fcen.uba.ar<\/span><\/a><span style=\"font-weight: 400;\"> y as\u00ed acordar una entrevista, para compartir tus vivencias, preocupaciones y construir conjuntamente alternativas que mejoren tu experiencia en la FCEN.<\/span><\/p>\n<p>Coordinadora: Mg. Vanina Daraio.<span style=\"font-weight: 400;\"> Lic. y Prof. Psicolog\u00eda (UBA) (MN 33578).\u00a0\u00a0<\/span><\/p>\n<p>&nbsp;<\/p>\n<p><b>Materiales de inter\u00e9s<\/b><\/p>\n<p><a href=\"https:\/\/nube.exactas.uba.ar\/index.php\/s\/8MGRfceJQPWab3H\" target=\"_blank\" rel=\"noopener\">Nota sobre ASE &#8211; Comunicaciones FCEN UBA<\/a><\/p>\n<p><a href=\"https:\/\/nube.exactas.uba.ar\/index.php\/s\/8dARQBXtJdbCsfP\" target=\"_blank\" rel=\"noopener\">Recursero de Salud Mental<\/a><\/p>\n<p><a href=\"https:\/\/nube.exactas.uba.ar\/index.php\/s\/7mWtLfQESkBBkQb\">Ley de Salud Mental<\/a><\/p>\n<p><a href=\"https:\/\/nube.exactas.uba.ar\/index.php\/s\/JcyedtkPdMaSR7s\" target=\"_blank\" rel=\"noopener\">Convenio internacional contra la violencia y el acoso en el mundo del trabajo<\/a><\/p>\n<p><a href=\"https:\/\/nube.exactas.uba.ar\/index.php\/s\/NkfoQmzGJzwk2sz\" target=\"_blank\" rel=\"noopener\">Ley 27580 sobre convenio internacional<\/a><\/p>\n<p>&nbsp;<\/p>\n<p>Secretar\u00eda de Promoci\u00f3n de la Equidad y G\u00e9neros<br \/>\nFacultad de Ciencias Exactas y Naturales<br \/>\nUniversidad de Buenos Aires<br \/>\nTel: +54 11 52858404<\/p>\n","protected":false},"excerpt":{"rendered":"\u00bfQu\u00e9 es ASE &#8211; FCEN? El Programa\u00a0 Abordajes Socioeducativos (ASE-FCEN) de la Facultad fue creado por Resoluci\u00f3n CD 1379 , el 26 de agosto de 2022, en la \u00f3rbita de la Secretar\u00eda de Promoci\u00f3n de la Equidad y G\u00e9neros. Desde una perspectiva sociocomunitaria, integral e interdisciplinaria, se propone dos grandes objetivos:\u00a0 Desnaturalizar y visibilizar las&#8230; <a class=\"view-article\" href=\"https:\/\/exactas.uba.ar\/equidadygeneros\/institucional\/abordajes-socioeducativos\/\">LEER +<\/a>","protected":false},"author":1,"featured_media":0,"parent":712,"menu_order":30,"comment_status":"closed","ping_status":"closed","template":"","meta":{"_acf_changed":false,"footnotes":""},"class_list":["post-20","page","type-page","status-publish","hentry"],"acf":[],"_links":{"self":[{"href":"https:\/\/exactas.uba.ar\/equidadygeneros\/wp-json\/wp\/v2\/pages\/20","targetHints":{"allow":["GET"]}}],"collection":[{"href":"https:\/\/exactas.uba.ar\/equidadygeneros\/wp-json\/wp\/v2\/pages"}],"about":[{"href":"https:\/\/exactas.uba.ar\/equidadygeneros\/wp-json\/wp\/v2\/types\/page"}],"author":[{"embeddable":true,"href":"https:\/\/exactas.uba.ar\/equidadygeneros\/wp-json\/wp\/v2\/users\/1"}],"replies":[{"embeddable":true,"href":"https:\/\/exactas.uba.ar\/equidadygeneros\/wp-json\/wp\/v2\/comments?post=20"}],"version-history":[{"count":22,"href":"https:\/\/exactas.uba.ar\/equidadygeneros\/wp-json\/wp\/v2\/pages\/20\/revisions"}],"predecessor-version":[{"id":590,"href":"https:\/\/exactas.uba.ar\/equidadygeneros\/wp-json\/wp\/v2\/pages\/20\/revisions\/590"}],"up":[{"embeddable":true,"href":"https:\/\/exactas.uba.ar\/equidadygeneros\/wp-json\/wp\/v2\/pages\/712"}],"wp:attachment":[{"href":"https:\/\/exactas.uba.ar\/equidadygeneros\/wp-json\/wp\/v2\/media?parent=20"}],"curies":[{"name":"wp","href":"https:\/\/api.w.org\/{rel}","templated":true}]}}