{"id":18,"date":"2022-09-23T15:36:02","date_gmt":"2022-09-23T15:36:02","guid":{"rendered":"https:\/\/exactas.uba.ar\/equidadygeneros\/?page_id=18"},"modified":"2026-02-26T18:03:24","modified_gmt":"2026-02-26T18:03:24","slug":"fcen-sin-barreras","status":"publish","type":"page","link":"https:\/\/exactas.uba.ar\/equidadygeneros\/institucional\/fcen-sin-barreras\/","title":{"rendered":"Sin Barreras"},"content":{"rendered":"<p style=\"font-weight: 400;\">El Programa\u00a0<strong>SIN BARRERAS\u00a0<\/strong>de la Facultad fue creado el 31 de agosto de 2022 en la \u00f3rbita de la Secretar\u00eda de Promoci\u00f3n de la Equidad y G\u00e9neros bajo la RESCD 2022-1507-E-UBA-DMESA#FCEN<\/p>\n<p style=\"font-weight: 400;\">El programa se arm\u00f3 para dar cuerpo a los imperativos previstos en la Convenci\u00f3n sobre los Derechos de las Personas con Discapacidad, desde una perspectiva social, se propone:<\/p>\n<ul>\n<li>Trabajar por la Accesibilidad con base en el Dise\u00f1o Universal.<\/li>\n<li>Acompa\u00f1ar para la aplicaci\u00f3n de Ajustes Razonables.<\/li>\n<li>Sensibilizar para minimizar las barreras actitudinales.<\/li>\n<li>Asesorar ante consultas individuales.<\/li>\n<\/ul>\n<p style=\"font-weight: 400;\">Para contactar a Sin Barreras, pod\u00e9s escribir un mail a\u00a0<a href=\"mailto:sinbarreras@de.fcen.uba.ar\">sinbarreras@de.fcen.uba.ar<\/a><\/p>\n<p>&nbsp;<\/p>\n<p><a style=\"display: block; width: 170px; height: 170px; font-size: 16px; vertical-align: middle; text-align: center; margin: 0 10px 10px 0; padding: 10px 21px; color: white; background: #6a779a; float: left;\" href=\"https:\/\/exactas.uba.ar\/equidadygeneros\/solicitud-de-apoyo\/\" target=\"new_tab\" rel=\"noopener\"><br \/>\nSolicitud de apoyo<\/a><\/p>\n<p><a style=\"display: block; width: 170px; height: 170px; text-align: center; vertical-align: middle; font-size: 16px; margin: 0 10px 10px 0; padding: 10px 21px; color: white; background: #1e958e; float: left;\" href=\"https:\/\/exactas.uba.ar\/equidadygeneros\/materiales-y-recursos-sin-barreras\/\"><br \/>\nMateriales y recursos<\/a><\/p>\n<p><a style=\"display: block; width: 170px; height: 170px; text-align: center; font-size: 16px; vertical-align: middle; margin: 0 10px 10px 0; padding: 10px 21px; color: white; \/*#3e3e3e;*\/ background: #8f2983; float: left;\" href=\"https:\/\/exactas.uba.ar\/equidadygeneros\/actividades-y-cursos-del-programa\/\"><br \/>\nActividades y cursos<\/a><\/p>\n","protected":false},"excerpt":{"rendered":"El Programa\u00a0SIN BARRERAS\u00a0de la Facultad fue creado el 31 de agosto de 2022 en la \u00f3rbita de la Secretar\u00eda de Promoci\u00f3n de la Equidad y G\u00e9neros bajo la RESCD 2022-1507-E-UBA-DMESA#FCEN El programa se arm\u00f3 para dar cuerpo a los imperativos previstos en la Convenci\u00f3n sobre los Derechos de las Personas con Discapacidad, desde una perspectiva&#8230; <a class=\"view-article\" href=\"https:\/\/exactas.uba.ar\/equidadygeneros\/institucional\/fcen-sin-barreras\/\">LEER +<\/a>","protected":false},"author":1,"featured_media":0,"parent":712,"menu_order":10,"comment_status":"closed","ping_status":"closed","template":"","meta":{"_acf_changed":false,"footnotes":""},"class_list":["post-18","page","type-page","status-publish","hentry"],"acf":[],"_links":{"self":[{"href":"https:\/\/exactas.uba.ar\/equidadygeneros\/wp-json\/wp\/v2\/pages\/18","targetHints":{"allow":["GET"]}}],"collection":[{"href":"https:\/\/exactas.uba.ar\/equidadygeneros\/wp-json\/wp\/v2\/pages"}],"about":[{"href":"https:\/\/exactas.uba.ar\/equidadygeneros\/wp-json\/wp\/v2\/types\/page"}],"author":[{"embeddable":true,"href":"https:\/\/exactas.uba.ar\/equidadygeneros\/wp-json\/wp\/v2\/users\/1"}],"replies":[{"embeddable":true,"href":"https:\/\/exactas.uba.ar\/equidadygeneros\/wp-json\/wp\/v2\/comments?post=18"}],"version-history":[{"count":52,"href":"https:\/\/exactas.uba.ar\/equidadygeneros\/wp-json\/wp\/v2\/pages\/18\/revisions"}],"predecessor-version":[{"id":542,"href":"https:\/\/exactas.uba.ar\/equidadygeneros\/wp-json\/wp\/v2\/pages\/18\/revisions\/542"}],"up":[{"embeddable":true,"href":"https:\/\/exactas.uba.ar\/equidadygeneros\/wp-json\/wp\/v2\/pages\/712"}],"wp:attachment":[{"href":"https:\/\/exactas.uba.ar\/equidadygeneros\/wp-json\/wp\/v2\/media?parent=18"}],"curies":[{"name":"wp","href":"https:\/\/api.w.org\/{rel}","templated":true}]}}