{"id":108,"date":"2023-03-13T18:24:44","date_gmt":"2023-03-13T18:24:44","guid":{"rendered":"https:\/\/exactas.uba.ar\/equidadygeneros\/?page_id=108"},"modified":"2026-04-06T15:30:44","modified_gmt":"2026-04-06T15:30:44","slug":"sobre-la-secretaria","status":"publish","type":"page","link":"https:\/\/exactas.uba.ar\/equidadygeneros\/institucional\/sobre-la-secretaria\/","title":{"rendered":"Sobre la Secretar\u00eda"},"content":{"rendered":"<h2>Presentaci\u00f3n institucional<\/h2>\n<p>En consonancia con los principios de los Derechos Humanos y con un compromiso integral hacia la equidad, la <strong>Secretar\u00eda de Promoci\u00f3n de la Equidad y G\u00e9neros (Sequigen)<\/strong>\u00a0promueve acciones institucionales guiadas por una perspectiva social de la discapacidad, una perspectiva comunitaria de la salud mental y una perspectiva interseccional del g\u00e9nero.<\/p>\n<p>Nuestro enfoque es colectivo, interdisciplinario, cr\u00edtico, complejo y pedag\u00f3gico. Todo eso implica la revisi\u00f3n de pr\u00e1cticas, la promoci\u00f3n de intercambios y reflexiones, el reconocimiento de los diversos aspectos que se ponen en juego en las problem\u00e1ticas que abordamos, y la colaboraci\u00f3n y complementaci\u00f3n de herramientas y saberes de diferentes disciplinas.<\/p>\n<p>En la Sequigen se alojan tres programas que est\u00e1n destinados a toda la comunidad:<\/p>\n<ul>\n<li><strong>=GenEx<\/strong>: trabajamos en promover la igualdad de g\u00e9nero en las pr\u00e1cticas y pol\u00edticas institucionales, brindamos asesoramiento y acompa\u00f1amiento ante consultas por situaciones de violencia y\/o discriminaci\u00f3n por motivos de g\u00e9nero, orientaci\u00f3n sexual o identidad de g\u00e9nero, e intervenimos en el marco del \u201cProtocolo UBA\u201d. genex@de.fcen.uba.ar<\/li>\n<li><strong>ASE<\/strong>: trabajamos en la desnaturalizaci\u00f3n de violencias y el asesoramiento y acompa\u00f1amiento de situaciones que obstaculizan las trayectorias ocupacionales y los v\u00ednculos socioafectivos, relacionadas especialmente con problem\u00e1ticas de Salud Mental y Violencias. abordajes.se@de.fcen.uba.ar<\/li>\n<li><strong>Sin barreras<\/strong>: trabajamos por la eliminaci\u00f3n o minimizaci\u00f3n de aquellas barreras que restringen o deniegan el acceso a personas con discapacidad en el \u00e1mbito de la Facultad. sinbarreras@de.fcen.uba.ar<\/li>\n<\/ul>\n<h4><a href=\"https:\/\/nube.exactas.uba.ar\/s\/HFbqL3eHnLsZB4x\">Presentaci\u00f3n descargable de la Secretar\u00eda y sus Programas<\/a><\/h4>\n<div class=\"recuadro equidad\">\n<p>Ten\u00e9s que saber: Los tres programas de la Sequigen acompa\u00f1an y asesoran consultas mediante entrevistas coordinadas por correo. Para situaciones que impliquen urgencia y necesiten asistencia inmediata te proporcionamos los tel\u00e9fonos de contacto de servicio de emergencia Seguridad y control.<\/p>\n<p><a class=\"boton grande\" href=\"https:\/\/exactas.uba.ar\/equidadygeneros\/contacto\/\">Contactos de Emergencia<\/a><\/p>\n<\/div>\n<h3>C\u00f3mo trabajamos<\/h3>\n<p>Por consultas y\/o para compartir vivencias o preocupaciones, pod\u00e9s escribirnos por correo electr\u00f3nico a\u00a0<strong>sequigen@de.fcen.uba.ar<\/strong>\u00a0o dirigiendo la consulta al programa que se considere m\u00e1s apropiado seg\u00fan la situaci\u00f3n (no obstante, los tres programas gestionan derivaciones y articulaciones internas cuando son necesarias).<\/p>\n<p>Ese primer contacto nos permite establecer las acciones a seguir, que pueden incluir entrevistas para compartir experiencias, inquietudes y trabajar en conjunto en la b\u00fasqueda de soluciones que mejoren la experiencia universitaria de cada quien.<\/p>\n<p>Dependiendo de la situaci\u00f3n particular, los programas de la Sequigen pueden articular entre s\u00ed o con departamentos y otras \u00e1reas de la Facultad, as\u00ed como con instituciones externas como CONICET, fiscal\u00edas, entre otras.<\/p>\n<h3>Encontranos<\/h3>\n<p>Pod\u00e9s encontrarnos en el<strong>\u00a0Pabell\u00f3n 2, 2do piso<\/strong>, entre las aulas 212 y 213 y al Tex:\u00a0<strong>5285-8404<\/strong>. No obstante, recomendamos iniciar cualquier intercambio o consulta por correo electr\u00f3nico para garantizar una gesti\u00f3n \u00f3ptima de la situaci\u00f3n.<\/p>\n<h3>Sobre el equipo<\/h3>\n<h4>Autoridades:<\/h4>\n<ul>\n<li><strong>Dra. Mar\u00eda Gabriela Capeluto<\/strong> &#8211; Secretaria de Promoci\u00f3n de la Equidad y G\u00e9neros<\/li>\n<li><strong>Dra. Ana Quaglino<\/strong> &#8211; Secretaria Adjunta de Promoci\u00f3n de la Equidad y G\u00e9neros<\/li>\n<\/ul>\n<h4>Integrantes:<\/h4>\n<ul>\n<li><strong>Dra. Ana Quaglino<\/strong> &#8211; Coordinadora del Programa por la Igualdad de G\u00e9nero (=GenEx)<\/li>\n<li><strong>Dra. Vanina Daraio<\/strong> &#8211; Coordinadora del Programa Abordajes Socioeducativos (ASE)<\/li>\n<li><strong>Mg. Magdalena Orlando<\/strong> &#8211; Coordinadora del Programa Sin Barreras<\/li>\n<li><strong>Mg. Paloma Dulbecco<\/strong> &#8211; Coordinadora Acad\u00e9mica de =GenEx<\/li>\n<li><b>Lic. Lucila Brandone<\/b> &#8211; Integrante de =GenEx<\/li>\n<li><strong>Lic. Mariana Reino <\/strong>&#8211; Integrante de =GenEx<\/li>\n<li><strong>Lic. Camila Viegas<\/strong> &#8211; Integrante de =GenEx y ASE<\/li>\n<\/ul>\n","protected":false},"excerpt":{"rendered":"Presentaci\u00f3n institucional En consonancia con los principios de los Derechos Humanos y con un compromiso integral hacia la equidad, la Secretar\u00eda de Promoci\u00f3n de la Equidad y G\u00e9neros (Sequigen)\u00a0promueve acciones institucionales guiadas por una perspectiva social de la discapacidad, una perspectiva comunitaria de la salud mental y una perspectiva interseccional del g\u00e9nero. Nuestro enfoque es&#8230; <a class=\"view-article\" href=\"https:\/\/exactas.uba.ar\/equidadygeneros\/institucional\/sobre-la-secretaria\/\">LEER +<\/a>","protected":false},"author":3,"featured_media":110,"parent":712,"menu_order":0,"comment_status":"closed","ping_status":"closed","template":"","meta":{"_acf_changed":false,"footnotes":""},"class_list":["post-108","page","type-page","status-publish","has-post-thumbnail","hentry"],"acf":[],"_links":{"self":[{"href":"https:\/\/exactas.uba.ar\/equidadygeneros\/wp-json\/wp\/v2\/pages\/108","targetHints":{"allow":["GET"]}}],"collection":[{"href":"https:\/\/exactas.uba.ar\/equidadygeneros\/wp-json\/wp\/v2\/pages"}],"about":[{"href":"https:\/\/exactas.uba.ar\/equidadygeneros\/wp-json\/wp\/v2\/types\/page"}],"author":[{"embeddable":true,"href":"https:\/\/exactas.uba.ar\/equidadygeneros\/wp-json\/wp\/v2\/users\/3"}],"replies":[{"embeddable":true,"href":"https:\/\/exactas.uba.ar\/equidadygeneros\/wp-json\/wp\/v2\/comments?post=108"}],"version-history":[{"count":17,"href":"https:\/\/exactas.uba.ar\/equidadygeneros\/wp-json\/wp\/v2\/pages\/108\/revisions"}],"predecessor-version":[{"id":793,"href":"https:\/\/exactas.uba.ar\/equidadygeneros\/wp-json\/wp\/v2\/pages\/108\/revisions\/793"}],"up":[{"embeddable":true,"href":"https:\/\/exactas.uba.ar\/equidadygeneros\/wp-json\/wp\/v2\/pages\/712"}],"wp:featuredmedia":[{"embeddable":true,"href":"https:\/\/exactas.uba.ar\/equidadygeneros\/wp-json\/wp\/v2\/media\/110"}],"wp:attachment":[{"href":"https:\/\/exactas.uba.ar\/equidadygeneros\/wp-json\/wp\/v2\/media?parent=108"}],"curies":[{"name":"wp","href":"https:\/\/api.w.org\/{rel}","templated":true}]}}