{"id":8,"date":"2021-04-27T15:36:36","date_gmt":"2021-04-27T15:36:36","guid":{"rendered":"https:\/\/exactas.uba.ar\/PPMexactas\/?page_id=8"},"modified":"2021-08-17T11:50:12","modified_gmt":"2021-08-17T14:50:12","slug":"institucional","status":"publish","type":"page","link":"https:\/\/exactas.uba.ar\/PPMexactas\/institucional\/","title":{"rendered":"Institucional"},"content":{"rendered":"<p>El Programa PPM-Exactas fue impulsado por m\u00e1s de cincuenta docentes &#8211; investigadores, y aprobado en diciembre de 2020 por unanimidad en el Consejo Directivo de esta casa de estudios (<a href=\"https:\/\/exactas.uba.ar\/PPMexactas\/wp-content\/uploads\/2021\/04\/CD-20-1189.pdf\">Res. CD-20-1189<\/a>), mostrando as\u00ed un gran inter\u00e9s y compromiso de nuestra comunidad con la iniciativa.<\/p>\n<p>El Programa PPM-Exactas se encuentra en el \u00e1mbito de la Secretar\u00eda de Investigaci\u00f3n Cient\u00edfica y Tecnol\u00f3gica, y cuenta con una Unidad Coordinadora acompa\u00f1ada por una Comisi\u00f3n Acad\u00e9mica. Actualmente, y por el plazo de 3 a\u00f1os, esta integrada por (<a href=\"https:\/\/exactas.uba.ar\/PPMexactas\/wp-content\/uploads\/2021\/04\/Resolucion-designacion-D-20-1125.pdf\">Res. D-20-1125<\/a>):<\/p>\n<ul>\n<li>Coordinador ejecutivo:<br \/>\nDr. Sebasti\u00e1n Su\u00e1rez (<a href=\"http:\/\/www.qi.fcen.uba.ar\/\">Departamento de Qu\u00edmica Inorg\u00e1nica<\/a>)<\/li>\n<li>Coordinador adjunto:<br \/>\nDr. Javier Ram\u00edrez (<a href=\"http:\/\/www.qo.fcen.uba.ar\/\">Departamento de Qu\u00edmica Org\u00e1nica<\/a>)<\/li>\n<li>Comisi\u00f3n acad\u00e9mica:<br \/>\nDra. Laura Alche (<a href=\"http:\/\/www.qb.fcen.uba.ar\/\">Departamento de Qu\u00edmica Biol\u00f3gica<\/a>)<br \/>\nDra. Adriana Kolender (<a href=\"http:\/\/qo.fcen.uba.ar\/\">Departamento de Qu\u00edmica Org\u00e1nica<\/a>)<br \/>\nDra. Florencia Pignataro (<a href=\"https:\/\/ib3.fbmc.fcen.uba.ar\/\">IB3<\/a>)<br \/>\nDra. Ana Pilosof (<a href=\"http:\/\/di.fcen.uba.ar\/\">Departamento de Industrias<\/a>)<br \/>\nGabriel Valentin Martinez Acu\u00f1a (Estudiante Lic. Cs. Quimicas)\n<\/li>\n<\/ul>\n<p>&nbsp;<\/p>\n<p>Desde el 29 de junio de 2021, la FCEN-UBA es miembro pleno del Comit\u00e9 Ejecutivo de la Agencia Nacional de Laboratorios P\u00fablicos (<a href=\"https:\/\/www.argentina.gob.ar\/salud\/anlap\">ANLAP<\/a>), la cual coordina y promueve la producci\u00f3n p\u00fablica de medicamentos en la Argentina.<\/p>\n","protected":false},"excerpt":{"rendered":"El Programa PPM-Exactas fue impulsado por m\u00e1s de cincuenta docentes &#8211; investigadores, y aprobado en diciembre de 2020 por unanimidad en el Consejo Directivo de esta casa de estudios (Res. CD-20-1189), mostrando as\u00ed un gran inter\u00e9s y compromiso de nuestra comunidad con la iniciativa. El Programa PPM-Exactas se encuentra en el \u00e1mbito de la Secretar\u00eda&#8230; <a class=\"view-article\" href=\"https:\/\/exactas.uba.ar\/PPMexactas\/institucional\/\">LEER +<\/a>","protected":false},"author":1,"featured_media":0,"parent":0,"menu_order":0,"comment_status":"closed","ping_status":"closed","template":"","meta":{"_acf_changed":false,"footnotes":""},"class_list":["post-8","page","type-page","status-publish","hentry"],"acf":[],"_links":{"self":[{"href":"https:\/\/exactas.uba.ar\/PPMexactas\/wp-json\/wp\/v2\/pages\/8","targetHints":{"allow":["GET"]}}],"collection":[{"href":"https:\/\/exactas.uba.ar\/PPMexactas\/wp-json\/wp\/v2\/pages"}],"about":[{"href":"https:\/\/exactas.uba.ar\/PPMexactas\/wp-json\/wp\/v2\/types\/page"}],"author":[{"embeddable":true,"href":"https:\/\/exactas.uba.ar\/PPMexactas\/wp-json\/wp\/v2\/users\/1"}],"replies":[{"embeddable":true,"href":"https:\/\/exactas.uba.ar\/PPMexactas\/wp-json\/wp\/v2\/comments?post=8"}],"version-history":[{"count":42,"href":"https:\/\/exactas.uba.ar\/PPMexactas\/wp-json\/wp\/v2\/pages\/8\/revisions"}],"predecessor-version":[{"id":119,"href":"https:\/\/exactas.uba.ar\/PPMexactas\/wp-json\/wp\/v2\/pages\/8\/revisions\/119"}],"wp:attachment":[{"href":"https:\/\/exactas.uba.ar\/PPMexactas\/wp-json\/wp\/v2\/media?parent=8"}],"curies":[{"name":"wp","href":"https:\/\/api.w.org\/{rel}","templated":true}]}}