{"id":18,"date":"2021-04-27T15:37:14","date_gmt":"2021-04-27T15:37:14","guid":{"rendered":"https:\/\/exactas.uba.ar\/PPMexactas\/?page_id=18"},"modified":"2021-07-03T16:56:18","modified_gmt":"2021-07-03T19:56:18","slug":"contacto","status":"publish","type":"page","link":"https:\/\/exactas.uba.ar\/PPMexactas\/contacto\/","title":{"rendered":"Contacto"},"content":{"rendered":"<p>Carlota Vermal<\/p>\n<p>Coordinadora de Transferencia Tecnol\u00f3gica<\/p>\n<p><a href=\"mailto:ovtt@de.fcen.uba.ar\">ovtt@de.fcen.uba.ar<\/a><\/p>\n<p>&nbsp;<\/p>\n<ul>\n<li>Para quien le interese participar activamente en la tem\u00e1tica existe un mailing list del Programa, el cual actualmente cuenta con m\u00e1s de 60 docentes-investigadores y estudiantes. Para sumarse, completar el siguiente link<\/li>\n<\/ul>\n<p><a href=\"https:\/\/docs.google.com\/spreadsheets\/d\/1odBRJqNQPq8I6F336QCHYbAbfQdcGu5RUw267-jSpK0\/edit?usp=sharing\">https:\/\/docs.google.com\/spreadsheets\/d\/1odBRJqNQPq8I6F336QCHYbAbfQdcGu5RUw267-jSpK0\/edit?usp=sharing<\/a><\/p>\n","protected":false},"excerpt":{"rendered":"Carlota Vermal Coordinadora de Transferencia Tecnol\u00f3gica ovtt@de.fcen.uba.ar &nbsp; Para quien le interese participar activamente en la tem\u00e1tica existe un mailing list del Programa, el cual actualmente cuenta con m\u00e1s de 60 docentes-investigadores y estudiantes. Para sumarse, completar el siguiente link https:\/\/docs.google.com\/spreadsheets\/d\/1odBRJqNQPq8I6F336QCHYbAbfQdcGu5RUw267-jSpK0\/edit?usp=sharing","protected":false},"author":1,"featured_media":0,"parent":0,"menu_order":0,"comment_status":"closed","ping_status":"closed","template":"","meta":{"_acf_changed":false,"footnotes":""},"class_list":["post-18","page","type-page","status-publish","hentry"],"acf":[],"_links":{"self":[{"href":"https:\/\/exactas.uba.ar\/PPMexactas\/wp-json\/wp\/v2\/pages\/18","targetHints":{"allow":["GET"]}}],"collection":[{"href":"https:\/\/exactas.uba.ar\/PPMexactas\/wp-json\/wp\/v2\/pages"}],"about":[{"href":"https:\/\/exactas.uba.ar\/PPMexactas\/wp-json\/wp\/v2\/types\/page"}],"author":[{"embeddable":true,"href":"https:\/\/exactas.uba.ar\/PPMexactas\/wp-json\/wp\/v2\/users\/1"}],"replies":[{"embeddable":true,"href":"https:\/\/exactas.uba.ar\/PPMexactas\/wp-json\/wp\/v2\/comments?post=18"}],"version-history":[{"count":6,"href":"https:\/\/exactas.uba.ar\/PPMexactas\/wp-json\/wp\/v2\/pages\/18\/revisions"}],"predecessor-version":[{"id":115,"href":"https:\/\/exactas.uba.ar\/PPMexactas\/wp-json\/wp\/v2\/pages\/18\/revisions\/115"}],"wp:attachment":[{"href":"https:\/\/exactas.uba.ar\/PPMexactas\/wp-json\/wp\/v2\/media?parent=18"}],"curies":[{"name":"wp","href":"https:\/\/api.w.org\/{rel}","templated":true}]}}