{"id":16,"date":"2021-04-27T15:37:07","date_gmt":"2021-04-27T15:37:07","guid":{"rendered":"https:\/\/exactas.uba.ar\/PPMexactas\/?page_id=16"},"modified":"2023-10-24T09:04:24","modified_gmt":"2023-10-24T12:04:24","slug":"novedades","status":"publish","type":"page","link":"https:\/\/exactas.uba.ar\/PPMexactas\/novedades\/","title":{"rendered":"Novedades"},"content":{"rendered":"<p style=\"text-align: left;\"><strong>PROXIMAS ACTIVIDADES:<\/strong><\/p>\n<p>Nos reencontramos en el 2024 con nuevas propuestas<\/p>\n<p style=\"text-align: left;\"><strong>ACTIVIDADES PASADAS<\/strong><\/p>\n<ul>\n<li><strong>I Workshop Anual del Grupo Argentino de Ves\u00edculas Extracelulares<\/strong><br \/>\nEl objetivo principal de esta primera reuni\u00f3n es consolidar las bases de este grupo para favorecer lazos entre los investigadores\/as y as\u00ed lograr consolidar un espacio de intercambio enriquecedor. Se realiz\u00f3 el viernes 15 de septiembre de 2023, contando con el auspicio de las Secretarias de Investigaci\u00f3n de la Facultad de Ciencias Exactas y Naturales y de la Facultad de Farmacia y Bioqu\u00edmica, de la Universidad de Buenos Aires. Ver <a href=\"https:\/\/exactas.uba.ar\/PPMexactas\/wp-content\/uploads\/2023\/10\/LIBRO-RESUMEN-GAVE-Final-Final.pdf\">Libro de resumenes<\/a><\/li>\n<li><strong>Jornada sobre Propiedad Intelectual en el \u00e1rea de la salud: desde el patentamiento hasta la transferencia<\/strong><br \/>\nEl jueves 31 de agosto de 2023 se discuti\u00f3 sobre c\u00f3mo proteger los resultados novedosos de investigaci\u00f3n, qu\u00e9 herramientas brindan la UBA y el CONICET, qu\u00e9 tiene en cuenta el INPI a la hora de evaluar solicitudes. La misma fue organizada por la Facultad de Farmacia y Bioqu\u00edmica en el marco de las Jornadas Interfacultades con la Facultad de Cs. Exactas y Naturales. Participaron profesionales de la UBA, el CONICET, el MINCYT y del INPI. Ver <a href=\"https:\/\/exactas.uba.ar\/PPMexactas\/wp-content\/uploads\/2023\/08\/Flyer.jpeg\" rel=\"lightbox[16]\">Programa<\/a><\/li>\n<li><strong>Primera Jornada de C\u00e1ncer y Prote\u00ednas en FCEN<\/strong><br \/>\nEl c\u00e1ncer es una enfermedad que nos afecta a todos\/as de una forma u otra, de all\u00ed surge la importancia de estar al tanto de los avances cient\u00edficos relacionados a los diversos aspectos de dicha enfermedad, ya sea en su estudio directo o a trav\u00e9s de la investigaci\u00f3n en prote\u00ednas. Tampoco se deben perder de vista los aspectos sociales y la perspectiva del paciente. Esta jornada, Jueves 20 y Viernes 21 de abril de 2023, naci\u00f3 gracias a la iniciativa de un grupo de docentes y estudiantes de Qu\u00edmica Biol\u00f3gica, y estuvo destinada a estudiantes de la facultad, as\u00ed como tambi\u00e9n al p\u00fablico general. Ver <a href=\"https:\/\/exactas.uba.ar\/PPMexactas\/wp-content\/uploads\/2023\/04\/Primera-Jornada-de-Cancer-y-Proteinas.png\" rel=\"lightbox[16]\">Programa<\/a><\/li>\n<li><strong>Encuentro sobre Enfermedades Poco Frecuentes en Exactas<\/strong><br \/>\nSe trat\u00f3 de un encuentro de pacientes, familias, asociaciones, estudiantes, becaries, investigadoras e investigadores y personal del \u00e1rea de la salud humana. Sabemos que las mejores soluciones a los problemas desafiantes est\u00e1n en la complementaci\u00f3n de conocimientos e ideas y en la inclusi\u00f3n y la equidad. Las EpoF son m\u00e1s de 8.000 enfermedades diferentes y afectan a cerca del 10% de la poblaci\u00f3n; muchas veces sus bases moleculares son complejas e incluso desconocidas y el diagn\u00f3stico es altamente dificultoso. El 28 de febrero nos juntamos a conversar y discutir distintos aspectos vinculados con las EpoF para generar y fortalecer redes de trabajo. ver <a href=\"https:\/\/exactas.uba.ar\/PPMexactas\/wp-content\/uploads\/2023\/02\/EPOF-FCEN-2023.pdf\">Programa<\/a><\/li>\n<li style=\"text-align: left;\"><strong>Aportes de la FCEN y FFyB al desarrollo de nuevas herramientas terap\u00e9uticas y de diagn\u00f3stico<\/strong><br \/>\nLos d\u00edas 23 y 29 de noviembre de 2022 se realizaron, por primera vez, dos encuentros acad\u00e9micos interfacultades organizados entre la FCEN y la Facultad de Farmacia y Bioqu\u00edmica de la UBA. Durante ambas jornadas nos centraremos en los aportes de las dos casas de estudio (muchos conjuntos) para el desarrollo de nuevas herramientas terap\u00e9uticas (medicamentos, vacunas, m\u00e9todos de aplicaci\u00f3n) y de diagn\u00f3stico (kits de detecci\u00f3n, sensores). ver <a href=\"https:\/\/exactas.uba.ar\/PPMexactas\/wp-content\/uploads\/2022\/11\/Programa-encuentro-interfacultades.pdf\">Programa encuentros interfacultades<\/a><\/li>\n<li style=\"text-align: left;\"><strong>Semana de las Mitocondrias, septiembre 2022<\/strong><br \/>\nOrganizado por la Secretar\u00eda de Investigaci\u00f3n Cient\u00edfica y Tecnol\u00f3gica y la Secretar\u00eda de Promoci\u00f3n de la Equidad y G\u00e9neros (<a href=\"https:\/\/exactas.uba.ar\/PPMexactas\/wp-content\/uploads\/2022\/08\/RESUMEN-SEMANA-DE-LAS-MITOCONDRIAS-1.pdf\">ver Programa<\/a>). Contamos con invitados\/as de nuestro pa\u00eds e internacionales, entre los\/las que se encuentran pacientes, familias, estudiantes, investigadores\/as y m\u00e9dicos\/as especialistas en la tem\u00e1tica. Las jornadas contaron con el auspicio de ALAPA (Alianza Argentina de Pacientes) y FUNDACEN.<\/li>\n<li>El <strong>VIERNES 10 de JUNIO de 2022 <\/strong>se realiz\u00f3 el <strong>I Encuentro del PPM-Exactas <\/strong>(ver <a href=\"https:\/\/exactas.uba.ar\/PPMexactas\/wp-content\/uploads\/2022\/06\/Encuentro-del-PPM-Exactas.pdf\">Programa<\/a>). Podes revivir el encuentro en el siguiente <a href=\"https:\/\/www.youtube.com\/watch?v=2zptoBPo5rY\">video<\/a>. Para ver las presentaciones en PDF, <a href=\"https:\/\/www.dropbox.com\/sh\/adxtxcz803uejmv\/AAC1sQyFoLdjw4VSdNErBlSza?dl=0\" target=\"_blank\" rel=\"noopener\">aqui<\/a>.<\/li>\n<li>El viernes 1ero de octubre de 2021 contamos con la presencia del Dr. Marcelo Rubinstein en los Coloquios de los Viernes de la FCEN-UBA, quien nos brind\u00f3 una charla sobre <strong>&#8220;Cannabis medicinal: Mitos y realidades de la marihuana en el siglo XXI&#8221;<\/strong>. <a href=\"https:\/\/www.youtube.com\/watch?v=bP667IVC_iQ\">Link<\/a><\/li>\n<li>\n<div><strong>ARGENVAC<\/strong>: Se obtuvo financiamiento por 60 millones de pesos para el dise\u00f1o de <a href=\"https:\/\/www.argentina.gob.ar\/noticias\/nuevos-financiamientos-para-el-diseno-de-vacunas-argentinas-contra-la-covid-19\">vacunas argentinas contra la COVID-19<\/a>.\u00a0El equipo de trabajo nuclea profesionales del CONICET, de la UNLP, de las FCEN y FFyB de la UBA, el INTI, el ANLIS-Malbr\u00e1n, la empresa GIHON Laboratorios Qu\u00edmicos S.R.L., y la ANLAP (Agencia Nacional de Laboratorios P\u00fablicos).<\/div>\n<\/li>\n<li>Desde el 29 de junio de 2021, <strong>la FCEN-UBA es miembro pleno del Comit\u00e9 Ejecutivo de la Agencia Nacional de Laboratorios P\u00fablicos<\/strong> (<a href=\"https:\/\/www.argentina.gob.ar\/salud\/anlap\">ANLAP<\/a>), la cual coordina y promueve la producci\u00f3n p\u00fablica de medicamentos en la Argentina.<\/li>\n<li>Del 9 de abril al 28 de mayo de 2021, de 16 a 18 hs, desarrollaron de forma virtual y gratuita las <strong>Jornadas Nacionales para el Fortalecimiento de la Producci\u00f3n P\u00fablica de Medicamentos y Vacunas.<\/strong> Mas informaci\u00f3n y videos grabados de los encuentros en: <a href=\"https:\/\/exactas.uba.ar\/JornadasNacionalesPPM\/\">https:\/\/exactas.uba.ar\/JornadasNacionalesPPM\/<\/a><\/li>\n<li>Mediante la <a href=\"https:\/\/exactas.uba.ar\/PPMexactas\/wp-content\/uploads\/2021\/04\/CD-21-0578.pdf\">Resoluci\u00f3n (CD) N\u00ba 578\/21<\/a> la FCEN-UBA resuelve por unanimidad pronunciarse a favor de la liberaci\u00f3n y publicaci\u00f3n de las patentes de todas las vacunas contra el Covid-19, pronunciarse por la gratuidad de todas las vacunas contra el Covid-19 y por un plan de emergencia mundial que permita e impulse la producci\u00f3n libre en cada pa\u00eds, y apoyar el proyecto presentado en la C\u00e1mara Nacional de Diputados para que el Congreso Nacional acompa\u00f1e e impulse la campa\u00f1a internacional por la liberaci\u00f3n de patentes de las vacunas contra el COVID 19.<\/li>\n<\/ul>\n","protected":false},"excerpt":{"rendered":"PROXIMAS ACTIVIDADES: Nos reencontramos en el 2024 con nuevas propuestas ACTIVIDADES PASADAS I Workshop Anual del Grupo Argentino de Ves\u00edculas Extracelulares El objetivo principal de esta primera reuni\u00f3n es consolidar las bases de este grupo para favorecer lazos entre los investigadores\/as y as\u00ed lograr consolidar un espacio de intercambio enriquecedor. Se realiz\u00f3 el viernes 15&#8230; <a class=\"view-article\" href=\"https:\/\/exactas.uba.ar\/PPMexactas\/novedades\/\">LEER +<\/a>","protected":false},"author":1,"featured_media":0,"parent":0,"menu_order":0,"comment_status":"closed","ping_status":"closed","template":"","meta":{"_acf_changed":false,"footnotes":""},"class_list":["post-16","page","type-page","status-publish","hentry"],"acf":[],"_links":{"self":[{"href":"https:\/\/exactas.uba.ar\/PPMexactas\/wp-json\/wp\/v2\/pages\/16","targetHints":{"allow":["GET"]}}],"collection":[{"href":"https:\/\/exactas.uba.ar\/PPMexactas\/wp-json\/wp\/v2\/pages"}],"about":[{"href":"https:\/\/exactas.uba.ar\/PPMexactas\/wp-json\/wp\/v2\/types\/page"}],"author":[{"embeddable":true,"href":"https:\/\/exactas.uba.ar\/PPMexactas\/wp-json\/wp\/v2\/users\/1"}],"replies":[{"embeddable":true,"href":"https:\/\/exactas.uba.ar\/PPMexactas\/wp-json\/wp\/v2\/comments?post=16"}],"version-history":[{"count":73,"href":"https:\/\/exactas.uba.ar\/PPMexactas\/wp-json\/wp\/v2\/pages\/16\/revisions"}],"predecessor-version":[{"id":282,"href":"https:\/\/exactas.uba.ar\/PPMexactas\/wp-json\/wp\/v2\/pages\/16\/revisions\/282"}],"wp:attachment":[{"href":"https:\/\/exactas.uba.ar\/PPMexactas\/wp-json\/wp\/v2\/media?parent=16"}],"curies":[{"name":"wp","href":"https:\/\/api.w.org\/{rel}","templated":true}]}}