{"id":14,"date":"2021-04-27T15:37:01","date_gmt":"2021-04-27T15:37:01","guid":{"rendered":"https:\/\/exactas.uba.ar\/PPMexactas\/?page_id=14"},"modified":"2021-10-26T14:32:46","modified_gmt":"2021-10-26T17:32:46","slug":"proyectos-de-investigacion","status":"publish","type":"page","link":"https:\/\/exactas.uba.ar\/PPMexactas\/proyectos-de-investigacion\/","title":{"rendered":"Proyectos de Investigaci\u00f3n"},"content":{"rendered":"<div class=\"elemento\">\n<div class=\"img\"><img loading=\"lazy\" decoding=\"async\" class=\"alignleft wp-image-164 \" src=\"https:\/\/exactas.uba.ar\/PPMexactas\/wp-content\/uploads\/2021\/08\/argenvac-1.png\" alt=\"\" width=\"107\" height=\"218\" srcset=\"https:\/\/exactas.uba.ar\/PPMexactas\/wp-content\/uploads\/2021\/08\/argenvac-1.png 200w, https:\/\/exactas.uba.ar\/PPMexactas\/wp-content\/uploads\/2021\/08\/argenvac-1-120x244.png 120w\" sizes=\"auto, (max-width: 107px) 100vw, 107px\" \/><\/div>\n<h5>Desarrollo de una vacuna argentina para COVID-19:\u2002ARGENVAC<\/h5>\n<h6>Responsables: Javier Santos, Cecilia D&#8217;Alessio y Alejandro Nadra.<\/h6>\n<p>Una red de grupos de la UBA, en colaboraci\u00f3n con otros de la UNLP y el INTI, mas dos empresas, est\u00e1n desarrollando un candidato vacunal para la COVID19. La propuesta, actualmente en etapa pre-cl\u00ednica, se basa en la producci\u00f3n recombinante del dominion RBD de la prote\u00edna Spike, el uso de nanopart\u00edculas adyuvantes y cuenta con ensayos en animales que hay producido una excelente respuesta inmune, tanto humoral como celular.<\/p>\n<\/div>\n<h5><\/h5>\n<h5><\/h5>\n<h5>Compuestos naturales y sint\u00e9ticos con actividad antiviral, antiinflamatoria y\/o moduladora de v\u00edas de se\u00f1alizaci\u00f3n celular, frente a las infecciones causadas por el coronavirus del s\u00edndrome respiratorio agudo severo tipo 2 (SARS-COV-2) y el virus respiratorio sincicial (RSV)<\/h5>\n<h6>Responsables: <a href=\"lalche@qb.fcen.uba.ar\">Laura Alche<\/a><\/h6>\n<p>Desde hace m\u00e1s de una d\u00e9cada nos dedicamos a la b\u00fasqueda de antivirales de amplio espectro para combatir infecciones virales de importancia humana, tanto de compuestos de s\u00edntesis qu\u00edmica como de origen natural. En el primer caso, obtuvimos dos compuestos con propiedades biol\u00f3gicas tales como antiviral, antiinflamatoria y antiangiog\u00e9nica, que fueron patentados en Estados Unidos, Europa y Argentina, y transferidos a Instituto Massone S.A. a trav\u00e9s del CONICET. Nuestro objetivo es investigar la actividad antiviral, antiinflamatoria y\/o moduladora de v\u00edas de se\u00f1alizaci\u00f3n celular, de compuestos de s\u00edntesis qu\u00edmica (Virest y F11) y de origen natural (\u03b2-escina y el extracto de Casta\u00f1o de Indias), frente a las infecciones causadas por el SARS-CoV-2 y el RSV en condiciones in vitro e in vivo, as\u00ed como aportar a una mayor comprensi\u00f3n de los mecanismos involucrados en la interrelaci\u00f3n virus-hospedador y de la inmunopatolog\u00eda asociada a dichas infecciones virales.<\/p>\n<p><img loading=\"lazy\" decoding=\"async\" class=\" wp-image-175 alignleft\" style=\"font-size: 10.72px; font-weight: bold;\" src=\"https:\/\/exactas.uba.ar\/PPMexactas\/wp-content\/uploads\/2021\/10\/sergio.png\" alt=\"\" width=\"323\" height=\"134\" srcset=\"https:\/\/exactas.uba.ar\/PPMexactas\/wp-content\/uploads\/2021\/10\/sergio.png 235w, https:\/\/exactas.uba.ar\/PPMexactas\/wp-content\/uploads\/2021\/10\/sergio-120x50.png 120w\" sizes=\"auto, (max-width: 323px) 100vw, 323px\" \/><\/p>\n<h5>Optimizaci\u00f3n\u00a0estructural y encapsulaci\u00f3n de selenocianatos de ariloxifenoxietilo en nanomicelas de glicoesgingolipidos para el tratamiento de trypanosomiasis end\u00e9mica.<\/h5>\n<h6>Responsable: <a href=\"https:\/\/www.qo.fcen.uba.ar\/teachers\/szajnman-sergio-hernan\/\">Sergio Hernan Szajnman<\/a><\/h6>\n<p><strong>\u00a0<\/strong>Una red de grupos de investigaci\u00f3n de la UBA y de la UNR m\u00e1s la participaci\u00f3n de Release Technology, llevan a cabo un desarrollo de una formulaci\u00f3n apropiada para principios activos (APIs) que presenten buenos indicadores para ser candidatos como agentes antiparasitarios con propiedades ADME a\u00fan no optimizadas. En este sentido, se pretende mejorarlas a trav\u00e9s de procesos de encapsulamiento en nanomicelas de vanguardia basados en nuestra experiencia.<\/p>\n<p><img loading=\"lazy\" decoding=\"async\" width=\"250\" height=\"216\" class=\"size-medium wp-image-141 alignleft\" src=\"https:\/\/exactas.uba.ar\/PPMexactas\/wp-content\/uploads\/2021\/08\/proyecto-liquidos-e1635190353642-250x216.png\" alt=\"\" srcset=\"https:\/\/exactas.uba.ar\/PPMexactas\/wp-content\/uploads\/2021\/08\/proyecto-liquidos-e1635190353642-250x216.png 250w, https:\/\/exactas.uba.ar\/PPMexactas\/wp-content\/uploads\/2021\/08\/proyecto-liquidos-e1635190353642-120x104.png 120w, https:\/\/exactas.uba.ar\/PPMexactas\/wp-content\/uploads\/2021\/08\/proyecto-liquidos-e1635190353642.png 638w\" sizes=\"auto, (max-width: 250px) 100vw, 250px\" \/><\/p>\n<div class=\"elemento\">\n<h5>Optimizaci\u00f3n de sistemas l\u00edquido-cristalinos liotr\u00f3picos para el transporte de activos<\/h5>\n<h6>Responsable: <a href=\"http:\/\/qcrist.qi.fcen.uba.ar\/\">Sebasti\u00e1n Su\u00e1rez<\/a><\/h6>\n<p>El mismo busca la comprensi\u00f3n de sistemas ternarios emulsionados, con el objetivo de poder dise\u00f1ar materiales capaces de transportar selectivamente analitos a trav\u00e9s de membranas. Actualmente nos encontramos optimizando el transporte de principios activos farmacol\u00f3gicos para el tratamiento de enfermedades infecciosas, buscando nuevas formulaciones farmac\u00e9uticas para su tratamiento.<\/p>\n<\/div>\n","protected":false},"excerpt":{"rendered":"Desarrollo de una vacuna argentina para COVID-19:\u2002ARGENVAC Responsables: Javier Santos, Cecilia D&#8217;Alessio y Alejandro Nadra. Una red de grupos de la UBA, en colaboraci\u00f3n con otros de la UNLP y el INTI, mas dos empresas, est\u00e1n desarrollando un candidato vacunal para la COVID19. La propuesta, actualmente en etapa pre-cl\u00ednica, se basa en la producci\u00f3n recombinante&#8230; <a class=\"view-article\" href=\"https:\/\/exactas.uba.ar\/PPMexactas\/proyectos-de-investigacion\/\">LEER +<\/a>","protected":false},"author":1,"featured_media":0,"parent":0,"menu_order":0,"comment_status":"closed","ping_status":"closed","template":"","meta":{"_acf_changed":false,"footnotes":""},"class_list":["post-14","page","type-page","status-publish","hentry"],"acf":[],"_links":{"self":[{"href":"https:\/\/exactas.uba.ar\/PPMexactas\/wp-json\/wp\/v2\/pages\/14","targetHints":{"allow":["GET"]}}],"collection":[{"href":"https:\/\/exactas.uba.ar\/PPMexactas\/wp-json\/wp\/v2\/pages"}],"about":[{"href":"https:\/\/exactas.uba.ar\/PPMexactas\/wp-json\/wp\/v2\/types\/page"}],"author":[{"embeddable":true,"href":"https:\/\/exactas.uba.ar\/PPMexactas\/wp-json\/wp\/v2\/users\/1"}],"replies":[{"embeddable":true,"href":"https:\/\/exactas.uba.ar\/PPMexactas\/wp-json\/wp\/v2\/comments?post=14"}],"version-history":[{"count":28,"href":"https:\/\/exactas.uba.ar\/PPMexactas\/wp-json\/wp\/v2\/pages\/14\/revisions"}],"predecessor-version":[{"id":180,"href":"https:\/\/exactas.uba.ar\/PPMexactas\/wp-json\/wp\/v2\/pages\/14\/revisions\/180"}],"wp:attachment":[{"href":"https:\/\/exactas.uba.ar\/PPMexactas\/wp-json\/wp\/v2\/media?parent=14"}],"curies":[{"name":"wp","href":"https:\/\/api.w.org\/{rel}","templated":true}]}}