{"id":12,"date":"2021-04-27T15:36:51","date_gmt":"2021-04-27T18:36:51","guid":{"rendered":"https:\/\/exactas.uba.ar\/PPMexactas\/?page_id=12"},"modified":"2023-02-16T13:18:40","modified_gmt":"2023-02-16T16:18:40","slug":"capacidades-equipamiento","status":"publish","type":"page","link":"https:\/\/exactas.uba.ar\/PPMexactas\/capacidades-equipamiento\/","title":{"rendered":"Capacidades \/ Equipamiento"},"content":{"rendered":"\n\t\t<style type=\"text\/css\">\n\t\t\t#gallery-1 {\n\t\t\t\tmargin: auto;\n\t\t\t}\n\t\t\t#gallery-1 .gallery-item {\n\t\t\t\tfloat: left;\n\t\t\t\tmargin-top: 10px;\n\t\t\t\ttext-align: center;\n\t\t\t\twidth: 25%;\n\t\t\t}\n\t\t\t#gallery-1 img {\n\t\t\t\tborder: 2px solid #cfcfcf;\n\t\t\t}\n\t\t\t#gallery-1 .gallery-caption {\n\t\t\t\tmargin-left: 0;\n\t\t\t}\n\t\t\t\/* see gallery_shortcode() in wp-includes\/media.php *\/\n\t\t<\/style>\n\t\t<div id='gallery-1' class='gallery galleryid-12 gallery-columns-4 gallery-size-thumbnail'><dl class='gallery-item'>\n\t\t\t<dt class='gallery-icon landscape'>\n\t\t\t\t<a href='https:\/\/exactas.uba.ar\/PPMexactas\/wp-content\/uploads\/2021\/08\/foto4.jpg' rel=\"lightbox[12]\"><img loading=\"lazy\" decoding=\"async\" width=\"150\" height=\"150\" src=\"https:\/\/exactas.uba.ar\/PPMexactas\/wp-content\/uploads\/2021\/08\/foto4-150x150.jpg\" class=\"attachment-thumbnail size-thumbnail\" alt=\"\" aria-describedby=\"gallery-1-132\" \/><\/a>\n\t\t\t<\/dt>\n\t\t\t\t<dd class='wp-caption-text gallery-caption' id='gallery-1-132'>\n\t\t\t\tCentr\u00edfuga refrigerada\n\t\t\t\t<\/dd><\/dl><dl class='gallery-item'>\n\t\t\t<dt class='gallery-icon landscape'>\n\t\t\t\t<a href='https:\/\/exactas.uba.ar\/PPMexactas\/wp-content\/uploads\/2021\/08\/difractometro.jpg' rel=\"lightbox[12]\"><img loading=\"lazy\" decoding=\"async\" width=\"150\" height=\"150\" src=\"https:\/\/exactas.uba.ar\/PPMexactas\/wp-content\/uploads\/2021\/08\/difractometro-150x150.jpg\" class=\"attachment-thumbnail size-thumbnail\" alt=\"Difract\u00f3metro de Rayos X de Mol\u00e9cula \u00danica\" aria-describedby=\"gallery-1-124\" \/><\/a>\n\t\t\t<\/dt>\n\t\t\t\t<dd class='wp-caption-text gallery-caption' id='gallery-1-124'>\n\t\t\t\tDifract\u00f3metro de Rayos X de Mol\u00e9cula \u00danica\n\t\t\t\t<\/dd><\/dl><dl class='gallery-item'>\n\t\t\t<dt class='gallery-icon landscape'>\n\t\t\t\t<a href='https:\/\/exactas.uba.ar\/PPMexactas\/wp-content\/uploads\/2021\/08\/difractometro-polvos.jpg' rel=\"lightbox[12]\"><img loading=\"lazy\" decoding=\"async\" width=\"150\" height=\"150\" src=\"https:\/\/exactas.uba.ar\/PPMexactas\/wp-content\/uploads\/2021\/08\/difractometro-polvos-150x150.jpg\" class=\"attachment-thumbnail size-thumbnail\" alt=\"Difract\u00f3metro de Rayos X de Polvos\" aria-describedby=\"gallery-1-125\" \/><\/a>\n\t\t\t<\/dt>\n\t\t\t\t<dd class='wp-caption-text gallery-caption' id='gallery-1-125'>\n\t\t\t\tDifract\u00f3metro de Rayos X de Polvos\n\t\t\t\t<\/dd><\/dl><dl class='gallery-item'>\n\t\t\t<dt class='gallery-icon landscape'>\n\t\t\t\t<a href='https:\/\/exactas.uba.ar\/PPMexactas\/wp-content\/uploads\/2021\/08\/foto2.jpg' rel=\"lightbox[12]\"><img loading=\"lazy\" decoding=\"async\" width=\"150\" height=\"150\" src=\"https:\/\/exactas.uba.ar\/PPMexactas\/wp-content\/uploads\/2021\/08\/foto2-150x150.jpg\" class=\"attachment-thumbnail size-thumbnail\" alt=\"\" aria-describedby=\"gallery-1-130\" \/><\/a>\n\t\t\t<\/dt>\n\t\t\t\t<dd class='wp-caption-text gallery-caption' id='gallery-1-130'>\n\t\t\t\tT\u00e9cnicas cromatogr\u00e1ficas\n\t\t\t\t<\/dd><\/dl><br style=\"clear: both\" \/><dl class='gallery-item'>\n\t\t\t<dt class='gallery-icon landscape'>\n\t\t\t\t<a href='https:\/\/exactas.uba.ar\/PPMexactas\/wp-content\/uploads\/2021\/08\/espectropolarimetro.jpg' rel=\"lightbox[12]\"><img loading=\"lazy\" decoding=\"async\" width=\"150\" height=\"150\" src=\"https:\/\/exactas.uba.ar\/PPMexactas\/wp-content\/uploads\/2021\/08\/espectropolarimetro-150x150.jpg\" class=\"attachment-thumbnail size-thumbnail\" alt=\"Espectropolar\u00edmetro\" aria-describedby=\"gallery-1-128\" \/><\/a>\n\t\t\t<\/dt>\n\t\t\t\t<dd class='wp-caption-text gallery-caption' id='gallery-1-128'>\n\t\t\t\tEspectropolar\u00edmetro\n\t\t\t\t<\/dd><\/dl><dl class='gallery-item'>\n\t\t\t<dt class='gallery-icon landscape'>\n\t\t\t\t<a href='https:\/\/exactas.uba.ar\/PPMexactas\/wp-content\/uploads\/2021\/08\/rmn.jpg' rel=\"lightbox[12]\"><img loading=\"lazy\" decoding=\"async\" width=\"150\" height=\"150\" src=\"https:\/\/exactas.uba.ar\/PPMexactas\/wp-content\/uploads\/2021\/08\/rmn-150x150.jpg\" class=\"attachment-thumbnail size-thumbnail\" alt=\"RMNs 300 y 500 MHz\" aria-describedby=\"gallery-1-133\" \/><\/a>\n\t\t\t<\/dt>\n\t\t\t\t<dd class='wp-caption-text gallery-caption' id='gallery-1-133'>\n\t\t\t\tRMNs 300 y 500 MHz\n\t\t\t\t<\/dd><\/dl><dl class='gallery-item'>\n\t\t\t<dt class='gallery-icon portrait'>\n\t\t\t\t<a href='https:\/\/exactas.uba.ar\/PPMexactas\/wp-content\/uploads\/2021\/08\/foto3.jpg' rel=\"lightbox[12]\"><img loading=\"lazy\" decoding=\"async\" width=\"150\" height=\"150\" src=\"https:\/\/exactas.uba.ar\/PPMexactas\/wp-content\/uploads\/2021\/08\/foto3-150x150.jpg\" class=\"attachment-thumbnail size-thumbnail\" alt=\"\" aria-describedby=\"gallery-1-131\" \/><\/a>\n\t\t\t<\/dt>\n\t\t\t\t<dd class='wp-caption-text gallery-caption' id='gallery-1-131'>\n\t\t\t\tMicroscopios\n\t\t\t\t<\/dd><\/dl><dl class='gallery-item'>\n\t\t\t<dt class='gallery-icon landscape'>\n\t\t\t\t<a href='https:\/\/exactas.uba.ar\/PPMexactas\/wp-content\/uploads\/2021\/08\/foto1.jpg' rel=\"lightbox[12]\"><img loading=\"lazy\" decoding=\"async\" width=\"150\" height=\"150\" src=\"https:\/\/exactas.uba.ar\/PPMexactas\/wp-content\/uploads\/2021\/08\/foto1-150x150.jpg\" class=\"attachment-thumbnail size-thumbnail\" alt=\"\" aria-describedby=\"gallery-1-129\" \/><\/a>\n\t\t\t<\/dt>\n\t\t\t\t<dd class='wp-caption-text gallery-caption' id='gallery-1-129'>\n\t\t\t\tS\u00edntesis\n\t\t\t\t<\/dd><\/dl><br style=\"clear: both\" \/>\n\t\t<\/div>\n\n<p>Contamos con la posibilidad de fomentar y asistir los servicios de desarrollo, s\u00edntesis, optimizaci\u00f3n de procesos y caracterizaci\u00f3n de materiales s\u00f3lido- cristalinos (por ejemplo, para evaluaci\u00f3n de polimorfos de distintos principios activos), y materia blanda, compuestos de importancia para la industria farmac\u00e9utica, en el marco de la Producci\u00f3n P\u00fablica de Medicamentos, desde o hacia otras instituciones (instituciones acad\u00e9micas, organismos p\u00fablicos, empresas, entidades p\u00fablicas o privadas en general).<\/p>\n<p>Tambi\u00e9n contamos con capacidades de I+D para generar nuevos productos y\/o m\u00e9todos con impacto en la salud humana, que ya han redundado en diversas licencias a la industria privada.<\/p>\n<p>Adem\u00e1s, la facultad cuenta con la capacidad de producci\u00f3n de prote\u00ednas recombinantes de alta pureza desde distintas plataformas biotecnol\u00f3gicas con posibilidad de escalado y optimizaci\u00f3n. De particular inter\u00e9s sanitario (en el marco de la pandemia provocada por el SARS CoV2), result\u00f3 la producci\u00f3n del dominio de uni\u00f3n a receptor de la prote\u00edna Spike utilizada, por ejemplo, en el desarrollo de un kit diagn\u00f3stico, en conjunto con CONICET, UNPaz, INTA y FFyB-UBA, transferido a Laboratorios Chaque\u00f1os, destinado a detectar anticuerpos anti SARS Cov2 en muestras humanas que cuenta con aprobaci\u00f3n de la autoridad regulatoria nacional.<\/p>\n<p>Con respecto a los aspectos legales, resulta importante destacar que la Oficina de Vinculaci\u00f3n y Transferencia Tecnol\u00f3gica, cuenta con amplia experiencia gestionando los mismos, incluyendo temas de <a href=\"https:\/\/exactas.uba.ar\/gestion-de-convenios\/\">propiedad intelectual<\/a>.<\/p>\n<p><a href=\"https:\/\/exactas.uba.ar\/PPMexactas\/wp-content\/uploads\/2021\/07\/Jornadas-PPM_Exactas.pdf\">Resumen capacidades FCEN-UBA.<\/a><\/p>\n","protected":false},"excerpt":{"rendered":"Contamos con la posibilidad de fomentar y asistir los servicios de desarrollo, s\u00edntesis, optimizaci\u00f3n de procesos y caracterizaci\u00f3n de materiales s\u00f3lido- cristalinos (por ejemplo, para evaluaci\u00f3n de polimorfos de distintos principios activos), y materia blanda, compuestos de importancia para la industria farmac\u00e9utica, en el marco de la Producci\u00f3n P\u00fablica de Medicamentos, desde o hacia otras&#8230; <a class=\"view-article\" href=\"https:\/\/exactas.uba.ar\/PPMexactas\/capacidades-equipamiento\/\">LEER +<\/a>","protected":false},"author":1,"featured_media":0,"parent":0,"menu_order":0,"comment_status":"closed","ping_status":"closed","template":"","meta":{"_acf_changed":false,"footnotes":""},"class_list":["post-12","page","type-page","status-publish","hentry"],"acf":[],"_links":{"self":[{"href":"https:\/\/exactas.uba.ar\/PPMexactas\/wp-json\/wp\/v2\/pages\/12","targetHints":{"allow":["GET"]}}],"collection":[{"href":"https:\/\/exactas.uba.ar\/PPMexactas\/wp-json\/wp\/v2\/pages"}],"about":[{"href":"https:\/\/exactas.uba.ar\/PPMexactas\/wp-json\/wp\/v2\/types\/page"}],"author":[{"embeddable":true,"href":"https:\/\/exactas.uba.ar\/PPMexactas\/wp-json\/wp\/v2\/users\/1"}],"replies":[{"embeddable":true,"href":"https:\/\/exactas.uba.ar\/PPMexactas\/wp-json\/wp\/v2\/comments?post=12"}],"version-history":[{"count":14,"href":"https:\/\/exactas.uba.ar\/PPMexactas\/wp-json\/wp\/v2\/pages\/12\/revisions"}],"predecessor-version":[{"id":261,"href":"https:\/\/exactas.uba.ar\/PPMexactas\/wp-json\/wp\/v2\/pages\/12\/revisions\/261"}],"wp:attachment":[{"href":"https:\/\/exactas.uba.ar\/PPMexactas\/wp-json\/wp\/v2\/media?parent=12"}],"curies":[{"name":"wp","href":"https:\/\/api.w.org\/{rel}","templated":true}]}}