{"id":10,"date":"2021-04-27T15:36:45","date_gmt":"2021-04-27T15:36:45","guid":{"rendered":"https:\/\/exactas.uba.ar\/PPMexactas\/?page_id=10"},"modified":"2023-02-16T13:19:18","modified_gmt":"2023-02-16T16:19:18","slug":"inicio","status":"publish","type":"page","link":"https:\/\/exactas.uba.ar\/PPMexactas\/","title":{"rendered":"Inicio"},"content":{"rendered":"<p>El Programa para el Fortalecimiento de la Producci\u00f3n P\u00fablica de Medicamentos de la Facultad de Ciencias Exactas y Naturales (PPM-Exactas) tiene por objetivos:<\/p>\n<ul>\n<li>Establecer redes institucionales que permitan potenciar la investigaci\u00f3n, vinculaci\u00f3n y transferencia tecnol\u00f3gica, as\u00ed como tambi\u00e9n distintos aspectos de la docencia universitaria (mediante cursos de formaci\u00f3n profesional, por ejemplo).<\/li>\n<li>Promover y fortalecer los v\u00ednculos de colaboraci\u00f3n interinstitucional con el Sector Productivo Nacional, asegurando as\u00ed la optimizaci\u00f3n del empleo de los recursos p\u00fablicos desde el punto de vista socioecon\u00f3mico.<\/li>\n<li>Aportar capacidades t\u00e9cnicas para el estudio y caracterizaci\u00f3n de compuestos de importancia para la industria farmac\u00e9utica nacional y procesos vinculados con la Producci\u00f3n P\u00fablica de Medicamentos, dotando a t\u00e9cnicos, profesionales, docentes e investigadores\/as con las herramientas necesarias para dichos fines.<\/li>\n<\/ul>\n<ul class=\"home-paginas\" style=\"display:none\">\n<li><a href=\"capacidades-equipamiento\/\" class=\"boton\">Capacidades \/Equipamiento<\/a><\/li>\n<li><a href=\"proyectos-de-investigacion\" class=\"boton\">Proyectos de Investigaci\u00f3n<\/a><\/li>\n<li><a href=\"novedades\" class=\"boton\">Novedades<\/a><\/li>\n<\/ul>\n","protected":false},"excerpt":{"rendered":"El Programa para el Fortalecimiento de la Producci\u00f3n P\u00fablica de Medicamentos de la Facultad de Ciencias Exactas y Naturales (PPM-Exactas) tiene por objetivos: Establecer redes institucionales que permitan potenciar la investigaci\u00f3n, vinculaci\u00f3n y transferencia tecnol\u00f3gica, as\u00ed como tambi\u00e9n distintos aspectos de la docencia universitaria (mediante cursos de formaci\u00f3n profesional, por ejemplo). Promover y fortalecer los&#8230; <a class=\"view-article\" href=\"https:\/\/exactas.uba.ar\/PPMexactas\/\">LEER +<\/a>","protected":false},"author":1,"featured_media":0,"parent":0,"menu_order":0,"comment_status":"closed","ping_status":"closed","template":"template-inicio.php","meta":{"_acf_changed":false,"footnotes":""},"class_list":["post-10","page","type-page","status-publish","hentry"],"acf":[],"_links":{"self":[{"href":"https:\/\/exactas.uba.ar\/PPMexactas\/wp-json\/wp\/v2\/pages\/10","targetHints":{"allow":["GET"]}}],"collection":[{"href":"https:\/\/exactas.uba.ar\/PPMexactas\/wp-json\/wp\/v2\/pages"}],"about":[{"href":"https:\/\/exactas.uba.ar\/PPMexactas\/wp-json\/wp\/v2\/types\/page"}],"author":[{"embeddable":true,"href":"https:\/\/exactas.uba.ar\/PPMexactas\/wp-json\/wp\/v2\/users\/1"}],"replies":[{"embeddable":true,"href":"https:\/\/exactas.uba.ar\/PPMexactas\/wp-json\/wp\/v2\/comments?post=10"}],"version-history":[{"count":22,"href":"https:\/\/exactas.uba.ar\/PPMexactas\/wp-json\/wp\/v2\/pages\/10\/revisions"}],"predecessor-version":[{"id":262,"href":"https:\/\/exactas.uba.ar\/PPMexactas\/wp-json\/wp\/v2\/pages\/10\/revisions\/262"}],"wp:attachment":[{"href":"https:\/\/exactas.uba.ar\/PPMexactas\/wp-json\/wp\/v2\/media?parent=10"}],"curies":[{"name":"wp","href":"https:\/\/api.w.org\/{rel}","templated":true}]}}